{"id":42864,"date":"2025-03-27T09:22:31","date_gmt":"2025-03-27T00:22:31","guid":{"rendered":"https:\/\/listman.shop\/autoparts-br\/product\/1005006787606760\/"},"modified":"2026-04-14T15:46:07","modified_gmt":"2026-04-14T06:46:07","slug":"1005006787606760","status":"publish","type":"product","link":"https:\/\/listman.shop\/autoparts-br\/product\/1005006787606760\/","title":{"rendered":"2x Smoked Lens Tailgate Reverse Backup Lights L\u00e2mpada de matr\u00edcula LED Para Land Rover Range Rover L322 2003-2012 OEM # XFD000043 luz de matr\u00edcula led-f- canbus-f- land rover-f- range rover sport"},"content":{"rendered":"<div class=\"detailmodule_html\">\n<div class=\"detail-desc-decorate-richtext\">\n<p><\/p>\n<p>2x canbus lente fum\u00e9gate traseira luzes de backup reversas led l\u00e2mpada da placa de licen\u00e7a para land rover range rover l322 2003-2012 oem#XFD000043<\/p>\n<h2><strong>Especifica\u00e7\u00e3o:<\/strong><\/h2>\n<p>100% NOVA MARCA<\/p>\n<p>Tipo: luz de placa de licen\u00e7a reversa de backup LED<\/p>\n<p>Cor: Branco 6000K<\/p>\n<p>Quantidade de LED: 3 SMD<\/p>\n<p>Volts: 12V CC<\/p>\n<p>Vida \u00fatil: Mais de 50.000 horas<\/p>\n<p>Material da capa: Pl\u00e1stico<\/p>\n<p>Controlador Canbus integrado, n\u00e3o gerar\u00e1 mensagens de erro<\/p>\n<p>Livre de erros, de alta qualidade, substitui\u00e7\u00e3o direta para suas antigas luzes hal\u00f3genas amarelas OEM.<\/p>\n<p>Um conjunto inclui: 2 * luz reversa de backup LED<\/p>\n<h2><strong>Pe\u00e7a OEM#: XFD000043<\/strong><\/h2>\n<p>Lista de aplicativos:<\/p>\n<h2><strong>Para Land Rover Range Rover L322 2003-2012<\/strong><\/h2>\n<p><\/p>\n<p><img data-recalc-dims=\"1\" decoding=\"async\" src=\"https:\/\/i0.wp.com\/ae01.alicdn.com\/kf\/S0f95a201c7bc47bdbfc4a74a727caa7cj.jpg?w=1200&#038;ssl=1\"><img data-recalc-dims=\"1\" decoding=\"async\" src=\"https:\/\/i0.wp.com\/ae01.alicdn.com\/kf\/S3235d398986246758e2a52f970233d34k.jpg?w=1200&#038;ssl=1\"><img data-recalc-dims=\"1\" decoding=\"async\" src=\"https:\/\/i0.wp.com\/ae01.alicdn.com\/kf\/S04fe691b92a54b4097ce646df051f5330.jpg?w=1200&#038;ssl=1\"><img data-recalc-dims=\"1\" decoding=\"async\" src=\"https:\/\/i0.wp.com\/ae01.alicdn.com\/kf\/Scb36e8a416104b0ba0493675e67d3847T.jpg?w=1200&#038;ssl=1\"><img data-recalc-dims=\"1\" decoding=\"async\" src=\"https:\/\/i0.wp.com\/ae01.alicdn.com\/kf\/Sfaaa7d1c8b454a078a769f14fd5b6433e.jpg?w=1200&#038;ssl=1\"><img data-recalc-dims=\"1\" decoding=\"async\" src=\"https:\/\/i0.wp.com\/ae01.alicdn.com\/kf\/S536d4b98aadc427e99a5e1ee297745faw.jpg?w=1200&#038;ssl=1\"><img data-recalc-dims=\"1\" decoding=\"async\" src=\"https:\/\/i0.wp.com\/ae01.alicdn.com\/kf\/Se0e08820b9ba421b82a26dfe3b961ac8Q.jpg?w=1200&#038;ssl=1\"><img data-recalc-dims=\"1\" decoding=\"async\" src=\"https:\/\/i0.wp.com\/ae01.alicdn.com\/kf\/S5e09cc8f47ef4a86870237a0d6924fa0L.jpg?w=1200&#038;ssl=1\"><img data-recalc-dims=\"1\" decoding=\"async\" src=\"https:\/\/i0.wp.com\/ae01.alicdn.com\/kf\/Sdf0e02e3b3af4bbc868584640b596d348.jpg?w=1200&#038;ssl=1\"><img data-recalc-dims=\"1\" decoding=\"async\" src=\"https:\/\/i0.wp.com\/ae01.alicdn.com\/kf\/Sacfe70b137c74f9f88b7c15c41dd0119f.jpg?w=1200&#038;ssl=1\"><img data-recalc-dims=\"1\" decoding=\"async\" src=\"https:\/\/i0.wp.com\/ae01.alicdn.com\/kf\/S013ab2aa2e184c6eb2c63759254cb9d05.jpg?w=1200&#038;ssl=1\"><img data-recalc-dims=\"1\" decoding=\"async\" src=\"https:\/\/i0.wp.com\/ae01.alicdn.com\/kf\/S976e90ce36e1499cab82574228e6f189X.jpg?w=1200&#038;ssl=1\"><\/p>\n<p><\/p>\n<\/div>\n<\/div>\n","protected":false},"excerpt":{"rendered":"<p>2x canbus lente fum\u00e9gate traseira luzes de backup reversas led l\u00e2mpada da placa de licen\u00e7a para land rover range rover l322 2003-2012 oem#XFD000043 Especifica\u00e7\u00e3o: 100% NOVA MARCA Tipo: luz de placa de licen\u00e7a reversa de backup LED Cor: Branco 6000K Quantidade de LED: 3 SMD Volts: 12V CC Vida \u00fatil: Mais de 50.000 horas Material&hellip;&nbsp;<\/p>\n","protected":false},"featured_media":42858,"template":"","meta":{"neve_meta_sidebar":"","neve_meta_container":"","neve_meta_enable_content_width":"","neve_meta_content_width":0,"neve_meta_title_alignment":"","neve_meta_author_avatar":"","neve_post_elements_order":"","neve_meta_disable_header":"","neve_meta_disable_footer":"","neve_meta_disable_title":""},"product_brand":[],"product_cat":[72,19,17],"product_tag":[],"class_list":{"0":"post-42864","1":"product","2":"type-product","3":"status-publish","4":"has-post-thumbnail","6":"product_cat-lampada-sinalizadora","7":"product_cat-luzes-automotivas","8":"product_cat-pecas-e-acessorios-automotivos","10":"first","11":"instock","12":"shipping-taxable","13":"purchasable","14":"product-type-variable","15":"has-default-attributes"},"jetpack_sharing_enabled":true,"_links":{"self":[{"href":"https:\/\/listman.shop\/autoparts-br\/wp-json\/wp\/v2\/product\/42864","targetHints":{"allow":["GET"]}}],"collection":[{"href":"https:\/\/listman.shop\/autoparts-br\/wp-json\/wp\/v2\/product"}],"about":[{"href":"https:\/\/listman.shop\/autoparts-br\/wp-json\/wp\/v2\/types\/product"}],"wp:featuredmedia":[{"embeddable":true,"href":"https:\/\/listman.shop\/autoparts-br\/wp-json\/wp\/v2\/media\/42858"}],"wp:attachment":[{"href":"https:\/\/listman.shop\/autoparts-br\/wp-json\/wp\/v2\/media?parent=42864"}],"wp:term":[{"taxonomy":"product_brand","embeddable":true,"href":"https:\/\/listman.shop\/autoparts-br\/wp-json\/wp\/v2\/product_brand?post=42864"},{"taxonomy":"product_cat","embeddable":true,"href":"https:\/\/listman.shop\/autoparts-br\/wp-json\/wp\/v2\/product_cat?post=42864"},{"taxonomy":"product_tag","embeddable":true,"href":"https:\/\/listman.shop\/autoparts-br\/wp-json\/wp\/v2\/product_tag?post=42864"}],"curies":[{"name":"wp","href":"https:\/\/api.w.org\/{rel}","templated":true}]}}