{"id":42904,"date":"2025-03-27T09:23:40","date_gmt":"2025-03-27T00:23:40","guid":{"rendered":"https:\/\/listman.shop\/autoparts-br\/product\/1005006844788368\/"},"modified":"2026-04-08T00:41:07","modified_gmt":"2026-04-07T15:41:07","slug":"1005006844788368","status":"publish","type":"product","link":"https:\/\/listman.shop\/autoparts-br\/product\/1005006844788368\/","title":{"rendered":"2 pe\u00e7as 5 3\/4 &#8220;polegadas far\u00f3is led redondos, 5.75 anel de halo amarelo anjo olhos far\u00f3is led par"},"content":{"rendered":"<div class=\"detailmodule_html\">\n<div class=\"detail-desc-decorate-richtext\"><\/p>\n<p style=\"font-family:OpenSans;font-size:14px;font-weight:300;letter-spacing:normal;line-height:20px;text-align:start;white-space:pre-wrap;margin:0px 0px 12px;margin-bottom:12px;margin-top:0px;margin-left:0px;margin-right:0px;padding:0px;padding-bottom:0px;padding-top:0px;padding-left:0px;padding-right:0px\" class=\"detail-desc-decorate-content\" align=\"start\"><span style=\"font-size:24px;font-family:arial, helvetica, sans-serif\"><i><strong>Especifica\u00e7\u00e3o<\/strong><\/i><\/span><span style=\"font-size:22px;font-family:arial, helvetica, sans-serif\"><br \/>-Cor DRL: Branco<br \/>-Sinal de dire\u00e7\u00e3o: \u00e2mbar<br \/>-Tens\u00e3o: 12-30V<\/p>\n<p>Para VRSCD e VRSCDX &#8217;06-&#8217;11<br \/>Para XG &#8217;15 ou posteriores<br \/>Para XL &#8217;04 ou posteriores<br \/>Para &#8217;09-&#8217;13 XR<br \/>Para Dyna &#8217;91 ou posteriores (exceto FLD e FXDWG &#8217;91-&#8217;05)<br \/>Para FLSTS e FXSTS &#8217;84-&#8217;99<br \/>Para FLSTSB &#8217;08-&#8217;11<br \/>Para FLSTSC &#8217;05-&#8217;06<br \/>Para FLSTSE &#8217;10-&#8217;12<br \/>Para modelos FXCW, FXCWC, FXS, FXSB, FXSBSE, FXST, FXSTB, FXSTC e FXSTD &#8217;00 ou posteriores.<\/p>\n<p>Tamb\u00e9m cabe alguns modelos (alguns deles podem precisar fazer algumas modifica\u00e7\u00f5es, recomenda-se instala\u00e7\u00e3o profissional) como:<br \/>Para o Gunner da Vit\u00f3ria 2017<br \/>Para a bola Vegas 8 da Vit\u00f3ria de 2016<br \/>Para octanagem da vit\u00f3ria de 2017<br \/>Para Highball da Vit\u00f3ria 2012<br \/>Para tempestade triunfo Thunderbird 2013-2014<br \/>Para Triumph Rocket Roadster 2014-2015<br \/>Para 2014 Triumph Rocket III Roadster<br \/>Para caminh\u00e3o foguete 3 roadster 2012<br \/>Para escoteiro indiano 2015<br \/>Para abril de \u00e1gua indiana 2016<br \/>Para Scout Indiano 2017<br \/>Para os ossos transversais de 2008<br \/>Para farol de motocicleta de 5,75 polegadas<br \/>(Por favor, verifique o tamanho antes de comprar)<\/span><\/p>\n<div style=\", Roboto, Arial, Helvetica, sans-serif, SimSun;font-size:14px;font-weight:400;letter-spacing:normal;text-align:start;white-space:normal;margin:0px;margin-bottom:0px;margin-top:0px;margin-left:0px;margin-right:0px;padding:0px;padding-bottom:0px;padding-top:0px;padding-left:0px;padding-right:0px\" align=\"start\">\n<div style=\"margin:0px;margin-bottom:0px;margin-top:0px;margin-left:0px;margin-right:0px;padding:0px;padding-bottom:0px;padding-top:0px;padding-left:0px;padding-right:0px\"><\/div>\n<p style=\"font-family:OpenSans;font-size:20px;font-weight:900;line-height:28px;white-space:pre-wrap;margin:0px 0px 12px;margin-bottom:12px;margin-top:0px;margin-left:0px;margin-right:0px;padding:0px;padding-bottom:0px;padding-top:0px;padding-left:0px;padding-right:0px\" class=\"detail-desc-decorate-title\"><span style=\"font-size:24px;font-family:arial, helvetica, sans-serif\"><i><strong>O pacote inclui<\/strong><\/i><\/span><\/p>\n<p style=\"font-family:OpenSans;font-size:14px;font-weight:300;line-height:20px;white-space:pre-wrap;margin:0px 0px 12px;margin-bottom:12px;margin-top:0px;margin-left:0px;margin-right:0px;padding:0px;padding-bottom:0px;padding-top:0px;padding-left:0px;padding-right:0px\" class=\"detail-desc-decorate-content\"><span style=\"font-size:22px;font-family:arial, helvetica, sans-serif\">2 pe\u00e7as de far\u00f3is<\/span><\/p>\n<p style=\"font-family:OpenSans;font-size:14px;font-weight:300;line-height:20px;white-space:pre-wrap;margin:0px 0px 12px;margin-bottom:12px;margin-top:0px;margin-left:0px;margin-right:0px;padding:0px;padding-bottom:0px;padding-top:0px;padding-left:0px;padding-right:0px\" class=\"detail-desc-decorate-content\"><img data-recalc-dims=\"1\" decoding=\"async\" style=\"border:0px;margin:0px;margin-bottom:0px;margin-top:0px;margin-left:0px;margin-right:0px;padding:0px;padding-bottom:0px;padding-top:0px;padding-left:0px;padding-right:0px;max-width:100%\" src=\"https:\/\/i0.wp.com\/ae01.alicdn.com\/kf\/Sc96c40c15272451ca4769efb40a4d2a7w.jpg?w=1200&#038;ssl=1\"><img data-recalc-dims=\"1\" decoding=\"async\" style=\"border:0px;margin:0px;margin-bottom:0px;margin-top:0px;margin-left:0px;margin-right:0px;padding:0px;padding-bottom:0px;padding-top:0px;padding-left:0px;padding-right:0px;max-width:100%\" src=\"https:\/\/i0.wp.com\/ae01.alicdn.com\/kf\/Sf69c236b0a9a4432947bec382819e258k.jpg?w=1200&#038;ssl=1\"><img data-recalc-dims=\"1\" decoding=\"async\" style=\"border:0px;margin:0px;margin-bottom:0px;margin-top:0px;margin-left:0px;margin-right:0px;padding:0px;padding-bottom:0px;padding-top:0px;padding-left:0px;padding-right:0px;max-width:100%\" src=\"https:\/\/i0.wp.com\/ae01.alicdn.com\/kf\/S1517d594f1324e45941c6bdac341a2cd9.jpg?w=1200&#038;ssl=1\"><img data-recalc-dims=\"1\" decoding=\"async\" style=\"border:0px;margin:0px;margin-bottom:0px;margin-top:0px;margin-left:0px;margin-right:0px;padding:0px;padding-bottom:0px;padding-top:0px;padding-left:0px;padding-right:0px;max-width:100%\" src=\"https:\/\/i0.wp.com\/ae01.alicdn.com\/kf\/S012e702fdd2a4c93a33709c583317e3es.jpg?w=1200&#038;ssl=1\"><img data-recalc-dims=\"1\" decoding=\"async\" style=\"border:0px;margin:0px;margin-bottom:0px;margin-top:0px;margin-left:0px;margin-right:0px;padding:0px;padding-bottom:0px;padding-top:0px;padding-left:0px;padding-right:0px;max-width:100%\" src=\"https:\/\/i0.wp.com\/ae01.alicdn.com\/kf\/S8fb02a05d8ba4748abb4949f0a91c81a3.jpg?w=1200&#038;ssl=1\"><img data-recalc-dims=\"1\" decoding=\"async\" style=\"border:0px;margin:0px;margin-bottom:0px;margin-top:0px;margin-left:0px;margin-right:0px;padding:0px;padding-bottom:0px;padding-top:0px;padding-left:0px;padding-right:0px;max-width:100%\" src=\"https:\/\/i0.wp.com\/ae01.alicdn.com\/kf\/Sd4b2778f986d41fdbafcc2c1fd1aa492y.jpg?w=1200&#038;ssl=1\"><img data-recalc-dims=\"1\" decoding=\"async\" style=\"border:0px;margin:0px;margin-bottom:0px;margin-top:0px;margin-left:0px;margin-right:0px;padding:0px;padding-bottom:0px;padding-top:0px;padding-left:0px;padding-right:0px;max-width:100%\" src=\"https:\/\/i0.wp.com\/ae01.alicdn.com\/kf\/S46c509a3ee814acab9ecff4f04889955v.jpg?w=1200&#038;ssl=1\"><img data-recalc-dims=\"1\" decoding=\"async\" style=\"border:0px;margin:0px;margin-bottom:0px;margin-top:0px;margin-left:0px;margin-right:0px;padding:0px;padding-bottom:0px;padding-top:0px;padding-left:0px;padding-right:0px;max-width:100%\" src=\"https:\/\/i0.wp.com\/ae01.alicdn.com\/kf\/S4bf50743055a47b493866b75454d53c9V.jpg?w=1200&#038;ssl=1\"><img data-recalc-dims=\"1\" decoding=\"async\" style=\"border:0px;margin:0px;margin-bottom:0px;margin-top:0px;margin-left:0px;margin-right:0px;padding:0px;padding-bottom:0px;padding-top:0px;padding-left:0px;padding-right:0px;max-width:100%\" src=\"https:\/\/i0.wp.com\/ae01.alicdn.com\/kf\/S4d688791cc5c46528f4ac36aacf5426dm.jpg?w=1200&#038;ssl=1\"><img data-recalc-dims=\"1\" decoding=\"async\" style=\"border:0px;margin:0px;margin-bottom:0px;margin-top:0px;margin-left:0px;margin-right:0px;padding:0px;padding-bottom:0px;padding-top:0px;padding-left:0px;padding-right:0px;max-width:100%\" src=\"https:\/\/i0.wp.com\/ae01.alicdn.com\/kf\/S45c83f971b9e42609e4eefd3517647ca2.jpg?w=1200&#038;ssl=1\"><img data-recalc-dims=\"1\" decoding=\"async\" style=\"border:0px;margin:0px;margin-bottom:0px;margin-top:0px;margin-left:0px;margin-right:0px;padding:0px;padding-bottom:0px;padding-top:0px;padding-left:0px;padding-right:0px;max-width:100%\" src=\"https:\/\/i0.wp.com\/ae01.alicdn.com\/kf\/S3fb36e2337c546199b4a110f9ebbd4fcE.jpg?w=1200&#038;ssl=1\"><img data-recalc-dims=\"1\" decoding=\"async\" style=\"border:0px;margin:0px;margin-bottom:0px;margin-top:0px;margin-left:0px;margin-right:0px;padding:0px;padding-bottom:0px;padding-top:0px;padding-left:0px;padding-right:0px;max-width:100%\" src=\"https:\/\/i0.wp.com\/ae01.alicdn.com\/kf\/S9b6c03230bab49d38a9b7f4b19b44579s.jpg?w=1200&#038;ssl=1\"><\/p>\n<\/div>\n<p><\/div>\n<\/div>\n","protected":false},"excerpt":{"rendered":"<p>Especifica\u00e7\u00e3o-Cor DRL: Branco-Sinal de dire\u00e7\u00e3o: \u00e2mbar-Tens\u00e3o: 12-30V Para VRSCD e VRSCDX &#8217;06-&#8217;11Para XG &#8217;15 ou posterioresPara XL &#8217;04 ou posterioresPara &#8217;09-&#8217;13 XRPara Dyna &#8217;91 ou posteriores (exceto FLD e FXDWG &#8217;91-&#8217;05)Para FLSTS e FXSTS &#8217;84-&#8217;99Para FLSTSB &#8217;08-&#8217;11Para FLSTSC &#8217;05-&#8217;06Para FLSTSE &#8217;10-&#8217;12Para modelos FXCW, FXCWC, FXS, FXSB, FXSBSE, FXST, FXSTB, FXSTC e FXSTD &#8217;00 ou posteriores.&hellip;&nbsp;<\/p>\n","protected":false},"featured_media":42898,"template":"","meta":{"neve_meta_sidebar":"","neve_meta_container":"","neve_meta_enable_content_width":"","neve_meta_content_width":0,"neve_meta_title_alignment":"","neve_meta_author_avatar":"","neve_post_elements_order":"","neve_meta_disable_header":"","neve_meta_disable_footer":"","neve_meta_disable_title":""},"product_brand":[],"product_cat":[19,92,17],"product_tag":[],"class_list":{"0":"post-42904","1":"product","2":"type-product","3":"status-publish","4":"has-post-thumbnail","6":"product_cat-luzes-automotivas","7":"product_cat-montagem-de-luz-do-carro","8":"product_cat-pecas-e-acessorios-automotivos","10":"first","11":"instock","12":"shipping-taxable","13":"purchasable","14":"product-type-variable","15":"has-default-attributes"},"jetpack_sharing_enabled":true,"_links":{"self":[{"href":"https:\/\/listman.shop\/autoparts-br\/wp-json\/wp\/v2\/product\/42904","targetHints":{"allow":["GET"]}}],"collection":[{"href":"https:\/\/listman.shop\/autoparts-br\/wp-json\/wp\/v2\/product"}],"about":[{"href":"https:\/\/listman.shop\/autoparts-br\/wp-json\/wp\/v2\/types\/product"}],"wp:featuredmedia":[{"embeddable":true,"href":"https:\/\/listman.shop\/autoparts-br\/wp-json\/wp\/v2\/media\/42898"}],"wp:attachment":[{"href":"https:\/\/listman.shop\/autoparts-br\/wp-json\/wp\/v2\/media?parent=42904"}],"wp:term":[{"taxonomy":"product_brand","embeddable":true,"href":"https:\/\/listman.shop\/autoparts-br\/wp-json\/wp\/v2\/product_brand?post=42904"},{"taxonomy":"product_cat","embeddable":true,"href":"https:\/\/listman.shop\/autoparts-br\/wp-json\/wp\/v2\/product_cat?post=42904"},{"taxonomy":"product_tag","embeddable":true,"href":"https:\/\/listman.shop\/autoparts-br\/wp-json\/wp\/v2\/product_tag?post=42904"}],"curies":[{"name":"wp","href":"https:\/\/api.w.org\/{rel}","templated":true}]}}