{"id":42934,"date":"2025-03-27T09:24:42","date_gmt":"2025-03-27T00:24:42","guid":{"rendered":"https:\/\/listman.shop\/autoparts-br\/product\/1005006847446576\/"},"modified":"2026-05-04T15:49:32","modified_gmt":"2026-05-04T06:49:32","slug":"1005006847446576","status":"publish","type":"product","link":"https:\/\/listman.shop\/autoparts-br\/product\/1005006847446576\/","title":{"rendered":"2 pces vermelho led p\u00e1ra-choques refletor luzes para 2016-2022 gen6 chevrolet camaro para cadillac xt5 ats cauda\/freio ou l\u00e2mpadas de nevoeiro traseiras"},"content":{"rendered":"<div class=\"detailmodule_html\">\n<div class=\"detail-desc-decorate-richtext\">\n<div class=\"detailmodule_html\">\n<div class=\"detail-desc-decorate-richtext\">\n<div><img data-recalc-dims=\"1\" decoding=\"async\" class=\"detail-desc-decorate-image\" src=\"https:\/\/i0.wp.com\/ae01.alicdn.com\/kf\/Hb54e04a4278d4a08a011b9d7508e5b2fi.jpg?w=1200&#038;ssl=1\"><\/div>\n<div>\n<p style=\"font-family:OpenSans;font-size:14px;font-weight:300;line-height:20px;white-space:pre-wrap;margin-bottom:12px\" class=\"detail-desc-decorate-content\">Os refletores de p\u00e1ra-choques costumam ser o equipamento mais despercebido em um carro, apesar de ser um dos mais importantes em termos de visualiza\u00e7\u00e3o \u00e0 noite.N\u00e3o h\u00e1 ajuda no seu baixo posicionamento no para-choque inferior traseiro, o que os torna mais dif\u00edceis de ver.Voc\u00ea pode iluminar os refletores do para-choque E dar um toque elegante ao seu carro com as luzes traseiras do refletor de para-choque LED completo!<\/p>\n<\/div>\n<div>\n<p style=\"font-family:OpenSans;font-size:14px;font-weight:300;line-height:20px;white-space:pre-wrap;margin-bottom:12px\" class=\"detail-desc-decorate-content\">Esta p\u00e1gina apresenta um conjunto de novo kit de luzes refletoras de para-choque traseiro LED de lente vermelha para Cadillac ATS 2013-2019, 2017-2021 Cadillac XT5, 2016-2022 Chevrolet Camaro, 2013-2017 Chevrolet Traverse e 2008-2009 Pontiac G8<\/p>\n<\/div>\n<div>\n<p style=\"font-family:OpenSans;font-size:14px;font-weight:300;line-height:20px;white-space:pre-wrap;margin-bottom:12px\" class=\"detail-desc-decorate-content\">Voc\u00ea pode substituir de maneira f\u00e1cil e direta seus refletores de p\u00e1ra-choques sem ilumina\u00e7\u00e3o gra\u00e7as ao design de montagem das especifica\u00e7\u00f5es OEM e atualizar para uma luz LED que brilha quando a luz traseira acende.<\/p>\n<p>Com as luzes traseiras do refletor de para-choque LED completo com lente vermelha, seu carro realizar\u00e1 seu potencial e proporcionar\u00e1 uma apar\u00eancia \u00fanica e atraente com recursos de seguran\u00e7a adicionais!<\/p>\n<\/div>\n<div>\n<p style=\"font-family:OpenSans;font-size:20px;font-weight:900;line-height:28px;white-space:pre-wrap;margin-bottom:12px\" class=\"detail-desc-decorate-title\">Caracter\u00edstica:<\/p>\n<p style=\"font-family:OpenSans;font-size:14px;font-weight:300;line-height:20px;white-space:pre-wrap;margin-bottom:12px\" class=\"detail-desc-decorate-content\">Alimentado por LED de alta pot\u00eancia feito por Osram<br \/>Cor vermelha brilhante do LED<br \/>Se encaixa para Chevrolet Camaro 2016-2021, Chevrolet Traverse 2013-2019, Pontiac G8, Cadillac ATS 2013-2018, 2017-2018 Cadillac XT5.<br \/>N\u00famero da pe\u00e7a OEM:92282553,92282552, GM1184112, GM1185112<br \/>Ele substitui o conjunto do refletor vermelho do para-choque traseiro de estoque e funciona como luz traseira LED adicional na montagem OEM<br \/>DOT SAE aprovado<br \/>D\u00e1 ao carro uma apar\u00eancia diferente, ideal para uso em shows<br \/>Vida \u00fatil: &gt;50.000 horas<\/p>\n<\/div>\n<div>\n<p style=\"font-family:OpenSans;font-size:20px;font-weight:900;line-height:28px;white-space:pre-wrap;margin-bottom:12px\" class=\"detail-desc-decorate-title\">Modelos de carros:<\/p>\n<p style=\"font-family:OpenSans;font-size:14px;font-weight:300;line-height:20px;white-space:pre-wrap;margin-bottom:12px\" class=\"detail-desc-decorate-content\">Para Cadillac ATS 2013-2019<br \/>Para Cadillac XT5 2017-2021<br \/>Para camaro chevrolet 2016-2022<br \/>Para 2013-2017 Chevrolet Traverse<br \/>Para Pontiac G8 2008-2009<\/p>\n<\/div>\n<div><img data-recalc-dims=\"1\" decoding=\"async\" class=\"detail-desc-decorate-image\" src=\"https:\/\/i0.wp.com\/ae01.alicdn.com\/kf\/S5f758750a1d34bb79a750f8009e5533bG.jpg?w=1200&#038;ssl=1\"> <img data-recalc-dims=\"1\" decoding=\"async\" class=\"detail-desc-decorate-image\" src=\"https:\/\/i0.wp.com\/ae01.alicdn.com\/kf\/Sa0391105e48b48599f08830b224521c8V.jpg?w=1200&#038;ssl=1\"> <img data-recalc-dims=\"1\" decoding=\"async\" class=\"detail-desc-decorate-image\" src=\"https:\/\/i0.wp.com\/ae01.alicdn.com\/kf\/Sd975cb0e4c94429fbac41c7bcdf8f0f1A.jpg?w=1200&#038;ssl=1\"> <img data-recalc-dims=\"1\" decoding=\"async\" class=\"detail-desc-decorate-image\" src=\"https:\/\/i0.wp.com\/ae01.alicdn.com\/kf\/S3155b994fe384b2b8d34e9ca05487c453.jpg?w=1200&#038;ssl=1\"> <img data-recalc-dims=\"1\" decoding=\"async\" class=\"detail-desc-decorate-image\" src=\"https:\/\/i0.wp.com\/ae01.alicdn.com\/kf\/S5ca9b25e693f489fb7073b9759e08a4bS.jpg?w=1200&#038;ssl=1\"> <img data-recalc-dims=\"1\" decoding=\"async\" class=\"detail-desc-decorate-image\" src=\"https:\/\/i0.wp.com\/ae01.alicdn.com\/kf\/Se2e398caeb354baab4c7eee7d9786ccei.jpg?w=1200&#038;ssl=1\"> <img data-recalc-dims=\"1\" decoding=\"async\" class=\"detail-desc-decorate-image\" src=\"https:\/\/i0.wp.com\/ae01.alicdn.com\/kf\/S3d016a4697df48b9ae3426028fa8eed0v.jpg?w=1200&#038;ssl=1\"> <img data-recalc-dims=\"1\" decoding=\"async\" class=\"detail-desc-decorate-image\" src=\"https:\/\/i0.wp.com\/ae01.alicdn.com\/kf\/S9cdc9f63908943b588f8ad59d9860d79q.jpg?w=1200&#038;ssl=1\"><\/div>\n<div><img data-recalc-dims=\"1\" decoding=\"async\" class=\"detail-desc-decorate-image\" src=\"https:\/\/i0.wp.com\/ae01.alicdn.com\/kf\/Hb566cafcbb884d38983710cd7b380e07c.jpg?w=1200&#038;ssl=1\"> <img data-recalc-dims=\"1\" decoding=\"async\" class=\"detail-desc-decorate-image\" src=\"https:\/\/i0.wp.com\/ae01.alicdn.com\/kf\/H34ca32059ce14936ba97017a86ef2f1ac.jpg?w=1200&#038;ssl=1\"> <img data-recalc-dims=\"1\" decoding=\"async\" class=\"detail-desc-decorate-image\" src=\"https:\/\/i0.wp.com\/ae01.alicdn.com\/kf\/H50b69ffba6a0492394cafbd3a657fbc3x.jpg?w=1200&#038;ssl=1\"> <img data-recalc-dims=\"1\" decoding=\"async\" class=\"detail-desc-decorate-image\" src=\"https:\/\/i0.wp.com\/ae01.alicdn.com\/kf\/H67530bd026ba4715b432ddd64b942a60l.jpg?w=1200&#038;ssl=1\"><\/div>\n<\/div>\n<\/div>\n<p><\/p>\n<\/div>\n<\/div>\n","protected":false},"excerpt":{"rendered":"<p>Os refletores de p\u00e1ra-choques costumam ser o equipamento mais despercebido em um carro, apesar de ser um dos mais importantes em termos de visualiza\u00e7\u00e3o \u00e0 noite.N\u00e3o h\u00e1 ajuda no seu baixo posicionamento no para-choque inferior traseiro, o que os torna mais dif\u00edceis de ver.Voc\u00ea pode iluminar os refletores do para-choque E dar um toque elegante&hellip;&nbsp;<\/p>\n","protected":false},"featured_media":42928,"template":"","meta":{"neve_meta_sidebar":"","neve_meta_container":"","neve_meta_enable_content_width":"","neve_meta_content_width":0,"neve_meta_title_alignment":"","neve_meta_author_avatar":"","neve_post_elements_order":"","neve_meta_disable_header":"","neve_meta_disable_footer":"","neve_meta_disable_title":""},"product_brand":[],"product_cat":[95,19,17],"product_tag":[],"class_list":{"0":"post-42934","1":"product","2":"type-product","3":"status-publish","4":"has-post-thumbnail","6":"product_cat-assembleia-lampada-sinal","7":"product_cat-luzes-automotivas","8":"product_cat-pecas-e-acessorios-automotivos","10":"first","11":"instock","12":"shipping-taxable","13":"purchasable","14":"product-type-variable","15":"has-default-attributes"},"jetpack_sharing_enabled":true,"_links":{"self":[{"href":"https:\/\/listman.shop\/autoparts-br\/wp-json\/wp\/v2\/product\/42934","targetHints":{"allow":["GET"]}}],"collection":[{"href":"https:\/\/listman.shop\/autoparts-br\/wp-json\/wp\/v2\/product"}],"about":[{"href":"https:\/\/listman.shop\/autoparts-br\/wp-json\/wp\/v2\/types\/product"}],"wp:featuredmedia":[{"embeddable":true,"href":"https:\/\/listman.shop\/autoparts-br\/wp-json\/wp\/v2\/media\/42928"}],"wp:attachment":[{"href":"https:\/\/listman.shop\/autoparts-br\/wp-json\/wp\/v2\/media?parent=42934"}],"wp:term":[{"taxonomy":"product_brand","embeddable":true,"href":"https:\/\/listman.shop\/autoparts-br\/wp-json\/wp\/v2\/product_brand?post=42934"},{"taxonomy":"product_cat","embeddable":true,"href":"https:\/\/listman.shop\/autoparts-br\/wp-json\/wp\/v2\/product_cat?post=42934"},{"taxonomy":"product_tag","embeddable":true,"href":"https:\/\/listman.shop\/autoparts-br\/wp-json\/wp\/v2\/product_tag?post=42934"}],"curies":[{"name":"wp","href":"https:\/\/api.w.org\/{rel}","templated":true}]}}