{"id":43104,"date":"2025-03-27T09:30:34","date_gmt":"2025-03-27T00:30:34","guid":{"rendered":"https:\/\/listman.shop\/autoparts-br\/product\/1005006889172560\/"},"modified":"2026-05-04T14:50:06","modified_gmt":"2026-05-04T05:50:06","slug":"1005006889172560","status":"publish","type":"product","link":"https:\/\/listman.shop\/autoparts-br\/product\/1005006889172560\/","title":{"rendered":"Luzes refletoras de para-choque traseiro led, para mazda cx5 CX-5 2013 2014 2015 2016, aviso de freio autom\u00e1tico, l\u00e2mpadas de sinaliza\u00e7\u00e3o din\u00e2micas 12v"},"content":{"rendered":"<div class=\"detailmodule_html\">\n<div class=\"detail-desc-decorate-richtext\">\n<div class=\"detailmodule_html\">\n<div class=\"detail-desc-decorate-richtext\">\n<p><span style=\"font-size:18px\">Luzes refletoras de para-choque traseiro led para mazda CX5 CX-5 2013 2014 2015 2016 condu\u00e7\u00e3o de freio autom\u00e1tico aviso l\u00e2mpadas de sinaliza\u00e7\u00e3o din\u00e2micas 12v<\/span><\/p>\n<div><\/div>\n<p><span style=\"font-size:16px\"><strong>Acess\u00f3rios:<\/strong><\/span><\/p>\n<p><span style=\"font-size:16px\"><strong>Para Mazda CX5\/CX-5 2013 2014 2015 2016<\/strong><\/span><\/p>\n<div><\/div>\n<p><span style=\"font-size:18px\">Caracter\u00edsticas:<\/span><\/p>\n<p>1.Novo 100%<\/p>\n<p>2.Fun\u00e7\u00f5es 3 em 1.Luzes de circula\u00e7\u00e3o + luzes de freio + luzes de sinaliza\u00e7\u00e3o din\u00e2micas<\/p>\n<p>3.Prote\u00e7\u00e3o contra poeira e umidade.<\/p>\n<p>4.Vida \u00fatil dur\u00e1vel e longa.<\/p>\n<p>5.Um substituto p\u00f3s-venda perfeito.<\/p>\n<p>6.F\u00e1cil instala\u00e7\u00e3o.<\/p>\n<div><\/div>\n<p><span style=\"font-size:18px\">Especifica\u00e7\u00e3o:<\/span><\/p>\n<p>Tipo de montagem: substitui\u00e7\u00e3o direta<\/p>\n<p>Coloca\u00e7\u00e3o no ve\u00edculo: esquerda, direita, traseira<\/p>\n<p>Material: pl\u00e1stico ABS &#8211; Cor da superf\u00edcie: Vermelho<\/p>\n<p>Cor da lente: vermelho<\/p>\n<p>L\u00e2mpadas inclu\u00eddas: Sim<\/p>\n<p>Peso do item: 0,8 kg<\/p>\n<p>Tens\u00e3o: 12V<\/p>\n<div><\/div>\n<p><span style=\"font-size:18px\">Pacote inclu\u00eddo:<\/span><\/p>\n<p>1 x conjunto de refletores de para-choque traseiro (esquerda e direita)<\/p>\n<div><img data-recalc-dims=\"1\" decoding=\"async\" src=\"https:\/\/i0.wp.com\/ae01.alicdn.com\/kf\/S45a7512864a64a399769e3418d0d0eb4a.jpg?w=1200&#038;ssl=1\"><img data-recalc-dims=\"1\" decoding=\"async\" src=\"https:\/\/i0.wp.com\/ae01.alicdn.com\/kf\/Scb96b1ce7e494bf89de4f582c857bd35d.jpg?w=1200&#038;ssl=1\"><img data-recalc-dims=\"1\" decoding=\"async\" src=\"https:\/\/i0.wp.com\/ae01.alicdn.com\/kf\/Sbfcf4c713fb24e8085f655a0c331a92fD.jpg?w=1200&#038;ssl=1\"><img data-recalc-dims=\"1\" decoding=\"async\" src=\"https:\/\/i0.wp.com\/ae01.alicdn.com\/kf\/S576844852da14f6ca1610451afc82c7at.jpg?w=1200&#038;ssl=1\"><img data-recalc-dims=\"1\" decoding=\"async\" src=\"https:\/\/i0.wp.com\/ae01.alicdn.com\/kf\/S5da25fe2f20d484ba6dcd5495c9db149R.jpg?w=1200&#038;ssl=1\"><img data-recalc-dims=\"1\" decoding=\"async\" src=\"https:\/\/i0.wp.com\/ae01.alicdn.com\/kf\/S081634469a1a49b88241c3644524cad3a.jpg?w=1200&#038;ssl=1\"><img data-recalc-dims=\"1\" decoding=\"async\" src=\"https:\/\/i0.wp.com\/ae01.alicdn.com\/kf\/S006ab233c33f4d72950f9ef90a501df6w.jpg?w=1200&#038;ssl=1\"><\/div>\n<\/div>\n<\/div>\n<div class=\"detailmodule_dynamic\"><\/div>\n<div class=\"detailmodule_html\">\n<div class=\"detail-desc-decorate-richtext\"><\/div>\n<\/div>\n<p><\/p>\n<\/div>\n<\/div>\n","protected":false},"excerpt":{"rendered":"<p>Luzes refletoras de para-choque traseiro led para mazda CX5 CX-5 2013 2014 2015 2016 condu\u00e7\u00e3o de freio autom\u00e1tico aviso l\u00e2mpadas de sinaliza\u00e7\u00e3o din\u00e2micas 12v Acess\u00f3rios: Para Mazda CX5\/CX-5 2013 2014 2015 2016 Caracter\u00edsticas: 1.Novo 100% 2.Fun\u00e7\u00f5es 3 em 1.Luzes de circula\u00e7\u00e3o + luzes de freio + luzes de sinaliza\u00e7\u00e3o din\u00e2micas 3.Prote\u00e7\u00e3o contra poeira e umidade.&hellip;&nbsp;<\/p>\n","protected":false},"featured_media":43098,"template":"","meta":{"neve_meta_sidebar":"","neve_meta_container":"","neve_meta_enable_content_width":"","neve_meta_content_width":0,"neve_meta_title_alignment":"","neve_meta_author_avatar":"","neve_post_elements_order":"","neve_meta_disable_header":"","neve_meta_disable_footer":"","neve_meta_disable_title":""},"product_brand":[],"product_cat":[95,19,17],"product_tag":[],"class_list":{"0":"post-43104","1":"product","2":"type-product","3":"status-publish","4":"has-post-thumbnail","6":"product_cat-assembleia-lampada-sinal","7":"product_cat-luzes-automotivas","8":"product_cat-pecas-e-acessorios-automotivos","10":"first","11":"instock","12":"shipping-taxable","13":"purchasable","14":"product-type-variable","15":"has-default-attributes"},"jetpack_sharing_enabled":true,"_links":{"self":[{"href":"https:\/\/listman.shop\/autoparts-br\/wp-json\/wp\/v2\/product\/43104","targetHints":{"allow":["GET"]}}],"collection":[{"href":"https:\/\/listman.shop\/autoparts-br\/wp-json\/wp\/v2\/product"}],"about":[{"href":"https:\/\/listman.shop\/autoparts-br\/wp-json\/wp\/v2\/types\/product"}],"wp:featuredmedia":[{"embeddable":true,"href":"https:\/\/listman.shop\/autoparts-br\/wp-json\/wp\/v2\/media\/43098"}],"wp:attachment":[{"href":"https:\/\/listman.shop\/autoparts-br\/wp-json\/wp\/v2\/media?parent=43104"}],"wp:term":[{"taxonomy":"product_brand","embeddable":true,"href":"https:\/\/listman.shop\/autoparts-br\/wp-json\/wp\/v2\/product_brand?post=43104"},{"taxonomy":"product_cat","embeddable":true,"href":"https:\/\/listman.shop\/autoparts-br\/wp-json\/wp\/v2\/product_cat?post=43104"},{"taxonomy":"product_tag","embeddable":true,"href":"https:\/\/listman.shop\/autoparts-br\/wp-json\/wp\/v2\/product_tag?post=43104"}],"curies":[{"name":"wp","href":"https:\/\/api.w.org\/{rel}","templated":true}]}}