{"id":43136,"date":"2025-03-27T09:31:47","date_gmt":"2025-03-27T00:31:47","guid":{"rendered":"https:\/\/listman.shop\/autoparts-br\/product\/1005006949797556\/"},"modified":"2026-04-14T15:04:09","modified_gmt":"2026-04-14T06:04:09","slug":"1005006949797556","status":"publish","type":"product","link":"https:\/\/listman.shop\/autoparts-br\/product\/1005006949797556\/","title":{"rendered":"Em estoque fornecimento de luz de patrulha de aviso de teto de carro luz brilhante engenharia resgate de estrada carro suc\u00e7\u00e3o magn\u00e9tica flash teto 12v-24v"},"content":{"rendered":"<div class=\"detailmodule_html\">\n<div class=\"detail-desc-decorate-richtext\">\n<div class=\"detailmodule_html\">\n<div class=\"detail-desc-decorate-richtext\">\n<div id=\"offer-template-0\">Nome do produto: luz de advert\u00eancia tipo suc\u00e7\u00e3o magn\u00e9tica de telhado<br \/>Caracter\u00edsticas do produto: \u00c0 prova d&#8217;\u00e1gua, alto brilho da l\u00e2mpada LED, \u00edm\u00e3 forte das l\u00e2mpadas, usado para patrulha de carros de pol\u00edcia, \u00f4nibus escolar, ve\u00edculo de engenharia, ve\u00edculo de recupera\u00e7\u00e3o rodovi\u00e1ria, etc., e tem melhor efeito de alerta em dias chuvosos e com neblina.O produto \u00e9 alimentado por isqueiro a bordo e o cabo de alimenta\u00e7\u00e3o \u00e9 projetado com fio de mola, que pode esticar at\u00e9 2 metros, o que \u00e9 conveniente para v\u00e1rios ve\u00edculos usarem.<br \/>Tens\u00e3o do produto: 12-24V<br \/>Tamanho da embalagem do produto: 32CM * 18CM * 9CM<br \/>Peso do produto: 1,2 kg<\/div>\n<div style=\"width:790px\"><img data-recalc-dims=\"1\" decoding=\"async\" style=\"display:block;width:100%;height:auto\"   src=\"https:\/\/i0.wp.com\/ae01.alicdn.com\/kf\/S5feef001c7564025b867f9ab4cc08a43c.jpg?w=1200&#038;ssl=1\" usemap=\"#_sdmap_0\"> <img data-recalc-dims=\"1\" decoding=\"async\" style=\"display:block;width:100%;height:auto\"   src=\"https:\/\/i0.wp.com\/ae01.alicdn.com\/kf\/S58153cfd37af4c349a005b3d1a95d9c3J.jpg?w=1200&#038;ssl=1\" usemap=\"#_sdmap_1\"> <img data-recalc-dims=\"1\" decoding=\"async\" style=\"display:block;width:100%;height:auto\"   src=\"https:\/\/i0.wp.com\/ae01.alicdn.com\/kf\/Saabdf0ecc80f47c689b5dde1ee97f189A.jpg?w=1200&#038;ssl=1\" usemap=\"#_sdmap_2\"> <img data-recalc-dims=\"1\" decoding=\"async\" style=\"display:block;width:100%;height:auto\"   src=\"https:\/\/i0.wp.com\/ae01.alicdn.com\/kf\/S41545ccd253644b0a55b6f69642f9d6dO.jpg?w=1200&#038;ssl=1\" usemap=\"#_sdmap_3\"> <img data-recalc-dims=\"1\" decoding=\"async\" style=\"display:block;width:100%;height:auto\"   src=\"https:\/\/i0.wp.com\/ae01.alicdn.com\/kf\/S44281a3986db4d41902a3ddbb7aaf7b5T.jpg?w=1200&#038;ssl=1\" usemap=\"#_sdmap_4\"> <img data-recalc-dims=\"1\" decoding=\"async\" style=\"display:block;width:100%;height:auto\"   src=\"https:\/\/i0.wp.com\/ae01.alicdn.com\/kf\/S81062f29ceba4c89afb51989bde84453q.jpg?w=1200&#038;ssl=1\" usemap=\"#_sdmap_5\"> <img data-recalc-dims=\"1\" decoding=\"async\" style=\"display:block;width:100%;height:auto\"   src=\"https:\/\/i0.wp.com\/ae01.alicdn.com\/kf\/S2f4ff660e1be4b5b99eaadd66034f3c6t.jpg?w=1200&#038;ssl=1\" usemap=\"#_sdmap_6\"> <img data-recalc-dims=\"1\" decoding=\"async\" style=\"display:block;width:100%;height:auto\"   src=\"https:\/\/i0.wp.com\/ae01.alicdn.com\/kf\/S643eda73d586446697cb28612e1aa045E.jpg?w=1200&#038;ssl=1\" usemap=\"#_sdmap_7\"> <img data-recalc-dims=\"1\" decoding=\"async\" style=\"display:block;width:100%;height:auto\"   src=\"https:\/\/i0.wp.com\/ae01.alicdn.com\/kf\/S6d8693143fd54de3806f4806deb10d5bV.jpg?w=1200&#038;ssl=1\" usemap=\"#_sdmap_8\"> <img data-recalc-dims=\"1\" decoding=\"async\" style=\"display:block;width:100%;height:auto\"   src=\"https:\/\/i0.wp.com\/ae01.alicdn.com\/kf\/S809a3dedf864419db22097c60c5d46c5W.jpg?w=1200&#038;ssl=1\" usemap=\"#_sdmap_9\"> <img data-recalc-dims=\"1\" decoding=\"async\" style=\"display:block;width:100%;height:auto\"   src=\"https:\/\/i0.wp.com\/ae01.alicdn.com\/kf\/S6d43d6859a68466eb63ee8ed2cc74251O.jpg?w=1200&#038;ssl=1\" usemap=\"#_sdmap_10\"><\/div>\n<\/div>\n<\/div>\n<p><\/p>\n<\/div>\n<\/div>\n","protected":false},"excerpt":{"rendered":"<p>Nome do produto: luz de advert\u00eancia tipo suc\u00e7\u00e3o magn\u00e9tica de telhadoCaracter\u00edsticas do produto: \u00c0 prova d&#8217;\u00e1gua, alto brilho da l\u00e2mpada LED, \u00edm\u00e3 forte das l\u00e2mpadas, usado para patrulha de carros de pol\u00edcia, \u00f4nibus escolar, ve\u00edculo de engenharia, ve\u00edculo de recupera\u00e7\u00e3o rodovi\u00e1ria, etc., e tem melhor efeito de alerta em dias chuvosos e com neblina.O produto&hellip;&nbsp;<\/p>\n","protected":false},"featured_media":43131,"template":"","meta":{"neve_meta_sidebar":"","neve_meta_container":"","neve_meta_enable_content_width":"","neve_meta_content_width":0,"neve_meta_title_alignment":"","neve_meta_author_avatar":"","neve_post_elements_order":"","neve_meta_disable_header":"","neve_meta_disable_footer":"","neve_meta_disable_title":""},"product_brand":[],"product_cat":[72,19,17],"product_tag":[],"class_list":{"0":"post-43136","1":"product","2":"type-product","3":"status-publish","4":"has-post-thumbnail","6":"product_cat-lampada-sinalizadora","7":"product_cat-luzes-automotivas","8":"product_cat-pecas-e-acessorios-automotivos","10":"first","11":"instock","12":"shipping-taxable","13":"purchasable","14":"product-type-variable","15":"has-default-attributes"},"jetpack_sharing_enabled":true,"_links":{"self":[{"href":"https:\/\/listman.shop\/autoparts-br\/wp-json\/wp\/v2\/product\/43136","targetHints":{"allow":["GET"]}}],"collection":[{"href":"https:\/\/listman.shop\/autoparts-br\/wp-json\/wp\/v2\/product"}],"about":[{"href":"https:\/\/listman.shop\/autoparts-br\/wp-json\/wp\/v2\/types\/product"}],"wp:featuredmedia":[{"embeddable":true,"href":"https:\/\/listman.shop\/autoparts-br\/wp-json\/wp\/v2\/media\/43131"}],"wp:attachment":[{"href":"https:\/\/listman.shop\/autoparts-br\/wp-json\/wp\/v2\/media?parent=43136"}],"wp:term":[{"taxonomy":"product_brand","embeddable":true,"href":"https:\/\/listman.shop\/autoparts-br\/wp-json\/wp\/v2\/product_brand?post=43136"},{"taxonomy":"product_cat","embeddable":true,"href":"https:\/\/listman.shop\/autoparts-br\/wp-json\/wp\/v2\/product_cat?post=43136"},{"taxonomy":"product_tag","embeddable":true,"href":"https:\/\/listman.shop\/autoparts-br\/wp-json\/wp\/v2\/product_tag?post=43136"}],"curies":[{"name":"wp","href":"https:\/\/api.w.org\/{rel}","templated":true}]}}