{"id":43329,"date":"2025-03-27T09:38:19","date_gmt":"2025-03-27T00:38:19","guid":{"rendered":"https:\/\/listman.shop\/autoparts-br\/product\/1005007154269510\/"},"modified":"2026-04-14T14:58:03","modified_gmt":"2026-04-14T05:58:03","slug":"1005007154269510","status":"publish","type":"product","link":"https:\/\/listman.shop\/autoparts-br\/product\/1005007154269510\/","title":{"rendered":"Par farol dianteiro lente clara capa clara escudo do farol para vw golf 4 mk4 r32 1999-2005 farol capa ransparent abajur"},"content":{"rendered":"<div class=\"detailmodule_html\">\n<div class=\"detail-desc-decorate-richtext\">\n<div class=\"detailmodule_html\">\n<div class=\"detail-desc-decorate-richtext\"><img data-recalc-dims=\"1\" decoding=\"async\" src=\"https:\/\/i0.wp.com\/file.sellercube.com\/group1\/M00\/63\/F9\/rB9kmly3An-AdNKwAACVa37pMI0292.jpg?w=1200&#038;ssl=1\"><br \/>Tampa da lente do farol para VW MK4 Golf GTI R32 1999-2005<\/p>\n<p><span><strong>Descri\u00e7\u00e3o:<\/strong><\/span><br \/>Condi\u00e7\u00e3o: novo e novo<br \/>Material: PC<br \/>Tamanho: como o show de imagens<br \/>Quantidade: 1 par<\/p>\n<p><span><strong>Caracter\u00edsticas:<\/strong><\/span><br \/>1.Dur\u00e1vel<br \/>2. Deixe seu ve\u00edculo mais bonito.<br \/>3.Excelente substituto<br \/>4. Lente de vidro cristalino de alta qualidade com revestimento protetor UV para extrema durabilidade.<br \/><span><strong><br \/>Montagem:<\/strong><\/span><br \/>Para VW Golf MK4 GTI\/R32 1999-2005<br \/>(Exce\u00e7\u00f5es: SOMENTE PARA MODELOS MK4)<\/p>\n<p><span><strong>Pacote inclu\u00eddo:<\/strong><\/span><br \/>1 par de lentes de farol<\/p>\n<p><span><strong>Aten\u00e7\u00e3o:<\/strong><\/span><br \/>Por favor, verifique seriamente o seu ve\u00edculo antes de comprar.<\/p>\n<p><img data-recalc-dims=\"1\" decoding=\"async\" src=\"https:\/\/i0.wp.com\/file.sellercube.com\/group1\/M00\/63\/F9\/rB9kmly3AoaAKcTqAACVYpNavgM633.jpg?w=1200&#038;ssl=1\"><br \/><img data-recalc-dims=\"1\" decoding=\"async\" src=\"https:\/\/i0.wp.com\/ae01.alicdn.com\/kf\/S6afc3f5eb94f4e9797fd541b380ec35ah.jpeg?w=1200&#038;ssl=1\"><img data-recalc-dims=\"1\" decoding=\"async\" src=\"https:\/\/i0.wp.com\/ae03.alicdn.com\/kf\/Sc803ee87dd4e4ff89872048f1b5cde51x.jpg?w=1200&#038;ssl=1\"><img data-recalc-dims=\"1\" decoding=\"async\" src=\"https:\/\/i0.wp.com\/ae03.alicdn.com\/kf\/S74e01863c3b94eda9c43da3fcab7eb68t.jpg?w=1200&#038;ssl=1\"><img data-recalc-dims=\"1\" decoding=\"async\" src=\"https:\/\/i0.wp.com\/ae03.alicdn.com\/kf\/S0246c6fab7ba45ceacf6f5fefeb7ac0ex.jpg?w=1200&#038;ssl=1\"><img data-recalc-dims=\"1\" decoding=\"async\" src=\"https:\/\/i0.wp.com\/ae03.alicdn.com\/kf\/S6309dbea06fc463693c11d0f93ee4004w.jpg?w=1200&#038;ssl=1\"><img data-recalc-dims=\"1\" decoding=\"async\" src=\"https:\/\/i0.wp.com\/ae03.alicdn.com\/kf\/Sbffa92c3e4e742c48558db3cfaa61f8do.jpg?w=1200&#038;ssl=1\"><\/p>\n<p><img data-recalc-dims=\"1\" decoding=\"async\" style=\", sans-serif;font-size:14px;font-weight:400;letter-spacing:normal;text-align:left;white-space:normal;margin:0px;margin-bottom:0px;margin-top:0px;margin-left:0px;margin-right:0px;padding:0px;padding-bottom:0px;padding-top:0px;padding-left:0px;padding-right:0px;max-width:100%\" src=\"https:\/\/i0.wp.com\/ae01.alicdn.com\/kf\/H1d91568b6e244ab49211b73757feef49Z.jpg?w=1200&#038;ssl=1\"><img data-recalc-dims=\"1\" decoding=\"async\" style=\", sans-serif;font-size:14px;font-weight:400;letter-spacing:normal;text-align:left;white-space:normal;margin:0px;margin-bottom:0px;margin-top:0px;margin-left:0px;margin-right:0px;padding:0px;padding-bottom:0px;padding-top:0px;padding-left:0px;padding-right:0px;max-width:100%\" src=\"https:\/\/i0.wp.com\/ae01.alicdn.com\/kf\/H01e96c772aa449ac8cb7120954ccaa4aL.jpg?w=1200&#038;ssl=1\"><img data-recalc-dims=\"1\" decoding=\"async\" style=\", sans-serif;font-size:14px;font-weight:400;letter-spacing:normal;text-align:left;white-space:normal;margin:0px;margin-bottom:0px;margin-top:0px;margin-left:0px;margin-right:0px;padding:0px;padding-bottom:0px;padding-top:0px;padding-left:0px;padding-right:0px;max-width:100%\" src=\"https:\/\/i0.wp.com\/ae01.alicdn.com\/kf\/Hee0b7a8315174925abbfef8215273ad8f.jpg?w=1200&#038;ssl=1\"><img data-recalc-dims=\"1\" decoding=\"async\" style=\", sans-serif;font-size:14px;font-weight:400;letter-spacing:normal;text-align:left;white-space:normal;margin:0px;margin-bottom:0px;margin-top:0px;margin-left:0px;margin-right:0px;padding:0px;padding-bottom:0px;padding-top:0px;padding-left:0px;padding-right:0px;max-width:100%\" src=\"https:\/\/i0.wp.com\/ae01.alicdn.com\/kf\/He73170dffdcd43689769eaed219490d8o.jpg?w=1200&#038;ssl=1\"><img data-recalc-dims=\"1\" decoding=\"async\" style=\", sans-serif;font-size:14px;font-weight:400;letter-spacing:normal;text-align:left;white-space:normal;margin:0px;margin-bottom:0px;margin-top:0px;margin-left:0px;margin-right:0px;padding:0px;padding-bottom:0px;padding-top:0px;padding-left:0px;padding-right:0px;max-width:100%\" src=\"https:\/\/i0.wp.com\/ae01.alicdn.com\/kf\/Heb1742935ffb4842bb6938b3a44fa5a4i.jpg?w=1200&#038;ssl=1\"><img data-recalc-dims=\"1\" decoding=\"async\" style=\", sans-serif;font-size:14px;font-weight:400;letter-spacing:normal;text-align:left;white-space:normal;margin:0px;margin-bottom:0px;margin-top:0px;margin-left:0px;margin-right:0px;padding:0px;padding-bottom:0px;padding-top:0px;padding-left:0px;padding-right:0px;max-width:100%\" src=\"https:\/\/i0.wp.com\/ae01.alicdn.com\/kf\/Ha5b4755956434eb8be557c94df7e8f9eL.jpg?w=1200&#038;ssl=1\"><img data-recalc-dims=\"1\" decoding=\"async\" style=\", sans-serif;font-size:14px;font-weight:400;letter-spacing:normal;text-align:left;white-space:normal;margin:0px;margin-bottom:0px;margin-top:0px;margin-left:0px;margin-right:0px;padding:0px;padding-bottom:0px;padding-top:0px;padding-left:0px;padding-right:0px;max-width:100%\" src=\"https:\/\/i0.wp.com\/ae01.alicdn.com\/kf\/Hee3d094959da47ec863b2e387a534d47t.jpg?w=1200&#038;ssl=1\"><img data-recalc-dims=\"1\" decoding=\"async\" style=\", sans-serif;font-size:14px;font-weight:400;letter-spacing:normal;text-align:left;white-space:normal;margin:0px;margin-bottom:0px;margin-top:0px;margin-left:0px;margin-right:0px;padding:0px;padding-bottom:0px;padding-top:0px;padding-left:0px;padding-right:0px;max-width:100%\" src=\"https:\/\/i0.wp.com\/ae01.alicdn.com\/kf\/H85473c1d469d489da0c7f97f0b573d0eW.jpg?w=1200&#038;ssl=1\"><\/div>\n<\/div>\n<p><\/p>\n<\/div>\n<\/div>\n","protected":false},"excerpt":{"rendered":"<p>Tampa da lente do farol para VW MK4 Golf GTI R32 1999-2005 Descri\u00e7\u00e3o:Condi\u00e7\u00e3o: novo e novoMaterial: PCTamanho: como o show de imagensQuantidade: 1 par Caracter\u00edsticas:1.Dur\u00e1vel2. Deixe seu ve\u00edculo mais bonito.3.Excelente substituto4. Lente de vidro cristalino de alta qualidade com revestimento protetor UV para extrema durabilidade.Montagem:Para VW Golf MK4 GTI\/R32 1999-2005(Exce\u00e7\u00f5es: SOMENTE PARA MODELOS MK4) Pacote&hellip;&nbsp;<\/p>\n","protected":false},"featured_media":43323,"template":"","meta":{"neve_meta_sidebar":"","neve_meta_container":"","neve_meta_enable_content_width":"","neve_meta_content_width":0,"neve_meta_title_alignment":"","neve_meta_author_avatar":"","neve_post_elements_order":"","neve_meta_disable_header":"","neve_meta_disable_footer":"","neve_meta_disable_title":""},"product_brand":[],"product_cat":[94,19,17],"product_tag":[],"class_list":{"0":"post-43329","1":"product","2":"type-product","3":"status-publish","4":"has-post-thumbnail","6":"product_cat-concha","7":"product_cat-luzes-automotivas","8":"product_cat-pecas-e-acessorios-automotivos","10":"first","11":"instock","12":"shipping-taxable","13":"purchasable","14":"product-type-variable","15":"has-default-attributes"},"jetpack_sharing_enabled":true,"_links":{"self":[{"href":"https:\/\/listman.shop\/autoparts-br\/wp-json\/wp\/v2\/product\/43329","targetHints":{"allow":["GET"]}}],"collection":[{"href":"https:\/\/listman.shop\/autoparts-br\/wp-json\/wp\/v2\/product"}],"about":[{"href":"https:\/\/listman.shop\/autoparts-br\/wp-json\/wp\/v2\/types\/product"}],"wp:featuredmedia":[{"embeddable":true,"href":"https:\/\/listman.shop\/autoparts-br\/wp-json\/wp\/v2\/media\/43323"}],"wp:attachment":[{"href":"https:\/\/listman.shop\/autoparts-br\/wp-json\/wp\/v2\/media?parent=43329"}],"wp:term":[{"taxonomy":"product_brand","embeddable":true,"href":"https:\/\/listman.shop\/autoparts-br\/wp-json\/wp\/v2\/product_brand?post=43329"},{"taxonomy":"product_cat","embeddable":true,"href":"https:\/\/listman.shop\/autoparts-br\/wp-json\/wp\/v2\/product_cat?post=43329"},{"taxonomy":"product_tag","embeddable":true,"href":"https:\/\/listman.shop\/autoparts-br\/wp-json\/wp\/v2\/product_tag?post=43329"}],"curies":[{"name":"wp","href":"https:\/\/api.w.org\/{rel}","templated":true}]}}