{"id":43337,"date":"2025-03-27T09:38:39","date_gmt":"2025-03-27T00:38:39","guid":{"rendered":"https:\/\/listman.shop\/autoparts-br\/product\/1005007173932949\/"},"modified":"2026-04-14T15:28:18","modified_gmt":"2026-04-14T06:28:18","slug":"1005007173932949","status":"publish","type":"product","link":"https:\/\/listman.shop\/autoparts-br\/product\/1005007173932949\/","title":{"rendered":"Caminh\u00e3o Grade Flash Side Strobe Signal Alarm, imperme\u00e1vel, ultra fino, 12LED, 12-24V, Light Modifica\u00e7\u00e3o Tool, Taillight, IP65, 4pcs"},"content":{"rendered":"<div class=\"detailmodule_html\">\n<div class=\"detail-desc-decorate-richtext\">\n<div class=\"detailmodule_html\">\n<div class=\"detail-desc-decorate-richtext\">\n<div id=\"offer-template-0\">\n<p><strong><span style=\"font-size:14px\" id=\"tl_1\">Especifica&ccedil;&otilde;es:<\/span><\/strong><span style=\"font-size:14px\"> <\/span><\/p>\n<p><span style=\"font-size:14px\" id=\"tl_2\">Tipo de produto: luz piscante lateral ultrafina de faixa longa<\/span><\/p>\n<p><span style=\"font-size:14px\" id=\"tl_3\">Material: alum&iacute;nio + led<\/span><\/p>\n<p><span style=\"font-size:14px\" id=\"tl_4\">Tens&atilde;o: DC12-24V<\/span><\/p>\n<p><span style=\"font-size:14px\" id=\"tl_5\">Chip LED: 12 unidades<\/span><\/p>\n<p><span style=\"font-size:14px\" id=\"tl_6\">Pot&ecirc;ncia: 36W<\/span><\/p>\n<p><span style=\"font-size:14px\" id=\"tl_7\">Corrente: 0,28A<\/span><\/p>\n<p><span style=\"font-size:14px\" id=\"tl_8\">L&uacute;men: 900 lm<\/span><\/p>\n<p><span style=\"font-size:14px\" id=\"tl_9\">Cores: amarelo, azul, azul branco, vermelho, azul vermelho, vermelho branco, amarelo branco, branco<\/span><\/p>\n<p><span style=\"font-size:14px\" id=\"tl_10\">Modo: luz constante + flash cont&iacute;nuo (multimodo)<\/span><\/p>\n<p><span style=\"font-size:14px\" id=\"tl_11\">&Agrave; prova d&#8217;&aacute;gua: IP65<\/span><\/p>\n<p><span style=\"font-size:14px\" id=\"tl_12\">Vida &uacute;til: 50.000 horas<\/span><\/p>\n<p><span style=\"font-size:14px\"> <\/span><\/p>\n<p><strong><span style=\"font-size:14px\" id=\"tl_13\">O pacote inclui:<\/span><\/strong><span style=\"font-size:14px\"> <\/span><\/p>\n<p><span style=\"font-size:14px\" id=\"tl_14\">4pcs 12SMD luz de advert&ecirc;ncia (cor conforme voc&ecirc; seleciona)<\/span><\/p>\n<p><span style=\"font-size:14px\"> <\/span><\/p>\n<p><strong><span style=\"font-size:14px\" id=\"tl_15\">Aplica&ccedil;&atilde;o:<\/span><\/strong><span style=\"font-size:14px\"> <\/span><\/p>\n<p><span style=\"font-size:14px\" id=\"tl_16\">Para caminh&otilde;es, carros, motocicletas, ATVs, empilhadeiras, ve&iacute;culos de engenharia, navios, muito mais.<\/span><\/p>\n<p><span style=\"font-size:14px\" id=\"tl_17\">Luz de circula&ccedil;&atilde;o diurna. Luz estrobosc&oacute;pica. Luzes de folga. Luzes de freio adicionais. Luzes de r&eacute;. L&acirc;mpada de neblina. Piscando. Luzes de advert&ecirc;ncia. Luz de sinaliza&ccedil;&atilde;o. Luzes de estacionamento.<\/span><\/p>\n<p><span style=\"font-size:14px\"> <\/span><\/p>\n<p><strong><span style=\"font-size:14px\" id=\"tl_18\">Caracter&iacute;stica:<\/span><\/strong><span style=\"font-size:14px\"> <\/span><\/p>\n<p><span style=\"font-size:14px\" id=\"tl_19\">Ilumina&ccedil;&atilde;o ultrabrilhante com design &agrave; prova d&#8217;&aacute;gua.<\/span><\/p>\n<p><span style=\"font-size:14px\" id=\"tl_20\">Os chips LED SMD modernos garantem clareza, brilho e efici&ecirc;ncia energ&eacute;tica.<\/span><\/p>\n<p><span style=\"font-size:14px\" id=\"tl_21\">Constru&ccedil;&atilde;o dur&aacute;vel de alum&iacute;nio e lente condensadora para uma apar&ecirc;ncia elegante.<\/span><\/p>\n<p><span style=\"font-size:14px\"> <\/span><\/p>\n<p><strong><span style=\"font-size:14px\" id=\"tl_22\">Dicas de uso:<\/span><\/strong><span style=\"font-size:14px\"> <\/span><\/p>\n<p><span style=\"font-size:14px\" id=\"tl_23\">Garanta a polaridade correta durante a fia&ccedil;&atilde;o.<\/span><\/p>\n<p><span style=\"font-size:14px\" id=\"tl_24\">Limpe a &aacute;rea de instala&ccedil;&atilde;o antes da montagem.<\/span><\/p>\n<p><span style=\"font-size:14px\"> <\/span><\/p>\n<p><strong><span style=\"font-size:14px\" id=\"tl_25\">Nota:<\/span><\/strong><span style=\"font-size:14px\"> <\/span><\/p>\n<p><span style=\"font-size:14px\" id=\"tl_26\">N&atilde;o exceda a tens&atilde;o nominal para evitar danos.<\/span><\/p>\n<p><span style=\"font-size:14px\" id=\"tl_27\">Garanta aterramento adequado para desempenho ideal.<\/span><\/p>\n<p><span style=\"font-size:14px\"><\/span><img data-recalc-dims=\"1\" decoding=\"async\" src=\"https:\/\/i0.wp.com\/ae01.alicdn.com\/kf\/S9778078207044b3c8e1e2dd46dd88c31j.jpg?w=1200&#038;ssl=1\" \/><span style=\"font-size:14px\"><\/span><img data-recalc-dims=\"1\" decoding=\"async\" src=\"https:\/\/i0.wp.com\/ae01.alicdn.com\/kf\/S7851bcea3b3f4fcfb4a2f08aa06175e7m.jpg?w=1200&#038;ssl=1\" \/><span style=\"font-size:14px\"><\/span><img data-recalc-dims=\"1\" decoding=\"async\" src=\"https:\/\/i0.wp.com\/ae01.alicdn.com\/kf\/S9e28f76f038a4294a9ac507321e8d45e3.jpg?w=1200&#038;ssl=1\" \/><span style=\"font-size:14px\"><\/span><img data-recalc-dims=\"1\" decoding=\"async\" src=\"https:\/\/i0.wp.com\/ae01.alicdn.com\/kf\/S163e41770d424c84b537fbd66e7cae16r.jpg?w=1200&#038;ssl=1\" \/><span style=\"font-size:14px\"><\/span><img data-recalc-dims=\"1\" decoding=\"async\" src=\"https:\/\/i0.wp.com\/ae01.alicdn.com\/kf\/S88f510c81eaa411fa766ee9faad0c9421.jpg?w=1200&#038;ssl=1\" \/><span style=\"font-size:14px\"><\/span><img data-recalc-dims=\"1\" decoding=\"async\" src=\"https:\/\/i0.wp.com\/ae01.alicdn.com\/kf\/Safd758991f8648858f5441990526ec62e.jpg?w=1200&#038;ssl=1\" \/><span style=\"font-size:14px\"><\/span><img data-recalc-dims=\"1\" decoding=\"async\" src=\"https:\/\/i0.wp.com\/ae01.alicdn.com\/kf\/Sf58509062ca744fe81802399804e8782E.jpg?w=1200&#038;ssl=1\" \/><span style=\"font-size:14px\"><\/span><img data-recalc-dims=\"1\" decoding=\"async\" src=\"https:\/\/i0.wp.com\/ae01.alicdn.com\/kf\/S7796b42e87994201a0408b05425d82dcn.jpg?w=1200&#038;ssl=1\" \/><span style=\"font-size:14px\"><\/span><img data-recalc-dims=\"1\" decoding=\"async\" src=\"https:\/\/i0.wp.com\/ae01.alicdn.com\/kf\/S4be0ff79ae8148dc86ff111da9a5dea8r.jpg?w=1200&#038;ssl=1\" \/><span style=\"font-size:14px\"><\/span><img data-recalc-dims=\"1\" decoding=\"async\" src=\"https:\/\/i0.wp.com\/ae01.alicdn.com\/kf\/S49badcd286b045379bf5f86777691c7bT.jpg?w=1200&#038;ssl=1\" \/><span style=\"font-size:14px\"><\/span><img data-recalc-dims=\"1\" decoding=\"async\" src=\"https:\/\/i0.wp.com\/ae01.alicdn.com\/kf\/Sb6770384fb384c98a8548c3a4db43b1dW.jpg?w=1200&#038;ssl=1\" \/><span style=\"font-size:14px\"><\/span><img data-recalc-dims=\"1\" decoding=\"async\" src=\"https:\/\/i0.wp.com\/ae01.alicdn.com\/kf\/S02ec2059fdfc4468b537bdcbdfed0d3ce.jpg?w=1200&#038;ssl=1\" \/><span style=\"font-size:14px\"><\/span><img data-recalc-dims=\"1\" decoding=\"async\" src=\"https:\/\/i0.wp.com\/ae01.alicdn.com\/kf\/S4101585b9d354f8a96afaafde5ec95e9g.jpg?w=1200&#038;ssl=1\" \/><span style=\"font-size:14px\"><br \/><\/span><\/p>\n<\/p><\/div>\n<\/p><\/div>\n<\/div>\n<p><\/div>\n<\/div>\n","protected":false},"excerpt":{"rendered":"<p>Especifica&ccedil;&otilde;es: Tipo de produto: luz piscante lateral ultrafina de faixa longa Material: alum&iacute;nio + led Tens&atilde;o: DC12-24V Chip LED: 12 unidades Pot&ecirc;ncia: 36W Corrente: 0,28A L&uacute;men: 900 lm Cores: amarelo, azul, azul branco, vermelho, azul vermelho, vermelho branco, amarelo branco, branco Modo: luz constante + flash cont&iacute;nuo (multimodo) &Agrave; prova d&#8217;&aacute;gua: IP65 Vida &uacute;til: 50.000&hellip;&nbsp;<\/p>\n","protected":false},"featured_media":43331,"template":"","meta":{"neve_meta_sidebar":"","neve_meta_container":"","neve_meta_enable_content_width":"","neve_meta_content_width":0,"neve_meta_title_alignment":"","neve_meta_author_avatar":"","neve_post_elements_order":"","neve_meta_disable_header":"","neve_meta_disable_footer":"","neve_meta_disable_title":""},"product_brand":[],"product_cat":[72,19,17],"product_tag":[],"class_list":{"0":"post-43337","1":"product","2":"type-product","3":"status-publish","4":"has-post-thumbnail","6":"product_cat-lampada-sinalizadora","7":"product_cat-luzes-automotivas","8":"product_cat-pecas-e-acessorios-automotivos","10":"first","11":"instock","12":"shipping-taxable","13":"purchasable","14":"product-type-variable","15":"has-default-attributes"},"jetpack_sharing_enabled":true,"_links":{"self":[{"href":"https:\/\/listman.shop\/autoparts-br\/wp-json\/wp\/v2\/product\/43337","targetHints":{"allow":["GET"]}}],"collection":[{"href":"https:\/\/listman.shop\/autoparts-br\/wp-json\/wp\/v2\/product"}],"about":[{"href":"https:\/\/listman.shop\/autoparts-br\/wp-json\/wp\/v2\/types\/product"}],"wp:featuredmedia":[{"embeddable":true,"href":"https:\/\/listman.shop\/autoparts-br\/wp-json\/wp\/v2\/media\/43331"}],"wp:attachment":[{"href":"https:\/\/listman.shop\/autoparts-br\/wp-json\/wp\/v2\/media?parent=43337"}],"wp:term":[{"taxonomy":"product_brand","embeddable":true,"href":"https:\/\/listman.shop\/autoparts-br\/wp-json\/wp\/v2\/product_brand?post=43337"},{"taxonomy":"product_cat","embeddable":true,"href":"https:\/\/listman.shop\/autoparts-br\/wp-json\/wp\/v2\/product_cat?post=43337"},{"taxonomy":"product_tag","embeddable":true,"href":"https:\/\/listman.shop\/autoparts-br\/wp-json\/wp\/v2\/product_tag?post=43337"}],"curies":[{"name":"wp","href":"https:\/\/api.w.org\/{rel}","templated":true}]}}