{"id":43360,"date":"2025-03-27T09:39:18","date_gmt":"2025-03-27T00:39:18","guid":{"rendered":"https:\/\/listman.shop\/autoparts-br\/product\/1005007234066123\/"},"modified":"2026-04-14T16:10:06","modified_gmt":"2026-04-14T07:10:06","slug":"1005007234066123","status":"publish","type":"product","link":"https:\/\/listman.shop\/autoparts-br\/product\/1005007234066123\/","title":{"rendered":"Um 2048203285 2048203285 130732915602   Unidade de controle xenon hid farol m\u00f3dulo lastro de luz para classe c w204 c300 c350 c63 amg"},"content":{"rendered":"<div class=\"detailmodule_html\">\n<div class=\"detail-desc-decorate-richtext\">\n<div style=\", Roboto, Arial, Helvetica, sans-serif, SimSun;font-size:14px;font-weight:400;letter-spacing:normal;text-align:start;white-space:normal;margin:0px;margin-bottom:0px;margin-top:0px;margin-left:0px;margin-right:0px;padding:0px;padding-bottom:0px;padding-top:0px;padding-left:0px;padding-right:0px\" class=\"detailmodule_text\" align=\"start\">\n<div><\/div>\n<div style=\", Roboto, Arial, Helvetica, sans-serif, SimSun;font-size:14px;font-weight:400;letter-spacing:normal;text-align:start;white-space:normal;margin:0px;margin-bottom:0px;margin-top:0px;margin-left:0px;margin-right:0px;padding:0px;padding-bottom:0px;padding-top:0px;padding-left:0px;padding-right:0px\" class=\"detailmodule_text-image\" align=\"start\">\n<p style=\"font-family:OpenSans;font-size:20px;font-weight:900;line-height:28px;white-space:pre-wrap;margin:0px 0px 12px;margin-bottom:12px;margin-top:0px;margin-left:0px;margin-right:0px;padding:0px;padding-bottom:0px;padding-top:0px;padding-left:0px;padding-right:0px\" class=\"detail-desc-decorate-title\"><strong>Sobre este item<\/strong><\/p>\n<\/div>\n<div style=\", Roboto, Arial, Helvetica, sans-serif, SimSun;font-size:14px;font-weight:400;letter-spacing:normal;text-align:start;white-space:normal;margin:0px;margin-bottom:0px;margin-top:0px;margin-left:0px;margin-right:0px;padding:0px;padding-bottom:0px;padding-top:0px;padding-left:0px;padding-right:0px\" class=\"detailmodule_text-image\" align=\"start\">\n<p style=\"font-family:OpenSans;font-size:20px;font-weight:900;line-height:28px;white-space:pre-wrap;margin:0px 0px 12px;margin-bottom:12px;margin-top:0px;margin-left:0px;margin-right:0px;padding:0px;padding-bottom:0px;padding-top:0px;padding-left:0px;padding-right:0px\" class=\"detail-desc-decorate-title\"><strong>N\u00famero da pe\u00e7a:<\/strong><\/p>\n<p><strong><span style=\"font-size:20px\">A2048203285<\/span><\/strong><\/p>\n<\/div>\n<div style=\", Roboto, Arial, Helvetica, sans-serif, SimSun;font-size:14px;font-weight:400;letter-spacing:normal;text-align:start;white-space:normal;margin:0px;margin-bottom:0px;margin-top:0px;margin-left:0px;margin-right:0px;padding:0px;padding-bottom:0px;padding-top:0px;padding-left:0px;padding-right:0px\" class=\"detailmodule_text-image\" align=\"start\">\n<p style=\"font-family:OpenSans;font-size:20px;font-weight:900;line-height:28px;white-space:pre-wrap;margin:0px 0px 12px;margin-bottom:12px;margin-top:0px;margin-left:0px;margin-right:0px;padding:0px;padding-bottom:0px;padding-top:0px;padding-left:0px;padding-right:0px\" class=\"detail-desc-decorate-title\"><strong>Tipo de montagem:<\/strong><\/p>\n<p style=\"font-family:OpenSans;font-size:14px;font-weight:300;line-height:20px;white-space:pre-wrap;margin:0px 0px 12px;margin-bottom:12px;margin-top:0px;margin-left:0px;margin-right:0px;padding:0px;padding-bottom:0px;padding-top:0px;padding-left:0px;padding-right:0px\" class=\"detail-desc-decorate-content\"><strong>Os m\u00f3dulos de reposi\u00e7\u00e3o s\u00e3o 100% compat\u00edveis e uma substitui\u00e7\u00e3o direta para sua pe\u00e7a existente.Projetado para atender ou exceder as especifica\u00e7\u00f5es do OEM.Instala\u00e7\u00e3o plug-and-play sem necessidade de programar ou codificar o carro.Cabe no farol esquerdo e direito.<\/strong><\/p>\n<\/div>\n<div style=\", Roboto, Arial, Helvetica, sans-serif, SimSun;font-size:14px;font-weight:400;letter-spacing:normal;text-align:start;white-space:normal;margin:0px;margin-bottom:0px;margin-top:0px;margin-left:0px;margin-right:0px;padding:0px;padding-bottom:0px;padding-top:0px;padding-left:0px;padding-right:0px\" class=\"detailmodule_text-image\" align=\"start\">\n<p style=\"font-family:OpenSans;font-size:20px;font-weight:900;line-height:28px;white-space:pre-wrap;margin:0px 0px 12px;margin-bottom:12px;margin-top:0px;margin-left:0px;margin-right:0px;padding:0px;padding-bottom:0px;padding-top:0px;padding-left:0px;padding-right:0px\" class=\"detail-desc-decorate-title\"><strong>Modelos de carros aplic\u00e1veis:<\/strong><\/p>\n<p><strong><span style=\"font-size:20px;font-family:\u5b8b\u4f53\"><span>Para mercedes-benz c300 luxo 2008, 2009<\/span><\/span><\/strong><strong><span style=\"font-size:20px\"><br \/><\/span><\/strong><strong><span style=\"font-size:20px;font-family:\u5b8b\u4f53\"><span>Para<\/span><\/span><\/strong><strong><span style=\"font-size:20px;font-family:\u5b8b\u4f53\"><span><span>&nbsp;<\/span><\/span><\/span><\/strong><strong><span style=\"font-size:20px\">Mercedes-Benz C300 Sport2008, 2009<br \/><\/span><\/strong><strong><span style=\"font-size:20px;font-family:\u5b8b\u4f53\"><span>Para<\/span><\/span><\/strong><strong><span style=\"font-size:20px;font-family:\u5b8b\u4f53\"><span><span>&nbsp;<\/span><\/span><\/span><\/strong><strong><span style=\"font-size:20px\">Mercedes-Benz C350 Sport2008, 2009<br \/><\/span><\/strong><strong><span style=\"font-size:20px;font-family:\u5b8b\u4f53\"><span>Para<\/span><\/span><\/strong><strong><span style=\"font-size:20px;font-family:\u5b8b\u4f53\"><span><span>&nbsp;<\/span><\/span><\/span><\/strong><strong><span style=\"font-size:20px\">Mercedes-Benz C63 Base2008, 2009<\/span><\/strong><\/p>\n<\/div>\n<div style=\", Roboto, Arial, Helvetica, sans-serif, SimSun;font-size:14px;font-weight:400;letter-spacing:normal;text-align:start;white-space:normal;margin:0px;margin-bottom:0px;margin-top:0px;margin-left:0px;margin-right:0px;padding:0px;padding-bottom:0px;padding-top:0px;padding-left:0px;padding-right:0px\" class=\"detailmodule_text\" align=\"start\">\n<p style=\"font-family:OpenSans;font-size:20px;font-weight:900;line-height:28px;white-space:pre-wrap;margin:0px 0px 12px;margin-bottom:12px;margin-top:0px;margin-left:0px;margin-right:0px;padding:0px;padding-bottom:0px;padding-top:0px;padding-left:0px;padding-right:0px\" class=\"detail-desc-decorate-title\"><strong>Dica quente:<\/strong><\/p>\n<p style=\"font-family:OpenSans;font-size:14px;font-weight:300;line-height:20px;white-space:pre-wrap;margin:0px 0px 12px;margin-bottom:12px;margin-top:0px;margin-left:0px;margin-right:0px;padding:0px;padding-bottom:0px;padding-top:0px;padding-left:0px;padding-right:0px\" class=\"detail-desc-decorate-content\"><strong>1. antes de fazer um pedido, confirme se seu OEM \u00e9 exatamente igual ao OEM do produto!Se voc\u00ea n\u00e3o tem certeza sobre seu OEM, envie-nos fotos reais, obrigado!<br \/>(de acordo com as regras do Aliexpress, se o cliente comprar as mercadorias erradas, o cliente precisar\u00e1 devolver as mercadorias e arcar com o frete, e ent\u00e3o reenviaremos as mercadorias certas.)<br \/>2. ap\u00f3s a confirma\u00e7\u00e3o do pagamento, entregaremos a mercadoria para voc\u00ea dentro de 3 dias.<br \/>3. a cor do produto na imagem pode ser ligeiramente diferente da coisa real, por favor, entenda, obrigado!<br \/>4. se voc\u00ea encontrar algum dano ou outros problemas ap\u00f3s receber o pacote, entre em contato conosco dentro de 15 dias ap\u00f3s receber o pacote.,<\/strong><\/p>\n<\/div>\n<\/div>\n<p><img data-recalc-dims=\"1\" decoding=\"async\" src=\"https:\/\/i0.wp.com\/ae01.alicdn.com\/kf\/S6bca3cb10d224f2c8d96d6087c4b8e85f.png?w=1200&#038;ssl=1\"><img data-recalc-dims=\"1\" decoding=\"async\" src=\"https:\/\/i0.wp.com\/ae01.alicdn.com\/kf\/S4e9c08b4205a43edbfa542446e9443c0w.png?w=1200&#038;ssl=1\"><img data-recalc-dims=\"1\" decoding=\"async\" src=\"https:\/\/i0.wp.com\/ae01.alicdn.com\/kf\/S8e9975902e914d3cb9c5d384f36ccc97E.png?w=1200&#038;ssl=1\"><img data-recalc-dims=\"1\" decoding=\"async\" src=\"https:\/\/i0.wp.com\/ae01.alicdn.com\/kf\/Sbad7398ae6ae4e3a897b2579c96b75a6A.png?w=1200&#038;ssl=1\"><img data-recalc-dims=\"1\" decoding=\"async\" src=\"https:\/\/i0.wp.com\/ae01.alicdn.com\/kf\/S576d0017ddbe4eb0b09604c099b740c6v.png?w=1200&#038;ssl=1\"><img data-recalc-dims=\"1\" decoding=\"async\" src=\"https:\/\/i0.wp.com\/ae01.alicdn.com\/kf\/Sd34d6b7abd914b13a23b1e54b85037298.png?w=1200&#038;ssl=1\"><img data-recalc-dims=\"1\" decoding=\"async\" src=\"https:\/\/i0.wp.com\/ae01.alicdn.com\/kf\/S0073629bbc114451a0ecfd0d1e42cc6fW.jpg?w=1200&#038;ssl=1\"><img data-recalc-dims=\"1\" decoding=\"async\" src=\"https:\/\/i0.wp.com\/ae01.alicdn.com\/kf\/Se8d8a8f10cdc4bdbb9231384d3ef7f71L.jpg?w=1200&#038;ssl=1\"><img data-recalc-dims=\"1\" decoding=\"async\" src=\"https:\/\/i0.wp.com\/ae01.alicdn.com\/kf\/Saab9dd546bb94f94a481eb5fe3820183i.jpg?w=1200&#038;ssl=1\"><img data-recalc-dims=\"1\" decoding=\"async\" src=\"https:\/\/i0.wp.com\/ae01.alicdn.com\/kf\/S91b856de8aca4ade886b6a0746e2129eJ.jpg?w=1200&#038;ssl=1\"><img data-recalc-dims=\"1\" decoding=\"async\" src=\"https:\/\/i0.wp.com\/ae01.alicdn.com\/kf\/S9c0d2ce9a7104d568e0aca8f85da6a91O.jpg?w=1200&#038;ssl=1\"><img data-recalc-dims=\"1\" decoding=\"async\" src=\"https:\/\/i0.wp.com\/ae01.alicdn.com\/kf\/S1a38b6d1ca2648e7bf6fe538926c23876.jpg?w=1200&#038;ssl=1\"><img data-recalc-dims=\"1\" decoding=\"async\" src=\"https:\/\/i0.wp.com\/ae01.alicdn.com\/kf\/S9de3f935028245f9b7b07d2754e83288B.jpg?w=1200&#038;ssl=1\"><img data-recalc-dims=\"1\" decoding=\"async\" src=\"https:\/\/i0.wp.com\/ae01.alicdn.com\/kf\/S41e857eb9b574de596cc802c7d56edb8A.jpg?w=1200&#038;ssl=1\"><img data-recalc-dims=\"1\" decoding=\"async\" src=\"https:\/\/i0.wp.com\/ae01.alicdn.com\/kf\/Sed14ea1eec624612980f47a8fb4786f3X.jpg?w=1200&#038;ssl=1\"><\/p>\n<\/div>\n<\/div>\n","protected":false},"excerpt":{"rendered":"<p>Sobre este item N\u00famero da pe\u00e7a: A2048203285 Tipo de montagem: Os m\u00f3dulos de reposi\u00e7\u00e3o s\u00e3o 100% compat\u00edveis e uma substitui\u00e7\u00e3o direta para sua pe\u00e7a existente.Projetado para atender ou exceder as especifica\u00e7\u00f5es do OEM.Instala\u00e7\u00e3o plug-and-play sem necessidade de programar ou codificar o carro.Cabe no farol esquerdo e direito. Modelos de carros aplic\u00e1veis: Para mercedes-benz c300 luxo&hellip;&nbsp;<\/p>\n","protected":false},"featured_media":43354,"template":"","meta":{"neve_meta_sidebar":"","neve_meta_container":"","neve_meta_enable_content_width":"","neve_meta_content_width":0,"neve_meta_title_alignment":"","neve_meta_author_avatar":"","neve_post_elements_order":"","neve_meta_disable_header":"","neve_meta_disable_footer":"","neve_meta_disable_title":""},"product_brand":[],"product_cat":[119,19,17],"product_tag":[],"class_list":{"0":"post-43360","1":"product","2":"type-product","3":"status-publish","4":"has-post-thumbnail","6":"product_cat-acessorios-de-iluminacao-para-carro","7":"product_cat-luzes-automotivas","8":"product_cat-pecas-e-acessorios-automotivos","10":"first","11":"instock","12":"shipping-taxable","13":"purchasable","14":"product-type-variable","15":"has-default-attributes"},"jetpack_sharing_enabled":true,"_links":{"self":[{"href":"https:\/\/listman.shop\/autoparts-br\/wp-json\/wp\/v2\/product\/43360","targetHints":{"allow":["GET"]}}],"collection":[{"href":"https:\/\/listman.shop\/autoparts-br\/wp-json\/wp\/v2\/product"}],"about":[{"href":"https:\/\/listman.shop\/autoparts-br\/wp-json\/wp\/v2\/types\/product"}],"wp:featuredmedia":[{"embeddable":true,"href":"https:\/\/listman.shop\/autoparts-br\/wp-json\/wp\/v2\/media\/43354"}],"wp:attachment":[{"href":"https:\/\/listman.shop\/autoparts-br\/wp-json\/wp\/v2\/media?parent=43360"}],"wp:term":[{"taxonomy":"product_brand","embeddable":true,"href":"https:\/\/listman.shop\/autoparts-br\/wp-json\/wp\/v2\/product_brand?post=43360"},{"taxonomy":"product_cat","embeddable":true,"href":"https:\/\/listman.shop\/autoparts-br\/wp-json\/wp\/v2\/product_cat?post=43360"},{"taxonomy":"product_tag","embeddable":true,"href":"https:\/\/listman.shop\/autoparts-br\/wp-json\/wp\/v2\/product_tag?post=43360"}],"curies":[{"name":"wp","href":"https:\/\/api.w.org\/{rel}","templated":true}]}}