{"id":43398,"date":"2025-03-27T09:40:42","date_gmt":"2025-03-27T00:40:42","guid":{"rendered":"https:\/\/listman.shop\/autoparts-br\/product\/1005007252452872\/"},"modified":"2026-05-04T15:15:16","modified_gmt":"2026-05-04T06:15:16","slug":"1005007252452872","status":"publish","type":"product","link":"https:\/\/listman.shop\/autoparts-br\/product\/1005007252452872\/","title":{"rendered":"Grade dianteira do carro ilumina\u00e7\u00e3o 12v 24v pol\u00edcia led luzes de advert\u00eancia estrobosc\u00f3picas de emerg\u00eancia bombeiro flash beacon amarelo branco l\u00e2mpada sinal"},"content":{"rendered":"<div class=\"detailmodule_html\">\n<div class=\"detail-desc-decorate-richtext\">\n<div class=\"detailmodule_dynamic\">\n \n<\/div>\n<p><span style=\"font-size:22px\">Especifica&ccedil;&atilde;o:<\/span><\/p>\n<p><span style=\"font-size:22px\">1.Tens&atilde;o de opera&ccedil;&atilde;o: DC12V-24V universal<\/span><\/p>\n<p><span style=\"font-size:22px\">2.Quantidade de LED: 6 LED x 4 m&oacute;dulos<\/span><\/p>\n<p><span style=\"font-size:22px\">3.Vida &uacute;til: 50.000 horas<\/span><\/p>\n<p><span style=\"font-size:22px\">4.Classifica&ccedil;&atilde;o &agrave; prova d&#8217;&aacute;gua: IP67<\/span><\/p>\n<p><span style=\"font-size:22px\">5.Modo Flash Light: 12 modos de flash diferentes com fun&ccedil;&atilde;o de brilho constante.<\/span><\/p>\n<p><span style=\"font-size:22px\">Caracter&iacute;sticas:<\/span><\/p>\n<p><span style=\"font-size:22px\">1.Melhorar a visibilidade.Aumente a seguran&ccedil;a ao dirigir &agrave; noite.<\/span><\/p>\n<p><span style=\"font-size:22px\">2.Design &agrave; prova d&#8217;&aacute;gua IP67, deixe seu carro &oacute;bvio em dias chuvosos ou com neblina, viaje com seguran&ccedil;a.<\/span><\/p>\n<p><span style=\"font-size:22px\">3.Modo estrobosc&oacute;pico de atualiza&ccedil;&atilde;o: Design ultrafino &#8211; Luz estrobosc&oacute;pica LED, sa&iacute;da de luz super brilhante.Mais padr&otilde;es para melhorar a visibilidade e o desempenho.<\/span><\/p>\n<p><span style=\"font-size:22px\">4.Carca&ccedil;a ABS de alta qualidade + lente de PC, anticolis&atilde;o, antipoeira e &agrave; prova de respingos\/sem polui&ccedil;&atilde;o, sem ru&iacute;do, sem interfer&ecirc;ncia eletr&ocirc;nica.<\/span><\/p>\n<p><span style=\"font-size:22px\">5. F&aacute;cil instala&ccedil;&atilde;o, pode ser montado em v&aacute;rios locais.<\/span><\/p>\n<div>\n <img data-recalc-dims=\"1\" decoding=\"async\" src=\"https:\/\/i0.wp.com\/ae01.alicdn.com\/kf\/Sdcb0539379ae40fab45fb217fe7214edY.jpg?w=1200&#038;ssl=1\" \/><br \/>\n <img data-recalc-dims=\"1\" decoding=\"async\" src=\"https:\/\/i0.wp.com\/ae01.alicdn.com\/kf\/Sba61d0eb435c48f991e91a38a03da2d83.jpg?w=1200&#038;ssl=1\" \/><br \/>\n <img data-recalc-dims=\"1\" decoding=\"async\" src=\"https:\/\/i0.wp.com\/ae01.alicdn.com\/kf\/Sf810c917c5174a22adb3a190cd8f39e7b.jpg?w=1200&#038;ssl=1\" \/><br \/>\n <img data-recalc-dims=\"1\" decoding=\"async\" src=\"https:\/\/i0.wp.com\/ae01.alicdn.com\/kf\/S8388eb77239e469f833abfcf4f745407c.png?w=1200&#038;ssl=1\" \/><br \/>\n <img data-recalc-dims=\"1\" decoding=\"async\" src=\"https:\/\/i0.wp.com\/ae01.alicdn.com\/kf\/S6707b42ab06b49e1a56751376b273da6Q.jpg?w=1200&#038;ssl=1\" \/><br \/>\n <img data-recalc-dims=\"1\" decoding=\"async\" src=\"https:\/\/i0.wp.com\/ae01.alicdn.com\/kf\/Sd7c6965473044ecdb4a74f9460334acar.jpg?w=1200&#038;ssl=1\" \/><br \/>\n <img data-recalc-dims=\"1\" decoding=\"async\" src=\"https:\/\/i0.wp.com\/ae01.alicdn.com\/kf\/Sf1d8b33256ba49228e678fb43d03f2900.jpg?w=1200&#038;ssl=1\" \/><br \/>\n <img data-recalc-dims=\"1\" decoding=\"async\" src=\"https:\/\/i0.wp.com\/ae01.alicdn.com\/kf\/Scc27ea4ff27f4cd193c8e60ebd30bca6e.jpg?w=1200&#038;ssl=1\" \/><br \/>\n <img data-recalc-dims=\"1\" decoding=\"async\" src=\"https:\/\/i0.wp.com\/ae01.alicdn.com\/kf\/S8c0ad4198ea64990b660a6bada754d76v.jpg?w=1200&#038;ssl=1\" \/><br \/>\n <img data-recalc-dims=\"1\" decoding=\"async\" src=\"https:\/\/i0.wp.com\/ae01.alicdn.com\/kf\/S31fca206af2547928030e59b70ae8850Q.jpg?w=1200&#038;ssl=1\" \/><br \/>\n <img data-recalc-dims=\"1\" decoding=\"async\" src=\"https:\/\/i0.wp.com\/ae01.alicdn.com\/kf\/S845080d393a74cc2842a602c13619079B.jpg?w=1200&#038;ssl=1\" \/><br \/>\n <img data-recalc-dims=\"1\" decoding=\"async\" src=\"https:\/\/i0.wp.com\/ae01.alicdn.com\/kf\/Sc4febfd73c3c42e1b88fdf426b6b0c8fb.jpg?w=1200&#038;ssl=1\" \/><br \/>\n <img data-recalc-dims=\"1\" decoding=\"async\" src=\"https:\/\/i0.wp.com\/ae01.alicdn.com\/kf\/S08c2e8be3304444c8974ca5b4c96f768D.jpg?w=1200&#038;ssl=1\" \/>\n<\/div>\n<p><\/p>\n<\/div>\n<\/div>\n","protected":false},"excerpt":{"rendered":"<p>Especifica&ccedil;&atilde;o: 1.Tens&atilde;o de opera&ccedil;&atilde;o: DC12V-24V universal 2.Quantidade de LED: 6 LED x 4 m&oacute;dulos 3.Vida &uacute;til: 50.000 horas 4.Classifica&ccedil;&atilde;o &agrave; prova d&#8217;&aacute;gua: IP67 5.Modo Flash Light: 12 modos de flash diferentes com fun&ccedil;&atilde;o de brilho constante. Caracter&iacute;sticas: 1.Melhorar a visibilidade.Aumente a seguran&ccedil;a ao dirigir &agrave; noite. 2.Design &agrave; prova d&#8217;&aacute;gua IP67, deixe seu carro &oacute;bvio&hellip;&nbsp;<\/p>\n","protected":false},"featured_media":43392,"template":"","meta":{"neve_meta_sidebar":"","neve_meta_container":"","neve_meta_enable_content_width":"","neve_meta_content_width":0,"neve_meta_title_alignment":"","neve_meta_author_avatar":"","neve_post_elements_order":"","neve_meta_disable_header":"","neve_meta_disable_footer":"","neve_meta_disable_title":""},"product_brand":[],"product_cat":[95,19,17],"product_tag":[],"class_list":{"0":"post-43398","1":"product","2":"type-product","3":"status-publish","4":"has-post-thumbnail","6":"product_cat-assembleia-lampada-sinal","7":"product_cat-luzes-automotivas","8":"product_cat-pecas-e-acessorios-automotivos","10":"first","11":"instock","12":"shipping-taxable","13":"purchasable","14":"product-type-variable","15":"has-default-attributes"},"jetpack_sharing_enabled":true,"_links":{"self":[{"href":"https:\/\/listman.shop\/autoparts-br\/wp-json\/wp\/v2\/product\/43398","targetHints":{"allow":["GET"]}}],"collection":[{"href":"https:\/\/listman.shop\/autoparts-br\/wp-json\/wp\/v2\/product"}],"about":[{"href":"https:\/\/listman.shop\/autoparts-br\/wp-json\/wp\/v2\/types\/product"}],"wp:featuredmedia":[{"embeddable":true,"href":"https:\/\/listman.shop\/autoparts-br\/wp-json\/wp\/v2\/media\/43392"}],"wp:attachment":[{"href":"https:\/\/listman.shop\/autoparts-br\/wp-json\/wp\/v2\/media?parent=43398"}],"wp:term":[{"taxonomy":"product_brand","embeddable":true,"href":"https:\/\/listman.shop\/autoparts-br\/wp-json\/wp\/v2\/product_brand?post=43398"},{"taxonomy":"product_cat","embeddable":true,"href":"https:\/\/listman.shop\/autoparts-br\/wp-json\/wp\/v2\/product_cat?post=43398"},{"taxonomy":"product_tag","embeddable":true,"href":"https:\/\/listman.shop\/autoparts-br\/wp-json\/wp\/v2\/product_tag?post=43398"}],"curies":[{"name":"wp","href":"https:\/\/api.w.org\/{rel}","templated":true}]}}