{"id":4352,"date":"2024-10-15T22:24:03","date_gmt":"2024-10-15T13:24:03","guid":{"rendered":"https:\/\/listman.shop\/autoparts-br\/product\/1005006888605370\/"},"modified":"2026-04-14T14:44:08","modified_gmt":"2026-04-14T05:44:08","slug":"1005006888605370","status":"publish","type":"product","link":"https:\/\/listman.shop\/autoparts-br\/product\/1005006888605370\/","title":{"rendered":"Sanvi 4.5 &#8221;led luz de trabalho holofote luz nevoeiro l\u00e2mpada condu\u00e7\u00e3o para bmw r1200gs r1250gs f800 f850 f900 motocicleta suv atv utv caminh\u00e3o"},"content":{"rendered":"<div class=\"detailmodule_html\">\n<div class=\"detail-desc-decorate-richtext\">\n<p><span style=\"font-size:22px;, times, serif\"><strong id=\"tl_1\">Modelo do item: holofote SANVI S07<\/strong><\/span><\/p>\n<p><\/p>\n<p style=\", Roboto, Arial, Helvetica, sans-serif, SimSun;font-size:14px;font-weight:400;letter-spacing:normal;line-height:inherit;text-align:start;white-space:normal;margin:0px;margin-bottom:0px;margin-top:0px;margin-left:0px;margin-right:0px;padding:0px;padding-bottom:0px;padding-top:0px;padding-left:0px;padding-right:0px\" class=\"MsoNormal\" align=\"start\"><span style=\"font-size:18px;, times, serif\" id=\"tl_2\">Tens&atilde;o: 12V-24V<\/span><\/p>\n<p style=\", Roboto, Arial, Helvetica, sans-serif, SimSun;font-size:14px;font-weight:400;letter-spacing:normal;line-height:inherit;text-align:start;white-space:normal;margin:0px;margin-bottom:0px;margin-top:0px;margin-left:0px;margin-right:0px;padding:0px;padding-bottom:0px;padding-top:0px;padding-left:0px;padding-right:0px\" class=\"MsoNormal\" align=\"start\"><span style=\"font-size:18px;, times, serif\" id=\"tl_3\">Pot&ecirc;ncia: 60W\/PC 120W\/par<\/span><\/p>\n<p style=\", Roboto, Arial, Helvetica, sans-serif, SimSun;font-size:14px;font-weight:400;letter-spacing:normal;line-height:inherit;text-align:start;white-space:normal;margin:0px;margin-bottom:0px;margin-top:0px;margin-left:0px;margin-right:0px;padding:0px;padding-bottom:0px;padding-top:0px;padding-left:0px;padding-right:0px\" class=\"MsoNormal\" align=\"start\"><span style=\"font-size:18px;, times, serif\" id=\"tl_4\">Temperatura de cor: 6000K\/3000K<\/span><\/p>\n<p style=\", Roboto, Arial, Helvetica, sans-serif, SimSun;font-size:14px;font-weight:400;letter-spacing:normal;line-height:inherit;text-align:start;white-space:normal;margin:0px;margin-bottom:0px;margin-top:0px;margin-left:0px;margin-right:0px;padding:0px;padding-bottom:0px;padding-top:0px;padding-left:0px;padding-right:0px\" class=\"MsoNormal\" align=\"start\"><span style=\"font-size:18px;, times, serif\" id=\"tl_5\">L&uacute;men: 12000LM<\/span><\/p>\n<p style=\", Roboto, Arial, Helvetica, sans-serif, SimSun;font-size:14px;font-weight:400;letter-spacing:normal;line-height:inherit;text-align:start;white-space:normal;margin:0px;margin-bottom:0px;margin-top:0px;margin-left:0px;margin-right:0px;padding:0px;padding-bottom:0px;padding-top:0px;padding-left:0px;padding-right:0px\" class=\"MsoNormal\" align=\"start\"><span style=\"font-size:18px;, times, serif\" id=\"tl_6\">Fonte de luz: chips de led de 7g<\/span><\/p>\n<p style=\", Roboto, Arial, Helvetica, sans-serif, SimSun;font-size:14px;font-weight:400;letter-spacing:normal;line-height:inherit;text-align:start;white-space:normal;margin:0px;margin-bottom:0px;margin-top:0px;margin-left:0px;margin-right:0px;padding:0px;padding-bottom:0px;padding-top:0px;padding-left:0px;padding-right:0px\" class=\"MsoNormal\" align=\"start\"><span style=\"font-size:18px;, times, serif\" id=\"tl_7\">Tamanho: 4,5 polegadas<\/span><\/p>\n<p style=\", Roboto, Arial, Helvetica, sans-serif, SimSun;font-size:14px;font-weight:400;letter-spacing:normal;line-height:inherit;text-align:start;white-space:normal;margin:0px;margin-bottom:0px;margin-top:0px;margin-left:0px;margin-right:0px;padding:0px;padding-bottom:0px;padding-top:0px;padding-left:0px;padding-right:0px\" class=\"MsoNormal\" align=\"start\"><span style=\"font-size:18px;, times, serif\" id=\"tl_8\">Material: alum&iacute;nio fundido<\/span><\/p>\n<p style=\", Roboto, Arial, Helvetica, sans-serif, SimSun;font-size:14px;font-weight:400;letter-spacing:normal;line-height:inherit;text-align:start;white-space:normal;margin:0px;margin-bottom:0px;margin-top:0px;margin-left:0px;margin-right:0px;padding:0px;padding-bottom:0px;padding-top:0px;padding-left:0px;padding-right:0px\" class=\"MsoNormal\" align=\"start\"><span style=\"font-size:18px;, times, serif\" id=\"tl_9\">Classifica&ccedil;&atilde;o IP: IP 68<\/span><\/p>\n<p style=\", Roboto, Arial, Helvetica, sans-serif, SimSun;font-size:14px;font-weight:400;letter-spacing:normal;line-height:inherit;text-align:start;white-space:normal;margin:0px;margin-bottom:0px;margin-top:0px;margin-left:0px;margin-right:0px;padding:0px;padding-bottom:0px;padding-top:0px;padding-left:0px;padding-right:0px\" class=\"MsoNormal\" align=\"start\"><span style=\"font-size:18px;, times, serif\" id=\"tl_10\">Vida &uacute;til: 50.000 horas<\/span><\/p>\n<p style=\", Roboto, Arial, Helvetica, sans-serif, SimSun;font-size:14px;font-weight:400;letter-spacing:normal;line-height:inherit;text-align:start;white-space:normal;margin:0px;margin-bottom:0px;margin-top:0px;margin-left:0px;margin-right:0px;padding:0px;padding-bottom:0px;padding-top:0px;padding-left:0px;padding-right:0px\" class=\"MsoNormal\" align=\"start\"><span style=\"font-size:18px;, times, serif\" id=\"tl_11\">Uso: luz auxiliar do farol<\/span><\/p>\n<p style=\", Roboto, Arial, Helvetica, sans-serif, SimSun;font-size:14px;font-weight:400;letter-spacing:normal;line-height:inherit;text-align:start;white-space:normal;margin:0px;margin-bottom:0px;margin-top:0px;margin-left:0px;margin-right:0px;padding:0px;padding-bottom:0px;padding-top:0px;padding-left:0px;padding-right:0px\" class=\"MsoNormal\" align=\"start\"><span style=\"font-size:18px;, times, serif\" id=\"tl_12\">Garantia: 1 ano de garantia<\/span><\/p>\n<p><\/p>\n<p style=\", Roboto, Arial, Helvetica, sans-serif, SimSun;font-size:14px;font-weight:400;letter-spacing:normal;line-height:inherit;text-align:start;white-space:normal;margin:0px;margin-bottom:0px;margin-top:0px;margin-left:0px;margin-right:0px;padding:0px;padding-bottom:0px;padding-top:0px;padding-left:0px;padding-right:0px\" class=\"MsoNormal\" align=\"start\"><span style=\"font-size:22px;, times, serif\"><strong id=\"tl_13\">Recurso do item:<\/strong><\/span><\/p>\n<p><\/p>\n<p style=\", Roboto, Arial, Helvetica, sans-serif, SimSun;font-size:14px;font-weight:400;letter-spacing:normal;line-height:inherit;text-align:start;white-space:normal;margin:0px;margin-bottom:0px;margin-top:0px;margin-left:0px;margin-right:0px;padding:0px;padding-bottom:0px;padding-top:0px;padding-left:0px;padding-right:0px\" class=\"MsoNormal\" align=\"start\"><span style=\"font-size:18px;, times, serif\" id=\"tl_14\">Longo alcance de irradia&ccedil;&atilde;o: com chips LED de 7g, sa&iacute;da de 60W, feixe de luz de 12000lm, a dist&acirc;ncia de disparo ser&aacute; superior a 300M, prolongar&aacute; a vis&atilde;o do motorista, melhorar&aacute; muito a seguran&ccedil;a ao dirigir<\/span><\/p>\n<p><\/p>\n<p style=\", Roboto, Arial, Helvetica, sans-serif, SimSun;font-size:14px;font-weight:400;letter-spacing:normal;line-height:inherit;text-align:start;white-space:normal;margin:0px;margin-bottom:0px;margin-top:0px;margin-left:0px;margin-right:0px;padding:0px;padding-bottom:0px;padding-top:0px;padding-left:0px;padding-right:0px\" class=\"MsoNormal\" align=\"start\"><span style=\"font-size:18px;, times, serif\" id=\"tl_15\">Melhorar a dist&acirc;ncia de irradia&ccedil;&atilde;o do farol original: O farol foi usado para auxiliar no farol original, compensar a escassez dos far&oacute;is originais, melhorar a dist&acirc;ncia de irradia&ccedil;&atilde;o do farol original<\/span><\/p>\n<p><\/p>\n<p style=\", Roboto, Arial, Helvetica, sans-serif, SimSun;font-size:14px;font-weight:400;letter-spacing:normal;line-height:inherit;text-align:start;white-space:normal;margin:0px;margin-bottom:0px;margin-top:0px;margin-left:0px;margin-right:0px;padding:0px;padding-bottom:0px;padding-top:0px;padding-left:0px;padding-right:0px\" class=\"MsoNormal\" align=\"start\"><span style=\"font-size:18px;, times, serif\" id=\"tl_16\">Resfriamento r&aacute;pido: Adote alum&iacute;nio fundido como material de resfriamento.Dissipa&ccedil;&atilde;o rapidamente o calor da l&acirc;mpada.<\/span><\/p>\n<p><\/p>\n<p style=\", Roboto, Arial, Helvetica, sans-serif, SimSun;font-size:14px;font-weight:400;letter-spacing:normal;line-height:inherit;text-align:start;white-space:normal;margin:0px;margin-bottom:0px;margin-top:0px;margin-left:0px;margin-right:0px;padding:0px;padding-bottom:0px;padding-top:0px;padding-left:0px;padding-right:0px\" class=\"MsoNormal\" align=\"start\"><span style=\"font-size:18px;, times, serif\" id=\"tl_17\">F&aacute;cil instala&ccedil;&atilde;o: Pacote incluindo estrutura de montagem, &eacute; f&aacute;cil fixar o holofote no para-choque e no teto.<\/span><\/p>\n<p><\/p>\n<p style=\", Roboto, Arial, Helvetica, sans-serif, SimSun;font-size:14px;font-weight:400;letter-spacing:normal;line-height:inherit;text-align:start;white-space:normal;margin:0px;margin-bottom:0px;margin-top:0px;margin-left:0px;margin-right:0px;padding:0px;padding-bottom:0px;padding-top:0px;padding-left:0px;padding-right:0px\" class=\"MsoNormal\" align=\"start\"><span style=\"font-size:18px;, times, serif\" id=\"tl_18\">Ampla aplica&ccedil;&atilde;o: design de ampla tens&atilde;o de 12-24V, ser&aacute; amplamente utilizado para motocicletas, carros, ATV, UAZ, SUV, caminh&atilde;o, barco, trator, ve&iacute;culos de engenharia, etc.<\/span><\/p>\n<p><\/p>\n<p style=\", Roboto, Arial, Helvetica, sans-serif, SimSun;font-size:14px;font-weight:400;letter-spacing:normal;line-height:inherit;text-align:start;white-space:normal;margin:0px;margin-bottom:0px;margin-top:0px;margin-left:0px;margin-right:0px;padding:0px;padding-bottom:0px;padding-top:0px;padding-left:0px;padding-right:0px\" class=\"MsoNormal\" align=\"start\"><span style=\"font-size:18px;, times, serif\" id=\"tl_19\">Adequado para uma variedade de ambientes: classifica&ccedil;&atilde;o de prote&ccedil;&atilde;o IP 68, temperatura de cor mut&aacute;vel de 6000K 3000K, esta l&acirc;mpada &eacute; adequada para ambientes extremos de areia, nublado, chuvoso e neve.<\/span><\/p>\n<p><\/p>\n<p style=\", Roboto, Arial, Helvetica, sans-serif, SimSun;font-size:14px;font-weight:400;letter-spacing:normal;line-height:inherit;text-align:start;white-space:normal;margin:0px;margin-bottom:0px;margin-top:0px;margin-left:0px;margin-right:0px;padding:0px;padding-bottom:0px;padding-top:0px;padding-left:0px;padding-right:0px\" class=\"MsoNormal\" align=\"start\"><span style=\"font-size:18px;, times, serif\" id=\"tl_20\">Garantia de 1 ano: oferecemos um per&iacute;odo de garantia de 1 ano. Durante o per&iacute;odo de garantia, se houver algum problema com a l&acirc;mpada, entre em contato conosco.<\/span><\/p>\n<p><\/p>\n<p style=\", Roboto, Arial, Helvetica, sans-serif, SimSun;font-size:14px;font-weight:400;letter-spacing:normal;line-height:inherit;text-align:start;white-space:normal;margin:0px;margin-bottom:0px;margin-top:0px;margin-left:0px;margin-right:0px;padding:0px;padding-bottom:0px;padding-top:0px;padding-left:0px;padding-right:0px\" class=\"MsoNormal\" align=\"start\"><strong><span style=\"font-size:18px;, times, serif\" id=\"tl_21\">Pacote incluindo: ano<\/span><\/strong><\/p>\n<p style=\", Roboto, Arial, Helvetica, sans-serif, SimSun;font-size:14px;font-weight:400;letter-spacing:normal;line-height:inherit;text-align:start;white-space:normal;margin:0px;margin-bottom:0px;margin-top:0px;margin-left:0px;margin-right:0px;padding:0px;padding-bottom:0px;padding-top:0px;padding-left:0px;padding-right:0px\" class=\"MsoNormal\" align=\"start\"><span style=\"font-size:18px;, times, serif\" id=\"tl_22\">2 unidades de holofotes<\/span><\/p>\n<p style=\", Roboto, Arial, Helvetica, sans-serif, SimSun;font-size:14px;font-weight:400;letter-spacing:normal;line-height:inherit;text-align:start;white-space:normal;margin:0px;margin-bottom:0px;margin-top:0px;margin-left:0px;margin-right:0px;padding:0px;padding-bottom:0px;padding-top:0px;padding-left:0px;padding-right:0px\" class=\"MsoNormal\" align=\"start\"><span style=\"font-size:18px;, times, serif\" id=\"tl_23\">2 unidades de suportes de montagem<\/span><\/p>\n<p style=\", Roboto, Arial, Helvetica, sans-serif, SimSun;font-size:14px;font-weight:400;letter-spacing:normal;line-height:inherit;text-align:start;white-space:normal;margin:0px;margin-bottom:0px;margin-top:0px;margin-left:0px;margin-right:0px;padding:0px;padding-bottom:0px;padding-top:0px;padding-left:0px;padding-right:0px\" class=\"MsoNormal\" align=\"start\"><span style=\"font-size:18px;, times, serif\" id=\"tl_24\">2 unidades de conectores de fio<\/span><\/p>\n<p style=\", Roboto, Arial, Helvetica, sans-serif, SimSun;font-size:14px;font-weight:400;letter-spacing:normal;line-height:inherit;text-align:start;white-space:normal;margin:0px;margin-bottom:0px;margin-top:0px;margin-left:0px;margin-right:0px;padding:0px;padding-bottom:0px;padding-top:0px;padding-left:0px;padding-right:0px\" class=\"MsoNormal\" align=\"start\"><span style=\"font-size:18px;, times, serif\" id=\"tl_25\">2 unidades de filtro de cor<\/span><\/p>\n<p style=\", Roboto, Arial, Helvetica, sans-serif, SimSun;font-size:14px;font-weight:400;letter-spacing:normal;line-height:inherit;text-align:start;white-space:normal;margin:0px;margin-bottom:0px;margin-top:0px;margin-left:0px;margin-right:0px;padding:0px;padding-bottom:0px;padding-top:0px;padding-left:0px;padding-right:0px\" class=\"MsoNormal\" align=\"start\"><span style=\"font-size:18px;, times, serif\" id=\"tl_26\">1 saco de ferramentas de montagem<\/span><\/p>\n<p><img data-recalc-dims=\"1\" decoding=\"async\" src=\"https:\/\/i0.wp.com\/ae01.alicdn.com\/kf\/S7bedb70beb8d4a2f9d40daf55badcbe5u.jpg?w=1200&#038;ssl=1\" \/><img data-recalc-dims=\"1\" decoding=\"async\" src=\"https:\/\/i0.wp.com\/ae01.alicdn.com\/kf\/S80e1a929509f4cc4986834e8de079becT.jpg?w=1200&#038;ssl=1\" \/><img data-recalc-dims=\"1\" decoding=\"async\" src=\"https:\/\/i0.wp.com\/ae01.alicdn.com\/kf\/S23fe2fd380e74ca786af2c72032f8376V.jpg?w=1200&#038;ssl=1\" \/><img data-recalc-dims=\"1\" decoding=\"async\" src=\"https:\/\/i0.wp.com\/ae01.alicdn.com\/kf\/Sc171c84f26ea422caf6b6537c8cc78a2G.jpg?w=1200&#038;ssl=1\" \/><img data-recalc-dims=\"1\" decoding=\"async\" src=\"https:\/\/i0.wp.com\/ae01.alicdn.com\/kf\/S6e8604a7fa1c440b9415125a1ea6ae53c.jpg?w=1200&#038;ssl=1\" \/><img data-recalc-dims=\"1\" decoding=\"async\" src=\"https:\/\/i0.wp.com\/ae01.alicdn.com\/kf\/Sc3471c9f644f421799d2c7be2ca7a121o.jpg?w=1200&#038;ssl=1\" \/><img data-recalc-dims=\"1\" decoding=\"async\" src=\"https:\/\/i0.wp.com\/ae01.alicdn.com\/kf\/Sfb71f78df7904b3c8f95d0f5cf35e9d7a.jpg?w=1200&#038;ssl=1\" \/><img data-recalc-dims=\"1\" decoding=\"async\" src=\"https:\/\/i0.wp.com\/ae01.alicdn.com\/kf\/Se011f38a4010402691165ab96cf47065j.jpg?w=1200&#038;ssl=1\" \/><img data-recalc-dims=\"1\" decoding=\"async\" src=\"https:\/\/i0.wp.com\/ae01.alicdn.com\/kf\/S951e452aec674491bf643c2162e62c66F.jpg?w=1200&#038;ssl=1\" \/><img data-recalc-dims=\"1\" decoding=\"async\" src=\"https:\/\/i0.wp.com\/ae01.alicdn.com\/kf\/S92b0b269fbcd47bbb01a5d6789dd5dd4V.jpg?w=1200&#038;ssl=1\" \/><img data-recalc-dims=\"1\" decoding=\"async\" src=\"https:\/\/i0.wp.com\/ae01.alicdn.com\/kf\/S7518c2c7a245434bb2132249d4da9c9dt.jpg?w=1200&#038;ssl=1\" \/><img data-recalc-dims=\"1\" decoding=\"async\" src=\"https:\/\/i0.wp.com\/ae01.alicdn.com\/kf\/Sc816699746094144abd9513832dfa36av.jpg?w=1200&#038;ssl=1\" \/><img data-recalc-dims=\"1\" decoding=\"async\" src=\"https:\/\/i0.wp.com\/ae01.alicdn.com\/kf\/S282d8a84e5174464871ce7913bb0391fv.jpg?w=1200&#038;ssl=1\" \/><img data-recalc-dims=\"1\" decoding=\"async\" src=\"https:\/\/i0.wp.com\/ae01.alicdn.com\/kf\/S39d604942da94e2eaf31ab0c6c83a3fbL.jpg?w=1200&#038;ssl=1\" \/><img data-recalc-dims=\"1\" decoding=\"async\" src=\"https:\/\/i0.wp.com\/ae01.alicdn.com\/kf\/S07af0e3bb05b49e38a9771c2fd80ee4fO.jpg?w=1200&#038;ssl=1\" \/><img data-recalc-dims=\"1\" decoding=\"async\" src=\"https:\/\/i0.wp.com\/ae01.alicdn.com\/kf\/S2f76befa994a47b5832e784af73b91e1B.jpg?w=1200&#038;ssl=1\" \/><img data-recalc-dims=\"1\" decoding=\"async\" src=\"https:\/\/i0.wp.com\/ae01.alicdn.com\/kf\/S05ca72b1a0654ec082e456ea79790ac6y.jpg?w=1200&#038;ssl=1\" \/><img data-recalc-dims=\"1\" decoding=\"async\" src=\"https:\/\/i0.wp.com\/ae01.alicdn.com\/kf\/S236b37f22618479baefab2ef03acf77eO.jpg?w=1200&#038;ssl=1\" \/><img data-recalc-dims=\"1\" decoding=\"async\" src=\"https:\/\/i0.wp.com\/ae01.alicdn.com\/kf\/S8f9936df391344f7b00109fdfa0a3e23q.jpg?w=1200&#038;ssl=1\" \/><\/p>\n<\/div>\n<\/div>\n","protected":false},"excerpt":{"rendered":"<p>Modelo do item: holofote SANVI S07 Tens&atilde;o: 12V-24V Pot&ecirc;ncia: 60W\/PC 120W\/par Temperatura de cor: 6000K\/3000K L&uacute;men: 12000LM Fonte de luz: chips de led de 7g Tamanho: 4,5 polegadas Material: alum&iacute;nio fundido Classifica&ccedil;&atilde;o IP: IP 68 Vida &uacute;til: 50.000 horas Uso: luz auxiliar do farol Garantia: 1 ano de garantia Recurso do item: Longo alcance de&hellip;&nbsp;<\/p>\n","protected":false},"featured_media":4346,"template":"","meta":{"neve_meta_sidebar":"","neve_meta_container":"","neve_meta_enable_content_width":"","neve_meta_content_width":0,"neve_meta_title_alignment":"","neve_meta_author_avatar":"","neve_post_elements_order":"","neve_meta_disable_header":"","neve_meta_disable_footer":"","neve_meta_disable_title":""},"product_brand":[],"product_cat":[136,161,19,17],"product_tag":[],"class_list":{"0":"post-4352","1":"product","2":"type-product","3":"status-publish","4":"has-post-thumbnail","6":"product_cat-barra-de-iluminacao","7":"product_cat-iluminacao-de-trabalho","8":"product_cat-luzes-automotivas","9":"product_cat-pecas-e-acessorios-automotivos","11":"first","12":"instock","13":"shipping-taxable","14":"purchasable","15":"product-type-variable","16":"has-default-attributes"},"jetpack_sharing_enabled":true,"_links":{"self":[{"href":"https:\/\/listman.shop\/autoparts-br\/wp-json\/wp\/v2\/product\/4352","targetHints":{"allow":["GET"]}}],"collection":[{"href":"https:\/\/listman.shop\/autoparts-br\/wp-json\/wp\/v2\/product"}],"about":[{"href":"https:\/\/listman.shop\/autoparts-br\/wp-json\/wp\/v2\/types\/product"}],"wp:featuredmedia":[{"embeddable":true,"href":"https:\/\/listman.shop\/autoparts-br\/wp-json\/wp\/v2\/media\/4346"}],"wp:attachment":[{"href":"https:\/\/listman.shop\/autoparts-br\/wp-json\/wp\/v2\/media?parent=4352"}],"wp:term":[{"taxonomy":"product_brand","embeddable":true,"href":"https:\/\/listman.shop\/autoparts-br\/wp-json\/wp\/v2\/product_brand?post=4352"},{"taxonomy":"product_cat","embeddable":true,"href":"https:\/\/listman.shop\/autoparts-br\/wp-json\/wp\/v2\/product_cat?post=4352"},{"taxonomy":"product_tag","embeddable":true,"href":"https:\/\/listman.shop\/autoparts-br\/wp-json\/wp\/v2\/product_tag?post=4352"}],"curies":[{"name":"wp","href":"https:\/\/api.w.org\/{rel}","templated":true}]}}