{"id":43796,"date":"2025-03-27T09:53:31","date_gmt":"2025-03-27T00:53:31","guid":{"rendered":"https:\/\/listman.shop\/autoparts-br\/product\/1005007777700590\/"},"modified":"2026-04-14T15:27:12","modified_gmt":"2026-04-14T06:27:12","slug":"1005007777700590","status":"publish","type":"product","link":"https:\/\/listman.shop\/autoparts-br\/product\/1005007777700590\/","title":{"rendered":"Mdng 15 p\u00e7s led interior mapa telhado espelho kit de luz para vw passat b5 sedan variante 1998 2000 2001 2002 2005 l\u00e2mpadas porta tronco do carro"},"content":{"rendered":"<div class=\"detailmodule_html\">\n<div class=\"detail-desc-decorate-richtext\">\n<div class=\"detailmodule_html\">\n<div class=\"detail-desc-decorate-richtext\">\n<div class=\"detailmodule_text-image\">\n<p style=\"font-family:OpenSans;font-size:20px;font-weight:900;line-height:28px;white-space:pre-wrap;margin-bottom:12px\" class=\"detail-desc-decorate-title\">MDNG 15 pe\u00e7as kit de luz de espelho de teto de mapa interior led para vw passat b5 sedan variante 1998 2000 2001 2002 2005 l\u00e2mpadas de porta de porta de porta de porta de porta de carro<\/p>\n<p style=\"font-size:16px\">\u25b6 Para passat b5 sedan (1998-2005) &#8211; 15 unidades<br \/>O pacote inclui:<br \/>C\u00fapula frontal\/luz de mapa-3 unidades<br \/>C\u00fapula traseira\/luz de mapa-3 unidades<br \/>Luz do espelho de vaidade-2 unidades<br \/>Luz do porta-luvas-1 unidade<br \/>Luz do porta-malas-1 unidade<br \/>Luz da porta-4 unidade<br \/>Luz extra-1 unidade<br \/>Ferramentas de instala\u00e7\u00e3o gratuitas + Luvas de instala\u00e7\u00e3o<\/p>\n<p>\u25b6 Para Passat B5 Variant (1998-2005) &#8211; 15PCS<br \/>O pacote inclui:<br \/>C\u00fapula frontal\/luz de mapa-3 unidades<br \/>C\u00fapula traseira\/luz de mapa-3 unidades<br \/>Luz do espelho de vaidade-2 unidades<br \/>Luz do porta-luvas-1 unidade<br \/>Luz do porta-malas-1 unidade<br \/>Luz da porta-4 unidade<br \/>Luz extra-1 unidade<br \/>Ferramentas de instala\u00e7\u00e3o gratuitas + Luvas de instala\u00e7\u00e3o<\/p>\n<p>Sobre nossos produtos:<\/p>\n<p>\u25b6Economize sua fonte de alimenta\u00e7\u00e3o.<br \/>\u25b6 Longa vida \u00fatil chegando a 50.000 horas.<br \/>\u25b6 Fornece essas l\u00e2mpadas LED brilhantes sem erros, substitui\u00e7\u00e3o perfeita das l\u00e2mpadas originais, tornando uma ilumina\u00e7\u00e3o interior muito mais brilhante para o seu carro.<br \/>\u25b6 Todas as l\u00e2mpadas LED s\u00e3o 100% Canbus Error Free Plug and play, sem necessidade de modifica\u00e7\u00e3o.<br \/>\u25b6 As imagens do produto s\u00e3o apenas para refer\u00eancia do tipo de l\u00e2mpada LED, forneceremos kits de luz interior LED compat\u00edveis de acordo com o seu carro.<\/p>\n<p>Notas de instala\u00e7\u00e3o:<\/p>\n<p>\u25b6 Desligue a luz primeiro antes da instala\u00e7\u00e3o e tenha cuidado ao remover a l\u00e2mpada original, ela pode estar muito quente.<br \/>\u25b6 Simplesmente remova sua l\u00e2mpada antiga e instale a nova l\u00e2mpada LED em seu lugar.Se a luz n\u00e3o acender imediatamente, vire-a 180 graus.<br \/>\u25b6 Por favor, aproxime os clipes de metal para que eles possam montar o fest\u00e3o com mais for\u00e7a, caso a l\u00e2mpada esteja ligeiramente solta no soquete<\/p>\n<div>\n  <img data-recalc-dims=\"1\" decoding=\"async\" style=\"margin-bottom:10px\" class=\"detail-desc-decorate-image\" src=\"https:\/\/i0.wp.com\/ae01.alicdn.com\/kf\/S081e7282e1c2459392079781ece7bb94A.jpg?w=1200&#038;ssl=1\"><br \/>\n  <img data-recalc-dims=\"1\" decoding=\"async\" style=\"margin-bottom:10px\" class=\"detail-desc-decorate-image\" src=\"https:\/\/i0.wp.com\/ae01.alicdn.com\/kf\/H0e79bba937b64eb7b685b8e283d6b202J.jpg?w=1200&#038;ssl=1\"><br \/>\n  <img data-recalc-dims=\"1\" decoding=\"async\" style=\"margin-bottom:10px\" class=\"detail-desc-decorate-image\" src=\"https:\/\/i0.wp.com\/ae01.alicdn.com\/kf\/Hd763a465d41843aba24734e3878dab66W.jpg?w=1200&#038;ssl=1\"><br \/>\n  <img data-recalc-dims=\"1\" decoding=\"async\" class=\"detail-desc-decorate-image\" src=\"https:\/\/i0.wp.com\/ae01.alicdn.com\/kf\/Hd460ec91786242c28985d552423b8a6eb.jpg?w=1200&#038;ssl=1\"><br \/>\n  <img data-recalc-dims=\"1\" decoding=\"async\" class=\"detail-desc-decorate-image\" src=\"https:\/\/i0.wp.com\/ae01.alicdn.com\/kf\/H86dd24c028f24946b91f0bd99a5de82da.jpg?w=1200&#038;ssl=1\"><br \/>\n  <img data-recalc-dims=\"1\" decoding=\"async\" class=\"detail-desc-decorate-image\" src=\"https:\/\/i0.wp.com\/ae01.alicdn.com\/kf\/H6fd12036ddd14b849a89e783230464005.jpg?w=1200&#038;ssl=1\"><br \/>\n  <img data-recalc-dims=\"1\" decoding=\"async\" class=\"detail-desc-decorate-image\" src=\"https:\/\/i0.wp.com\/ae01.alicdn.com\/kf\/H6befce08738f41158ae4a65cc1856c70J.jpg?w=1200&#038;ssl=1\"><br \/>\n  <img data-recalc-dims=\"1\" decoding=\"async\" class=\"detail-desc-decorate-image\" src=\"https:\/\/i0.wp.com\/ae01.alicdn.com\/kf\/Hd33d5651d6d54e3781159c138468065bx.jpg?w=1200&#038;ssl=1\">\n <\/div>\n<\/div>\n<div class=\"detailmodule_text\">\n<p style=\"font-family:OpenSans;font-size:14px;font-weight:300;line-height:20px;white-space:pre-wrap;margin-bottom:12px\" class=\"detail-desc-decorate-content\">\u25b6Entrega<\/p>\n<p>1. os itens ser\u00e3o enviados dentro de 1-3 dias \u00fateis quando recebermos o pagamento.<br \/>2. O prazo de entrega depende do destino e de outras f\u00e1bricas.<br \/>3. impostos, taxas e encargos de importa\u00e7\u00e3o n\u00e3o est\u00e3o inclu\u00eddos no pre\u00e7o do item ou nos custos de envio, faremos o poss\u00edvel para reduzir o risco dos direitos aduaneiros.<\/p>\n<p>\u25b6Garantia<\/p>\n<p>1. Todos os nossos itens oferecem garantia de 1 ano. Compre com confian\u00e7a!<br \/>2.Se voc\u00ea n\u00e3o estiver satisfeito com o item enquanto ele estiver em boas condi\u00e7\u00f5es ou se o item n\u00e3o funcionar ao receb\u00ea-lo, tire fotos ou v\u00eddeos e entre em contato conosco, enviaremos a substitui\u00e7\u00e3o ou reembolso para voc\u00ea.Em uma palavra, resolveremos isso at\u00e9 sua satisfa\u00e7\u00e3o.<\/p>\n<p>\u25b6Retorno<\/p>\n<p>1. se voc\u00ea n\u00e3o estiver satisfeito ao receber seu item, devolva-o no prazo de 30 dias para substitui\u00e7\u00e3o ou dinheiro<br \/>de tr\u00e1s.Entre em contato comigo antes de devolv\u00ea-lo.<br \/>2. Itens defeituosos devem ser relatados e devolvidos dentro do per\u00edodo de garantia (e na embalagem original, se poss\u00edvel).<br \/>3. A taxa de envio de devolu\u00e7\u00e3o ser\u00e1 paga pelo comprador.<\/p>\n<\/div>\n<p><\/div>\n<\/div>\n<\/div>\n<\/div>\n","protected":false},"excerpt":{"rendered":"<p>MDNG 15 pe\u00e7as kit de luz de espelho de teto de mapa interior led para vw passat b5 sedan variante 1998 2000 2001 2002 2005 l\u00e2mpadas de porta de porta de porta de porta de porta de carro \u25b6 Para passat b5 sedan (1998-2005) &#8211; 15 unidadesO pacote inclui:C\u00fapula frontal\/luz de mapa-3 unidadesC\u00fapula traseira\/luz de&hellip;&nbsp;<\/p>\n","protected":false},"featured_media":43790,"template":"","meta":{"neve_meta_sidebar":"","neve_meta_container":"","neve_meta_enable_content_width":"","neve_meta_content_width":0,"neve_meta_title_alignment":"","neve_meta_author_avatar":"","neve_post_elements_order":"","neve_meta_disable_header":"","neve_meta_disable_footer":"","neve_meta_disable_title":""},"product_brand":[],"product_cat":[72,19,17],"product_tag":[],"class_list":{"0":"post-43796","1":"product","2":"type-product","3":"status-publish","4":"has-post-thumbnail","6":"product_cat-lampada-sinalizadora","7":"product_cat-luzes-automotivas","8":"product_cat-pecas-e-acessorios-automotivos","10":"first","11":"instock","12":"shipping-taxable","13":"purchasable","14":"product-type-variable","15":"has-default-attributes"},"jetpack_sharing_enabled":true,"_links":{"self":[{"href":"https:\/\/listman.shop\/autoparts-br\/wp-json\/wp\/v2\/product\/43796","targetHints":{"allow":["GET"]}}],"collection":[{"href":"https:\/\/listman.shop\/autoparts-br\/wp-json\/wp\/v2\/product"}],"about":[{"href":"https:\/\/listman.shop\/autoparts-br\/wp-json\/wp\/v2\/types\/product"}],"wp:featuredmedia":[{"embeddable":true,"href":"https:\/\/listman.shop\/autoparts-br\/wp-json\/wp\/v2\/media\/43790"}],"wp:attachment":[{"href":"https:\/\/listman.shop\/autoparts-br\/wp-json\/wp\/v2\/media?parent=43796"}],"wp:term":[{"taxonomy":"product_brand","embeddable":true,"href":"https:\/\/listman.shop\/autoparts-br\/wp-json\/wp\/v2\/product_brand?post=43796"},{"taxonomy":"product_cat","embeddable":true,"href":"https:\/\/listman.shop\/autoparts-br\/wp-json\/wp\/v2\/product_cat?post=43796"},{"taxonomy":"product_tag","embeddable":true,"href":"https:\/\/listman.shop\/autoparts-br\/wp-json\/wp\/v2\/product_tag?post=43796"}],"curies":[{"name":"wp","href":"https:\/\/api.w.org\/{rel}","templated":true}]}}