{"id":439,"date":"2024-10-12T18:54:23","date_gmt":"2024-10-12T09:54:23","guid":{"rendered":"https:\/\/listman.shop\/autoparts-br\/product\/1005005273799010\/"},"modified":"2026-04-14T10:34:00","modified_gmt":"2026-04-14T01:34:00","slug":"1005005273799010","status":"publish","type":"product","link":"https:\/\/listman.shop\/autoparts-br\/product\/1005005273799010\/","title":{"rendered":"Xiaomi-YI Smart Dash Cam com Vis\u00e3o Noturna para Carro, Atualiza\u00e7\u00e3o ADAS, 2.7 Tela, Full HD, 1080P, Vers\u00e3o Internacional"},"content":{"rendered":"<div class=\"detailmodule_html\">\n<div class=\"detail-desc-decorate-richtext\">\n<div class=\"detailmodule_text\">\n <\/p>\n<p id=\"tl_1\">YI Smart Dash Cam para Carro ADAS Tela 2.7 Full HD 1080P C&acirc;mera de Painel com Vis&atilde;o Noturna Upgrade ADAS Vers&atilde;o Internacional<\/p>\n<p><\/p>\n<p style=\"font-family:OpenSans;font-size:14px;font-weight:300;line-height:20px;white-space:pre-wrap;margin-bottom:12px\" class=\"detail-desc-decorate-content\"><img data-recalc-dims=\"1\" decoding=\"async\" src=\"https:\/\/i0.wp.com\/ae01.alicdn.com\/kf\/S1510956d826f407a996b3e9e23c29537M.jpg?w=1200&#038;ssl=1\" \/><img data-recalc-dims=\"1\" decoding=\"async\" src=\"https:\/\/i0.wp.com\/ae01.alicdn.com\/kf\/Sffe0248d81c7458a9f3439de21a03dfeH.jpg?w=1200&#038;ssl=1\" \/><\/p>\n<\/div>\n<div class=\"detailmodule_text\">\n<p style=\"font-family:OpenSans;font-size:14px;font-weight:300;line-height:20px;white-space:pre-wrap;margin-bottom:12px\" class=\"detail-desc-decorate-content\"><img data-recalc-dims=\"1\" decoding=\"async\" class=\"detail-desc-decorate-image\" src=\"https:\/\/i0.wp.com\/ae01.alicdn.com\/kf\/Sc5c07702abb34e86ac77bb35cc3377c9D.jpg?w=1200&#038;ssl=1\" \/><\/p>\n<\/div>\n<div class=\"detailmodule_text\">\n<p style=\"font-family:OpenSans;font-size:14px;font-weight:300;line-height:20px;white-space:pre-wrap;margin-bottom:12px\" class=\"detail-desc-decorate-content\" id=\"tl_2\">Nome da Marca: Yi<\/p>\n<\/div>\n<div class=\"detailmodule_text\">\n<p style=\"font-family:OpenSans;font-size:14px;font-weight:300;line-height:20px;white-space:pre-wrap;margin-bottom:12px\" class=\"detail-desc-decorate-content\" id=\"tl_3\">Carregamento: Cabo USB<\/p>\n<\/div>\n<div class=\"detailmodule_text\">\n<p style=\"font-family:OpenSans;font-size:14px;font-weight:300;line-height:20px;white-space:pre-wrap;margin-bottom:12px\" class=\"detail-desc-decorate-content\" id=\"tl_4\">Volume: 74*19,4*52,4mm<\/p>\n<\/div>\n<div class=\"detailmodule_text\">\n<p style=\"font-family:OpenSans;font-size:14px;font-weight:300;line-height:20px;white-space:pre-wrap;margin-bottom:12px\" class=\"detail-desc-decorate-content\" id=\"tl_5\">Grande angular: 160&deg;<\/p>\n<\/div>\n<div class=\"detailmodule_text\">\n<p style=\"font-family:OpenSans;font-size:14px;font-weight:300;line-height:20px;white-space:pre-wrap;margin-bottom:12px\" class=\"detail-desc-decorate-content\" id=\"tl_6\">Suporte Wi-Fi: Sim<\/p>\n<\/div>\n<div class=\"detailmodule_text\">\n<p style=\"font-family:OpenSans;font-size:14px;font-weight:300;line-height:20px;white-space:pre-wrap;margin-bottom:12px\" class=\"detail-desc-decorate-content\" id=\"tl_7\">Fun&ccedil;&atilde;o NightShot: Sim<\/p>\n<\/div>\n<div class=\"detailmodule_text\">\n<p style=\"font-family:OpenSans;font-size:14px;font-weight:300;line-height:20px;white-space:pre-wrap;margin-bottom:12px\" class=\"detail-desc-decorate-content\" id=\"tl_8\">Sensor de imagem: Outras s&eacute;ries SONY<\/p>\n<\/div>\n<div class=\"detailmodule_text\">\n<p style=\"font-family:OpenSans;font-size:14px;font-weight:300;line-height:20px;white-space:pre-wrap;margin-bottom:12px\" class=\"detail-desc-decorate-content\" id=\"tl_9\">Tamanho do sensor (polegadas): 1\/2,7 polegadas<\/p>\n<\/div>\n<div class=\"detailmodule_text\">\n<p id=\"tl_10\">Tamanho da tela: 2,7&quot;<\/p>\n<\/div>\n<div class=\"detailmodule_text\">\n<p style=\"font-family:OpenSans;font-size:14px;font-weight:300;line-height:20px;white-space:pre-wrap;margin-bottom:12px\" class=\"detail-desc-decorate-content\" id=\"tl_11\">Fun&ccedil;&atilde;o adicional: suporte WIFI<\/p>\n<\/div>\n<div class=\"detailmodule_text\">\n<p style=\"font-family:OpenSans;font-size:14px;font-weight:300;line-height:20px;white-space:pre-wrap;margin-bottom:12px\" class=\"detail-desc-decorate-content\" id=\"tl_12\">MegaPixel efetivo: cerca de 3,2 MP<\/p>\n<\/div>\n<div class=\"detailmodule_text\">\n<p style=\"font-family:OpenSans;font-size:14px;font-weight:300;line-height:20px;white-space:pre-wrap;margin-bottom:12px\" class=\"detail-desc-decorate-content\" id=\"tl_13\">Aplica&ccedil;&atilde;o: Atividades Esportivas ao Ar Livre<\/p>\n<\/div>\n<div class=\"detailmodule_text\">\n<p style=\"font-family:OpenSans;font-size:14px;font-weight:300;line-height:20px;white-space:pre-wrap;margin-bottom:12px\" class=\"detail-desc-decorate-content\" id=\"tl_14\">Tipo de cart&atilde;o de mem&oacute;ria: MicroSD\/TF<\/p>\n<\/div>\n<div class=\"detailmodule_text\">\n<p style=\"font-family:OpenSans;font-size:14px;font-weight:300;line-height:20px;white-space:pre-wrap;margin-bottom:12px\" class=\"detail-desc-decorate-content\" id=\"tl_15\">Suporte para cart&atilde;o de mem&oacute;ria: at&eacute; 64G<\/p>\n<\/div>\n<div class=\"detailmodule_text\">\n<p style=\"font-family:OpenSans;font-size:14px;font-weight:300;line-height:20px;white-space:pre-wrap;margin-bottom:12px\" class=\"detail-desc-decorate-content\" id=\"tl_16\">Abertura M&aacute;xima: F1.8<\/p>\n<\/div>\n<div class=\"detailmodule_text\">\n<p style=\"font-family:OpenSans;font-size:14px;font-weight:300;line-height:20px;white-space:pre-wrap;margin-bottom:12px\" class=\"detail-desc-decorate-content\" id=\"tl_17\">Tela de exibi&ccedil;&atilde;o: Sim<\/p>\n<\/div>\n<div class=\"detailmodule_text\">\n<p style=\"font-family:OpenSans;font-size:14px;font-weight:300;line-height:20px;white-space:pre-wrap;margin-bottom:12px\" class=\"detail-desc-decorate-content\" id=\"tl_18\">N&uacute;mero do Modelo: C&acirc;mera de Painel Inteligente YI<\/p>\n<\/div>\n<div class=\"detailmodule_text\">\n<p style=\"font-family:OpenSans;font-size:14px;font-weight:300;line-height:20px;white-space:pre-wrap;margin-bottom:12px\" class=\"detail-desc-decorate-content\" id=\"tl_19\">Peso: 100g e abaixo<\/p>\n<\/div>\n<div class=\"detailmodule_text\">\n<p style=\"font-family:OpenSans;font-size:14px;font-weight:300;line-height:20px;white-space:pre-wrap;margin-bottom:12px\" class=\"detail-desc-decorate-content\" id=\"tl_20\">Tela LCD: 2,7&quot;<\/p>\n<\/div>\n<div class=\"detailmodule_text\">\n<p style=\"font-family:OpenSans;font-size:14px;font-weight:300;line-height:20px;white-space:pre-wrap;margin-bottom:12px\" class=\"detail-desc-decorate-content\" id=\"tl_21\">LCD TFT tipo delta de matriz de pontos gr&aacute;fica 960*240<\/p>\n<\/div>\n<div class=\"detailmodule_text\">\n<p style=\"font-family:OpenSans;font-size:14px;font-weight:300;line-height:20px;white-space:pre-wrap;margin-bottom:12px\" class=\"detail-desc-decorate-content\" id=\"tl_22\">Processador Principal (Suporte M&aacute;ximo a HD): Ambarella A7 (1080P\/60FPS)<\/p>\n<\/div>\n<div class=\"detailmodule_text\">\n<p style=\"font-family:OpenSans;font-size:14px;font-weight:300;line-height:20px;white-space:pre-wrap;margin-bottom:12px\" class=\"detail-desc-decorate-content\" id=\"tl_23\">Lente: Abertura F1.8 \/ FOV (diagonal) lente de vidro grande angular de 165 graus<\/p>\n<\/div>\n<div class=\"detailmodule_text\">\n<p style=\"font-family:OpenSans;font-size:14px;font-weight:300;line-height:20px;white-space:pre-wrap;margin-bottom:12px\" class=\"detail-desc-decorate-content\" id=\"tl_24\">Fonte de alimenta&ccedil;&atilde;o: carregador de carro USB:(Entrada: 10V-30V; Sa&iacute;da 5V\/1A<\/p>\n<\/div>\n<div class=\"detailmodule_text\">\n<p style=\"font-family:OpenSans;font-size:14px;font-weight:300;line-height:20px;white-space:pre-wrap;margin-bottom:12px\" class=\"detail-desc-decorate-content\" id=\"tl_25\">Sensor G: Sensor G de 3 eixos integrado<\/p>\n<\/div>\n<div class=\"detailmodule_text\">\n<p style=\"font-family:OpenSans;font-size:14px;font-weight:300;line-height:20px;white-space:pre-wrap;margin-bottom:12px\" class=\"detail-desc-decorate-content\" id=\"tl_26\">Mont&aacute;vel: suporte de montagem adesivo 3M<\/p>\n<\/div>\n<div class=\"detailmodule_text\">\n<p style=\"font-family:OpenSans;font-size:14px;font-weight:300;line-height:20px;white-space:pre-wrap;margin-bottom:12px\" class=\"detail-desc-decorate-content\" id=\"tl_27\">Velocidade de disparo: N\/A, suporta apenas grava&ccedil;&atilde;o de v&iacute;deo e instant&acirc;neo<\/p>\n<\/div>\n<div class=\"detailmodule_text\">\n<p style=\"font-family:OpenSans;font-size:14px;font-weight:300;line-height:20px;white-space:pre-wrap;margin-bottom:12px\" class=\"detail-desc-decorate-content\" id=\"tl_28\">Wi-Fi: O Wi-Fi suporta banda &uacute;nica de 2,4 GHz e padr&atilde;o 802.11n<\/p>\n<\/div>\n<div class=\"detailmodule_text\">\n<p style=\"font-family:OpenSans;font-size:14px;font-weight:300;line-height:20px;white-space:pre-wrap;margin-bottom:12px\" class=\"detail-desc-decorate-content\" id=\"tl_29\">Armazenamento: cart&atilde;o microSD de 8-64 GB Classe 10 ou superior com formato FAT32<\/p>\n<\/div>\n<div class=\"detailmodule_text\">\n<p style=\"font-family:OpenSans;font-size:14px;font-weight:300;line-height:20px;white-space:pre-wrap;margin-bottom:12px\" class=\"detail-desc-decorate-content\" id=\"tl_30\">Sensor de Imagem: Sensor CMOS de 1\/2,7&quot; com pixel unit&aacute;rio de 3,0m, 1928&#215;108 pixels efetivos<\/p>\n<\/div>\n<div class=\"detailmodule_text\">\n<p style=\"font-family:OpenSans;font-size:14px;font-weight:300;line-height:20px;white-space:pre-wrap;margin-bottom:12px\" class=\"detail-desc-decorate-content\" id=\"tl_31\">Processador: Chip YI Personalizado \/ A12-60 dual core<\/p>\n<\/div>\n<div class=\"detailmodule_image\">\n <img data-recalc-dims=\"1\" decoding=\"async\" class=\"detail-desc-decorate-image\" src=\"https:\/\/i0.wp.com\/ae01.alicdn.com\/kf\/S43babbbaf95a4d129314e345f644042b5.jpg?w=1200&#038;ssl=1\" \/>\n<\/div>\n<div class=\"detailmodule_text\">\n<p style=\"font-family:OpenSans;font-size:14px;font-weight:300;line-height:20px;white-space:pre-wrap;margin-bottom:12px\" class=\"detail-desc-decorate-content\" id=\"tl_32\">Uma CPL (lente polarizadora circular) opcional pode ser usada para reduzir<\/p>\n<\/div>\n<div class=\"detailmodule_text\">\n<p style=\"font-family:OpenSans;font-size:14px;font-weight:300;line-height:20px;white-space:pre-wrap;margin-bottom:12px\" class=\"detail-desc-decorate-content\" id=\"tl_33\">reflexos e brilho que, de outra forma, poderiam prejudicar a qualidade da imagem. (Opcional)<\/p>\n<p><\/p>\n<p style=\"font-family:OpenSans;font-size:14px;font-weight:300;line-height:20px;white-space:pre-wrap;margin-bottom:12px\" class=\"detail-desc-decorate-content\"><img data-recalc-dims=\"1\" decoding=\"async\" src=\"https:\/\/i0.wp.com\/ae01.alicdn.com\/kf\/S37495a12c2c14126a83a12895096aa6eF.jpg?w=1200&#038;ssl=1\" \/><\/p>\n<\/div>\n<div class=\"detailmodule_image\">\n <img data-recalc-dims=\"1\" decoding=\"async\" class=\"detail-desc-decorate-image\" src=\"https:\/\/i0.wp.com\/ae01.alicdn.com\/kf\/Sece9b8df345a4d9c9b92a22ab194a0cfw.jpg?w=1200&#038;ssl=1\" \/>\n<\/div>\n<div class=\"detailmodule_image\">\n <img data-recalc-dims=\"1\" decoding=\"async\" class=\"detail-desc-decorate-image\" src=\"https:\/\/i0.wp.com\/ae01.alicdn.com\/kf\/S5f80f29b29d940609ffcb2becf7e62718.jpg?w=1200&#038;ssl=1\" \/>\n<\/div>\n<div class=\"detailmodule_image\">\n <img data-recalc-dims=\"1\" decoding=\"async\" class=\"detail-desc-decorate-image\" src=\"https:\/\/i0.wp.com\/ae01.alicdn.com\/kf\/S83d512bed738436287b08599ea297bb0H.webp?w=1200&#038;ssl=1\" \/><br \/>\n <img data-recalc-dims=\"1\" decoding=\"async\" class=\"detail-desc-decorate-image\" src=\"https:\/\/i0.wp.com\/ae01.alicdn.com\/kf\/Sd91a60b887c145faa1b946e79bfab6fd6.jpg?w=1200&#038;ssl=1\" \/><br \/>\n <img data-recalc-dims=\"1\" decoding=\"async\" class=\"detail-desc-decorate-image\" src=\"https:\/\/i0.wp.com\/ae01.alicdn.com\/kf\/S9f4f0632c71c4539aeb8d12ba52c01c3F.webp?w=1200&#038;ssl=1\" \/><br \/>\n <img data-recalc-dims=\"1\" decoding=\"async\" class=\"detail-desc-decorate-image\" src=\"https:\/\/i0.wp.com\/ae01.alicdn.com\/kf\/S5c0723b444154f34ab07ed364afc3b92l.webp?w=1200&#038;ssl=1\" \/><br \/>\n <img data-recalc-dims=\"1\" decoding=\"async\" class=\"detail-desc-decorate-image\" src=\"https:\/\/i0.wp.com\/ae01.alicdn.com\/kf\/S2db2e3c1a73046b7a5c4298e28b36002X.webp?w=1200&#038;ssl=1\" \/><br \/>\n <img data-recalc-dims=\"1\" decoding=\"async\" class=\"detail-desc-decorate-image\" src=\"https:\/\/i0.wp.com\/ae01.alicdn.com\/kf\/Sc90b8a281c4140d18c850767733b0793y.webp?w=1200&#038;ssl=1\" \/>\n<\/div>\n<div class=\"detailmodule_text\">\n<div class=\"detailmodule_image\">\n  <img data-recalc-dims=\"1\" decoding=\"async\" class=\"detail-desc-decorate-image\" src=\"https:\/\/i0.wp.com\/ae01.alicdn.com\/kf\/S6bf6358768734afbaa3682c261460249a.jpg?w=1200&#038;ssl=1\" \/>\n <\/div>\n<\/div>\n<p><\/div>\n<\/div>\n","protected":false},"excerpt":{"rendered":"<p>YI Smart Dash Cam para Carro ADAS Tela 2.7 Full HD 1080P C&acirc;mera de Painel com Vis&atilde;o Noturna Upgrade ADAS Vers&atilde;o Internacional Nome da Marca: Yi Carregamento: Cabo USB Volume: 74*19,4*52,4mm Grande angular: 160&deg; Suporte Wi-Fi: Sim Fun&ccedil;&atilde;o NightShot: Sim Sensor de imagem: Outras s&eacute;ries SONY Tamanho do sensor (polegadas): 1\/2,7 polegadas Tamanho da tela:&hellip;&nbsp;<\/p>\n","protected":false},"featured_media":433,"template":"","meta":{"neve_meta_sidebar":"","neve_meta_container":"","neve_meta_enable_content_width":"","neve_meta_content_width":0,"neve_meta_title_alignment":"","neve_meta_author_avatar":"","neve_post_elements_order":"","neve_meta_disable_header":"","neve_meta_disable_footer":"","neve_meta_disable_title":""},"product_brand":[],"product_cat":[40,20,17],"product_tag":[],"class_list":{"0":"post-439","1":"product","2":"type-product","3":"status-publish","4":"has-post-thumbnail","6":"product_cat-dvr-para-carro","7":"product_cat-eletronicos-automotivos","8":"product_cat-pecas-e-acessorios-automotivos","10":"first","11":"instock","12":"shipping-taxable","13":"purchasable","14":"product-type-variable","15":"has-default-attributes"},"jetpack_sharing_enabled":true,"_links":{"self":[{"href":"https:\/\/listman.shop\/autoparts-br\/wp-json\/wp\/v2\/product\/439","targetHints":{"allow":["GET"]}}],"collection":[{"href":"https:\/\/listman.shop\/autoparts-br\/wp-json\/wp\/v2\/product"}],"about":[{"href":"https:\/\/listman.shop\/autoparts-br\/wp-json\/wp\/v2\/types\/product"}],"wp:featuredmedia":[{"embeddable":true,"href":"https:\/\/listman.shop\/autoparts-br\/wp-json\/wp\/v2\/media\/433"}],"wp:attachment":[{"href":"https:\/\/listman.shop\/autoparts-br\/wp-json\/wp\/v2\/media?parent=439"}],"wp:term":[{"taxonomy":"product_brand","embeddable":true,"href":"https:\/\/listman.shop\/autoparts-br\/wp-json\/wp\/v2\/product_brand?post=439"},{"taxonomy":"product_cat","embeddable":true,"href":"https:\/\/listman.shop\/autoparts-br\/wp-json\/wp\/v2\/product_cat?post=439"},{"taxonomy":"product_tag","embeddable":true,"href":"https:\/\/listman.shop\/autoparts-br\/wp-json\/wp\/v2\/product_tag?post=439"}],"curies":[{"name":"wp","href":"https:\/\/api.w.org\/{rel}","templated":true}]}}