{"id":44034,"date":"2025-03-27T10:00:58","date_gmt":"2025-03-27T01:00:58","guid":{"rendered":"https:\/\/listman.shop\/autoparts-br\/product\/32863676006\/"},"modified":"2026-04-07T23:27:09","modified_gmt":"2026-04-07T14:27:09","slug":"32863676006","status":"publish","type":"product","link":"https:\/\/listman.shop\/autoparts-br\/product\/32863676006\/","title":{"rendered":"Zuk carro led turn signal light para nissan x-trail t32 qashqai j11 murano z52 2014-2019 l\u00e2mpada indicadora de espelho retrovisor lateral"},"content":{"rendered":"<div class=\"detailmodule_html\">\n<div class=\"detail-desc-decorate-richtext\">\n<div class=\"detailmodule_html\">\n<div class=\"detail-desc-decorate-richtext\">\n<p><span style=\"font-size:20px\"><span style=\", helvetica, sans-serif\"><strong>Zuk carro led luz de sinal volta para nissan x-trail t32 qashqai j11 murano z52 2014-2019 l\u00e2mpada indicadora do espelho lateral retrovisor<\/strong><\/span><\/span><\/p>\n<p><span><span style=\"font-size:20px\"><span style=\", helvetica, sans-serif\"><strong>Tipo n\u00e3o din\u00e2mico<\/strong><\/span><\/span><\/span><\/p>\n<p><img data-recalc-dims=\"1\" decoding=\"async\" src=\"https:\/\/i0.wp.com\/ae01.alicdn.com\/kf\/HTB1Dj0diPihSKJjy0Ffq6zGzFXar.jpg?w=1200\"><\/p>\n<p><img data-recalc-dims=\"1\" decoding=\"async\" src=\"https:\/\/i0.wp.com\/ae01.alicdn.com\/kf\/Heaa62751a6704e09a3955dc19685358e3.jpg?w=1200&#038;ssl=1\"><img data-recalc-dims=\"1\" decoding=\"async\" src=\"https:\/\/i0.wp.com\/ae01.alicdn.com\/kf\/H74af7b28f40647c1912b8e880b22fd50C.jpg?w=1200&#038;ssl=1\"><img data-recalc-dims=\"1\" decoding=\"async\" src=\"https:\/\/i0.wp.com\/ae01.alicdn.com\/kf\/H91fcdbdfd3ef4d81a3f2c7cbd1d915f16.jpg?w=1200&#038;ssl=1\"><img data-recalc-dims=\"1\" decoding=\"async\" src=\"https:\/\/i0.wp.com\/ae01.alicdn.com\/kf\/H85a31ffb56254d4faf476cde69d60149a.jpg?w=1200&#038;ssl=1\"><img data-recalc-dims=\"1\" decoding=\"async\" src=\"https:\/\/i0.wp.com\/ae01.alicdn.com\/kf\/H92af5e8fec484703922bf4f0192c52566.jpg?w=1200&#038;ssl=1\"><img data-recalc-dims=\"1\" decoding=\"async\" src=\"https:\/\/i0.wp.com\/ae01.alicdn.com\/kf\/H819265fa3a73465f9257e09e6f5892fcl.jpg?w=1200&#038;ssl=1\"><img data-recalc-dims=\"1\" decoding=\"async\" src=\"https:\/\/i0.wp.com\/ae01.alicdn.com\/kf\/H68d3de5afc374c47b3d2d71a21d0d6d5r.jpg?w=1200&#038;ssl=1\"><img data-recalc-dims=\"1\" decoding=\"async\" src=\"https:\/\/i0.wp.com\/ae01.alicdn.com\/kf\/HTB19cN4iGmgSKJjSspiq6xyJFXae.jpg?w=1200\"><\/p>\n<p><span style=\"font-size:20px\"><span style=\", helvetica, sans-serif\"><strong>Condi\u00e7\u00e3o: novo<\/strong><\/span><\/span><\/p>\n<p><span style=\"font-size:20px\"><span style=\", helvetica, sans-serif\"><strong>N\u00famero da pe\u00e7a: Lado esquerdo: 26165-4CL0B \/<\/strong><\/span><\/span><span style=\"font-size:20px;, helvetica, sans-serif\"><strong>Lado direito: 21660-4CL0B<\/strong><\/span><\/p>\n<p><span style=\"font-size:20px\"><span style=\", helvetica, sans-serif\"><strong>Tamanho do item: Padr\u00e3o<\/strong><\/span><\/span><\/p>\n<p><span style=\"font-size:20px\"><span style=\", helvetica, sans-serif\"><strong>Peso: 0,15 kg\/p\u00e7s<\/strong><\/span><\/span><\/p>\n<p><img data-recalc-dims=\"1\" decoding=\"async\" src=\"https:\/\/i0.wp.com\/ae01.alicdn.com\/kf\/HTB1rKl_iGagSKJjy0Fcq6AZeVXat.jpg?w=1200\"><\/p>\n<p><span style=\", helvetica, sans-serif\"><span style=\"font-size:20px\"><strong>Caracter\u00edstica:<\/strong><\/span><\/span><\/p>\n<p><span style=\", helvetica, sans-serif\"><span style=\"font-size:20px\"><strong>1) Material: Pl\u00e1stico<\/strong><\/span><\/span><\/p>\n<p><span style=\", helvetica, sans-serif\"><span style=\"font-size:20px\"><strong>2) De acordo com as especifica\u00e7\u00f5es originais de f\u00e1brica<\/strong><\/span><\/span><\/p>\n<p><span style=\", helvetica, sans-serif\"><span style=\"font-size:20px\"><strong>3) Boa correspond\u00eancia para o carro original.<\/strong><\/span><\/span><\/p>\n<p><span style=\", helvetica, sans-serif\"><span style=\"font-size:20px\"><strong>4) F\u00e1cil instala\u00e7\u00e3o.<\/strong><\/span><\/span><\/p>\n<p><span style=\", helvetica, sans-serif\"><span style=\"font-size:20px\"><strong>5) Caracter\u00edsticas est\u00e1veis, alta confiabilidade.<\/strong><\/span><\/span><\/p>\n<p><img data-recalc-dims=\"1\" decoding=\"async\" src=\"https:\/\/i0.wp.com\/ae01.alicdn.com\/kf\/HTB1N_yIh2BNTKJjSszeq6Au2VXa3.jpg?w=1200\"><\/p>\n<p><span style=\"font-size:20px\"><span style=\", helvetica, sans-serif\"><strong>Adequado para X-Trail Rogue T32 2014-2019<\/strong><\/span><\/span><\/p>\n<p><span style=\"font-size:20px\"><span style=\", helvetica, sans-serif\"><strong>Adequado para Qashqai (Rogue Sport) J11 2014-2019<\/strong><\/span><\/span><\/p>\n<p><span style=\"font-size:20px\"><span style=\", helvetica, sans-serif\"><strong>Adequado para Murano Z52 2015-2019<\/strong><\/span><\/span><\/p>\n<p><img data-recalc-dims=\"1\" decoding=\"async\" src=\"https:\/\/i0.wp.com\/ae01.alicdn.com\/kf\/HTB1k.LomRUSMeJjy1zjq6A0dXXak.jpg?w=1200\"><\/p>\n<p><span style=\"font-size:20px\"><span style=\", helvetica, sans-serif\"><strong>1. prazo de entrega: enviaremos seu item em 1-2 dias normalmente ap\u00f3s a confirma\u00e7\u00e3o do pagamento, n\u00e3o mais que 5 dias.<\/strong><\/span><\/span><\/p>\n<p><span style=\"font-size:20px\"><span style=\", helvetica, sans-serif\"><strong>2. m\u00e9todo de envio padr\u00e3o: envio permanente aliexpress, correio a\u00e9reo registrado da china post ou outro m\u00e9todo de envio que escolhemos de acordo com diferentes casos.<\/strong><\/span><\/span><\/p>\n<p><span style=\"font-size:20px\"><span style=\", helvetica, sans-serif\"><strong>3. Tempo estimado de entrega: 26-48 dias normalmente.(Brasil: 34-90 dias)<\/strong><\/span><\/span><\/p>\n<p><span style=\"font-size:20px\"><span style=\", helvetica, sans-serif\"><strong>4.Outro m\u00e9todo de envio:Voc\u00ea tamb\u00e9m pode escolher outros m\u00e9todos de envio, como EMS e DHL, se quiser que seu item chegue mais r\u00e1pido.Voc\u00ea s\u00f3 precisa entrar em contato conosco, ent\u00e3o lhe diremos quanto custa o envio via EMS ou DHL para o seu endere\u00e7o, e ajustaremos o pre\u00e7o total para voc\u00ea depois que voc\u00ea enviar um pedido.<\/strong><\/span><\/span><\/p>\n<p><span style=\"font-size:20px\"><span style=\", helvetica, sans-serif\"><strong>5. Tempo estimado de entrega de EMS e DHL: EMS: 7-21 dias\/DHL: 7-14 dias.<\/strong><\/span><\/span><\/p>\n<p><img data-recalc-dims=\"1\" decoding=\"async\" src=\"https:\/\/i0.wp.com\/ae01.alicdn.com\/kf\/HTB1Rq1Rh2NNTKJjSspcq6z4KVXas.jpg?w=1200\"><\/p>\n<p><span style=\"font-size:20px\"><span style=\", helvetica, sans-serif\"><strong>1. se voc\u00ea n\u00e3o tem certeza se esta pe\u00e7a se encaixa no seu carro ou n\u00e3o, deixe uma mensagem informando o<\/strong><\/span><\/span><span style=\"font-size:20px\"><span style=\", helvetica, sans-serif\"><strong><span>N\u00famero VIN<\/span><\/strong><\/span><\/span><span style=\"font-size:20px\"><span style=\", helvetica, sans-serif\"><strong>do seu carro para confirma\u00e7\u00e3o<\/strong><\/span><\/span><span style=\"font-size:20px;, helvetica, sans-serif\"><strong>modelo por favor.<\/strong><\/span><\/p>\n<p><span style=\"font-size:20px\"><span style=\", helvetica, sans-serif\"><strong>2.Se voc\u00ea n\u00e3o fizer o<\/strong><\/span><\/span><span style=\"font-size:20px\"><span style=\", helvetica, sans-serif\"><strong><span>etapa 1<\/span><\/strong><\/span><\/span><span style=\"font-size:20px\"><span style=\", helvetica, sans-serif\"><strong>mas compre a pe\u00e7a errada, n\u00e3o assumiremos qualquer responsabilidade.<\/strong><\/span><\/span><\/p>\n<p><span style=\"font-size:20px\"><span style=\", helvetica, sans-serif\"><strong>3. Reembolso e devolu\u00e7\u00e3o:<\/strong><\/span><\/span><span style=\"font-size:20px;, helvetica, sans-serif\"><strong>Entre em contato conosco imediatamente se houver algum problema com o produto, em vez de deixar um feedback negativo, porque isso n\u00e3o ajuda em nada. Podemos devolver ou reenviar para voc\u00ea se houver algum problema causado por n\u00f3s.<\/strong><\/span><\/p>\n<p><span style=\"font-size:20px\"><span style=\", helvetica, sans-serif\"><strong>4. compra em massa entre em contato conosco, bom pre\u00e7o em grande quantidade, mini pedido de 5 pe\u00e7as.<\/strong><\/span><\/span><\/p>\n<p><img data-recalc-dims=\"1\" decoding=\"async\" src=\"https:\/\/i0.wp.com\/ae01.alicdn.com\/kf\/HTB1l9ihi2NZWeJjSZFpq6xjBFXaB.jpg?w=1200\"><\/p>\n<p><span style=\"font-size:20px\"><span style=\", helvetica, sans-serif\"><strong>Se voc\u00ea estiver satisfeito com nossos produtos, por favor, deixe um feedback de 5 estrelas para n\u00f3s, ser\u00e1 um grande incentivo<\/strong><\/span><\/span><span style=\"font-size:20px;, helvetica, sans-serif\"><strong>para n\u00f3s.Se houver algum problema, entre em contato conosco em vez de deixar um feedback negativo. Faremos o nosso melhor para resolver o problema.<\/strong><\/span><\/p>\n<p><img data-recalc-dims=\"1\" decoding=\"async\" src=\"https:\/\/i0.wp.com\/ae01.alicdn.com\/kf\/HTB159vXnwMPMeJjy1Xbq6AwxVXa4.jpg?w=1200\"><\/p>\n<p><img data-recalc-dims=\"1\" decoding=\"async\" src=\"https:\/\/i0.wp.com\/ae01.alicdn.com\/kf\/HTB1rQxhiGagSKJjy0Fhq6ArbFXac.jpg?w=1200\"><\/p>\n<\/div>\n<\/div>\n<div class=\"detailmodule_dynamic\"><\/div>\n<div class=\"detailmodule_html\">\n<div class=\"detail-desc-decorate-richtext\">\n<p><\/p>\n<\/div>\n<\/div>\n<p><\/div>\n<\/div>\n","protected":false},"excerpt":{"rendered":"<p>Zuk carro led luz de sinal volta para nissan x-trail t32 qashqai j11 murano z52 2014-2019 l\u00e2mpada indicadora do espelho lateral retrovisor Tipo n\u00e3o din\u00e2mico Condi\u00e7\u00e3o: novo N\u00famero da pe\u00e7a: Lado esquerdo: 26165-4CL0B \/Lado direito: 21660-4CL0B Tamanho do item: Padr\u00e3o Peso: 0,15 kg\/p\u00e7s Caracter\u00edstica: 1) Material: Pl\u00e1stico 2) De acordo com as especifica\u00e7\u00f5es originais de&hellip;&nbsp;<\/p>\n","protected":false},"featured_media":44028,"template":"","meta":{"neve_meta_sidebar":"","neve_meta_container":"","neve_meta_enable_content_width":"","neve_meta_content_width":0,"neve_meta_title_alignment":"","neve_meta_author_avatar":"","neve_post_elements_order":"","neve_meta_disable_header":"","neve_meta_disable_footer":"","neve_meta_disable_title":""},"product_brand":[],"product_cat":[72,19,17],"product_tag":[],"class_list":{"0":"post-44034","1":"product","2":"type-product","3":"status-publish","4":"has-post-thumbnail","6":"product_cat-lampada-sinalizadora","7":"product_cat-luzes-automotivas","8":"product_cat-pecas-e-acessorios-automotivos","10":"first","11":"instock","12":"shipping-taxable","13":"purchasable","14":"product-type-variable","15":"has-default-attributes"},"jetpack_sharing_enabled":true,"_links":{"self":[{"href":"https:\/\/listman.shop\/autoparts-br\/wp-json\/wp\/v2\/product\/44034","targetHints":{"allow":["GET"]}}],"collection":[{"href":"https:\/\/listman.shop\/autoparts-br\/wp-json\/wp\/v2\/product"}],"about":[{"href":"https:\/\/listman.shop\/autoparts-br\/wp-json\/wp\/v2\/types\/product"}],"wp:featuredmedia":[{"embeddable":true,"href":"https:\/\/listman.shop\/autoparts-br\/wp-json\/wp\/v2\/media\/44028"}],"wp:attachment":[{"href":"https:\/\/listman.shop\/autoparts-br\/wp-json\/wp\/v2\/media?parent=44034"}],"wp:term":[{"taxonomy":"product_brand","embeddable":true,"href":"https:\/\/listman.shop\/autoparts-br\/wp-json\/wp\/v2\/product_brand?post=44034"},{"taxonomy":"product_cat","embeddable":true,"href":"https:\/\/listman.shop\/autoparts-br\/wp-json\/wp\/v2\/product_cat?post=44034"},{"taxonomy":"product_tag","embeddable":true,"href":"https:\/\/listman.shop\/autoparts-br\/wp-json\/wp\/v2\/product_tag?post=44034"}],"curies":[{"name":"wp","href":"https:\/\/api.w.org\/{rel}","templated":true}]}}