{"id":44047,"date":"2025-03-27T10:01:32","date_gmt":"2025-03-27T01:01:32","guid":{"rendered":"https:\/\/listman.shop\/autoparts-br\/product\/33051736648\/"},"modified":"2026-05-04T15:42:16","modified_gmt":"2026-05-04T06:42:16","slug":"33051736648","status":"publish","type":"product","link":"https:\/\/listman.shop\/autoparts-br\/product\/33051736648\/","title":{"rendered":"Philips Crystal Vision H1 H4 H7 H11 HB2 HB3 HB4 9003 9005 9006 12V CV 4300K Farol de halog\u00eanio para carro branco brilhante l\u00e2mpada autom\u00e1tica (dupla)"},"content":{"rendered":"<div class=\"detailmodule_html\">\n<div class=\"detail-desc-decorate-richtext\">\n<div class=\"detailmodule_text\">\n<p style=\"font-family:OpenSans;font-size:14px;font-weight:300;line-height:20px;white-space:pre-wrap;margin-bottom:12px\" class=\"detail-desc-decorate-content\">L&acirc;mpadas laterais gratuitas com cada compra: Cada pacote duplo de l&acirc;mpadas de farol CrystalVision vem com um conjunto gratuito de luzes laterais Philips CrystalVision W5W, para que voc&ecirc; possa melhorar o estilo e a ilumina&ccedil;&atilde;o do seu ve&iacute;culo ainda mais por menos!<\/p>\n<\/div>\n<div class=\"detailmodule_text\">\n<p style=\"font-family:OpenSans;font-size:20px;font-weight:900;line-height:28px;white-space:pre-wrap;margin-bottom:12px\" class=\"detail-desc-decorate-title\">Por que comprar a Philips Crystal Vision H1 H4 H7 H11 HB2 HB3 HB4 9003 9005 9006 12V CV 4300K L&acirc;mpada de cabe&ccedil;a hal&oacute;gena para carro branca brilhante (win)?<\/p>\n<p style=\"font-family:OpenSans;font-size:14px;font-weight:300;line-height:20px;white-space:pre-wrap;margin-bottom:12px\" class=\"detail-desc-decorate-content\">Se voc&ecirc; est&aacute; procurando uma l&acirc;mpada de farol atualizada com estilo, d&ecirc; uma olhada no Philips Crystal Vision.A temperatura de cor de 4300K dessas l&acirc;mpadas atinge uma combina&ccedil;&atilde;o de cores pr&oacute;xima aos far&oacute;is HID instalados de f&aacute;brica, proporcionando uma cor branca fresca e elegante na estrada.As l&acirc;mpadas Crystal Vision s&atilde;o fabricadas na Alemanha pelos principais fabricantes mundiais da Philips, para que voc&ecirc; tenha certeza de que est&aacute; aproveitando o melhor das melhores.<\/p>\n<p>As l&acirc;mpadas automotivas Philips Crystal Vision n&atilde;o est&atilde;o em conformidade com os regulamentos ECE R37 e n&atilde;o s&atilde;o legais na estrada.Portanto, n&atilde;o nos responsabilizamos legalmente por qualquer a&ccedil;&atilde;o futura relacionada ao uso dessas l&acirc;mpadas legais n&atilde;o rodovi&aacute;rias se usadas em rodovias p&uacute;blicas ou em qualquer outra situa&ccedil;&atilde;o na estrada.<\/p>\n<\/div>\n<div class=\"detailmodule_text\">\n<p style=\"font-family:OpenSans;font-size:20px;font-weight:900;line-height:28px;white-space:pre-wrap;margin-bottom:12px\" class=\"detail-desc-decorate-title\">Recursos e benef&iacute;cios<\/p>\n<p style=\"font-family:OpenSans;font-size:14px;font-weight:300;line-height:20px;white-space:pre-wrap;margin-bottom:12px\" class=\"detail-desc-decorate-content\">-L&acirc;mpada prateada<br \/>-Um reflexo distinto<br \/>-Luz branca extrema<br \/>-Para o visual do HID<br \/>-Tenha em aten&ccedil;&atilde;o que essas l&acirc;mpadas Crystal Vision n&atilde;o s&atilde;o legais na estrada na UE<br \/>-Inclui conjunto gratuito de luzes laterais W5W correspondentes<br \/>-Fabricado na Alemanha ou Pol&ocirc;nia ou China depende do lote de produ&ccedil;&atilde;o<\/p>\n<\/div>\n<div class=\"detailmodule_text\">\n<p style=\"font-family:OpenSans;font-size:20px;font-weight:900;line-height:28px;white-space:pre-wrap;margin-bottom:12px\" class=\"detail-desc-decorate-title\">Especifica&ccedil;&atilde;o<\/p>\n<p style=\"font-family:OpenSans;font-size:14px;font-weight:300;line-height:20px;white-space:pre-wrap;margin-bottom:12px\" class=\"detail-desc-decorate-content\">&#8211; N&uacute;mero de l&acirc;mpadas: 2 l&acirc;mpadas + 2 l&acirc;mpadas T10<br \/>Encaixe: H1 H4 H7 H11 9003 9005 9006 HB2 HB3 HB4<br \/>Tipo de l&acirc;mpada: estilo<br \/>Legal rodovi&aacute;rio: N&atilde;o<br \/>Tecnologia: hal&oacute;gena<br \/>Classifica&ccedil;&atilde;o Kelvin: 4300K<br \/>Tens&atilde;o: 12V<br \/>Base: H1 (P14.5s), H4 (P43t), H7 (PX26d), H11 (PGJ19-1), 9005 (P20d), 9006 (P22d)<br \/>&#8211; Faixa: CrystalVision<br \/>&#8211; SKU: H1-12258CVSM, H4-12342CVSM, H7-12972CVSM, H11-12362CVSM, HB3-9005CVSM, HB49006CVSM<br \/>&#8211; Condi&ccedil;&atilde;o: Novo<br \/>&#8211; Garantia: 1 ano<\/p>\n<\/div>\n<div class=\"detailmodule_image\">\n <img data-recalc-dims=\"1\" decoding=\"async\" style=\"margin-bottom:10px\" class=\"detail-desc-decorate-image\" src=\"https:\/\/i0.wp.com\/ae01.alicdn.com\/kf\/H24f5b7ebf0c549cc993cc0c2a9d1d1897.jpg?w=1200&#038;ssl=1\" \/><br \/>\n <img data-recalc-dims=\"1\" decoding=\"async\" style=\"margin-bottom:10px\" class=\"detail-desc-decorate-image\" src=\"https:\/\/i0.wp.com\/ae01.alicdn.com\/kf\/Hdff9331ef9734c5ea459056da104e396q.jpg?w=1200&#038;ssl=1\" \/><br \/>\n <img data-recalc-dims=\"1\" decoding=\"async\" style=\"margin-bottom:10px\" class=\"detail-desc-decorate-image\" src=\"https:\/\/i0.wp.com\/ae01.alicdn.com\/kf\/H90d171cc77534cd5af98d6051f325c6aw.jpg?w=1200&#038;ssl=1\" \/><br \/>\n <img data-recalc-dims=\"1\" decoding=\"async\" style=\"margin-bottom:10px\" class=\"detail-desc-decorate-image\" src=\"https:\/\/i0.wp.com\/ae01.alicdn.com\/kf\/H5214bf4bb59c4d789f58a5bfeaf8f1dcA.jpg?w=1200&#038;ssl=1\" \/><br \/>\n <img data-recalc-dims=\"1\" decoding=\"async\" style=\"margin-bottom:10px\" class=\"detail-desc-decorate-image\" src=\"https:\/\/i0.wp.com\/ae01.alicdn.com\/kf\/H5afb48290427464d8335bb9cb6fc58f3q.jpg?w=1200&#038;ssl=1\" \/><br \/>\n <img data-recalc-dims=\"1\" decoding=\"async\" style=\"margin-bottom:10px\" class=\"detail-desc-decorate-image\" src=\"https:\/\/i0.wp.com\/ae01.alicdn.com\/kf\/H9997a80c301a494e8ce4d09fde9706ady.jpg?w=1200&#038;ssl=1\" \/>\n<\/div>\n<div class=\"detailmodule_image\">\n <img data-recalc-dims=\"1\" decoding=\"async\" class=\"detail-desc-decorate-image\" src=\"https:\/\/i0.wp.com\/ae01.alicdn.com\/kf\/H5a7ffe7bdd374a13acfed4f2b99ceb80O.jpg?w=1200&#038;ssl=1\" \/><br \/>\n <img data-recalc-dims=\"1\" decoding=\"async\" class=\"detail-desc-decorate-image\" src=\"https:\/\/i0.wp.com\/ae01.alicdn.com\/kf\/H869bf6d00ecd45aaa96161e11d1b62f80.jpg?w=1200&#038;ssl=1\" \/><br \/>\n <img data-recalc-dims=\"1\" decoding=\"async\" style=\"margin-bottom:10px\" class=\"detail-desc-decorate-image\" src=\"https:\/\/i0.wp.com\/ae01.alicdn.com\/kf\/Sb2b8ff08384343afa0848728d3e2269cQ.jpg?w=1200&#038;ssl=1\" \/>\n<\/div>\n<p><\/p>\n<\/div>\n<\/div>\n","protected":false},"excerpt":{"rendered":"<p>L&acirc;mpadas laterais gratuitas com cada compra: Cada pacote duplo de l&acirc;mpadas de farol CrystalVision vem com um conjunto gratuito de luzes laterais Philips CrystalVision W5W, para que voc&ecirc; possa melhorar o estilo e a ilumina&ccedil;&atilde;o do seu ve&iacute;culo ainda mais por menos! Por que comprar a Philips Crystal Vision H1 H4 H7 H11 HB2 HB3&hellip;&nbsp;<\/p>\n","protected":false},"featured_media":44041,"template":"","meta":{"neve_meta_sidebar":"","neve_meta_container":"","neve_meta_enable_content_width":"","neve_meta_content_width":0,"neve_meta_title_alignment":"","neve_meta_author_avatar":"","neve_post_elements_order":"","neve_meta_disable_header":"","neve_meta_disable_footer":"","neve_meta_disable_title":""},"product_brand":[],"product_cat":[55,19,17],"product_tag":[],"class_list":{"0":"post-44047","1":"product","2":"type-product","3":"status-publish","4":"has-post-thumbnail","6":"product_cat-lampadas-para-farois-halogenas","7":"product_cat-luzes-automotivas","8":"product_cat-pecas-e-acessorios-automotivos","10":"first","11":"instock","12":"shipping-taxable","13":"purchasable","14":"product-type-variable","15":"has-default-attributes"},"jetpack_sharing_enabled":true,"_links":{"self":[{"href":"https:\/\/listman.shop\/autoparts-br\/wp-json\/wp\/v2\/product\/44047","targetHints":{"allow":["GET"]}}],"collection":[{"href":"https:\/\/listman.shop\/autoparts-br\/wp-json\/wp\/v2\/product"}],"about":[{"href":"https:\/\/listman.shop\/autoparts-br\/wp-json\/wp\/v2\/types\/product"}],"wp:featuredmedia":[{"embeddable":true,"href":"https:\/\/listman.shop\/autoparts-br\/wp-json\/wp\/v2\/media\/44041"}],"wp:attachment":[{"href":"https:\/\/listman.shop\/autoparts-br\/wp-json\/wp\/v2\/media?parent=44047"}],"wp:term":[{"taxonomy":"product_brand","embeddable":true,"href":"https:\/\/listman.shop\/autoparts-br\/wp-json\/wp\/v2\/product_brand?post=44047"},{"taxonomy":"product_cat","embeddable":true,"href":"https:\/\/listman.shop\/autoparts-br\/wp-json\/wp\/v2\/product_cat?post=44047"},{"taxonomy":"product_tag","embeddable":true,"href":"https:\/\/listman.shop\/autoparts-br\/wp-json\/wp\/v2\/product_tag?post=44047"}],"curies":[{"name":"wp","href":"https:\/\/api.w.org\/{rel}","templated":true}]}}