{"id":44066,"date":"2025-03-27T10:02:26","date_gmt":"2025-03-27T01:02:26","guid":{"rendered":"https:\/\/listman.shop\/autoparts-br\/product\/4000337543030\/"},"modified":"2026-04-14T15:02:07","modified_gmt":"2026-04-14T06:02:07","slug":"4000337543030","status":"publish","type":"product","link":"https:\/\/listman.shop\/autoparts-br\/product\/4000337543030\/","title":{"rendered":"OEM A 2229003300   para 13-16 Mercedes CLA 250 45 Reator de Xenon 130732931500   M\u00f3dulo de computador da unidade de controle HID A 2229003300   Q02"},"content":{"rendered":"<div class=\"detailmodule_html\">\n<div class=\"detail-desc-decorate-richtext\">\n<div><\/div>\n<div style=\"font-size:0px;overflow:hidden\"><\/div>\n<div style=\"font-size:0px;overflow:hidden\"><\/div>\n<p><span style=\"font-family:arial, helvetica, sans-serif\"><strong><span style=\"font-family:arial, helvetica, sans-serif\"><span style=\"font-size:24px;font-family:arial, helvetica, sans-serif\">OEM A2229003300 Para 13-16 Mercedes CLA 250 45 reator de xen\u00f4nio130732931500 M\u00f3dulo de computador da unidade de controle HID A2229003300 Q02<\/span><\/span><\/strong><\/span><\/p>\n<div>\n<div>\n<div>\n<div><span style=\"font-size:14px;, sans-serif\"><strong><span style=\"font-size:18px;font-family:arial, helvetica, sans-serif\">Descri\u00e7\u00e3o do produto:<\/span><\/strong><\/span><\/div>\n<p style=\", sans-serif;font-size:14px;font-weight:400;letter-spacing:normal;line-height:inherit;text-align:start;white-space:normal;margin:0px;margin-bottom:0px;margin-top:0px;margin-left:0px;margin-right:0px;padding:0px;padding-bottom:0px;padding-top:0px;padding-left:0px;padding-right:0px\" align=\"start\"><span style=\"font-size:16px;font-family:arial, helvetica, sans-serif\">-100% novo, 100% testado na f\u00e1brica.<\/span><\/p>\n<p style=\", sans-serif;font-size:14px;font-weight:400;letter-spacing:normal;line-height:inherit;text-align:start;white-space:normal;margin:0px;margin-bottom:0px;margin-top:0px;margin-left:0px;margin-right:0px;padding:0px;padding-bottom:0px;padding-top:0px;padding-left:0px;padding-right:0px\" align=\"start\"><span style=\"font-size:16px;font-family:arial, helvetica, sans-serif\">-Marcas l\u00edderes globais, populares entre os clientes.<\/span><\/p>\n<p style=\", sans-serif;font-size:14px;font-weight:400;letter-spacing:normal;line-height:inherit;text-align:start;white-space:normal;margin:0px;margin-bottom:0px;margin-top:0px;margin-left:0px;margin-right:0px;padding:0px;padding-bottom:0px;padding-top:0px;padding-left:0px;padding-right:0px\" align=\"start\"><span style=\"font-size:16px;font-family:arial, helvetica, sans-serif\">-Suporte t\u00e9cnico vital\u00edcio das marcas Malcayang.<\/span><\/p>\n<p style=\", sans-serif;font-size:14px;font-weight:400;letter-spacing:normal;line-height:inherit;text-align:start;white-space:normal;margin:0px;margin-bottom:0px;margin-top:0px;margin-left:0px;margin-right:0px;padding:0px;padding-bottom:0px;padding-top:0px;padding-left:0px;padding-right:0px\" align=\"start\"><span style=\"font-size:16px;font-family:arial, helvetica, sans-serif\">-Pre\u00e7o competitivo com servi\u00e7o profissional e alto padr\u00e3o de qualidade.<\/span><\/p>\n<p style=\", sans-serif;font-size:14px;font-weight:400;letter-spacing:normal;line-height:inherit;text-align:start;white-space:normal;margin:0px;margin-bottom:0px;margin-top:0px;margin-left:0px;margin-right:0px;padding:0px;padding-bottom:0px;padding-top:0px;padding-left:0px;padding-right:0px\" align=\"start\"><span style=\"font-size:16px;font-family:arial, helvetica, sans-serif\">-Confirme o n\u00famero das pe\u00e7as antes da compra ou forne\u00e7a o formato da imagem original do produto.<\/span><\/p>\n<p style=\", sans-serif;font-size:14px;font-weight:400;letter-spacing:normal;line-height:inherit;text-align:start;white-space:normal;margin:0px;margin-bottom:0px;margin-top:0px;margin-left:0px;margin-right:0px;padding:0px;padding-bottom:0px;padding-top:0px;padding-left:0px;padding-right:0px\" align=\"start\"><span style=\"font-size:16px;font-family:arial, helvetica, sans-serif\">-Tem diferen\u00e7a de modelo e aplica\u00e7\u00e3o.Ano em mercados diferentes.<\/span><\/p>\n<p style=\", sans-serif;font-size:14px;font-weight:400;letter-spacing:normal;line-height:inherit;text-align:start;white-space:normal;margin:0px;margin-bottom:0px;margin-top:0px;margin-left:0px;margin-right:0px;padding:0px;padding-bottom:0px;padding-top:0px;padding-left:0px;padding-right:0px\" align=\"start\"><span style=\"font-size:16px;font-family:arial, helvetica, sans-serif\">-Este \u00e9 um item de reposi\u00e7\u00e3o p\u00f3s-venda, mas n\u00e3o \u00e9 genu\u00edno.<\/span><\/p>\n<div><\/div>\n<p style=\"font-family:arial, helvetica;font-size:14px;font-weight:400;letter-spacing:normal;line-height:15.6px;text-align:start;white-space:normal;border:0px;margin:0px;margin-bottom:0px;margin-top:0px;margin-left:0px;margin-right:0px;padding:0px 0px 0px 0em;padding-bottom:0px;padding-top:0px;padding-right:0px\" align=\"start\"><span style=\"font-family:arial, helvetica, sans-serif\"><span style=\"font-size:18px;font-family:arial, helvetica, sans-serif\"><span style=\"font-family:arial, helvetica, sans-serif\"><span style=\"font-family:arial, helvetica, sans-serif\"><strong>N\u00famero de pe\u00e7a substitu\u00edvel:<\/strong><\/span><\/span><\/span><\/span><\/p>\n<div style=\", Arial, Helvetica, sans-serif, Heiti;font-size:14px\">\n<div><span style=\"font-size:16px;font-family:arial, helvetica, sans-serif\">Para n\u00famero da pe\u00e7a Mercedes no reator:2229003300<\/span><\/div>\n<div><span style=\"font-size:16px;font-family:arial, helvetica, sans-serif\">Para n\u00famero da pe\u00e7a AL:130732931500 ou130732931515<\/span><\/div>\n<div><\/div>\n<div>\n<p><span style=\"font-size:14px;, sans-serif\"><strong><span style=\"font-size:18px;font-family:arial, helvetica, sans-serif\">Compat\u00edvel com:<\/span><\/strong><\/span><\/p>\n<p><span style=\"font-size:16px;font-family:arial, helvetica, sans-serif\">Para 2013-2016 Mercedes CLA 180, 200, 250, 45Para 2014-2017 Mercedes GLA 250, 45<\/span><\/p>\n<p><span style=\"font-size:16px;font-family:arial, helvetica, sans-serif\">Para Alfa Romeo Stelvio 2017-2018<\/span><\/p>\n<p><span style=\"font-size:16px;font-family:arial, helvetica, sans-serif\">Para Alfa Roma Giulia 2017-2019<\/span><\/p>\n<p><span style=\"font-size:16px;font-family:arial, helvetica, sans-serif\">Para Land Rover Range Rover HSE 2010-2012<\/span><\/p>\n<p><span style=\"font-size:16px;font-family:arial, helvetica, sans-serif\">Para Land Rover Range Rover 2010-2012<\/span><\/p>\n<p><span style=\"font-size:16px;font-family:arial, helvetica, sans-serif\">Para Volvo C30 T5 2010-2013<\/span><\/p>\n<p><span style=\"font-size:16px;font-family:arial, helvetica, sans-serif\">Para Volvo C70 T5 2010-2013<\/span><\/p>\n<p><span style=\"font-size:16px;font-family:arial, helvetica, sans-serif\">Para Cadillac CTS 2014-2019<\/span><\/p>\n<p><span style=\"font-size:16px;font-family:arial, helvetica, sans-serif\">Para Cadillac XTS 2013-2017<\/span><\/p>\n<p><span style=\"font-size:16px;font-family:arial, helvetica, sans-serif\">Para Chevy Camaro 2016-2020<\/span><\/p>\n<p><span style=\"font-size:16px;font-family:arial, helvetica, sans-serif\">Para Maserati Ghibli 2014-2016<\/span><\/p>\n<div><\/div>\n<div style=\"text-align:-webkit-center\" align=\"-webkit-center\">\n<div style=\"text-align:center\" align=\"center\">\n<div style=\", Arial, Helvetica, sans-serif, Heiti;font-size:14px;font-weight:400;letter-spacing:normal;text-align:start;white-space:normal;margin:0px;margin-bottom:0px;margin-top:0px;margin-left:0px;margin-right:0px;padding:0px 0px 0px 0em;padding-bottom:0px;padding-top:0px;padding-right:0px\" align=\"start\"><strong><span style=\"font-size:18px;font-family:arial, helvetica, sans-serif\">Nota:<\/span><\/strong><\/div>\n<div style=\", Arial, Helvetica, sans-serif, Heiti;font-size:14px;font-weight:400;letter-spacing:normal;text-align:start;white-space:normal;margin:0px;margin-bottom:0px;margin-top:0px;margin-left:0px;margin-right:0px;padding:0px 0px 0px 0em;padding-bottom:0px;padding-top:0px;padding-right:0px\" align=\"start\">\n<div style=\", sans-serif;margin:0px;margin-bottom:0px;margin-top:0px;margin-left:0px;margin-right:0px;padding:0px 0px 0px 0em;padding-bottom:0px;padding-top:0px;padding-right:0px\"><span><span style=\"font-family:arial, helvetica, sans-serif\"><span style=\"font-size:16px\">-As instru\u00e7\u00f5es de instala\u00e7\u00e3o N\u00c3O est\u00e3o inclu\u00eddas.<\/span><\/span><\/span><span style=\"font-size:16px;font-family:arial, helvetica, sans-serif\">A instala\u00e7\u00e3o profissional \u00e9 altamente recomendada.<\/span><\/div>\n<div style=\", sans-serif;margin:0px;margin-bottom:0px;margin-top:0px;margin-left:0px;margin-right:0px;padding:0px 0px 0px 0em;padding-bottom:0px;padding-top:0px;padding-right:0px\"><span><span style=\"font-family:arial, helvetica, sans-serif\"><span style=\"font-size:16px\">-Devido \u00e0 diferen\u00e7a de luz e tela, a cor do item pode ser ligeiramente diferente das imagens.<\/span><\/span><\/span><\/div>\n<\/div>\n<div style=\", sans-serif;font-size:14px;font-weight:400;letter-spacing:normal;text-align:start;white-space:normal;margin:0px;margin-bottom:0px;margin-top:0px;margin-left:0px;margin-right:0px;padding:0px 0px 0px 0em;padding-bottom:0px;padding-top:0px;padding-right:0px\" align=\"start\"><span style=\"font-size:16px;font-family:arial, helvetica, sans-serif\">-Por favor, permita diferen\u00e7as de 1-2mm devido \u00e0 medi\u00e7\u00e3o manual.<\/span><img data-recalc-dims=\"1\" decoding=\"async\" src=\"https:\/\/i0.wp.com\/ae01.alicdn.com\/kf\/H052f41388956430bae6c7e03387e328cg.jpg?w=1200&#038;ssl=1\"><img data-recalc-dims=\"1\" decoding=\"async\" src=\"https:\/\/i0.wp.com\/ae01.alicdn.com\/kf\/Ha59bb88224a14e579c3b7a29d0a199b9X.jpg?w=1200&#038;ssl=1\"><img data-recalc-dims=\"1\" decoding=\"async\" src=\"https:\/\/i0.wp.com\/ae01.alicdn.com\/kf\/H13b35abc8b04477a9523f8722fecca615.jpg?w=1200&#038;ssl=1\"><\/div>\n<\/div>\n<\/div>\n<\/div>\n<\/div>\n<\/div>\n<\/div>\n<\/div>\n<div style=\", Arial, Helvetica, sans-serif, Heiti;font-size:14px\"><img data-recalc-dims=\"1\" loading=\"lazy\" decoding=\"async\" width=\"1000\" height=\"1000\" src=\"https:\/\/i0.wp.com\/ae01.alicdn.com\/kf\/H9b043dce6756463f8abe6ec4689dd1a4h.jpg?resize=1000%2C1000&#038;ssl=1\"><img data-recalc-dims=\"1\" decoding=\"async\" style=\"margin:0px;margin-bottom:0px;margin-top:0px;margin-left:0px;margin-right:0px;padding:0px;padding-bottom:0px;padding-top:0px;padding-left:0px;padding-right:0px;max-width:100%\" src=\"https:\/\/i0.wp.com\/ae01.alicdn.com\/kf\/HTB1UqzLJFXXXXazXVXXq6xXFXXXk\/221461018\/HTB1UqzLJFXXXXazXVXXq6xXFXXXk.jpg?w=1200&#038;ssl=1\"><\/div>\n<div style=\", sans-serif;font-size:14px;font-weight:400;letter-spacing:normal;text-align:start;white-space:normal;margin:0px;margin-bottom:0px;margin-top:0px;margin-left:0px;margin-right:0px;padding:0px 0px 0px 0em;padding-bottom:0px;padding-top:0px;padding-right:0px\" align=\"start\">\n<div style=\"margin:0px;margin-bottom:0px;margin-top:0px;margin-left:0px;margin-right:0px;padding:0px 0px 0px 0em;padding-bottom:0px;padding-top:0px;padding-right:0px\">\n<div style=\"margin:0px;margin-bottom:0px;margin-top:0px;margin-left:0px;margin-right:0px;padding:0px 0px 0px 0em;padding-bottom:0px;padding-top:0px;padding-right:0px\">\n<p style=\", sans-serif;font-size:14px;font-weight:400;letter-spacing:normal;line-height:inherit;text-align:start;white-space:normal;margin:0px;margin-bottom:0px;margin-top:0px;margin-left:0px;margin-right:0px;padding:0px 0px 0px 0em;padding-bottom:0px;padding-top:0px;padding-right:0px\" align=\"start\"><span style=\"font-size:16px;font-family:arial, helvetica, sans-serif\">1.TRANSPORTE MUNDIAL.(Exceto alguns pa\u00edses e APO\/FPO)<br \/>2.Pedidos processados em tempo h\u00e1bil ap\u00f3s a verifica\u00e7\u00e3o do pagamento.<br \/>3.Enviamos apenas para endere\u00e7os de pedidos confirmados.O endere\u00e7o do seu pedido DEVE CORRESPONDER ao seu endere\u00e7o de entrega.<br \/>4.As imagens mostradas n\u00e3o s\u00e3o o item real e s\u00e3o apenas para sua refer\u00eancia.<br \/>5.O TEMPO DE TR\u00c2NSITO DO SERVI\u00c7O \u00e9 fornecido pela transportadora e exclui fins de semana e feriados.Os tempos de tr\u00e2nsito podem variar, especialmente durante a temporada de f\u00e9rias.<\/span><\/p>\n<p style=\", sans-serif;font-size:14px;font-weight:400;letter-spacing:normal;line-height:inherit;text-align:start;white-space:normal;margin:0px;margin-bottom:0px;margin-top:0px;margin-left:0px;margin-right:0px;padding:0px 0px 0px 0em;padding-bottom:0px;padding-top:0px;padding-right:0px\" align=\"start\"><span style=\"font-size:16px;font-family:arial, helvetica, sans-serif\">6.Se voc\u00ea n\u00e3o recebeu sua remessa dentro de 30 dias ap\u00f3s o pagamento, entre em contato conosco.Rastrearemos o envio e entraremos em contato com voc\u00ea o mais breve poss\u00edvel com uma resposta.Nosso objetivo \u00e9 a satisfa\u00e7\u00e3o do cliente!<\/span><\/p>\n<p style=\", sans-serif;font-size:14px;font-weight:400;letter-spacing:normal;line-height:inherit;text-align:start;white-space:normal;margin:0px;margin-bottom:0px;margin-top:0px;margin-left:0px;margin-right:0px;padding:0px 0px 0px 0em;padding-bottom:0px;padding-top:0px;padding-right:0px\" align=\"start\"><span style=\"font-size:16px;font-family:arial, helvetica, sans-serif\">7.Devido ao status do estoque e \u00e0s diferen\u00e7as de hor\u00e1rio, optaremos por enviar seu item do nosso primeiro armaz\u00e9m dispon\u00edvel para entrega r\u00e1pida.<\/span><\/p>\n<p style=\", sans-serif;font-size:14px;font-weight:400;letter-spacing:normal;line-height:inherit;text-align:start;white-space:normal;margin:0px;margin-bottom:0px;margin-top:0px;margin-left:0px;margin-right:0px;padding:0px 0px 0px 0em;padding-bottom:0px;padding-top:0px;padding-right:0px\" align=\"start\"><img data-recalc-dims=\"1\" decoding=\"async\" style=\"margin:0px;margin-bottom:0px;margin-top:0px;margin-left:0px;margin-right:0px;padding:0px;padding-bottom:0px;padding-top:0px;padding-left:0px;padding-right:0px;max-width:100%\" src=\"https:\/\/i0.wp.com\/ae01.alicdn.com\/kf\/HTB1EubRJFXXXXbPXFXXq6xXFXXXY\/221461018\/HTB1EubRJFXXXXbPXFXXq6xXFXXXY.jpg?w=1200&#038;ssl=1\"><\/p>\n<p style=\", sans-serif;font-size:14px;font-weight:400;letter-spacing:normal;line-height:inherit;text-align:start;white-space:normal;margin:0px;margin-bottom:0px;margin-top:0px;margin-left:0px;margin-right:0px;padding:0px 0px 0px 0em;padding-bottom:0px;padding-top:0px;padding-right:0px\" align=\"start\"><span style=\"font-size:16px;font-family:arial, helvetica, sans-serif\">1.Voc\u00ea tem 7 dias para entrar em contato conosco e 30 dias para devolv\u00ea-lo a partir da data em que foi recebido.Se este item estiver em sua posse por mais de 7 dias, ele ser\u00e1 considerado usado e N\u00c3O EMITIREMOS REEMBOLSO OU SUBSTITUI\u00c7\u00c3O.N\u00c3O H\u00c1 EXCE\u00c7\u00d5ES!O custo de envio \u00e9 suportado pela metade pelo vendedor e pelo comprador.<\/span><\/p>\n<p style=\", sans-serif;font-size:14px;font-weight:400;letter-spacing:normal;line-height:inherit;text-align:start;white-space:normal;margin:0px;margin-bottom:0px;margin-top:0px;margin-left:0px;margin-right:0px;padding:0px 0px 0px 0em;padding-bottom:0px;padding-top:0px;padding-right:0px\" align=\"start\"><span style=\"font-size:16px;font-family:arial, helvetica, sans-serif\">2.Todos os itens devolvidos DEVEM ESTAR na embalagem original e voc\u00ea DEVE nos fornecer o n\u00famero de rastreamento da remessa, o motivo espec\u00edfico da devolu\u00e7\u00e3o e seu pedido.<\/span><\/p>\n<p style=\", sans-serif;font-size:14px;font-weight:400;letter-spacing:normal;line-height:inherit;text-align:start;white-space:normal;margin:0px;margin-bottom:0px;margin-top:0px;margin-left:0px;margin-right:0px;padding:0px 0px 0px 0em;padding-bottom:0px;padding-top:0px;padding-right:0px\" align=\"start\"><span style=\"font-size:16px;font-family:arial, helvetica, sans-serif\">3.Reembolsaremos o valor total do seu lance vencedor, ap\u00f3s o recebimento do item em sua condi\u00e7\u00e3o original e embalagem com todos os componentes e acess\u00f3rios inclu\u00eddos, ap\u00f3s o comprador e o vendedor cancelarem a transa\u00e7\u00e3o do aliexpress.OU voc\u00ea pode optar por um substituto.<\/span><\/p>\n<p style=\", sans-serif;font-size:14px;font-weight:400;letter-spacing:normal;line-height:inherit;text-align:start;white-space:normal;margin:0px;margin-bottom:0px;margin-top:0px;margin-left:0px;margin-right:0px;padding:0px 0px 0px 0em;padding-bottom:0px;padding-top:0px;padding-right:0px\" align=\"start\"><span style=\"font-size:16px;font-family:arial, helvetica, sans-serif\">4. arcaremos com todos os custos de envio se o(s) produto(s) n\u00e3o for(em) conforme anunciado(s).<\/span><\/p>\n<p style=\", sans-serif;font-size:14px;font-weight:400;letter-spacing:normal;line-height:inherit;text-align:start;white-space:normal;margin:0px;margin-bottom:0px;margin-top:0px;margin-left:0px;margin-right:0px;padding:0px 0px 0px 0em;padding-bottom:0px;padding-top:0px;padding-right:0px\" align=\"start\"><img data-recalc-dims=\"1\" decoding=\"async\" style=\"margin:0px;margin-bottom:0px;margin-top:0px;margin-left:0px;margin-right:0px;padding:0px;padding-bottom:0px;padding-top:0px;padding-left:0px;padding-right:0px;max-width:100%\" src=\"https:\/\/i0.wp.com\/ae01.alicdn.com\/kf\/HTB1ME26JFXXXXcNXXXXq6xXFXXXk\/221461018\/HTB1ME26JFXXXXcNXXXXq6xXFXXXk.jpg?w=1200&#038;ssl=1\"><\/p>\n<p style=\", sans-serif;font-size:14px;font-weight:400;letter-spacing:normal;line-height:inherit;text-align:start;white-space:normal;margin:0px;margin-bottom:0px;margin-top:0px;margin-left:0px;margin-right:0px;padding:0px 0px 0px 0em;padding-bottom:0px;padding-top:0px;padding-right:0px\" align=\"start\"><span style=\"font-size:16px;font-family:arial, helvetica, sans-serif\">1.12 meses de garantia limitada do fabricante para itens defeituosos (excluindo itens danificados e\/ou mal utilizados ap\u00f3s o recebimento).Os acess\u00f3rios v\u00eam com garantia de 3 meses.<\/span><\/p>\n<p style=\", sans-serif;font-size:14px;font-weight:400;letter-spacing:normal;line-height:inherit;text-align:start;white-space:normal;margin:0px;margin-bottom:0px;margin-top:0px;margin-left:0px;margin-right:0px;padding:0px 0px 0px 0em;padding-bottom:0px;padding-top:0px;padding-right:0px\" align=\"start\"><span style=\"font-size:16px;font-family:arial, helvetica, sans-serif\">2.Itens defeituosos DEVEM SER relatados e devolvidos dentro do per\u00edodo de garantia (e na embalagem original, se poss\u00edvel).Voc\u00ea deve nos informar qual \u00e9 o defeito e nos fornecer o n\u00famero do seu pedido.N\u00c3O REPARAMOS OU SUBSTITUIMOS ITENS COM GARANTIA EXPIRADA.<\/span><\/p>\n<p style=\", sans-serif;font-size:14px;font-weight:400;letter-spacing:normal;line-height:inherit;text-align:start;white-space:normal;margin:0px;margin-bottom:0px;margin-top:0px;margin-left:0px;margin-right:0px;padding:0px 0px 0px 0em;padding-bottom:0px;padding-top:0px;padding-right:0px\" align=\"start\"><span style=\"font-size:16px;font-family:arial, helvetica, sans-serif\">Voc\u00ea concorda com todas as pol\u00edticas listadas acima ao fazer um pedido no aliexpress!<\/span><\/p>\n<p style=\", sans-serif;font-size:14px;font-weight:400;letter-spacing:normal;line-height:inherit;text-align:start;white-space:normal;margin:0px;margin-bottom:0px;margin-top:0px;margin-left:0px;margin-right:0px;padding:0px 0px 0px 0em;padding-bottom:0px;padding-top:0px;padding-right:0px\" align=\"start\"><img data-recalc-dims=\"1\" decoding=\"async\" style=\"margin:0px;margin-bottom:0px;margin-top:0px;margin-left:0px;margin-right:0px;padding:0px;padding-bottom:0px;padding-top:0px;padding-left:0px;padding-right:0px;max-width:100%\" src=\"https:\/\/i0.wp.com\/ae01.alicdn.com\/kf\/HTB1PPf1JFXXXXbcXpXXq6xXFXXXP\/221461018\/HTB1PPf1JFXXXXbcXpXXq6xXFXXXP.jpg?w=1200&#038;ssl=1\"><\/p>\n<p style=\", sans-serif;font-size:14px;font-weight:400;letter-spacing:normal;line-height:inherit;text-align:start;white-space:normal;margin:0px;margin-bottom:0px;margin-top:0px;margin-left:0px;margin-right:0px;padding:0px 0px 0px 0em;padding-bottom:0px;padding-top:0px;padding-right:0px\" align=\"start\"><span style=\"font-size:16px;font-family:arial, helvetica, sans-serif\">Mantemos altos padr\u00f5es de excel\u00eancia e buscamos 100% de satisfa\u00e7\u00e3o do cliente! O feedback \u00e9 muito importante Solicitamos que voc\u00ea entre em contato conosco imediatamente ANTES de nos dar um feedback neutro ou negativo, para que possamos resolver suas preocupa\u00e7\u00f5es de forma satisfat\u00f3ria. \u00c9 imposs\u00edvel resolver problemas se n\u00e3o tivermos conhecimento deles!<\/span><\/p>\n<\/div>\n<\/div>\n<\/div>\n<p><\/p>\n<\/div>\n<\/div>\n","protected":false},"excerpt":{"rendered":"<p>OEM A2229003300 Para 13-16 Mercedes CLA 250 45 reator de xen\u00f4nio130732931500 M\u00f3dulo de computador da unidade de controle HID A2229003300 Q02 Descri\u00e7\u00e3o do produto: -100% novo, 100% testado na f\u00e1brica. -Marcas l\u00edderes globais, populares entre os clientes. -Suporte t\u00e9cnico vital\u00edcio das marcas Malcayang. -Pre\u00e7o competitivo com servi\u00e7o profissional e alto padr\u00e3o de qualidade. -Confirme o&hellip;&nbsp;<\/p>\n","protected":false},"featured_media":44060,"template":"","meta":{"neve_meta_sidebar":"","neve_meta_container":"","neve_meta_enable_content_width":"","neve_meta_content_width":0,"neve_meta_title_alignment":"","neve_meta_author_avatar":"","neve_post_elements_order":"","neve_meta_disable_header":"","neve_meta_disable_footer":"","neve_meta_disable_title":""},"product_brand":[],"product_cat":[48,19,17],"product_tag":[],"class_list":{"0":"post-44066","1":"product","2":"type-product","3":"status-publish","4":"has-post-thumbnail","6":"product_cat-lentes-e-acessorios-para-projetores","7":"product_cat-luzes-automotivas","8":"product_cat-pecas-e-acessorios-automotivos","10":"first","11":"instock","12":"shipping-taxable","13":"purchasable","14":"product-type-variable"},"jetpack_sharing_enabled":true,"_links":{"self":[{"href":"https:\/\/listman.shop\/autoparts-br\/wp-json\/wp\/v2\/product\/44066","targetHints":{"allow":["GET"]}}],"collection":[{"href":"https:\/\/listman.shop\/autoparts-br\/wp-json\/wp\/v2\/product"}],"about":[{"href":"https:\/\/listman.shop\/autoparts-br\/wp-json\/wp\/v2\/types\/product"}],"wp:featuredmedia":[{"embeddable":true,"href":"https:\/\/listman.shop\/autoparts-br\/wp-json\/wp\/v2\/media\/44060"}],"wp:attachment":[{"href":"https:\/\/listman.shop\/autoparts-br\/wp-json\/wp\/v2\/media?parent=44066"}],"wp:term":[{"taxonomy":"product_brand","embeddable":true,"href":"https:\/\/listman.shop\/autoparts-br\/wp-json\/wp\/v2\/product_brand?post=44066"},{"taxonomy":"product_cat","embeddable":true,"href":"https:\/\/listman.shop\/autoparts-br\/wp-json\/wp\/v2\/product_cat?post=44066"},{"taxonomy":"product_tag","embeddable":true,"href":"https:\/\/listman.shop\/autoparts-br\/wp-json\/wp\/v2\/product_tag?post=44066"}],"curies":[{"name":"wp","href":"https:\/\/api.w.org\/{rel}","templated":true}]}}