{"id":44074,"date":"2025-03-27T10:02:44","date_gmt":"2025-03-27T01:02:44","guid":{"rendered":"https:\/\/listman.shop\/autoparts-br\/product\/4000590796445\/"},"modified":"2026-04-14T15:15:18","modified_gmt":"2026-04-14T06:15:18","slug":"4000590796445","status":"publish","type":"product","link":"https:\/\/listman.shop\/autoparts-br\/product\/4000590796445\/","title":{"rendered":"Anel de olho de anjo branco e amarelo de algod\u00e3o LED 60mm 70mm 80mm 90mm 100mm 110mm 120mm Auto DRL Eyes com sinal de giro"},"content":{"rendered":"<div class=\"detailmodule_html\">\n<div class=\"detail-desc-decorate-richtext\">\n<div class=\"detailmodule_html\">\n<div class=\"detail-desc-decorate-richtext\">\n<div>\n<div>\n<div>\n<div>\n<div style=\", Arial, Helvetica, sans-serif, Heiti;font-size:14px;font-weight:400;letter-spacing:normal;text-align:start;white-space:normal\" align=\"start\">\n<div style=\"text-align:center\" align=\"center\">\n <span style=\"font-size:36px\"><span style=\"font-size:13.3333px\"><span><span style=\"font-size:20px;, Arial, Helvetica, sans-serif\"><strong><span><span style=\", Arial, Helvetica, sans-serif\">&#8212;-Nota: Este produto tem 3 anos de garantia &#8212;<\/span><\/span><\/strong><\/span><\/span><\/span><\/span>\n<\/div>\n<div>\n <span style=\"font-size:13.3333px\"><span style=\"font-size:18px\"><span style=\"font-size:20px;, Arial, Helvetica, sans-serif\"><strong><span style=\"font-size:16px;, Arial, Helvetica, sans-serif\"><\/span><\/strong><\/span><\/span><\/span><br \/>\n <img data-recalc-dims=\"1\" decoding=\"async\" style=\"max-width:100%\" src=\"https:\/\/i0.wp.com\/ae01.alicdn.com\/kf\/H8fc4a46328294e7ca78f7f3d5b3ffcf4E.jpg?w=1200\"><br \/>\n <span style=\"font-size:13.3333px\"><span style=\"font-size:18px\"><span style=\"font-size:20px;, Arial, Helvetica, sans-serif\"><strong><span style=\"font-size:16px;, Arial, Helvetica, sans-serif\"><br \/><\/span><\/strong><\/span><\/span><\/span><br \/>\n <span style=\"font-size:16px\"><br \/><\/span><br \/>\n <img data-recalc-dims=\"1\" decoding=\"async\" src=\"https:\/\/i0.wp.com\/ae01.alicdn.com\/kf\/H817cd47893d44dd1a947fa230ebf7aacN.jpg?w=1200\"><br \/>\n <img data-recalc-dims=\"1\" decoding=\"async\" src=\"https:\/\/i0.wp.com\/ae01.alicdn.com\/kf\/H2235c1f9eb474c19845f1e750d36c960T.jpg?w=1200\"><br \/>\n <img data-recalc-dims=\"1\" decoding=\"async\" src=\"https:\/\/i0.wp.com\/ae01.alicdn.com\/kf\/H7674dac997824b5bacdcc8467285470fL.jpg?w=1200\"><br \/>\n <img data-recalc-dims=\"1\" decoding=\"async\" src=\"https:\/\/i0.wp.com\/ae01.alicdn.com\/kf\/Hadd15ddf3f70479384ad9514aca2fec1w.jpg?w=1200\"><br \/>\n <img data-recalc-dims=\"1\" decoding=\"async\" src=\"https:\/\/i0.wp.com\/ae01.alicdn.com\/kf\/Hf0c9e42d0fbe4943931bd2111ac36e764.jpg?w=1200\"><br \/>\n <img data-recalc-dims=\"1\" decoding=\"async\" src=\"https:\/\/i0.wp.com\/ae01.alicdn.com\/kf\/Hb8b513d2292645de9d67269d7544fd05G.jpg?w=1200\"><br \/>\n <img data-recalc-dims=\"1\" decoding=\"async\" src=\"https:\/\/i0.wp.com\/ae01.alicdn.com\/kf\/H1a20509fd60b4a879a24c9e3146fd06ec.jpg?w=1200\"><br \/>\n <img data-recalc-dims=\"1\" decoding=\"async\" src=\"https:\/\/i0.wp.com\/ae01.alicdn.com\/kf\/H54959115a1f54048b6b241f209e9be1f0.jpg?w=1200\"><br \/>\n <img data-recalc-dims=\"1\" decoding=\"async\" src=\"https:\/\/i0.wp.com\/ae01.alicdn.com\/kf\/Hfc5e43e8889a4d859b12b0a0132ce176v.jpg?w=1200\"><br \/>\n <img data-recalc-dims=\"1\" decoding=\"async\" src=\"https:\/\/i0.wp.com\/ae01.alicdn.com\/kf\/H0b153bf1a32c4f369a219eccd40898689.jpg?w=1200\"><br \/>\n <img data-recalc-dims=\"1\" decoding=\"async\" src=\"https:\/\/i0.wp.com\/ae01.alicdn.com\/kf\/H57bce7bbf7514c909a9f2cf2b9c40458e.jpg?w=1200\"><br \/>\n <img data-recalc-dims=\"1\" decoding=\"async\" src=\"https:\/\/i0.wp.com\/ae01.alicdn.com\/kf\/Hddd1f7597aad477191eb90f8d6278b78q.jpg?w=1200\"><br \/>\n <img data-recalc-dims=\"1\" decoding=\"async\" src=\"https:\/\/i0.wp.com\/ae01.alicdn.com\/kf\/H076d3adf87e041ce9eae70aa8cf420e7y.jpg?w=1200\"><br \/>\n <img data-recalc-dims=\"1\" decoding=\"async\" src=\"https:\/\/i0.wp.com\/ae01.alicdn.com\/kf\/Hf336bb931d114e598238281807ccc1a3N.jpg?w=1200\"><br \/>\n <img data-recalc-dims=\"1\" decoding=\"async\" src=\"https:\/\/i0.wp.com\/ae01.alicdn.com\/kf\/H2bdbcea33a4246eb9bcd0879794327ecL.jpg?w=1200\"><br \/>\n <img data-recalc-dims=\"1\" decoding=\"async\" src=\"https:\/\/i0.wp.com\/ae01.alicdn.com\/kf\/He882a55bbc11460e876f776e1845738fj.jpg?w=1200\"><br \/>\n <img data-recalc-dims=\"1\" decoding=\"async\" src=\"https:\/\/i0.wp.com\/ae01.alicdn.com\/kf\/Hae81a34a30954a7d8afbeec85133c6f1r.jpg?w=1200\">\n<\/div>\n<\/p><\/div>\n<p style=\"border-bottom:0px;border-left:0px;border-right:0px;border-top:0px;margin:0px;margin-bottom:0px;margin-top:0px;margin-left:0px;margin-right:0px;padding:0px;padding-bottom:0px;padding-top:0px;padding-left:0px;padding-right:0px\"><span><strong><span style=\"font-size:18px;font-family:arial, helvetica, sans-serif\">Certificado:<\/span><\/strong><\/span><\/p>\n<p style=\"border-bottom:0px;border-left:0px;border-right:0px;border-top:0px;margin:0px;margin-bottom:0px;margin-top:0px;margin-left:0px;margin-right:0px;padding:0px;padding-bottom:0px;padding-top:0px;padding-left:0px;padding-right:0px;text-align:left\" align=\"left\"><img data-recalc-dims=\"1\" decoding=\"async\" style=\"font-size:0px;color:transparent;border-bottom:0px;border-left:0px;border-right:0px;border-top:0px;margin:0px;margin-bottom:0px;margin-top:0px;margin-left:0px;margin-right:0px;padding:0px;padding-bottom:0px;padding-top:0px;padding-left:0px;padding-right:0px;display:inline\"  src=\"https:\/\/i0.wp.com\/ae01.alicdn.com\/kf\/Hbf37331f603946898133b6493e2689dcC.jpg?w=750\"><\/p>\n<p style=\"border-bottom:0px;border-left:0px;border-right:0px;border-top:0px;margin:0px;margin-bottom:0px;margin-top:0px;margin-left:0px;margin-right:0px;padding:0px;padding-bottom:0px;padding-top:0px;padding-left:0px;padding-right:0px\"><img data-recalc-dims=\"1\" decoding=\"async\" style=\"font-family:arial, helvetica, sans-serif;font-size:0px;font-weight:normal;color:transparent;border-bottom:0px;border-left:0px;border-right:0px;border-top:0px;margin:0px;margin-bottom:0px;margin-top:0px;margin-left:0px;margin-right:0px;padding:0px;padding-bottom:0px;padding-top:0px;padding-left:0px;padding-right:0px\"  src=\"https:\/\/i0.wp.com\/ae01.alicdn.com\/kf\/H0bce503699a24877840c10c5d6d790024.jpg?w=750\"><\/p>\n<h2 style=\"border-bottom:0px;border-left:0px;border-right:0px;border-top:0px;margin:0px 0px 0.75em;margin-bottom:0.75em;margin-top:0px;margin-left:0px;margin-right:0px;padding:0px;padding-bottom:0px;padding-top:0px;padding-left:0px;padding-right:0px\">Envio<\/h2>\n<p style=\"border-bottom:0px;border-left:0px;border-right:0px;border-top:0px;margin:0px;margin-bottom:0px;margin-top:0px;margin-left:0px;margin-right:0px;padding:0px;padding-bottom:0px;padding-top:0px;padding-left:0px;padding-right:0px\">1.Enviamos para todo o mundo, exceto algumas \u00e1reas remotas.<\/p>\n<p style=\"border-bottom:0px;border-left:0px;border-right:0px;border-top:0px;margin:0px;margin-bottom:0px;margin-top:0px;margin-left:0px;margin-right:0px;padding:0px;padding-bottom:0px;padding-top:0px;padding-left:0px;padding-right:0px\">2.Pedidos processados dentro de 24 a 48 horas ap\u00f3s a verifica\u00e7\u00e3o do pagamento.<\/p>\n<p style=\"border-bottom:0px;border-left:0px;border-right:0px;border-top:0px;margin:0px;margin-bottom:0px;margin-top:0px;margin-left:0px;margin-right:0px;padding:0px;padding-bottom:0px;padding-top:0px;padding-left:0px;padding-right:0px\">3.Antes de comprar, verifique se seu endere\u00e7o est\u00e1 correto.Ou n\u00e3o, corrija antes do pagamento.<\/p>\n<p style=\"border-bottom:0px;border-left:0px;border-right:0px;border-top:0px;margin:0px;margin-bottom:0px;margin-top:0px;margin-left:0px;margin-right:0px;padding:0px;padding-bottom:0px;padding-top:0px;padding-left:0px;padding-right:0px\">4.Se voc\u00ea n\u00e3o recebeu sua remessa dentro de 30 dias ap\u00f3s o pagamento, entre em contato conosco.Rastrearemos o envio e entraremos em contato com voc\u00ea o mais breve poss\u00edvel<\/p>\n<p style=\"border-bottom:0px;border-left:0px;border-right:0px;border-top:0px;margin:0px;margin-bottom:0px;margin-top:0px;margin-left:0px;margin-right:0px;padding:0px;padding-bottom:0px;padding-top:0px;padding-left:0px;padding-right:0px\">o mais poss\u00edvel com uma resposta.Nosso objetivo \u00e9 a satisfa\u00e7\u00e3o do cliente!<\/p>\n<p style=\"border-bottom:0px;border-left:0px;border-right:0px;border-top:0px;margin:0px;margin-bottom:0px;margin-top:0px;margin-left:0px;margin-right:0px;padding:0px;padding-bottom:0px;padding-top:0px;padding-left:0px;padding-right:0px\">5.Devido ao status do estoque e \u00e0s diferen\u00e7as de hor\u00e1rio, optaremos por enviar seu item do nosso primeiro armaz\u00e9m dispon\u00edvel para entrega r\u00e1pida.<\/p>\n<p style=\"border-bottom:0px;border-left:0px;border-right:0px;border-top:0px;margin:0px;margin-bottom:0px;margin-top:0px;margin-left:0px;margin-right:0px;padding:0px;padding-bottom:0px;padding-top:0px;padding-left:0px;padding-right:0px\"><img data-recalc-dims=\"1\" decoding=\"async\" style=\"font-family:arial, helvetica, sans-serif;font-size:0px;font-weight:normal;color:transparent;border-bottom:0px;border-left:0px;border-right:0px;border-top:0px;margin:0px;margin-bottom:0px;margin-top:0px;margin-left:0px;margin-right:0px;padding:0px;padding-bottom:0px;padding-top:0px;padding-left:0px;padding-right:0px\"  src=\"https:\/\/i0.wp.com\/ae01.alicdn.com\/kf\/HTB1TWTqbQ5E3KVjSZFCq6zuzXXaD.jpg?w=750\"><\/p>\n<h2 style=\"border-bottom:0px;border-left:0px;border-right:0px;border-top:0px;margin:0px 0px 0.75em;margin-bottom:0.75em;margin-top:0px;margin-left:0px;margin-right:0px;padding:0px;padding-bottom:0px;padding-top:0px;padding-left:0px;padding-right:0px\">Pagamento:<\/h2>\n<p style=\"border-bottom:0px;border-left:0px;border-right:0px;border-top:0px;margin:0px;margin-bottom:0px;margin-top:0px;margin-left:0px;margin-right:0px;padding:0px;padding-bottom:0px;padding-top:0px;padding-left:0px;padding-right:0px\">1.Aceitamos Alipay.Todos os principais cart\u00f5es de cr\u00e9dito s\u00e3o aceitos atrav\u00e9s do COMPROMISSO seguro do processador de pagamento.<\/p>\n<p style=\"border-bottom:0px;border-left:0px;border-right:0px;border-top:0px;margin:0px;margin-bottom:0px;margin-top:0px;margin-left:0px;margin-right:0px;padding:0px;padding-bottom:0px;padding-top:0px;padding-left:0px;padding-right:0px\">2.O pagamento deve ser feito dentro de 3 dias ap\u00f3s o pedido.<\/p>\n<p style=\"border-bottom:0px;border-left:0px;border-right:0px;border-top:0px;margin:0px;margin-bottom:0px;margin-top:0px;margin-left:0px;margin-right:0px;padding:0px;padding-bottom:0px;padding-top:0px;padding-left:0px;padding-right:0px\">3.Se voc\u00ea n\u00e3o puder finalizar a compra imediatamente ap\u00f3s o encerramento do leil\u00e3o, aguarde alguns minutos e tente novamente. Os pagamentos devem ser conclu\u00eddos dentro de 3 dias.<\/p>\n<h2 style=\"border-bottom:0px;border-left:0px;border-right:0px;border-top:0px;margin:0px 0px 0.75em;margin-bottom:0.75em;margin-top:0px;margin-left:0px;margin-right:0px;padding:0px;padding-bottom:0px;padding-top:0px;padding-left:0px;padding-right:0px\">Garantia:<\/h2>\n<p style=\"border-bottom:0px;border-left:0px;border-right:0px;border-top:0px;margin:0px;margin-bottom:0px;margin-top:0px;margin-left:0px;margin-right:0px;padding:0px;padding-bottom:0px;padding-top:0px;padding-left:0px;padding-right:0px\">1.12 meses de garantia do fabricante.Compre com confian\u00e7a!<\/p>\n<p style=\"border-bottom:0px;border-left:0px;border-right:0px;border-top:0px;margin:0px;margin-bottom:0px;margin-top:0px;margin-left:0px;margin-right:0px;padding:0px;padding-bottom:0px;padding-top:0px;padding-left:0px;padding-right:0px\">2.Se voc\u00ea n\u00e3o ficar satisfeito ao receber seu item, devolva-o dentro de 30 dias para substitui\u00e7\u00e3o ou devolu\u00e7\u00e3o do dinheiro.Entre em contato comigo antes de devolv\u00ea-lo.<\/p>\n<p style=\"border-bottom:0px;border-left:0px;border-right:0px;border-top:0px;margin:0px;margin-bottom:0px;margin-top:0px;margin-left:0px;margin-right:0px;padding:0px;padding-bottom:0px;padding-top:0px;padding-left:0px;padding-right:0px\">3.Itens defeituosos DEVEM SER relatados e devolvidos dentro do per\u00edodo de garantia (e na embalagem original, se poss\u00edvel).Voc\u00ea deve nos informar qual \u00e9 o defeito e nos fornecer o n\u00famero do seu pedido.<\/p>\n<p style=\"border-bottom:0px;border-left:0px;border-right:0px;border-top:0px;margin:0px;margin-bottom:0px;margin-top:0px;margin-left:0px;margin-right:0px;padding:0px;padding-bottom:0px;padding-top:0px;padding-left:0px;padding-right:0px\">4.O frete de devolu\u00e7\u00e3o ser\u00e1 pago pelo Comprador.<\/p>\n<h1 style=\"border-bottom:0px;border-left:0px;border-right:0px;border-top:0px;margin:0px 0px 0.5em;margin-bottom:0.5em;margin-top:0px;margin-left:0px;margin-right:0px;padding:0px;padding-bottom:0px;padding-top:0px;padding-left:0px;padding-right:0px\">Pol\u00edticas:<\/h1>\n<p style=\"border-bottom:0px;border-left:0px;border-right:0px;border-top:0px;margin:0px;margin-bottom:0px;margin-top:0px;margin-left:0px;margin-right:0px;padding:0px;padding-bottom:0px;padding-top:0px;padding-left:0px;padding-right:0px\">1.N\u00e3o somos respons\u00e1veis por quaisquer direitos aduaneiros ou impostos de importa\u00e7\u00e3o.<\/p>\n<p style=\"border-bottom:0px;border-left:0px;border-right:0px;border-top:0px;margin:0px;margin-bottom:0px;margin-top:0px;margin-left:0px;margin-right:0px;padding:0px;padding-bottom:0px;padding-top:0px;padding-left:0px;padding-right:0px\">2.Mantemos altos padr\u00f5es de excel\u00eancia e buscamos 100% de satisfa\u00e7\u00e3o do cliente!O feedback \u00e9 muito importante Solicitamos que voc\u00ea entre em contato conosco imediatamente ANTES de nos dar um feedback neutro ou negativo, para que possamos resolver suas preocupa\u00e7\u00f5es de forma satisfat\u00f3ria.\u00c9 imposs\u00edvel resolver<\/p>\n<p style=\"border-bottom:0px;border-left:0px;border-right:0px;border-top:0px;margin:0px;margin-bottom:0px;margin-top:0px;margin-left:0px;margin-right:0px;padding:0px;padding-bottom:0px;padding-top:0px;padding-left:0px;padding-right:0px\">quest\u00f5es se n\u00e3o tivermos conhecimento deles!<\/p>\n<p style=\"border-bottom:0px;border-left:0px;border-right:0px;border-top:0px;margin:0px;margin-bottom:0px;margin-top:0px;margin-left:0px;margin-right:0px;padding:0px;padding-bottom:0px;padding-top:0px;padding-left:0px;padding-right:0px\">3.Todos os e-mails ser\u00e3o respondidos em at\u00e9 um dia \u00fatil.Se voc\u00ea n\u00e3o receber nossa resposta, por favor, reenvie seu e-mail e responderemos conforme<\/p>\n<p style=\"border-bottom:0px;border-left:0px;border-right:0px;border-top:0px;margin:0px;margin-bottom:0px;margin-top:0px;margin-left:0px;margin-right:0px;padding:0px;padding-bottom:0px;padding-top:0px;padding-left:0px;padding-right:0px\">o mais r\u00e1pido poss\u00edvel.<\/p>\n<p style=\"border-bottom:0px;border-left:0px;border-right:0px;border-top:0px;margin:0px;margin-bottom:0px;margin-top:0px;margin-left:0px;margin-right:0px;padding:0px;padding-bottom:0px;padding-top:0px;padding-left:0px;padding-right:0px\">4. Voc\u00ea concorda com todas as pol\u00edticas listadas acima ao licitar e vencer este leil\u00e3o!<\/p>\n<p>\n   <\/div>\n<\/p><\/div>\n<\/p><\/div>\n<\/div>\n<p><\/div>\n<\/div>\n<\/div>\n<\/div>\n","protected":false},"excerpt":{"rendered":"<p>&#8212;-Nota: Este produto tem 3 anos de garantia &#8212; Certificado: Envio 1.Enviamos para todo o mundo, exceto algumas \u00e1reas remotas. 2.Pedidos processados dentro de 24 a 48 horas ap\u00f3s a verifica\u00e7\u00e3o do pagamento. 3.Antes de comprar, verifique se seu endere\u00e7o est\u00e1 correto.Ou n\u00e3o, corrija antes do pagamento. 4.Se voc\u00ea n\u00e3o recebeu sua remessa dentro de&hellip;&nbsp;<\/p>\n","protected":false},"featured_media":44068,"template":"","meta":{"neve_meta_sidebar":"","neve_meta_container":"","neve_meta_enable_content_width":"","neve_meta_content_width":0,"neve_meta_title_alignment":"","neve_meta_author_avatar":"","neve_post_elements_order":"","neve_meta_disable_header":"","neve_meta_disable_footer":"","neve_meta_disable_title":""},"product_brand":[],"product_cat":[19,92,17],"product_tag":[],"class_list":{"0":"post-44074","1":"product","2":"type-product","3":"status-publish","4":"has-post-thumbnail","6":"product_cat-luzes-automotivas","7":"product_cat-montagem-de-luz-do-carro","8":"product_cat-pecas-e-acessorios-automotivos","10":"first","11":"instock","12":"shipping-taxable","13":"purchasable","14":"product-type-variable","15":"has-default-attributes"},"jetpack_sharing_enabled":true,"_links":{"self":[{"href":"https:\/\/listman.shop\/autoparts-br\/wp-json\/wp\/v2\/product\/44074","targetHints":{"allow":["GET"]}}],"collection":[{"href":"https:\/\/listman.shop\/autoparts-br\/wp-json\/wp\/v2\/product"}],"about":[{"href":"https:\/\/listman.shop\/autoparts-br\/wp-json\/wp\/v2\/types\/product"}],"wp:featuredmedia":[{"embeddable":true,"href":"https:\/\/listman.shop\/autoparts-br\/wp-json\/wp\/v2\/media\/44068"}],"wp:attachment":[{"href":"https:\/\/listman.shop\/autoparts-br\/wp-json\/wp\/v2\/media?parent=44074"}],"wp:term":[{"taxonomy":"product_brand","embeddable":true,"href":"https:\/\/listman.shop\/autoparts-br\/wp-json\/wp\/v2\/product_brand?post=44074"},{"taxonomy":"product_cat","embeddable":true,"href":"https:\/\/listman.shop\/autoparts-br\/wp-json\/wp\/v2\/product_cat?post=44074"},{"taxonomy":"product_tag","embeddable":true,"href":"https:\/\/listman.shop\/autoparts-br\/wp-json\/wp\/v2\/product_tag?post=44074"}],"curies":[{"name":"wp","href":"https:\/\/api.w.org\/{rel}","templated":true}]}}