{"id":44118,"date":"2025-03-27T10:12:17","date_gmt":"2025-03-27T01:12:17","guid":{"rendered":"https:\/\/listman.shop\/autoparts-br\/product\/4001111091747\/"},"modified":"2026-04-14T15:55:06","modified_gmt":"2026-04-14T06:55:06","slug":"4001111091747","status":"publish","type":"product","link":"https:\/\/listman.shop\/autoparts-br\/product\/4001111091747\/","title":{"rendered":"Philips 2 L\u00e2mpadas Xenon HID D3S 35W Padr\u00e3o 4200K para Carro, L\u00e2mpada Original de Substitui\u00e7\u00e3o OEM para Farol Automotivo, L\u00e2mpada de Upgrade D3 ECE 42403C1"},"content":{"rendered":"<div class=\"detailmodule_html\">\n<div class=\"detail-desc-decorate-richtext\">\n<div class=\"detailmodule_text\">\n<p style=\"font-family:OpenSans;font-size:20px;font-weight:900;line-height:28px;white-space:pre-wrap;margin-bottom:12px\" class=\"detail-desc-decorate-title\">2x Philips HID D3S 35W Xenon Padr\u00e3o 4200K l\u00e2mpadas automotivas Original luz principal do carro OEM substitui\u00e7\u00e3o atualiza\u00e7\u00e3o l\u00e2mpada D3 ECE 42403C1, par<\/p>\n<p style=\"font-family:OpenSans;font-size:14px;font-weight:300;line-height:20px;white-space:pre-wrap;margin-bottom:12px\" class=\"detail-desc-decorate-content\">Se chegou a hora de substituir as l\u00e2mpadas HID de xen\u00f4nio, recomendamos fortemente a gama Philips Xenon Standard.Esta l\u00e2mpada Philips Xenon Standard fornece uma substitui\u00e7\u00e3o padr\u00e3o ideal, combinando com a temperatura de cor da l\u00e2mpada inalterada e tamb\u00e9m \u00e9 econ\u00f4mica.<\/p>\n<p>Sempre aconselhamos trocar as duas l\u00e2mpadas ao mesmo tempo &#8211; se uma l\u00e2mpada falhar, \u00e9 prov\u00e1vel que a segunda l\u00e2mpada falhe logo ap\u00f3s.Devido \u00e0s altas tens\u00f5es envolvidas, um mec\u00e2nico ou eletricista qualificado deve substituir a l\u00e2mpada.Para economizar dinheiro \u00e9 aconselh\u00e1vel trocar ambas as l\u00e2mpadas juntas.Por que n\u00e3o adicionar duas l\u00e2mpadas Philips Xenon Standard \u00e0 sua cesta hoje?<\/p>\n<p>Fornecemos apenas l\u00e2mpadas HID de xen\u00f4nio Philips genu\u00ednas.<\/p>\n<\/div>\n<div class=\"detailmodule_text\">\n<p style=\"font-family:OpenSans;font-size:20px;font-weight:900;line-height:28px;white-space:pre-wrap;margin-bottom:12px\" class=\"detail-desc-decorate-title\">Caracter\u00edstica do produto<\/p>\n<p style=\"font-family:OpenSans;font-size:14px;font-weight:300;line-height:20px;white-space:pre-wrap;margin-bottom:12px\" class=\"detail-desc-decorate-content\">-As l\u00e2mpadas devem sempre ser substitu\u00eddas em pares.Esta l\u00e2mpada \u00e9 vendida individualmente<br \/>-Com uso normal, uma l\u00e2mpada HID durar\u00e1 5 anos<br \/>-Uma l\u00e2mpada de substitui\u00e7\u00e3o padr\u00e3o ideal<br \/>-Devido \u00e0s altas tens\u00f5es envolvidas, um mec\u00e2nico ou eletricista qualificado deve substituir a l\u00e2mpada<br \/>-Esta l\u00e2mpada foi produzida pela Philips na Alemanha com o mesmo alto padr\u00e3o que o fabricante do seu ve\u00edculo insiste em<br \/>-Qualidade do equipamento original<br \/>-Combinando com a temperatura da cor da l\u00e2mpada inalterada<\/p>\n<\/div>\n<div class=\"detailmodule_text\">\n<p style=\"font-family:OpenSans;font-size:20px;font-weight:900;line-height:28px;white-space:pre-wrap;margin-bottom:12px\" class=\"detail-desc-decorate-title\">Par\u00e2metros do produto<\/p>\n<p style=\"font-family:OpenSans;font-size:14px;font-weight:300;line-height:20px;white-space:pre-wrap;margin-bottom:12px\" class=\"detail-desc-decorate-content\">-1.Nome da marca: Philips<br \/>-2.Tens\u00e3o: 12 V<br \/>-3.O pacote inclui: 2 l\u00e2mpadas<br \/>-4.Modelo: D3S<br \/>-5.Para caber: Farol, farol alto e baixo<br \/>-6. N\u00famero da pe\u00e7a: 42403C1<br \/>-7.Modelo base:PK32d-5<br \/>-8.L\u00famens:3200 \u00b1450 lm<\/p>\n<\/div>\n<div class=\"detailmodule_text\">\n<p style=\"font-family:OpenSans;font-size:20px;font-weight:900;line-height:28px;white-space:pre-wrap;margin-bottom:12px\" class=\"detail-desc-decorate-title\">Certificado Philips de autenticidade<\/p>\n<p style=\"font-family:OpenSans;font-size:14px;font-weight:300;line-height:20px;white-space:pre-wrap;margin-bottom:12px\" class=\"detail-desc-decorate-content\">As l\u00e2mpadas Philips Xenon falsas s\u00e3o um problema sempre crescente.Uma estimativa de 80% das l\u00e2mpadas Philips vendidas ligadas e off-line s\u00e3o potencialmente falsificadas.Para resolver ativamente esse problema, a Philips agora adicionou um Certificado exclusivo de autenticidade a todos os produtos que produzem.Qualquer l\u00e2mpada agora adquirida sem o Certificado pode ser falsa e deve ser evitada.<\/p>\n<p>Compre suas l\u00e2mpadas Philips em nossa loja e tenha certeza de que est\u00e1 recebendo o verdadeiro neg\u00f3cio &#8211; cada produto que vendemos apresenta o Certificado de Authenticidade na embalagem.<\/p>\n<\/div>\n<div class=\"detailmodule_text\">\n<p style=\"font-family:OpenSans;font-size:20px;font-weight:900;line-height:28px;white-space:pre-wrap;margin-bottom:12px\" class=\"detail-desc-decorate-title\">Pacote<\/p>\n<p style=\"font-family:OpenSans;font-size:14px;font-weight:300;line-height:20px;white-space:pre-wrap;margin-bottom:12px\" class=\"detail-desc-decorate-content\">-2 pe\u00e7as de l\u00e2mpadas Philips genu\u00ednas com caixa de varejo<\/p>\n<\/div>\n<div class=\"detailmodule_image\"><img data-recalc-dims=\"1\" decoding=\"async\" class=\"detail-desc-decorate-image\" src=\"https:\/\/i0.wp.com\/ae01.alicdn.com\/kf\/Sda43754f281f4a069c29bd11b39756c61.jpg?w=1200&#038;ssl=1\"><img data-recalc-dims=\"1\" decoding=\"async\" class=\"detail-desc-decorate-image\" src=\"https:\/\/i0.wp.com\/ae01.alicdn.com\/kf\/S81a16884af62412fbb141ef2306c6f0e9.jpg?w=1200&#038;ssl=1\"><img data-recalc-dims=\"1\" decoding=\"async\" class=\"detail-desc-decorate-image\" src=\"https:\/\/i0.wp.com\/ae01.alicdn.com\/kf\/S53c2662588744114aba4a7c38dcadcb3h.jpg?w=1200&#038;ssl=1\"><img data-recalc-dims=\"1\" decoding=\"async\" class=\"detail-desc-decorate-image\" src=\"https:\/\/i0.wp.com\/ae01.alicdn.com\/kf\/S0c6ade904a93495288e5e37cb205f831O.jpg?w=1200&#038;ssl=1\"><img data-recalc-dims=\"1\" decoding=\"async\" class=\"detail-desc-decorate-image\" src=\"https:\/\/i0.wp.com\/ae01.alicdn.com\/kf\/S7675905e10f54dda85e1da506aae0ed55.jpg?w=1200&#038;ssl=1\"><img data-recalc-dims=\"1\" decoding=\"async\" class=\"detail-desc-decorate-image\" src=\"https:\/\/i0.wp.com\/ae01.alicdn.com\/kf\/S80f39b84c30049798f33e2b4b517ce2eQ.jpg?w=1200&#038;ssl=1\"><\/div>\n<p><\/p>\n<\/div>\n<\/div>\n","protected":false},"excerpt":{"rendered":"<p>2x Philips HID D3S 35W Xenon Padr\u00e3o 4200K l\u00e2mpadas automotivas Original luz principal do carro OEM substitui\u00e7\u00e3o atualiza\u00e7\u00e3o l\u00e2mpada D3 ECE 42403C1, par Se chegou a hora de substituir as l\u00e2mpadas HID de xen\u00f4nio, recomendamos fortemente a gama Philips Xenon Standard.Esta l\u00e2mpada Philips Xenon Standard fornece uma substitui\u00e7\u00e3o padr\u00e3o ideal, combinando com a temperatura de&hellip;&nbsp;<\/p>\n","protected":false},"featured_media":44112,"template":"","meta":{"neve_meta_sidebar":"","neve_meta_container":"","neve_meta_enable_content_width":"","neve_meta_content_width":0,"neve_meta_title_alignment":"","neve_meta_author_avatar":"","neve_post_elements_order":"","neve_meta_disable_header":"","neve_meta_disable_footer":"","neve_meta_disable_title":""},"product_brand":[],"product_cat":[150,19,17],"product_tag":[],"class_list":{"0":"post-44118","1":"product","2":"type-product","3":"status-publish","4":"has-post-thumbnail","6":"product_cat-lampadas-para-farois-xenonio","7":"product_cat-luzes-automotivas","8":"product_cat-pecas-e-acessorios-automotivos","10":"first","11":"outofstock","12":"shipping-taxable","13":"purchasable","14":"product-type-variable","15":"has-default-attributes"},"jetpack_sharing_enabled":true,"_links":{"self":[{"href":"https:\/\/listman.shop\/autoparts-br\/wp-json\/wp\/v2\/product\/44118","targetHints":{"allow":["GET"]}}],"collection":[{"href":"https:\/\/listman.shop\/autoparts-br\/wp-json\/wp\/v2\/product"}],"about":[{"href":"https:\/\/listman.shop\/autoparts-br\/wp-json\/wp\/v2\/types\/product"}],"wp:featuredmedia":[{"embeddable":true,"href":"https:\/\/listman.shop\/autoparts-br\/wp-json\/wp\/v2\/media\/44112"}],"wp:attachment":[{"href":"https:\/\/listman.shop\/autoparts-br\/wp-json\/wp\/v2\/media?parent=44118"}],"wp:term":[{"taxonomy":"product_brand","embeddable":true,"href":"https:\/\/listman.shop\/autoparts-br\/wp-json\/wp\/v2\/product_brand?post=44118"},{"taxonomy":"product_cat","embeddable":true,"href":"https:\/\/listman.shop\/autoparts-br\/wp-json\/wp\/v2\/product_cat?post=44118"},{"taxonomy":"product_tag","embeddable":true,"href":"https:\/\/listman.shop\/autoparts-br\/wp-json\/wp\/v2\/product_tag?post=44118"}],"curies":[{"name":"wp","href":"https:\/\/api.w.org\/{rel}","templated":true}]}}