{"id":45555,"date":"2025-03-30T09:57:13","date_gmt":"2025-03-30T00:57:13","guid":{"rendered":"https:\/\/listman.shop\/autoparts-br\/product\/1005002198606247\/"},"modified":"2026-05-04T21:40:08","modified_gmt":"2026-05-04T12:40:08","slug":"1005002198606247","status":"publish","type":"product","link":"https:\/\/listman.shop\/autoparts-br\/product\/1005002198606247\/","title":{"rendered":"OE #   8 J0 955 988 2 P\u00e7s\/lote Bicos Lavadoras de Para-brisa Dianteiro Jato Conjunto Aquecido Para Audi A1 8X A4 B8 Q3 Q5 Q7 4L TT 2011 2012 2013 2014"},"content":{"rendered":"<div class=\"detailmodule_html\">\n<div class=\"detail-desc-decorate-richtext\">\n<div class=\"detailmodule_html\">\n<div class=\"detail-desc-decorate-richtext\">\n<div>\n<div>\n<div>\n<div>\n<div>\n<div>\n<div>\n<div>\n<div>\n<div>\n<div>\n<div>\n<div>\n<div>\n<div>\n<div>\n<div>\n<div>\n<div>\n<div>&nbsp;<\/div>\n<div>\n<div>\n<div>\n<div>\n<div>\n<div>\n<div>\n<div>\n<div>\n<div>\n<div>\n<div>\n<div>\n<div>\n<div>\n<div>\n<div>\n<div>\n<div>\n<div>\n<div>\n<div>\n<div>\n<div>\n<div>\n<div>\n<div>\n<div>\n<div>\n<div>\n<div>\n<p style=\"font-size:medium;font-weight:normal;line-height:normal\"><img data-recalc-dims=\"1\" decoding=\"async\"  src=\"https:\/\/i0.wp.com\/ae01.alicdn.com\/kf\/HLB1x.qdGXXXXXaLXFXXq6xXFXXXD.jpg?w=700\"><\/p>\n<p><\/p>\n<p style=\"font-size:medium;font-weight:normal;line-height:normal\"><span style=\"font-size:14px\"><span style=\"font-size:medium\"><span style=\"font-size:16px\">BICO ESPARIO PREMIUM COM QUALIDADE DE XUKEY, FORNECE LONGA VIDA \u00daTIL E RESULTADOR DE DESEMPENHO EXERENTE EM OPERA\u00c7\u00c3O SUAVE.<\/span><\/span><\/span><span style=\"font-size:14px\"><span style=\"font-size:medium\"><br \/><\/span><\/span><span style=\"font-size:14px\"><span style=\"font-size:medium\"><span style=\"font-size:16px\">IDEAL PARA REPARAR DE DANOS INCRE\u00cdDOS DURAN\u00c7AS AUTOM\u00c1TICAS DE LAVAS DE CARRO E SNOW E REMO\u00c7\u00c3O DE GELO RESTORAS O PADR\u00c3O DE SPRAY ADEQUADO, MANTENHA SEU WINDSELD CLARO E SUA VIS\u00c3O DA ESTRADA SEM ESTRUTURA.<\/span><\/span><\/span><\/p>\n<p style=\"font-size:medium;font-weight:normal;line-height:normal\"><span style=\"font-size:14px\"><span style=\"font-size:medium\"><br \/><\/span><\/span><span style=\"font-size:14px\"><span style=\"font-size:medium\"><strong><span style=\"font-size:16px\">Montagem:<\/span><\/strong><\/span><\/span><span style=\"font-size:14px\"><span style=\"font-size:medium\"><br \/><\/span><\/span><span style=\"font-size:14px\"><span style=\"font-size:medium\"><strong><span style=\"font-size:16px\">Para Audi TT MK2 2006-2014<\/span><\/strong><\/span><\/span><span style=\"font-size:14px\"><span style=\"font-size:medium\"><br \/><\/span><\/span><span style=\"font-size:14px\"><span style=\"font-size:medium\"><strong><span style=\"font-size:16px\">Para AUDI A1 8X 2010-2018<\/span><\/strong><\/span><\/span><span style=\"font-size:14px\"><span style=\"font-size:medium\"><br \/><\/span><\/span><span style=\"font-size:14px\"><span style=\"font-size:medium\"><strong><span style=\"font-size:16px\">Para Audi A4 B8 2008-2016<\/span><\/strong><\/span><\/span><span style=\"font-size:14px\"><span style=\"font-size:medium\"><br \/><\/span><\/span><span style=\"font-size:14px\"><span style=\"font-size:medium\"><strong><span style=\"font-size:16px\">Para Audi Q3 MK1 2011-2018<\/span><\/strong><\/span><\/span><span style=\"font-size:14px\"><span style=\"font-size:medium\"><br \/><\/span><\/span><span style=\"font-size:14px\"><span style=\"font-size:medium\"><strong><span style=\"font-size:16px\">Para Audi Q5 8R 2008-2017<\/span><\/strong><\/span><\/span><span style=\"font-size:14px\"><span style=\"font-size:medium\"><br \/><\/span><\/span><span style=\"font-size:14px\"><span style=\"font-size:medium\"><strong><span style=\"font-size:16px\">Para Audi Q7 4L 2007-2015<\/span><\/strong><\/span><\/span><\/p>\n<p style=\"font-size:medium;font-weight:normal;line-height:normal\"><span style=\"font-size:16px\"><span>N\u00famero OE de refer\u00eancia: 8 J0 955 988<\/span><\/span><\/p>\n<p style=\"font-size:medium;font-weight:normal;line-height:normal\"><span style=\"font-size:14px\"><span style=\"font-size:medium\"><span style=\"font-size:16px\">Material: pl\u00e1stico ABS<\/span><\/span><\/span><span style=\"font-size:14px\"><span style=\"font-size:medium\"><br \/><\/span><\/span><span style=\"font-size:14px\"><span style=\"font-size:medium\"><span style=\"font-size:16px\">Condi\u00e7\u00e3o: 100% novo<\/span><\/span><\/span><span style=\"font-size:14px\"><span style=\"font-size:medium\"><br \/><\/span><\/span><span style=\"font-size:14px\"><span style=\"font-size:medium\"><span style=\"font-size:16px\">Cor: Preto<\/span><\/span><\/span><span style=\"font-size:14px\"><span style=\"font-size:medium\"><br \/><\/span><\/span><span style=\"font-size:14px\"><span style=\"font-size:medium\"><span style=\"font-size:16px\">Pacote inclu\u00eddo: 2 unidades x bicos de jato de spray de \u00e1gua aquecidos<\/span><\/span><\/span><\/p>\n<p><\/p>\n<p style=\"font-size:medium;font-weight:normal;line-height:normal\"><span style=\"font-size:14px\"><span style=\"font-size:medium\"><span style=\"font-size:16px\"><strong>Nota:<\/strong><\/span><\/span><\/span><span style=\"font-size:14px\"><span style=\"font-size:medium\"><br \/><\/span><\/span><span style=\"font-size:14px\"><span style=\"font-size:medium\"><span style=\"font-size:16px\">-Fornecemos imagens n\u00edtidas e medidas sempre que poss\u00edvel.Verifique o m\u00e1ximo poss\u00edvel para ter certeza de que o item \u00e9 o que voc\u00ea precisa.<\/span><\/span><\/span><span style=\"font-size:14px\"><span style=\"font-size:medium\"><br \/><\/span><\/span><span style=\"font-size:14px\"><span style=\"font-size:medium\"><span style=\"font-size:16px\">-Todas as dimens\u00f5es s\u00e3o medidas \u00e0 m\u00e3o, permita uma pequena diferen\u00e7a devido \u00e0 medi\u00e7\u00e3o manual.(1 polegada = 2,54 cm).<\/span><\/span><\/span><span style=\"font-size:14px\"><span style=\"font-size:medium\"><br \/><\/span><\/span><span style=\"font-size:14px\"><span style=\"font-size:medium\"><span style=\"font-size:16px\">-N\u00e3o h\u00e1 instru\u00e7\u00f5es inclu\u00eddas neste produto. A instala\u00e7\u00e3o profissional \u00e9 altamente recomendada!<\/span><\/span><\/span><\/p>\n<p><\/p>\n<p><img data-recalc-dims=\"1\" decoding=\"async\"  src=\"https:\/\/i0.wp.com\/ae01.alicdn.com\/kf\/HLB1CT88GXXXXXavXVXXq6xXFXXXe.jpg?w=700\"><\/p>\n<p><img data-recalc-dims=\"1\" decoding=\"async\"  src=\"https:\/\/i0.wp.com\/ae01.alicdn.com\/kf\/HTB1Bu.bacfrK1Rjy1Xdq6yemFXaF.jpg?w=800\"><\/p>\n<p><img data-recalc-dims=\"1\" decoding=\"async\"  src=\"https:\/\/i0.wp.com\/ae01.alicdn.com\/kf\/HTB1uJobaoLrK1Rjy1zbq6AenFXaV.jpg?w=800\"><\/p>\n<p><img data-recalc-dims=\"1\" decoding=\"async\"  src=\"https:\/\/i0.wp.com\/ae01.alicdn.com\/kf\/HTB1yxMcajzuK1RjSspeq6ziHVXas.jpg?w=800\"><\/p>\n<p><img data-recalc-dims=\"1\" decoding=\"async\"  src=\"https:\/\/i0.wp.com\/ae01.alicdn.com\/kf\/HTB10PzFCeySBuNjy1zdq6xPxFXaq.jpg?w=800\"><\/p>\n<p><img data-recalc-dims=\"1\" decoding=\"async\"  src=\"https:\/\/i0.wp.com\/ae01.alicdn.com\/kf\/HTB1p5UbaijrK1RjSsplq6xHmVXal.jpg?w=800\"><\/p>\n<p><\/div>\n<\/div>\n<\/div>\n<\/div>\n<\/div>\n<\/div>\n<\/div>\n<\/div>\n<\/div>\n<\/div>\n<\/div>\n<\/div>\n<\/div>\n<\/div>\n<\/div>\n<\/div>\n<\/div>\n<\/div>\n<\/div>\n<\/div>\n<\/div>\n<\/div>\n<\/div>\n<\/div>\n<\/div>\n<\/div>\n<\/div>\n<\/div>\n<\/div>\n<\/div>\n<\/div>\n<\/div>\n<\/div>\n<\/div>\n<\/div>\n<\/div>\n<\/div>\n<\/div>\n<\/div>\n<\/div>\n<\/div>\n<\/div>\n<\/div>\n<\/div>\n<\/div>\n<\/div>\n<\/div>\n<\/div>\n<\/div>\n<\/div>\n<\/div>\n<\/div>\n<p><\/div>\n<\/div>\n","protected":false},"excerpt":{"rendered":"<p>&nbsp; BICO ESPARIO PREMIUM COM QUALIDADE DE XUKEY, FORNECE LONGA VIDA \u00daTIL E RESULTADOR DE DESEMPENHO EXERENTE EM OPERA\u00c7\u00c3O SUAVE.IDEAL PARA REPARAR DE DANOS INCRE\u00cdDOS DURAN\u00c7AS AUTOM\u00c1TICAS DE LAVAS DE CARRO E SNOW E REMO\u00c7\u00c3O DE GELO RESTORAS O PADR\u00c3O DE SPRAY ADEQUADO, MANTENHA SEU WINDSELD CLARO E SUA VIS\u00c3O DA ESTRADA SEM ESTRUTURA. Montagem:Para&hellip;&nbsp;<\/p>\n","protected":false},"featured_media":45549,"template":"","meta":{"neve_meta_sidebar":"","neve_meta_container":"","neve_meta_enable_content_width":"","neve_meta_content_width":0,"neve_meta_title_alignment":"","neve_meta_author_avatar":"","neve_post_elements_order":"","neve_meta_disable_header":"","neve_meta_disable_footer":"","neve_meta_disable_title":""},"product_brand":[],"product_cat":[45,26,17],"product_tag":[],"class_list":{"0":"post-45555","1":"product","2":"type-product","3":"status-publish","4":"has-post-thumbnail","6":"product_cat-brisas-parts","7":"product_cat-pecas-de-desgaste","8":"product_cat-pecas-e-acessorios-automotivos","10":"first","11":"instock","12":"shipping-taxable","13":"purchasable","14":"product-type-variable","15":"has-default-attributes"},"jetpack_sharing_enabled":true,"_links":{"self":[{"href":"https:\/\/listman.shop\/autoparts-br\/wp-json\/wp\/v2\/product\/45555","targetHints":{"allow":["GET"]}}],"collection":[{"href":"https:\/\/listman.shop\/autoparts-br\/wp-json\/wp\/v2\/product"}],"about":[{"href":"https:\/\/listman.shop\/autoparts-br\/wp-json\/wp\/v2\/types\/product"}],"wp:featuredmedia":[{"embeddable":true,"href":"https:\/\/listman.shop\/autoparts-br\/wp-json\/wp\/v2\/media\/45549"}],"wp:attachment":[{"href":"https:\/\/listman.shop\/autoparts-br\/wp-json\/wp\/v2\/media?parent=45555"}],"wp:term":[{"taxonomy":"product_brand","embeddable":true,"href":"https:\/\/listman.shop\/autoparts-br\/wp-json\/wp\/v2\/product_brand?post=45555"},{"taxonomy":"product_cat","embeddable":true,"href":"https:\/\/listman.shop\/autoparts-br\/wp-json\/wp\/v2\/product_cat?post=45555"},{"taxonomy":"product_tag","embeddable":true,"href":"https:\/\/listman.shop\/autoparts-br\/wp-json\/wp\/v2\/product_tag?post=45555"}],"curies":[{"name":"wp","href":"https:\/\/api.w.org\/{rel}","templated":true}]}}