{"id":45564,"date":"2025-03-30T09:57:52","date_gmt":"2025-03-30T00:57:52","guid":{"rendered":"https:\/\/listman.shop\/autoparts-br\/product\/1005002253615095\/"},"modified":"2026-05-04T20:58:06","modified_gmt":"2026-05-04T11:58:06","slug":"1005002253615095","status":"publish","type":"product","link":"https:\/\/listman.shop\/autoparts-br\/product\/1005002253615095\/","title":{"rendered":"Bico lavador de farol esquerdo e direito, 2 pe\u00e7as para BMW S\u00e9rie 5 E39 525i 525iT 528i 528iT 530i 540i 540iT 61678360662 61678360661"},"content":{"rendered":"<div class=\"detailmodule_html\">\n<div class=\"detail-desc-decorate-richtext\">\n<div class=\"detailmodule_html\">\n<div class=\"detail-desc-decorate-richtext\">\n<div>\n<div>\n<div>\n<div>\n<div>\n<div>\n<div>\n<div>\n<div>\n<div>\n<div>\n<div>\n<div>\n<div>\n<div>\n<div>\n<div>\n<div>\n<div>\n<div>\n<div>\n<div>\n<div>\n   &nbsp;\n  <\/div>\n<div>\n   <img data-recalc-dims=\"1\" decoding=\"async\"  src=\"https:\/\/i0.wp.com\/ae01.alicdn.com\/kf\/HLB1x.qdGXXXXXaLXFXXq6xXFXXXD.jpg?w=700\" data-src=\"http:\/\/ae01.alicdn.com\/kf\/HLB1x.qdGXXXXXaLXFXXq6xXFXXXD.jpg\">\n  <\/div>\n<div>\n   &nbsp;\n  <\/div>\n<p><span style=\"font-family:arial\"><strong><span style=\"font-size:9.5pt\"><span style=\"font-size:10.5pt\"><span><span style=\"font-size:14px\"><span style=\"font-size:16px\"><span><span style=\"font-size:14px\"><span style=\"font-family:tahoma, geneva, sans-serif\"><span><span><span style=\"font-size:14px\">Especifica\u00e7\u00e3o:<\/span><\/span><\/span><\/span><\/span><\/span><\/span><\/span><\/span><\/span><\/span><\/strong><\/span><\/p>\n<p><span style=\"font-family:arial\"><span style=\"font-size:9.5pt\"><span style=\"font-size:10.5pt\"><span><span style=\"font-size:14px\"><span style=\"font-size:16px\"><span><span style=\"font-size:14px\"><span style=\"font-family:tahoma, geneva, sans-serif\"><span><span><span style=\"font-size:14px\">Condi\u00e7\u00e3o: 100% novo<\/span><\/span><\/span><\/span><\/span><\/span><\/span><\/span><\/span><\/span><\/span><\/span><\/p>\n<p><span style=\"font-family:arial\"><span style=\"font-size:9.5pt\"><span style=\"font-size:10.5pt\"><span><span style=\"font-size:14px\"><span style=\"font-size:16px\"><span><span style=\"font-size:14px\"><span style=\"font-family:tahoma, geneva, sans-serif\"><span><span><span style=\"font-size:14px\">Cor: Preto<\/span><\/span><\/span><\/span><\/span><\/span><\/span><\/span><\/span><\/span><\/span><\/span><\/p>\n<p><span style=\"font-family:arial\"><span style=\"font-size:9.5pt\"><span style=\"font-size:10.5pt\"><span><span style=\"font-size:14px\"><span style=\"font-size:16px\"><span><span style=\"font-size:14px\"><span style=\"font-family:tahoma, geneva, sans-serif\"><span><span><span style=\"font-size:14px\">Material: Pl\u00e1stico<\/span><\/span><\/span><\/span><\/span><\/span><\/span><\/span><\/span><\/span><\/span><\/span><\/p>\n<p><span style=\"font-family:arial\"><span style=\"font-size:9.5pt\"><span style=\"font-size:10.5pt\"><span><span style=\"font-size:14px\"><span style=\"font-size:16px\"><span><span style=\"font-size:14px\"><span style=\"font-family:tahoma, geneva, sans-serif\"><span><span><span style=\"font-size:14px\">Coloca\u00e7\u00e3o no ve\u00edculo: Direita; Esquerda<\/span><\/span><\/span><\/span><\/span><\/span><\/span><\/span><\/span><\/span><\/span><\/span><\/p>\n<p><span style=\"font-family:arial\"><span style=\"font-size:9.5pt\"><span style=\"font-size:10.5pt\"><span><span style=\"font-size:14px\"><span style=\"font-size:16px\"><span><span style=\"font-size:14px\"><span style=\"font-family:tahoma, geneva, sans-serif\"><span><span><span style=\"font-size:14px\">N\u00famero da pe\u00e7a de reposi\u00e7\u00e3o:61678360662 (R);61678360661 (L)<\/span><\/span><\/span><\/span><\/span><\/span><\/span><\/span><\/span><\/span><\/span><\/span><\/p>\n<p><span style=\"font-family:arial\"><span style=\"font-size:9.5pt\"><span style=\"font-size:10.5pt\"><span><span style=\"font-size:14px\"><span style=\"font-size:16px\"><span><span style=\"font-size:14px\"><span style=\"font-family:tahoma, geneva, sans-serif\"><span><span><span style=\"font-size:14px\">Quantidade: 2 unidades<\/span><\/span><\/span><\/span><\/span><\/span><\/span><\/span><\/span><\/span><\/span><\/span><\/p>\n<p><span style=\"font-family:arial\"><span style=\"font-size:9.5pt\"><span style=\"font-size:10.5pt\"><span><span style=\"font-size:14px\"><span style=\"font-size:16px\"><span><span style=\"font-size:14px\"><span style=\"font-family:tahoma, geneva, sans-serif\"><span><span><span style=\"font-size:14px\"><br \/><\/span><\/span><\/span><\/span><\/span><\/span><\/span><\/span><\/span><\/span><\/span><\/span><\/p>\n<p><span style=\"font-family:arial\"><strong><span style=\"font-size:9.5pt\"><span style=\"font-size:10.5pt\"><span><span style=\"font-size:14px\"><span style=\"font-size:16px\"><span><span style=\"font-size:14px\"><span style=\"font-family:tahoma, geneva, sans-serif\"><span><span><span style=\"font-size:14px\">Montagem:<\/span><\/span><\/span><\/span><\/span><\/span><\/span><\/span><\/span><\/span><\/span><\/strong><\/span><\/p>\n<p><span style=\"font-family:arial\"><strong><span style=\"font-size:9.5pt\"><span style=\"font-size:10.5pt\"><span><span style=\"font-size:14px\"><span style=\"font-size:16px\"><span><span style=\"font-size:14px\"><span style=\"font-family:tahoma, geneva, sans-serif\"><span><span><span style=\"font-size:14px\">Para BMW S\u00e9rie 5 E39 525i 2001-2003<\/span><\/span><\/span><\/span><\/span><\/span><\/span><\/span><\/span><\/span><\/span><\/strong><\/span><\/p>\n<p><span style=\"font-family:arial\"><strong><span style=\"font-size:9.5pt\"><span style=\"font-size:10.5pt\"><span><span style=\"font-size:14px\"><span style=\"font-size:16px\"><span><span style=\"font-size:14px\"><span style=\"font-family:tahoma, geneva, sans-serif\"><span><span><span style=\"font-size:14px\">Para BMW S\u00e9rie 5 E39 525iT 2001-2003<\/span><\/span><\/span><\/span><\/span><\/span><\/span><\/span><\/span><\/span><\/span><\/strong><\/span><\/p>\n<p><span style=\"font-family:arial\"><strong><span style=\"font-size:9.5pt\"><span style=\"font-size:10.5pt\"><span><span style=\"font-size:14px\"><span style=\"font-size:16px\"><span><span style=\"font-size:14px\"><span style=\"font-family:tahoma, geneva, sans-serif\"><span><span><span style=\"font-size:14px\">Para BMW S\u00e9rie 5 E39 528i 1997-2000<\/span><\/span><\/span><\/span><\/span><\/span><\/span><\/span><\/span><\/span><\/span><\/strong><\/span><\/p>\n<p><span style=\"font-family:arial\"><strong><span style=\"font-size:9.5pt\"><span style=\"font-size:10.5pt\"><span><span style=\"font-size:14px\"><span style=\"font-size:16px\"><span><span style=\"font-size:14px\"><span style=\"font-family:tahoma, geneva, sans-serif\"><span><span><span style=\"font-size:14px\">Para BMW S\u00e9rie 5 E39 528iT 1999-2000<\/span><\/span><\/span><\/span><\/span><\/span><\/span><\/span><\/span><\/span><\/span><\/strong><\/span><\/p>\n<p><span style=\"font-family:arial\"><strong><span style=\"font-size:9.5pt\"><span style=\"font-size:10.5pt\"><span><span style=\"font-size:14px\"><span style=\"font-size:16px\"><span><span style=\"font-size:14px\"><span style=\"font-family:tahoma, geneva, sans-serif\"><span><span><span style=\"font-size:14px\">Para BMW S\u00e9rie 5 E39 530i 2001-2003<\/span><\/span><\/span><\/span><\/span><\/span><\/span><\/span><\/span><\/span><\/span><\/strong><\/span><\/p>\n<p><span style=\"font-family:arial\"><strong><span style=\"font-size:9.5pt\"><span style=\"font-size:10.5pt\"><span><span style=\"font-size:14px\"><span style=\"font-size:16px\"><span><span style=\"font-size:14px\"><span style=\"font-family:tahoma, geneva, sans-serif\"><span><span><span style=\"font-size:14px\">Para BMW S\u00e9rie 5 E39 540i 1997-2003<\/span><\/span><\/span><\/span><\/span><\/span><\/span><\/span><\/span><\/span><\/span><\/strong><\/span><\/p>\n<p><span style=\"font-family:arial\"><strong><span style=\"font-size:9.5pt\"><span style=\"font-size:10.5pt\"><span><span style=\"font-size:14px\"><span style=\"font-size:16px\"><span><span style=\"font-size:14px\"><span style=\"font-family:tahoma, geneva, sans-serif\"><span><span><span style=\"font-size:14px\">Para BMW S\u00e9rie 5 E39 540iT 1999-2003<\/span><\/span><\/span><\/span><\/span><\/span><\/span><\/span><\/span><\/span><\/span><\/strong><\/span><\/p>\n<p><span style=\"font-family:arial\"><strong><span style=\"font-size:9.5pt\"><span style=\"font-size:10.5pt\"><span><span style=\"font-size:14px\"><span style=\"font-size:16px\"><span><span style=\"font-size:14px\"><span style=\"font-family:tahoma, geneva, sans-serif\"><span><span><span style=\"font-size:14px\">Para BMW S\u00e9rie 5 E39 M5 2000-2003<\/span><\/span><\/span><\/span><\/span><\/span><\/span><\/span><\/span><\/span><\/span><\/strong><\/span><\/p>\n<p><span style=\"font-family:arial\"><span style=\"font-size:9.5pt\"><span style=\"font-size:10.5pt\"><span><span style=\"font-size:14px\"><span style=\"font-size:16px\"><span><span style=\"font-size:14px\"><span style=\"font-family:tahoma, geneva, sans-serif\"><span><span><span style=\"font-size:14px\"><br \/><\/span><\/span><\/span><\/span><\/span><\/span><\/span><\/span><\/span><\/span><\/span><\/span><\/p>\n<p><span style=\"font-family:arial\"><strong><span style=\"font-size:9.5pt\"><span style=\"font-size:10.5pt\"><span><span style=\"font-size:14px\"><span style=\"font-size:16px\"><span style=\"font-size:16px\"><span><span style=\"font-size:14px\"><span style=\"font-family:tahoma, geneva, sans-serif\"><span><span><span style=\"font-size:14px\">Observa\u00e7\u00e3o: confirme se o item mostrado nas fotos \u00e9 o que voc\u00ea precisa antes de fazer o pedido, obrigado.<\/span><\/span><\/span><\/span><\/span><\/span><\/span><\/span><\/span><\/span><\/span><\/span><\/strong><\/span><\/p>\n<p><span style=\"font-family:arial\"><span style=\"font-size:9.5pt\"><span style=\"font-size:10.5pt\"><span><span style=\"font-size:14px\"><span style=\"font-size:16px\"><span><span style=\"font-size:14px\"><span style=\"font-family:tahoma, geneva, sans-serif\"><span><span><span style=\"font-size:14px\"><br \/><\/span><\/span><\/span><\/span><\/span><\/span><\/span><\/span><\/span><\/span><\/span><\/span><\/p>\n<p><span style=\"font-family:arial\"><strong><span style=\"font-size:9.5pt\"><span style=\"font-size:10.5pt\"><span><span style=\"font-size:14px\"><span style=\"font-size:16px\"><span><span style=\"font-size:14px\"><span style=\"font-family:tahoma, geneva, sans-serif\"><span><span><span style=\"font-size:14px\">O pacote inclui:<\/span><\/span><\/span><\/span><\/span><\/span><\/span><\/span><\/span><\/span><\/span><\/strong><\/span><\/p>\n<p><span style=\"font-family:arial\"><span style=\"font-size:9.5pt\"><span style=\"font-size:10.5pt\"><span><span style=\"font-size:14px\"><span style=\"font-size:16px\"><span><span style=\"font-size:14px\"><span style=\"font-family:tahoma, geneva, sans-serif\"><span><span><span style=\"font-size:14px\">2x bicos de lavagem de far\u00f3is<\/span><\/span><\/span><\/span><\/span><\/span><\/span><\/span><\/span><\/span><\/span><\/span><\/p>\n<div>\n<p>\n  <\/div>\n<p><img data-recalc-dims=\"1\" decoding=\"async\"  src=\"https:\/\/i0.wp.com\/ae01.alicdn.com\/kf\/HLB1CT88GXXXXXavXVXXq6xXFXXXe.jpg?w=700\" data-src=\"http:\/\/ae01.alicdn.com\/kf\/HLB1CT88GXXXXXavXVXXq6xXFXXXe.jpg\"><\/p>\n<p><span style=\"font-family:arial\"><span style=\"font-size:9.5pt\"><span style=\"font-size:10.5pt\"><span><span style=\"font-size:14px\"><span style=\"font-size:16px\"><span><span style=\"font-size:14px\"><span style=\"font-family:tahoma, geneva, sans-serif\"><span><span><span style=\"font-size:14px\"><br \/><\/span><\/span><\/span><\/span><\/span><\/span><\/span><\/span><\/span><\/span><\/span><\/span><\/p>\n<p><img data-recalc-dims=\"1\" decoding=\"async\" style=\"width:1600px\"  src=\"https:\/\/i0.wp.com\/ae01.alicdn.com\/kf\/Sb0b0f47f800b4632add02d1fa3cf96e0m.jpg?w=1200&#038;ssl=1\" data-src=\"https:\/\/ae01.alicdn.com\/kf\/Sb0b0f47f800b4632add02d1fa3cf96e0m.jpg\"><\/p>\n<p><img data-recalc-dims=\"1\" decoding=\"async\" style=\"width:1600px\"  src=\"https:\/\/i0.wp.com\/ae01.alicdn.com\/kf\/S05a09ee84da94815bce5173bb6871c63s.jpg?w=1200&#038;ssl=1\" data-src=\"https:\/\/ae01.alicdn.com\/kf\/S05a09ee84da94815bce5173bb6871c63s.jpg\"><\/p>\n<p><img data-recalc-dims=\"1\" decoding=\"async\" style=\"width:1600px\"  src=\"https:\/\/i0.wp.com\/ae01.alicdn.com\/kf\/S4ef65a11836d4a14a7b22ea3b88f6a5cU.jpg?w=1200&#038;ssl=1\" data-src=\"https:\/\/ae01.alicdn.com\/kf\/S4ef65a11836d4a14a7b22ea3b88f6a5cU.jpg\"><\/p>\n<p><img data-recalc-dims=\"1\" decoding=\"async\" style=\"width:1600px\"  src=\"https:\/\/i0.wp.com\/ae01.alicdn.com\/kf\/S41b620aaa8e14ca19d62657f229dc70fh.jpg?w=1200&#038;ssl=1\" data-src=\"https:\/\/ae01.alicdn.com\/kf\/S41b620aaa8e14ca19d62657f229dc70fh.jpg\"><\/p>\n<p><img data-recalc-dims=\"1\" decoding=\"async\" style=\"width:1600px\"  src=\"https:\/\/i0.wp.com\/ae01.alicdn.com\/kf\/S75df3324bdd44de697c19c1b84931e8co.jpg?w=1200&#038;ssl=1\" data-src=\"https:\/\/ae01.alicdn.com\/kf\/S75df3324bdd44de697c19c1b84931e8co.jpg\"><\/p>\n<p><img data-recalc-dims=\"1\" decoding=\"async\" style=\"width:1600px\"  src=\"https:\/\/i0.wp.com\/ae01.alicdn.com\/kf\/S821d2e9ffc69488c840fca5bdb07abf1N.jpg?w=1200&#038;ssl=1\" data-src=\"https:\/\/ae01.alicdn.com\/kf\/S821d2e9ffc69488c840fca5bdb07abf1N.jpg\"><\/p>\n<p><img data-recalc-dims=\"1\" decoding=\"async\" style=\"width:1600px\"  src=\"https:\/\/i0.wp.com\/ae01.alicdn.com\/kf\/S5cd940fa82fc4301935ee70bb1f1c8778.jpg?w=1200&#038;ssl=1\" data-src=\"https:\/\/ae01.alicdn.com\/kf\/S5cd940fa82fc4301935ee70bb1f1c8778.jpg\"><\/p>\n<\/p><\/div>\n<\/div><\/div>\n<\/p><\/div>\n<\/p><\/div>\n<\/p><\/div>\n<\/div><\/div>\n<\/p><\/div>\n<\/p><\/div>\n<\/p><\/div>\n<\/div><\/div>\n<\/p><\/div>\n<\/p><\/div>\n<\/p><\/div>\n<\/div><\/div>\n<\/p><\/div>\n<\/p><\/div>\n<\/p><\/div>\n<\/div>\n<p><\/p>\n<\/div>\n<\/div>\n<\/div>\n<\/div>\n","protected":false},"excerpt":{"rendered":"<p>&nbsp; &nbsp; Especifica\u00e7\u00e3o: Condi\u00e7\u00e3o: 100% novo Cor: Preto Material: Pl\u00e1stico Coloca\u00e7\u00e3o no ve\u00edculo: Direita; Esquerda N\u00famero da pe\u00e7a de reposi\u00e7\u00e3o:61678360662 (R);61678360661 (L) Quantidade: 2 unidades Montagem: Para BMW S\u00e9rie 5 E39 525i 2001-2003 Para BMW S\u00e9rie 5 E39 525iT 2001-2003 Para BMW S\u00e9rie 5 E39 528i 1997-2000 Para BMW S\u00e9rie 5 E39 528iT 1999-2000 Para&hellip;&nbsp;<\/p>\n","protected":false},"featured_media":45558,"template":"","meta":{"neve_meta_sidebar":"","neve_meta_container":"","neve_meta_enable_content_width":"","neve_meta_content_width":0,"neve_meta_title_alignment":"","neve_meta_author_avatar":"","neve_post_elements_order":"","neve_meta_disable_header":"","neve_meta_disable_footer":"","neve_meta_disable_title":""},"product_brand":[],"product_cat":[45,26,17],"product_tag":[],"class_list":{"0":"post-45564","1":"product","2":"type-product","3":"status-publish","4":"has-post-thumbnail","6":"product_cat-brisas-parts","7":"product_cat-pecas-de-desgaste","8":"product_cat-pecas-e-acessorios-automotivos","10":"first","11":"instock","12":"shipping-taxable","13":"purchasable","14":"product-type-variable"},"jetpack_sharing_enabled":true,"_links":{"self":[{"href":"https:\/\/listman.shop\/autoparts-br\/wp-json\/wp\/v2\/product\/45564","targetHints":{"allow":["GET"]}}],"collection":[{"href":"https:\/\/listman.shop\/autoparts-br\/wp-json\/wp\/v2\/product"}],"about":[{"href":"https:\/\/listman.shop\/autoparts-br\/wp-json\/wp\/v2\/types\/product"}],"wp:featuredmedia":[{"embeddable":true,"href":"https:\/\/listman.shop\/autoparts-br\/wp-json\/wp\/v2\/media\/45558"}],"wp:attachment":[{"href":"https:\/\/listman.shop\/autoparts-br\/wp-json\/wp\/v2\/media?parent=45564"}],"wp:term":[{"taxonomy":"product_brand","embeddable":true,"href":"https:\/\/listman.shop\/autoparts-br\/wp-json\/wp\/v2\/product_brand?post=45564"},{"taxonomy":"product_cat","embeddable":true,"href":"https:\/\/listman.shop\/autoparts-br\/wp-json\/wp\/v2\/product_cat?post=45564"},{"taxonomy":"product_tag","embeddable":true,"href":"https:\/\/listman.shop\/autoparts-br\/wp-json\/wp\/v2\/product_tag?post=45564"}],"curies":[{"name":"wp","href":"https:\/\/api.w.org\/{rel}","templated":true}]}}