{"id":45633,"date":"2025-03-30T10:00:57","date_gmt":"2025-03-30T01:00:57","guid":{"rendered":"https:\/\/listman.shop\/autoparts-br\/product\/1005004493773826\/"},"modified":"2026-05-04T21:12:06","modified_gmt":"2026-05-04T12:12:06","slug":"1005004493773826","status":"publish","type":"product","link":"https:\/\/listman.shop\/autoparts-br\/product\/1005004493773826\/","title":{"rendered":"Para toyota prius 2004 2005 2006 2007 2008 2009 2010 2011 2012 2013 2014 2015 barras de \u00f4nibus de bateria h\u00edbrida porcas de a\u00e7o inoxid\u00e1vel"},"content":{"rendered":"<div class=\"detailmodule_dynamic\"><\/div>\n<div class=\"detailmodule_html\">\n<div class=\"detail-desc-decorate-richtext\">\n<div class=\"detailmodule_dynamic\"><\/div>\n<div class=\"detailmodule_html\">\n<div class=\"detail-desc-decorate-richtext\">\n<p><span style=\"font-size:18px;font-family:arial, helvetica, sans-serif\"><strong>Montagem<\/strong><\/span><\/p>\n<p><span style=\"font-size:18px;font-family:arial, helvetica, sans-serif\">Para Toyota Prius 2004 &#8211; 2015<\/span><\/p>\n<p><\/p>\n<p><span style=\"font-size:18px;font-family:arial, helvetica, sans-serif\"><strong>Recursos<\/strong><\/span><\/p>\n<p><span style=\"font-size:18px;font-family:arial, helvetica, sans-serif\">*A\u00e7o inoxid\u00e1vel, novo e de boa qualidade<\/span><\/p>\n<p><span style=\"font-size:18px;font-family:arial, helvetica, sans-serif\">*N\u00e3o recondicionado.Oferece melhor resist\u00eancia \u00e0 corros\u00e3o do que as barras coletoras de cobre de f\u00e1brica<\/span><\/p>\n<p><span style=\"font-size:18px;font-family:arial, helvetica, sans-serif\">*Essas barras coletivas e porcas niqueladas oferecem a melhor resist\u00eancia poss\u00edvel \u00e0 corros\u00e3o<\/span><\/p>\n<p><\/p>\n<p><span style=\"font-size:18px;font-family:arial, helvetica, sans-serif\"><strong>O pacote inclui<\/strong><\/span><\/p>\n<p><span style=\"font-size:18px;font-family:arial, helvetica, sans-serif\">27 x barras coletoras banhadas a n\u00edquel<\/span><\/p>\n<p><span style=\"font-size:18px;font-family:arial, helvetica, sans-serif\">58 x porcas banhadas a n\u00edquel<\/span><\/p>\n<p><img data-recalc-dims=\"1\" decoding=\"async\" src=\"https:\/\/i0.wp.com\/ae01.alicdn.com\/kf\/Saef4818c18804428bf39e7080b36160cD.jpg?w=1200&#038;ssl=1\"><img data-recalc-dims=\"1\" decoding=\"async\" src=\"https:\/\/i0.wp.com\/ae01.alicdn.com\/kf\/S2480577dec6748178b854c4a2829ad16X.jpg?w=1200&#038;ssl=1\"><img data-recalc-dims=\"1\" decoding=\"async\" src=\"https:\/\/i0.wp.com\/ae01.alicdn.com\/kf\/Se1d1f2be65f740dd813e8f84fa0a9394I.jpg?w=1200&#038;ssl=1\"><img data-recalc-dims=\"1\" decoding=\"async\" src=\"https:\/\/i0.wp.com\/ae01.alicdn.com\/kf\/Sa2014eacc4704b1dae0cf0c68043bb50I.jpg?w=1200&#038;ssl=1\"><img data-recalc-dims=\"1\" decoding=\"async\" src=\"https:\/\/i0.wp.com\/ae01.alicdn.com\/kf\/S9b742c48b75d48259fd114cc54fb12a9W.jpg?w=1200&#038;ssl=1\"><img data-recalc-dims=\"1\" decoding=\"async\" src=\"https:\/\/i0.wp.com\/ae01.alicdn.com\/kf\/S8b790f91c3b34a0ebb90513d309f100bI.jpg?w=1200&#038;ssl=1\"><img data-recalc-dims=\"1\" decoding=\"async\" src=\"https:\/\/i0.wp.com\/ae01.alicdn.com\/kf\/S75780a81b05f471c953a4213165068bfw.jpg?w=1200&#038;ssl=1\"><\/p>\n<p><\/p>\n<p><img data-recalc-dims=\"1\" decoding=\"async\" src=\"https:\/\/i0.wp.com\/ae01.alicdn.com\/kf\/S03116292a3964216a7ee537848bd927er.jpg?w=1200&#038;ssl=1\"><img data-recalc-dims=\"1\" decoding=\"async\" src=\"https:\/\/i0.wp.com\/ae01.alicdn.com\/kf\/S6ac46a0e553e477f906bbb0d1a19359ec.jpg?w=1200&#038;ssl=1\"><img data-recalc-dims=\"1\" decoding=\"async\" src=\"https:\/\/i0.wp.com\/ae01.alicdn.com\/kf\/S10fc34c23daf4d3c98eedc2f71b13d67o.jpg?w=1200&#038;ssl=1\"><img data-recalc-dims=\"1\" decoding=\"async\" src=\"https:\/\/i0.wp.com\/ae01.alicdn.com\/kf\/Sdeddf63d1e9e4476a99d9dc4fff223abX.jpg?w=1200&#038;ssl=1\"><\/p>\n<\/div>\n<\/div>\n<\/div>\n<\/div>\n","protected":false},"excerpt":{"rendered":"<p>Montagem Para Toyota Prius 2004 &#8211; 2015 Recursos *A\u00e7o inoxid\u00e1vel, novo e de boa qualidade *N\u00e3o recondicionado.Oferece melhor resist\u00eancia \u00e0 corros\u00e3o do que as barras coletoras de cobre de f\u00e1brica *Essas barras coletivas e porcas niqueladas oferecem a melhor resist\u00eancia poss\u00edvel \u00e0 corros\u00e3o O pacote inclui 27 x barras coletoras banhadas a n\u00edquel 58 x&hellip;&nbsp;<\/p>\n","protected":false},"featured_media":45627,"template":"","meta":{"neve_meta_sidebar":"","neve_meta_container":"","neve_meta_enable_content_width":"","neve_meta_content_width":0,"neve_meta_title_alignment":"","neve_meta_author_avatar":"","neve_post_elements_order":"","neve_meta_disable_header":"","neve_meta_disable_footer":"","neve_meta_disable_title":""},"product_brand":[],"product_cat":[103,26,17],"product_tag":[],"class_list":{"0":"post-45633","1":"product","2":"type-product","3":"status-publish","4":"has-post-thumbnail","6":"product_cat-brocas-e-parafusos","7":"product_cat-pecas-de-desgaste","8":"product_cat-pecas-e-acessorios-automotivos","10":"first","11":"instock","12":"shipping-taxable","13":"purchasable","14":"product-type-variable","15":"has-default-attributes"},"jetpack_sharing_enabled":true,"_links":{"self":[{"href":"https:\/\/listman.shop\/autoparts-br\/wp-json\/wp\/v2\/product\/45633","targetHints":{"allow":["GET"]}}],"collection":[{"href":"https:\/\/listman.shop\/autoparts-br\/wp-json\/wp\/v2\/product"}],"about":[{"href":"https:\/\/listman.shop\/autoparts-br\/wp-json\/wp\/v2\/types\/product"}],"wp:featuredmedia":[{"embeddable":true,"href":"https:\/\/listman.shop\/autoparts-br\/wp-json\/wp\/v2\/media\/45627"}],"wp:attachment":[{"href":"https:\/\/listman.shop\/autoparts-br\/wp-json\/wp\/v2\/media?parent=45633"}],"wp:term":[{"taxonomy":"product_brand","embeddable":true,"href":"https:\/\/listman.shop\/autoparts-br\/wp-json\/wp\/v2\/product_brand?post=45633"},{"taxonomy":"product_cat","embeddable":true,"href":"https:\/\/listman.shop\/autoparts-br\/wp-json\/wp\/v2\/product_cat?post=45633"},{"taxonomy":"product_tag","embeddable":true,"href":"https:\/\/listman.shop\/autoparts-br\/wp-json\/wp\/v2\/product_tag?post=45633"}],"curies":[{"name":"wp","href":"https:\/\/api.w.org\/{rel}","templated":true}]}}