{"id":45641,"date":"2025-03-30T10:01:19","date_gmt":"2025-03-30T01:01:19","guid":{"rendered":"https:\/\/listman.shop\/autoparts-br\/product\/1005004588179646\/"},"modified":"2026-05-04T21:41:08","modified_gmt":"2026-05-04T12:41:08","slug":"1005004588179646","status":"publish","type":"product","link":"https:\/\/listman.shop\/autoparts-br\/product\/1005004588179646\/","title":{"rendered":"Apto para mazda 3 bk 2003 2004 2005 2006 2007 2008 2009 l\u00e2mina de limpador da janela dianteira do carro l\u00e2minas de limpador do p\u00e1ra-brisas"},"content":{"rendered":"<div class=\"detailmodule_html\">\n<div class=\"detail-desc-decorate-richtext\">\n<div class=\"detailmodule_html\">\n<div class=\"detail-desc-decorate-richtext\">\n<div>\n<div>\n<div>\n<div>\n<div>\n<div>\n<div>\n<div>\n<div>\n<div>\n<div>\n<div>\n<div>\n<div>\n<div>\n<div>\n<div>\n<div>\n<div>\n<div>\n<div>\n<div>\n<div>&nbsp;<\/div>\n<div>\n<div>\n<div>\n<div>\n<div>\n<div>\n<div>\n<div>\n<div>\n<div>\n<div>\n<div>\n<div>\n<div>\n<div>\n<div>\n<div>\n<div>\n<div>\n<div>\n<div>\n<div>\n<div>\n<div>\n<div>\n<div>\n<div>\n<div>\n<div>\n<div>\n<div>\n<div>\n<div>\n<div>\n<div>\n<div>\n<div>\n<div>\n<div>\n<div>\n<div><\/div>\n<p style=\"font-size:medium;font-weight:normal;line-height:normal\"><img data-recalc-dims=\"1\" decoding=\"async\"  src=\"https:\/\/i0.wp.com\/ae01.alicdn.com\/kf\/HLB1x.qdGXXXXXaLXFXXq6xXFXXXD.jpg?w=700\"><\/p>\n<p><\/p>\n<p style=\"font-size:medium;font-weight:normal;line-height:normal\"><span style=\"font-size:16px\">Marca: misima<\/span><\/p>\n<p><\/p>\n<p style=\"font-size:medium;font-weight:normal;line-height:normal\"><span style=\"font-size:16px\"><strong>Montagem: para mazda 3 BK 2003-2009<\/strong><\/span><\/p>\n<p><\/p>\n<p style=\"font-size:medium;font-weight:normal;line-height:normal\"><span style=\"font-size:16px\"><strong>Tamanho: 21&#8221;+19&#8221;<\/strong><\/span><\/p>\n<p style=\"font-size:medium;font-weight:normal;line-height:normal\"><span style=\"font-size:16px\"><strong>Aviso!!!N\u00e3o \u00e9 adequado para volante \u00e0 direita!<\/strong><\/span><\/p>\n<p><span style=\"font-size:16px\">Condi\u00e7\u00e3o: 100% novo, n\u00e3o utilizado (qualidade verificada antes do envio)<\/span><\/p>\n<p style=\"font-size:medium;font-weight:normal;line-height:normal\"><span style=\"font-size:16px\">Composi\u00e7\u00e3o: 2 unidades (lado do passageiro e lado do motorista)<\/span><\/p>\n<p style=\"font-size:medium;font-weight:normal;line-height:normal\"><span style=\"font-size:16px\">Feito: Fabricado na China<\/span><\/p>\n<p style=\"font-size:medium;font-weight:normal;line-height:normal\"><span style=\"font-size:16px\">Material: Borracha natural de alta qualidade garante desempenho m\u00e1ximo<\/span><\/p>\n<p><\/p>\n<p style=\"font-size:medium;font-weight:normal;line-height:normal\"><span style=\"font-size:16px\"><strong>Caracter\u00edstica:<\/strong><\/span><\/p>\n<p style=\"font-size:medium;font-weight:normal;line-height:normal\"><span style=\"font-size:16px\">Custom Fit, uma substitui\u00e7\u00e3o direta dos antigos.<\/span><\/p>\n<p style=\"font-size:medium;font-weight:normal;line-height:normal\"><span style=\"font-size:16px\">1 milh\u00e3o de vezes de limpeza. Toler\u00e2ncia de temperatura: +158F a -40F (+70C a -40C)<\/span><\/p>\n<p style=\"font-size:medium;font-weight:normal;line-height:normal\"><span style=\"font-size:16px\">O design exclusivo de tr\u00eas se\u00e7\u00f5es aplica press\u00e3o uniforme ao longo de todo o comprimento da l\u00e2mina<\/span><\/p>\n<p style=\"font-size:medium;font-weight:normal;line-height:normal\"><span style=\"font-size:16px\">A mem\u00f3ria de tens\u00e3o aplica press\u00e3o uniforme ao longo de todo o comprimento da l\u00e2mina<\/span><\/p>\n<p style=\"font-size:medium;font-weight:normal;line-height:normal\"><span style=\"font-size:16px\">A borracha especialmente misturada oferece o melhor pano suave, limpo e sem vibra\u00e7\u00f5es<\/span><\/p>\n<p style=\"font-size:medium;font-weight:normal;line-height:normal\"><span style=\"font-size:16px\">O design aerodin\u00e2mico reduz significativamente o arrasto, o ru\u00eddo e a eleva\u00e7\u00e3o do vento<\/span><\/p>\n<p style=\"font-size:medium;font-weight:normal;line-height:normal\"><span style=\"font-size:16px\">Evita o ac\u00famulo de gelo e neve devido \u00e0 exposi\u00e7\u00e3o de componentes de metal\/pl\u00e1stico<\/span><\/p>\n<p style=\"font-size:medium;font-weight:normal;line-height:normal\"><span style=\"font-size:16px\">Instru\u00e7\u00e3o: Este item n\u00e3o vem com instala\u00e7\u00e3o manual<\/span><\/p>\n<p><\/p>\n<p><img data-recalc-dims=\"1\" decoding=\"async\"  src=\"https:\/\/i0.wp.com\/ae01.alicdn.com\/kf\/HLB1CT88GXXXXXavXVXXq6xXFXXXe.jpg?w=700\"><\/p>\n<p><img data-recalc-dims=\"1\" decoding=\"async\"  src=\"https:\/\/i0.wp.com\/ae01.alicdn.com\/kf\/HTB1swd6SpXXXXcgapXXq6xXFXXXj.jpg?w=800\"><\/p>\n<p><img data-recalc-dims=\"1\" decoding=\"async\"  src=\"https:\/\/i0.wp.com\/ae01.alicdn.com\/kf\/HTB1G2ONQFXXXXbgapXXq6xXFXXXt.jpg?w=800\"><\/p>\n<p><img data-recalc-dims=\"1\" decoding=\"async\"  src=\"https:\/\/i0.wp.com\/ae01.alicdn.com\/kf\/HTB1N.J_RpXXXXXzXXXXq6xXFXXXI.jpg?w=800\"><\/p>\n<p><img data-recalc-dims=\"1\" decoding=\"async\"  src=\"https:\/\/i0.wp.com\/ae01.alicdn.com\/kf\/HTB1Nm5fSpXXXXXlaXXXq6xXFXXXT.jpg?w=800\"><\/p>\n<p><img data-recalc-dims=\"1\" decoding=\"async\"  src=\"https:\/\/i0.wp.com\/ae01.alicdn.com\/kf\/HTB18caKSpXXXXaEXXXXq6xXFXXXG.jpg?w=800\"><\/p>\n<p><img data-recalc-dims=\"1\" decoding=\"async\"  src=\"https:\/\/i0.wp.com\/ae01.alicdn.com\/kf\/HTB1EChmRpXXXXcLaXXXq6xXFXXXL.jpg?w=800\"><\/p>\n<p><img data-recalc-dims=\"1\" decoding=\"async\"  src=\"https:\/\/i0.wp.com\/ae01.alicdn.com\/kf\/HTB1r4hnRpXXXXb3XVXXq6xXFXXXB.jpg?w=800\"><\/p>\n<div style=\"font-size:medium;font-weight:normal;line-height:normal\"><img data-recalc-dims=\"1\" decoding=\"async\"  src=\"https:\/\/i0.wp.com\/ae01.alicdn.com\/kf\/HLB1gjycGXXXXXc7XFXXq6xXFXXXo.jpg?w=700\"><\/div>\n<div style=\"font-size:medium;font-weight:normal;line-height:normal\">\n<p><span style=\"font-size:12px;font-family:arial\"><strong>Sobre n\u00f3s<\/strong><\/span><br \/><span style=\"font-size:12px;font-family:arial\">A Bestclickshop, uma das marcas de propriedade da Quick-Fit Automotive Cop, \u00e9 uma das maiores lojas online de pe\u00e7as e acess\u00f3rios automotivos desde 2008.Nossa meta \u00e9 ser o maior guarda-roupa online do mundo em 3 anos.Nosso objetivo \u00e9 ser emocionantes e inovadores, oferecendo aos nossos clientes as mais recentes e variadas pe\u00e7as de motor que eles desejam.<\/span><\/p>\n<p><\/p>\n<p><span style=\"font-size:12px;font-family:arial\"><strong>Por que nos escolher?<\/strong><\/span><\/p>\n<p><span style=\"font-size:12px;font-family:arial\">1.Uma enorme variedade de produtos &#8211; Com mais de 2.200.000 itens em estoque, a Quick-Fit \u00e9 atualmente uma das maiores lojas online do mundo.Voc\u00ea ter\u00e1 mais op\u00e7\u00f5es do que voc\u00ea pode imaginar.Al\u00e9m do mais, estamos atualizando com mais de 100 novidades por dia!<\/span><\/p>\n<p><span style=\"font-size:12px;font-family:arial\">2.Pre\u00e7os acess\u00edveis &#8211; A Bestclickshop oferece as pe\u00e7as e acess\u00f3rios automotivos mais recentes h\u00e1 quase 10 anos, estamos sempre acompanhando as tend\u00eancias mais recentes e, o mais importante, tornando os pre\u00e7os os mais baixos poss\u00edvel.<\/span><\/p>\n<p><span style=\"font-size:12px;font-family:arial\">3.Frete gr\u00e1tis para todo o mundo &#8211; Sim, voc\u00ea n\u00e3o vai acreditar que desfrutar\u00e1 de frete gr\u00e1tis para todo o mundo conosco (salvo indica\u00e7\u00e3o em contr\u00e1rio), n\u00e3o \u00e9 uma piada, mas uma verdade absoluta.<\/span><\/p>\n<p><span style=\"font-size:12px;font-family:arial\">4.Reembolso e devolu\u00e7\u00e3o sem perguntas &#8211; Qualquer coisa errada na qualidade de emiss\u00e3o e quebra pode ser devolvida ou reembols\u00e1vel.<\/span><\/p>\n<p><\/p>\n<p><span style=\"font-size:12px;font-family:arial\"><strong>Envio:<\/strong><\/span><\/p>\n<p><span style=\"font-size:12px;font-family:arial\">1.Tempo de recebimento = Tempo de processamento + Tempo de envio<\/span><\/p>\n<p><span style=\"font-size:12px;font-family:arial\">2.Tempo de processamento: cerca de 5 a 15 dias<\/span><\/p>\n<p><span style=\"font-size:12px;font-family:arial\">3.Tempo de envio:<\/span><\/p>\n<p><span style=\"font-size:12px;font-family:arial\">15-26 dias por correio a\u00e9reo, gr\u00e1tis.<\/span><\/p>\n<p><span style=\"font-size:12px;font-family:arial\">3-10 dias \u00fateis por expresso.<\/span><\/p>\n<p><\/p>\n<p><span style=\"font-size:12px;font-family:arial\"><strong>Aviso:<\/strong><\/span><\/p>\n<p><span style=\"font-size:12px;font-family:arial\">Ao fazer um pedido, escolha um m\u00e9todo de envio e pague pelo pedido, incluindo a taxa de envio.E certifique-se de que seu endere\u00e7o atual esteja correto ap\u00f3s o pagamento dentro de 1-2 dias!<\/span><\/p>\n<p><span style=\"font-size:12px;font-family:arial\">N\u00e3o garantimos o prazo de entrega em todas as remessas internacionais devido a diferen\u00e7as nos tempos de libera\u00e7\u00e3o alfandeg\u00e1ria em cada pa\u00eds, o que pode afetar a rapidez com que seu produto \u00e9 inspecionado!<\/span><\/p>\n<p><\/p>\n<p><span style=\"font-size:12px;font-family:arial\"><strong>Nossa garantia:<\/strong><\/span><\/p>\n<p><span style=\"font-size:12px;font-family:arial\">Se n\u00e3o estiver 100% satisfeito com a qualidade dos produtos adquiridos, poder\u00e1 devolver ou trocar seus itens no prazo de 30 dias a partir da data de entrega.<\/span><\/p>\n<p><\/p>\n<p><span style=\"font-size:12px;font-family:arial\"><strong>Solicitar:<\/strong><\/span><\/p>\n<p><span style=\"font-size:12px;font-family:arial\">1.Itens recebidos dentro de 30 dias a partir da data de entrega.<\/span><br \/><span style=\"font-size:12px;font-family:arial\">2.Itens recebidos sem uso, sem danos e na embalagem original.<\/span><br \/><span style=\"font-size:12px;font-family:arial\">3.A taxa de envio de devolu\u00e7\u00e3o \u00e9 paga pelo comprador.<\/span><\/p>\n<p><span style=\"font-size:12px;font-family:arial\"><strong>Feedback:<\/strong><\/span><\/p>\n<p><span style=\"font-size:12px;font-family:arial\">1.Seu feedback \u00e9 muito importante para n\u00f3s e para todos os compradores.Reserve alguns segundos para deixar um \u00f3timo feedback se estiver satisfeito com nosso produto e servi\u00e7o.<\/span><\/p>\n<p><span style=\"font-size:12px;font-family:arial\">2.Entre em contato conosco antes de deixar coment\u00e1rios neutros (3 estrelas) ou negativos (1-2 estrelas).Faremos o nosso melhor para resolver o problema e deixar-lhe boas compras aqui.Obrigado!<\/span><\/p>\n<p><span style=\"font-size:12px;font-family:arial\"><strong>Entre em contato conosco:<\/strong><\/span><\/p>\n<p><span style=\"font-size:12px;font-family:arial\">1.Se voc\u00ea tiver alguma d\u00favida ou precisar de ajuda, n\u00e3o hesite em nos contatar!Obrigado!<\/span><br \/><span style=\"font-size:12px;font-family:arial\">2.Tentamos responder o mais r\u00e1pido poss\u00edvel.Teremos o maior prazer em responder a qualquer pergunta que voc\u00ea tenha!<\/span><\/p>\n<p><span style=\"font-size:13px;font-family:arial\"><strong>Obrigado pelo seu apoio! !<\/strong><\/span><\/p>\n<\/div>\n<p><\/div>\n<\/div>\n<\/div>\n<\/div>\n<\/div>\n<\/div>\n<\/div>\n<\/div>\n<\/div>\n<\/div>\n<\/div>\n<\/div>\n<\/div>\n<\/div>\n<\/div>\n<\/div>\n<\/div>\n<\/div>\n<\/div>\n<\/div>\n<\/div>\n<\/div>\n<\/div>\n<\/div>\n<\/div>\n<\/div>\n<\/div>\n<\/div>\n<\/div>\n<\/div>\n<\/div>\n<\/div>\n<\/div>\n<\/div>\n<\/div>\n<\/div>\n<\/div>\n<\/div>\n<\/div>\n<\/div>\n<\/div>\n<\/div>\n<\/div>\n<\/div>\n<\/div>\n<\/div>\n<\/div>\n<\/div>\n<\/div>\n<\/div>\n<\/div>\n<\/div>\n<\/div>\n<\/div>\n<\/div>\n<\/div>\n<\/div>\n<\/div>\n<\/div>\n<\/div>\n<\/div>\n<\/div>\n<\/div>\n<\/div>\n<p><\/div>\n<\/div>\n","protected":false},"excerpt":{"rendered":"<p>&nbsp; Marca: misima Montagem: para mazda 3 BK 2003-2009 Tamanho: 21&#8221;+19&#8221; Aviso!!!N\u00e3o \u00e9 adequado para volante \u00e0 direita! Condi\u00e7\u00e3o: 100% novo, n\u00e3o utilizado (qualidade verificada antes do envio) Composi\u00e7\u00e3o: 2 unidades (lado do passageiro e lado do motorista) Feito: Fabricado na China Material: Borracha natural de alta qualidade garante desempenho m\u00e1ximo Caracter\u00edstica: Custom Fit, uma&hellip;&nbsp;<\/p>\n","protected":false},"featured_media":45635,"template":"","meta":{"neve_meta_sidebar":"","neve_meta_container":"","neve_meta_enable_content_width":"","neve_meta_content_width":0,"neve_meta_title_alignment":"","neve_meta_author_avatar":"","neve_post_elements_order":"","neve_meta_disable_header":"","neve_meta_disable_footer":"","neve_meta_disable_title":""},"product_brand":[],"product_cat":[45,26,17],"product_tag":[],"class_list":{"0":"post-45641","1":"product","2":"type-product","3":"status-publish","4":"has-post-thumbnail","6":"product_cat-brisas-parts","7":"product_cat-pecas-de-desgaste","8":"product_cat-pecas-e-acessorios-automotivos","10":"first","11":"instock","12":"shipping-taxable","13":"purchasable","14":"product-type-variable","15":"has-default-attributes"},"jetpack_sharing_enabled":true,"_links":{"self":[{"href":"https:\/\/listman.shop\/autoparts-br\/wp-json\/wp\/v2\/product\/45641","targetHints":{"allow":["GET"]}}],"collection":[{"href":"https:\/\/listman.shop\/autoparts-br\/wp-json\/wp\/v2\/product"}],"about":[{"href":"https:\/\/listman.shop\/autoparts-br\/wp-json\/wp\/v2\/types\/product"}],"wp:featuredmedia":[{"embeddable":true,"href":"https:\/\/listman.shop\/autoparts-br\/wp-json\/wp\/v2\/media\/45635"}],"wp:attachment":[{"href":"https:\/\/listman.shop\/autoparts-br\/wp-json\/wp\/v2\/media?parent=45641"}],"wp:term":[{"taxonomy":"product_brand","embeddable":true,"href":"https:\/\/listman.shop\/autoparts-br\/wp-json\/wp\/v2\/product_brand?post=45641"},{"taxonomy":"product_cat","embeddable":true,"href":"https:\/\/listman.shop\/autoparts-br\/wp-json\/wp\/v2\/product_cat?post=45641"},{"taxonomy":"product_tag","embeddable":true,"href":"https:\/\/listman.shop\/autoparts-br\/wp-json\/wp\/v2\/product_tag?post=45641"}],"curies":[{"name":"wp","href":"https:\/\/api.w.org\/{rel}","templated":true}]}}