{"id":45675,"date":"2025-03-30T10:02:41","date_gmt":"2025-03-30T01:02:41","guid":{"rendered":"https:\/\/listman.shop\/autoparts-br\/product\/1005005090428305\/"},"modified":"2026-05-04T21:35:12","modified_gmt":"2026-05-04T12:35:12","slug":"1005005090428305","status":"publish","type":"product","link":"https:\/\/listman.shop\/autoparts-br\/product\/1005005090428305\/","title":{"rendered":"Conjunto de l\u00e2minas de limpador para subaru impreza xv mk5 gk gt 2017 2018 2019 2020 2021 2022 2023 p\u00e1ra-brisa dianteiro traseiro 26 &#8220;16&#8221; 12&#8243;"},"content":{"rendered":"<div class=\"detailmodule_html\">\n<div class=\"detail-desc-decorate-richtext\">\n<div class=\"detailmodule_html\">\n<div class=\"detail-desc-decorate-richtext\">\n<div>\n<p class=\"detail-desc-decorate-title\" style=\"font-family:OpenSans;font-size:20px;font-weight:900;line-height:28px;white-space:pre-wrap;margin-bottom:12px\">Conjunto de l\u00e2minas de limpador dianteiro e traseiro lhd rhd para subaru impreza xv gk gt 2017 2018 2019 2020 2021 2022 2023 p\u00e1ra-brisa 26&#8243; &#8220;16&#8221; &#8220;12&#8221;<\/p>\n<p class=\"detail-desc-decorate-content\" style=\"font-family:OpenSans;font-size:14px;font-weight:300;line-height:20px;white-space:pre-wrap;margin-bottom:12px\">Os modelos exatos \u00e0s vezes podem ser dif\u00edceis de determinar, portanto, estude as fotos.As informa\u00e7\u00f5es Cut N Pasted podem ou n\u00e3o ser completamente precisas para itens individuais oferecidos.Alguns detalhes\/itens inclu\u00eddos podem n\u00e3o estar inclu\u00eddos e podem variar de modelo ano para ano.Aceito perguntas e respondo em at\u00e9 24 horas.<br \/>Por que escolher nossas palhetas?Certamente para uma otimiza\u00e7\u00e3o da curvatura da guia el\u00e1stica para uma melhor distribui\u00e7\u00e3o da press\u00e3o no para-brisa.A guia el\u00e1stica das escovas \u00e9 feita de EVODIUM, uma liga met\u00e1lica particular que armazena permanentemente sua curvatura.O guia EVODIUM \u00e9 desenvolvido com base na curvatura do para-brisa de cada ve\u00edculo espec\u00edfico atrav\u00e9s de c\u00e1lculos e procedimentos de constru\u00e7\u00e3o complexos.O resultado \u00e9 uma press\u00e3o maior e mais regular no para-brisa.<br \/>Em compara\u00e7\u00e3o com as palhetas tradicionais, o nosso limpador garante uma distribui\u00e7\u00e3o de press\u00e3o mais alta e homog\u00eanea.A consequ\u00eancia \u00e9 uma maior qualidade de limpeza e uma maior dura\u00e7\u00e3o ao longo do tempo, pois o desgaste localizado da almofada de borracha \u00e9 minimizado.<br \/>A borracha utilizada \u00e9 de qualidade superior.A almofada de borracha de tr\u00eas zonas possui caracter\u00edsticas muito espec\u00edficas:<br \/>\u2022 borracha macia e flex\u00edvel na \u00e1rea das dobradi\u00e7as para garantir o m\u00e1ximo sil\u00eancio;<br \/>\u2022 borracha dura e resistente devido \u00e0 dupla microborda que, em contato com o cristal, deve garantir excelente limpeza e longa vida \u00fatil;<br \/>\u2022 grafite aplicada no perfil do limpador para melhor prote\u00e7\u00e3o e suavidade.<\/p>\n<div><img data-recalc-dims=\"1\" decoding=\"async\" class=\"detail-desc-decorate-image\" src=\"https:\/\/i0.wp.com\/ae01.alicdn.com\/kf\/Sc36e149b5ded4fe28e328d8f7b84dc82k.jpg?w=1200&#038;ssl=1\" style=\"margin-bottom:10px\"><\/div>\n<\/div>\n<div>\n<p align=\"center\" style=\"font-size:16px;font-weight:bold;text-align:center;display:block;width:100%\">Aten\u00e7\u00e3o:<\/p>\n<p>1, para evitar comprar limpadores errados, os compradores devem prestar aten\u00e7\u00e3o ao ano do carro e \u00e0s fotos na descri\u00e7\u00e3o antes de fazer o pedido.Se os compradores n\u00e3o tiverem ideia se os limpadores cabem nos seus carros, entre em contato conosco e indique-nos o modelo e o ano do seu carro, responderemos em 24 horas.<\/p>\n<p>2, indique-nos que seu carro \u00e9 volante \u00e0 direita ou \u00e0 esquerda, porque o sistema de limpador \u00e9 diferente entre RHD e LHD.<\/p>\n<p>3, se os compradores fizerem um pedido errado por ser descuidado sobre a descri\u00e7\u00e3o, n\u00e3o reembolsaremos ou reenviaremos.<\/p>\n<p>Recomenda\u00e7\u00f5es:<\/p>\n<p>1, certifique-se de limpar o p\u00e1ra-brisa primeiro se estiver contaminado com \u00f3leo, cera, sujeira e grimes para garantir a vida \u00fatil dos limpadores.<\/p>\n<p>2. As palhetas do limpador de p\u00e1ra-brisa devem ser substitu\u00eddas quando n\u00e3o funcionarem conforme o esperado ou n\u00e3o fornecerem n\u00edvel de seguran\u00e7a suficiente.<\/p>\n<p>3. Se as palhetas do limpador n\u00e3o soltarem o p\u00e1ra-brisa, opere o limpador at\u00e9 atingirem o centro do p\u00e1ra-brisa, desligue a igni\u00e7\u00e3o e troque as palhetas do limpador.<\/p>\n<p>Expedi\u00e7\u00e3o:<\/p>\n<p>1, os itens ser\u00e3o enviados em 3 dias ap\u00f3s o pagamento integral ser liquidado, exceto feriados.<\/p>\n<p>2, os compradores certifique-se de deixar endere\u00e7o preciso, c\u00f3digo postal, n\u00famero de telefone (nome completo dos compradores da R\u00fassia)<\/p>\n<p>3, se os compradores n\u00e3o conseguirem receber os itens no prazo de entrega ou tiverem problemas com os itens, tente entrar em contato conosco primeiro, gostar\u00edamos de responder em 24 horas em dias \u00fateis para rastrear o pedido e resolver problemas para voc\u00ea.<\/p>\n<p>4, se os compradores n\u00e3o conseguirem receber os itens ap\u00f3s o t\u00e9rmino do prazo de entrega, gostar\u00edamos de reembolsar ou reenviar<\/p>\n<div><img data-recalc-dims=\"1\" decoding=\"async\" class=\"detail-desc-decorate-image\" src=\"https:\/\/i0.wp.com\/ae01.alicdn.com\/kf\/S3a58ddb22c3c41fc9090dee73fdf4dc6w.jpg?w=1200&#038;ssl=1\"> <img data-recalc-dims=\"1\" decoding=\"async\" class=\"detail-desc-decorate-image\" src=\"https:\/\/i0.wp.com\/ae01.alicdn.com\/kf\/S66b609fda572494ea3e7a05efdba6cf2K.jpg?w=1200&#038;ssl=1\"> <img data-recalc-dims=\"1\" decoding=\"async\" class=\"detail-desc-decorate-image\" src=\"https:\/\/i0.wp.com\/ae01.alicdn.com\/kf\/S64784b66871f43c68304ad56e41e94490.jpg?w=1200&#038;ssl=1\"> <img data-recalc-dims=\"1\" decoding=\"async\" class=\"detail-desc-decorate-image\" src=\"https:\/\/i0.wp.com\/ae01.alicdn.com\/kf\/Sd67dc5fd05424a0abc6e50fe667f8713g.jpg?w=1200&#038;ssl=1\"> <img data-recalc-dims=\"1\" decoding=\"async\" class=\"detail-desc-decorate-image\" src=\"https:\/\/i0.wp.com\/ae01.alicdn.com\/kf\/S2036b61e9f594a74a261d522737b205aF.jpg?w=1200&#038;ssl=1\"> <img data-recalc-dims=\"1\" decoding=\"async\" class=\"detail-desc-decorate-image\" src=\"https:\/\/i0.wp.com\/ae01.alicdn.com\/kf\/Sb25829fb75a3460bbed7cb342c1746b9d.jpg?w=1200&#038;ssl=1\"> <img data-recalc-dims=\"1\" decoding=\"async\" class=\"detail-desc-decorate-image\" src=\"https:\/\/i0.wp.com\/ae01.alicdn.com\/kf\/S6f2d564b21b94e68b18ec39edb4bfc04R.jpg?w=1200&#038;ssl=1\"> <img data-recalc-dims=\"1\" decoding=\"async\" class=\"detail-desc-decorate-image\" src=\"https:\/\/i0.wp.com\/ae01.alicdn.com\/kf\/S753bfcfbb43b4166a61337b292cd4d80j.jpg?w=1200&#038;ssl=1\"> <img data-recalc-dims=\"1\" decoding=\"async\" class=\"detail-desc-decorate-image\" src=\"https:\/\/i0.wp.com\/ae01.alicdn.com\/kf\/Sbd35ee671e744c9381db6b23341ae4ae5.jpg?w=1200&#038;ssl=1\"><\/div>\n<\/div>\n<\/div>\n<\/div>\n<\/div>\n<\/div>\n","protected":false},"excerpt":{"rendered":"<p>Conjunto de l\u00e2minas de limpador dianteiro e traseiro lhd rhd para subaru impreza xv gk gt 2017 2018 2019 2020 2021 2022 2023 p\u00e1ra-brisa 26&#8243; &#8220;16&#8221; &#8220;12&#8221; Os modelos exatos \u00e0s vezes podem ser dif\u00edceis de determinar, portanto, estude as fotos.As informa\u00e7\u00f5es Cut N Pasted podem ou n\u00e3o ser completamente precisas para itens individuais oferecidos.Alguns&hellip;&nbsp;<\/p>\n","protected":false},"featured_media":45669,"template":"","meta":{"neve_meta_sidebar":"","neve_meta_container":"","neve_meta_enable_content_width":"","neve_meta_content_width":0,"neve_meta_title_alignment":"","neve_meta_author_avatar":"","neve_post_elements_order":"","neve_meta_disable_header":"","neve_meta_disable_footer":"","neve_meta_disable_title":""},"product_brand":[],"product_cat":[45,26,17],"product_tag":[],"class_list":{"0":"post-45675","1":"product","2":"type-product","3":"status-publish","4":"has-post-thumbnail","6":"product_cat-brisas-parts","7":"product_cat-pecas-de-desgaste","8":"product_cat-pecas-e-acessorios-automotivos","10":"first","11":"instock","12":"shipping-taxable","13":"purchasable","14":"product-type-variable","15":"has-default-attributes"},"jetpack_sharing_enabled":true,"_links":{"self":[{"href":"https:\/\/listman.shop\/autoparts-br\/wp-json\/wp\/v2\/product\/45675","targetHints":{"allow":["GET"]}}],"collection":[{"href":"https:\/\/listman.shop\/autoparts-br\/wp-json\/wp\/v2\/product"}],"about":[{"href":"https:\/\/listman.shop\/autoparts-br\/wp-json\/wp\/v2\/types\/product"}],"wp:featuredmedia":[{"embeddable":true,"href":"https:\/\/listman.shop\/autoparts-br\/wp-json\/wp\/v2\/media\/45669"}],"wp:attachment":[{"href":"https:\/\/listman.shop\/autoparts-br\/wp-json\/wp\/v2\/media?parent=45675"}],"wp:term":[{"taxonomy":"product_brand","embeddable":true,"href":"https:\/\/listman.shop\/autoparts-br\/wp-json\/wp\/v2\/product_brand?post=45675"},{"taxonomy":"product_cat","embeddable":true,"href":"https:\/\/listman.shop\/autoparts-br\/wp-json\/wp\/v2\/product_cat?post=45675"},{"taxonomy":"product_tag","embeddable":true,"href":"https:\/\/listman.shop\/autoparts-br\/wp-json\/wp\/v2\/product_tag?post=45675"}],"curies":[{"name":"wp","href":"https:\/\/api.w.org\/{rel}","templated":true}]}}