{"id":45763,"date":"2025-03-30T10:07:34","date_gmt":"2025-03-30T01:07:34","guid":{"rendered":"https:\/\/listman.shop\/autoparts-br\/product\/1005005436093789\/"},"modified":"2026-04-08T06:13:07","modified_gmt":"2026-04-07T21:13:07","slug":"1005005436093789","status":"publish","type":"product","link":"https:\/\/listman.shop\/autoparts-br\/product\/1005005436093789\/","title":{"rendered":"Ponteiro digital carro ue pneu inflator de press\u00e3o de ar medidor 0-220psi testador de ve\u00edculo de alta precis\u00e3o monitoramento de infla\u00e7\u00e3o"},"content":{"rendered":"<div class=\"detailmodule_html\">\n<div class=\"detail-desc-decorate-richtext\">\n<p id=\"tl_1\">Descri&ccedil;&atilde;o:<\/p>\n<p><span class=\"a-list-item\" id=\"tl_2\">\u3010Medi&ccedil;&atilde;o Precisa\u3011Alta precis&atilde;o, a faixa de medi&ccedil;&atilde;o est&aacute; entre 0 e 15 bar \/ 0 e 220 PSI.<\/span><\/p>\n<p><\/p>\n<p><span class=\"a-list-item\" id=\"tl_3\">\u3010F&aacute;cil de Operar\u3011Uma tampa de torque da v&aacute;lvula no pneu testado pode ser montada na v&aacute;lvula. Basta pressionar o clipe e tudo est&aacute; apertado. Excelente para trabalho com uma m&atilde;o!<\/span><\/p>\n<p><\/p>\n<p><span class=\"a-list-item\" id=\"tl_4\">\u3010Acess&oacute;rios do produto\u3011Nossos produtos incluem um man&ocirc;metro indicador de metal, 4 tampas de pneus, um adaptador de bocal de ar franc&ecirc;s, uma haste de metal de lat&atilde;o para uma motocicleta para sua conveni&ecirc;ncia.<\/span><\/p>\n<p><\/p>\n<p><span class=\"a-list-item\" id=\"tl_5\">\u3010Design durado\u3011Contorneado para caber na sua m&atilde;o, o formato ergon&ocirc;mico &eacute; complementado por uma textura macia e antiderrapante para o m&aacute;ximo conforto e controle.<\/span><\/p>\n<p><\/p>\n<p><span class=\"a-list-item\" id=\"tl_6\">\u3010Ampla aplica&ccedil;&atilde;o\u3011 O medidor digital do compressor de ar pode ser aplicado a uma ampla gama de ve&iacute;culos, incluindo ve&iacute;culos pesados. Pode ser usado nos pneus de carros, SUVs, caminh&otilde;es, motocicletas, bicicletas e muito mais.<\/span><\/p>\n<p><img data-recalc-dims=\"1\" decoding=\"async\" src=\"https:\/\/i0.wp.com\/ae01.alicdn.com\/kf\/S006748db5c204fb2a668dc3a165b3536r.jpg?w=1200&#038;ssl=1\" \/><img data-recalc-dims=\"1\" decoding=\"async\" src=\"https:\/\/i0.wp.com\/ae01.alicdn.com\/kf\/Sde760e0537e74897a884720fbd4e1cb2M.jpg?w=1200&#038;ssl=1\" \/><img data-recalc-dims=\"1\" decoding=\"async\" src=\"https:\/\/i0.wp.com\/ae01.alicdn.com\/kf\/Sb04c5ba4d608488d98b96a4255703649y.png?w=1200&#038;ssl=1\" \/><\/p>\n<\/div>\n<\/div>\n","protected":false},"excerpt":{"rendered":"<p>Descri&ccedil;&atilde;o: \u3010Medi&ccedil;&atilde;o Precisa\u3011Alta precis&atilde;o, a faixa de medi&ccedil;&atilde;o est&aacute; entre 0 e 15 bar \/ 0 e 220 PSI. \u3010F&aacute;cil de Operar\u3011Uma tampa de torque da v&aacute;lvula no pneu testado pode ser montada na v&aacute;lvula. Basta pressionar o clipe e tudo est&aacute; apertado. Excelente para trabalho com uma m&atilde;o! \u3010Acess&oacute;rios do produto\u3011Nossos produtos incluem um&hellip;&nbsp;<\/p>\n","protected":false},"featured_media":45757,"template":"","meta":{"neve_meta_sidebar":"","neve_meta_container":"","neve_meta_enable_content_width":"","neve_meta_content_width":0,"neve_meta_title_alignment":"","neve_meta_author_avatar":"","neve_post_elements_order":"","neve_meta_disable_header":"","neve_meta_disable_footer":"","neve_meta_disable_title":""},"product_brand":[],"product_cat":[26,17,47],"product_tag":[],"class_list":{"0":"post-45763","1":"product","2":"type-product","3":"status-publish","4":"has-post-thumbnail","6":"product_cat-pecas-de-desgaste","7":"product_cat-pecas-e-acessorios-automotivos","8":"product_cat-pneus-e-pecas-para-rodas","10":"first","11":"instock","12":"shipping-taxable","13":"purchasable","14":"product-type-variable","15":"has-default-attributes"},"jetpack_sharing_enabled":true,"_links":{"self":[{"href":"https:\/\/listman.shop\/autoparts-br\/wp-json\/wp\/v2\/product\/45763","targetHints":{"allow":["GET"]}}],"collection":[{"href":"https:\/\/listman.shop\/autoparts-br\/wp-json\/wp\/v2\/product"}],"about":[{"href":"https:\/\/listman.shop\/autoparts-br\/wp-json\/wp\/v2\/types\/product"}],"wp:featuredmedia":[{"embeddable":true,"href":"https:\/\/listman.shop\/autoparts-br\/wp-json\/wp\/v2\/media\/45757"}],"wp:attachment":[{"href":"https:\/\/listman.shop\/autoparts-br\/wp-json\/wp\/v2\/media?parent=45763"}],"wp:term":[{"taxonomy":"product_brand","embeddable":true,"href":"https:\/\/listman.shop\/autoparts-br\/wp-json\/wp\/v2\/product_brand?post=45763"},{"taxonomy":"product_cat","embeddable":true,"href":"https:\/\/listman.shop\/autoparts-br\/wp-json\/wp\/v2\/product_cat?post=45763"},{"taxonomy":"product_tag","embeddable":true,"href":"https:\/\/listman.shop\/autoparts-br\/wp-json\/wp\/v2\/product_tag?post=45763"}],"curies":[{"name":"wp","href":"https:\/\/api.w.org\/{rel}","templated":true}]}}