{"id":45810,"date":"2025-03-30T10:09:52","date_gmt":"2025-03-30T01:09:52","guid":{"rendered":"https:\/\/listman.shop\/autoparts-br\/product\/1005005969420790\/"},"modified":"2026-04-14T21:48:06","modified_gmt":"2026-04-14T12:48:06","slug":"1005005969420790","status":"publish","type":"product","link":"https:\/\/listman.shop\/autoparts-br\/product\/1005005969420790\/","title":{"rendered":"Sensor tpms para 2014-2018 jeep cherokee 2014-2019ram 1500 2015-2018 ram 2500 433mhz sensor de press\u00e3o de ar do pneu 68249197 AA"},"content":{"rendered":"<div class=\"detailmodule_html\">\n<div class=\"detail-desc-decorate-richtext\">\n<div class=\"detailmodule_html\">\n<div class=\"detail-desc-decorate-richtext\">\n<div style=\", sans-serif;font-size:14px;font-weight:400;letter-spacing:normal;text-align:start;white-space:normal;margin:0px;margin-bottom:0px;margin-top:0px;margin-left:0px;margin-right:0px;padding:0px;padding-bottom:0px;padding-top:0px;padding-left:0px;padding-right:0px\" align=\"start\">\n<p style=\"font-family:OpenSans;font-size:14px;font-weight:300;line-height:20px;white-space:pre-wrap;margin:0px 0px 12px;margin-bottom:12px;margin-top:0px;margin-left:0px;margin-right:0px;padding:0px;padding-bottom:0px;padding-top:0px;padding-left:0px;padding-right:0px\" class=\"detail-desc-decorate-content\"><span style=\"font-size:18px\"><span><strong>Ponto de venda<\/strong><\/span><\/span><\/p>\n<\/div>\n<div style=\", sans-serif;font-size:14px;font-weight:400;letter-spacing:normal;text-align:start;white-space:normal;margin:0px;margin-bottom:0px;margin-top:0px;margin-left:0px;margin-right:0px;padding:0px;padding-bottom:0px;padding-top:0px;padding-left:0px;padding-right:0px\" align=\"start\">\n<p style=\"font-family:OpenSans;font-size:14px;font-weight:300;line-height:20px;white-space:pre-wrap;margin:0px 0px 12px;margin-bottom:12px;margin-top:0px;margin-left:0px;margin-right:0px;padding:0px;padding-bottom:0px;padding-top:0px;padding-left:0px;padding-right:0px\" class=\"detail-desc-decorate-content\"><span><strong>Nota1:<\/strong><\/span><\/p>\n<\/div>\n<div style=\", sans-serif;font-size:14px;font-weight:400;letter-spacing:normal;text-align:start;white-space:normal;margin:0px;margin-bottom:0px;margin-top:0px;margin-left:0px;margin-right:0px;padding:0px;padding-bottom:0px;padding-top:0px;padding-left:0px;padding-right:0px\" align=\"start\">\n<p style=\"font-family:OpenSans;font-size:14px;font-weight:300;line-height:20px;white-space:pre-wrap;margin:0px 0px 12px;margin-bottom:12px;margin-top:0px;margin-left:0px;margin-right:0px;padding:0px;padding-bottom:0px;padding-top:0px;padding-left:0px;padding-right:0px\" class=\"detail-desc-decorate-content\">Por favor, use a montagem do ve\u00edculo que fornecemos no corpo da listagem para confirmar a montagem do ve\u00edculo. Se voc\u00ea n\u00e3o tiver certeza de qual item \u00e9 adequado para o seu carro, envie-nos o C\u00d3DIGO VIN para confirmar antes do pedido.<\/p>\n<\/div>\n<div style=\", sans-serif;font-size:14px;font-weight:400;letter-spacing:normal;text-align:start;white-space:normal;margin:0px;margin-bottom:0px;margin-top:0px;margin-left:0px;margin-right:0px;padding:0px;padding-bottom:0px;padding-top:0px;padding-left:0px;padding-right:0px\" align=\"start\">\n<p style=\"font-family:OpenSans;font-size:14px;font-weight:300;line-height:20px;white-space:pre-wrap;margin:0px 0px 12px;margin-bottom:12px;margin-top:0px;margin-left:0px;margin-right:0px;padding:0px;padding-bottom:0px;padding-top:0px;padding-left:0px;padding-right:0px\" class=\"detail-desc-decorate-content\"><strong><span>Nota2:<\/span><\/strong><\/p>\n<\/div>\n<p style=\"font-family:OpenSans;font-size:14px;font-weight:300;line-height:20px;white-space:pre-wrap;margin:0px 0px 12px;margin-bottom:12px;margin-top:0px;margin-left:0px;margin-right:0px;padding:0px;padding-bottom:0px;padding-top:0px;padding-left:0px;padding-right:0px\" class=\"detail-desc-decorate-content\">\u3010N\u00e3o \u00e9 necess\u00e1ria programa\u00e7\u00e3o de sensor\u3011: O sensor de press\u00e3o dos pneus \u00e9 100% novo e vem pr\u00e9-programado especificamente para sua marca\/modelo\/ano de ve\u00edculo, \u00e9 necess\u00e1rio ativ\u00e1-los por ferramenta de escala ou &#8220;reaprendizado&#8221;.Reaprender simplificado: Ferramenta Scal Reaprender Recomenda-se que a instala\u00e7\u00e3o do TPMS seja realizada apenas por profissionais treinados.<\/p>\n<p>ESPECIFICA\u00c7\u00c3O:<br \/><span style=\"font-size:14px;font-family:OpenSans\">Substitua pelo n\u00famero da pe\u00e7a:<\/span> <span style=\"font-size:14px;font-family:OpenSans\">68249197AA;68185570AA<\/span><br \/>Vida \u00fatil da bateria: CERCA DE 3 ANOS<br \/>Frequ\u00eancia operacional: 433<span style=\"font-size:14px;font-family:OpenSans\">MHz MHz<\/span> <br \/>CONTE\u00daDO DA EMBALAGEM: PACOTE NORMAL<\/p>\n<p><span style=\"font-size:14px;font-family:OpenSans\"><strong><span style=\"font-size:18px\">Aplica\u00e7\u00e3o:<\/span><\/strong><\/span><\/p>\n<p><span style=\"font-size:14px;font-family:OpenSans\">Para jeep chERokee 2014-2018<br \/>Para RAM 1500 2014-2019<br \/>Para RAM 2500 2015-2018<\/span><\/p>\n<p><\/p>\n<div style=\"letter-spacing:normal;text-align:start;white-space:normal;margin:0px;margin-bottom:0px;margin-top:0px;margin-left:0px;margin-right:0px;padding:0px;padding-bottom:0px;padding-top:0px;padding-left:0px;padding-right:0px\" align=\"start\">\n<p style=\", sans-serif;font-size:14px;font-weight:400;letter-spacing:normal;line-height:inherit;text-align:start;white-space:normal;margin:0px;margin-bottom:0px;margin-top:0px;margin-left:0px;margin-right:0px;padding:0px;padding-bottom:0px;padding-top:0px;padding-left:0px;padding-right:0px\" align=\"start\"><span><span style=\"font-size:18px\"><span><span style=\", times, serif\"><strong>Envio e manuseio:<\/strong><\/span><\/span><\/span><\/span><\/p>\n<p style=\", sans-serif;font-size:14px;font-weight:400;letter-spacing:normal;line-height:inherit;text-align:center;white-space:normal;margin:0px;margin-bottom:0px;margin-top:0px;margin-left:0px;margin-right:0px;padding:0px;padding-bottom:0px;padding-top:0px;padding-left:0px;padding-right:0px\" align=\"center\"><span style=\"font-size:16px\"><span style=\", times, serif\">7 a 10 dias \u00fateis para os EUA<\/span><\/span><\/p>\n<p style=\", sans-serif;font-size:14px;font-weight:400;letter-spacing:normal;line-height:inherit;text-align:center;white-space:normal;margin:0px;margin-bottom:0px;margin-top:0px;margin-left:0px;margin-right:0px;padding:0px;padding-bottom:0px;padding-top:0px;padding-left:0px;padding-right:0px\" align=\"center\"><span style=\"font-size:16px\"><span style=\", times, serif\">5-10 dias \u00fateis para Reino Unido, Canad\u00e1, Alemanha, Austr\u00e1lia, Espanha, Pol\u00f4nia, Fran\u00e7a e pa\u00edses asi\u00e1ticos.<\/span><\/span><\/p>\n<p style=\", sans-serif;font-size:14px;font-weight:400;letter-spacing:normal;line-height:inherit;text-align:center;white-space:normal;margin:0px;margin-bottom:0px;margin-top:0px;margin-left:0px;margin-right:0px;padding:0px;padding-bottom:0px;padding-top:0px;padding-left:0px;padding-right:0px\" align=\"center\"><span style=\"font-size:16px\"><span style=\", times, serif\">14-21 dias \u00fateis para pa\u00edses do Oriente M\u00e9dio.<\/span><\/span><\/p>\n<p style=\", sans-serif;font-size:14px;font-weight:400;letter-spacing:normal;line-height:inherit;text-align:center;white-space:normal;margin:0px;margin-bottom:0px;margin-top:0px;margin-left:0px;margin-right:0px;padding:0px;padding-bottom:0px;padding-top:0px;padding-left:0px;padding-right:0px\" align=\"center\"><span style=\"font-size:16px\"><span style=\", times, serif\">18-25 dias \u00fateis para R\u00fassia, Brasil e pa\u00edses europeus.<\/span><\/span><\/p>\n<p style=\", sans-serif;font-size:14px;font-weight:400;letter-spacing:normal;line-height:inherit;text-align:center;white-space:normal;margin:0px;margin-bottom:0px;margin-top:0px;margin-left:0px;margin-right:0px;padding:0px;padding-bottom:0px;padding-top:0px;padding-left:0px;padding-right:0px\" align=\"center\"><span style=\"font-size:16px\"><span style=\", times, serif\">24 a 32 dias \u00fateis para pa\u00edses da Am\u00e9rica do Sul.<\/span><\/span><\/p>\n<p style=\", sans-serif;font-size:14px;font-weight:400;letter-spacing:normal;line-height:inherit;text-align:start;white-space:normal;margin:0px;margin-bottom:0px;margin-top:0px;margin-left:0px;margin-right:0px;padding:0px;padding-bottom:0px;padding-top:0px;padding-left:0px;padding-right:0px\" align=\"start\"><\/p>\n<p style=\", sans-serif;font-size:14px;font-weight:400;letter-spacing:normal;line-height:inherit;text-align:center;white-space:normal;margin:0px;margin-bottom:0px;margin-top:0px;margin-left:0px;margin-right:0px;padding:0px;padding-bottom:0px;padding-top:0px;padding-left:0px;padding-right:0px\" align=\"center\"><span><span style=\"font-size:16px\"><span style=\", times, serif\"><span><strong>Observa\u00e7\u00e3o:<\/strong><\/span><\/span><\/span><\/span><span style=\"font-size:16px\"><span style=\", times, serif\">O comprador \u00e9 respons\u00e1vel por quaisquer taxas de importa\u00e7\u00e3o e impostos locais aplic\u00e1veis.<\/span><\/span><\/p>\n<p style=\", sans-serif;font-size:14px;font-weight:400;letter-spacing:normal;line-height:inherit;text-align:center;white-space:normal;margin:0px;margin-bottom:0px;margin-top:0px;margin-left:0px;margin-right:0px;padding:0px;padding-bottom:0px;padding-top:0px;padding-left:0px;padding-right:0px\" align=\"center\"><span style=\"font-size:16px\"><span style=\", times, serif\">Por favor, verifique suas taxas alfandeg\u00e1rias antes da compra.<\/span><\/span><\/p>\n<div><\/div>\n<p style=\", sans-serif;font-size:14px;font-weight:400;letter-spacing:normal;line-height:inherit;text-align:center;white-space:normal;margin:0px;margin-bottom:0px;margin-top:0px;margin-left:0px;margin-right:0px;padding:0px;padding-bottom:0px;padding-top:0px;padding-left:0px;padding-right:0px\" align=\"center\"><span><span style=\"font-size:16px\"><span style=\", times, serif\"><span><strong>Todos os pedidos ter\u00e3o n\u00famero de rastreamento<\/strong><\/span><\/span><\/span><\/span><span><span style=\"font-size:16px\"><span style=\", times, serif\"><span>,<\/span><\/span><\/span><\/span><span style=\"font-size:16px\"><span style=\", times, serif\">que aparecer\u00e1 em sua mensagem conforme o pacote enviado, deve mant\u00ea-lo reconfortante enquanto paga por isso.Se alguma informa\u00e7\u00e3o suspeita for avistada, avise-nos o mais r\u00e1pido poss\u00edvel.<\/span><\/span><\/p>\n<p style=\", sans-serif;font-size:14px;font-weight:400;letter-spacing:normal;line-height:inherit;text-align:center;white-space:normal;margin:0px;margin-bottom:0px;margin-top:0px;margin-left:0px;margin-right:0px;padding:0px;padding-bottom:0px;padding-top:0px;padding-left:0px;padding-right:0px\" align=\"center\"><span style=\"font-size:16px\"><span style=\", times, serif\">Ficaremos felizes em ajudar, caso contr\u00e1rio nos d\u00ea uma ilus\u00e3o de nada de errar.<\/span><\/span><\/p>\n<div><\/div>\n<p style=\", sans-serif;font-size:14px;font-weight:400;letter-spacing:normal;line-height:inherit;text-align:center;white-space:normal;margin:0px;margin-bottom:0px;margin-top:0px;margin-left:0px;margin-right:0px;padding:0px;padding-bottom:0px;padding-top:0px;padding-left:0px;padding-right:0px\" align=\"center\"><span><span><span style=\"font-size:16px\"><span style=\", times, serif\"><strong>Assim que recebermos o pagamento integral, seus itens ser\u00e3o enviados em 1 a 2 dias \u00fateis.<\/strong><\/span><\/span><\/span><\/span><\/p>\n<div><\/div>\n<p style=\", sans-serif;font-size:14px;font-weight:400;letter-spacing:normal;line-height:inherit;text-align:start;white-space:normal;margin:0px;margin-bottom:0px;margin-top:0px;margin-left:0px;margin-right:0px;padding:0px;padding-bottom:0px;padding-top:0px;padding-left:0px;padding-right:0px\" align=\"start\"><span><span style=\", times, serif\"><span style=\"font-size:18px\"><span><strong>Processo de instala\u00e7\u00e3o:<br \/><\/strong><\/span><\/span><\/span><\/span><img data-recalc-dims=\"1\" decoding=\"async\" src=\"https:\/\/i0.wp.com\/ae01.alicdn.com\/kf\/H643226880cb54c20baa6c37a0a4d5930J.jpg?w=1200&#038;ssl=1\"><\/p>\n<p style=\", sans-serif;font-size:14px;font-weight:400;letter-spacing:normal;line-height:inherit;text-align:start;white-space:normal;margin:0px;margin-bottom:0px;margin-top:0px;margin-left:0px;margin-right:0px;padding:0px;padding-bottom:0px;padding-top:0px;padding-left:0px;padding-right:0px\" align=\"start\"><span><span><span style=\"font-size:18px\"><span style=\", times, serif\"><strong>Pol\u00edtica de devolu\u00e7\u00e3o:<\/strong><\/span><\/span><\/span><\/span><\/p>\n<p style=\", sans-serif;font-size:14px;font-weight:400;letter-spacing:normal;line-height:inherit;text-align:start;white-space:normal;margin:0px;margin-bottom:0px;margin-top:0px;margin-left:0px;margin-right:0px;padding:0px;padding-bottom:0px;padding-top:0px;padding-left:0px;padding-right:0px\" align=\"start\"><span style=\"font-size:16px\"><span style=\", times, serif\"><strong>Entre em contato conosco se tiver algum problema ao receber os produtos. Providenciaremos a devolu\u00e7\u00e3o ou substitui\u00e7\u00e3o por um motivo razo\u00e1vel.<\/strong><\/span><\/span><\/p>\n<ul style=\", sans-serif;font-size:14px;font-weight:400;letter-spacing:normal;text-align:start;white-space:normal;margin:0px;margin-bottom:0px;margin-top:0px;margin-left:0px;margin-right:0px;padding:0px;padding-bottom:0px;padding-top:0px;padding-left:0px;padding-right:0px\">\n<li style=\"margin:0px;margin-bottom:0px;margin-top:0px;margin-left:0px;margin-right:0px;padding:0px;padding-bottom:0px;padding-top:0px;padding-left:0px;padding-right:0px\">\n<p style=\"font-size:14px;font-weight:400;line-height:inherit;margin:0px;margin-bottom:0px;margin-top:0px;margin-left:0px;margin-right:0px;padding:0px;padding-bottom:0px;padding-top:0px;padding-left:0px;padding-right:0px\"><span style=\"font-size:16px\"><span style=\", times, serif\">As pe\u00e7as devem ser revend\u00e1veis e na embalagem original.<\/span><\/span><\/p>\n<\/li>\n<li style=\"margin:0px;margin-bottom:0px;margin-top:0px;margin-left:0px;margin-right:0px;padding:0px;padding-bottom:0px;padding-top:0px;padding-left:0px;padding-right:0px\">\n<p style=\"font-size:14px;font-weight:400;line-height:inherit;margin:0px;margin-bottom:0px;margin-top:0px;margin-left:0px;margin-right:0px;padding:0px;padding-bottom:0px;padding-top:0px;padding-left:0px;padding-right:0px\"><span style=\"font-size:16px\"><span style=\", times, serif\">N\u00e3o podemos retirar pe\u00e7as usadas.<\/span><\/span><\/p>\n<\/li>\n<li style=\"margin:0px;margin-bottom:0px;margin-top:0px;margin-left:0px;margin-right:0px;padding:0px;padding-bottom:0px;padding-top:0px;padding-left:0px;padding-right:0px\">\n<p style=\"font-size:14px;font-weight:400;line-height:inherit;margin:0px;margin-bottom:0px;margin-top:0px;margin-left:0px;margin-right:0px;padding:0px;padding-bottom:0px;padding-top:0px;padding-left:0px;padding-right:0px\"><span style=\"font-size:16px\"><span style=\", times, serif\">N\u00e3o podemos retirar pe\u00e7as instaladas ou experimentadas.<\/span><\/span><\/p>\n<\/li>\n<li style=\"margin:0px;margin-bottom:0px;margin-top:0px;margin-left:0px;margin-right:0px;padding:0px;padding-bottom:0px;padding-top:0px;padding-left:0px;padding-right:0px\">\n<p style=\"font-size:14px;font-weight:400;line-height:inherit;margin:0px;margin-bottom:0px;margin-top:0px;margin-left:0px;margin-right:0px;padding:0px;padding-bottom:0px;padding-top:0px;padding-left:0px;padding-right:0px\"><span style=\"font-size:16px\"><span style=\", times, serif\">Reservamo-nos o direito de recusar e devolver quaisquer pe\u00e7as que encontramos que estejamos instaladas, usadas ou que n\u00e3o atendam aos crit\u00e9rios acima.<\/span><\/span><\/p>\n<\/li>\n<li style=\"margin:0px;margin-bottom:0px;margin-top:0px;margin-left:0px;margin-right:0px;padding:0px;padding-bottom:0px;padding-top:0px;padding-left:0px;padding-right:0px\">\n<p style=\"font-size:14px;font-weight:400;line-height:inherit;margin:0px;margin-bottom:0px;margin-top:0px;margin-left:0px;margin-right:0px;padding:0px;padding-bottom:0px;padding-top:0px;padding-left:0px;padding-right:0px\"><span style=\"font-size:16px\"><span style=\", times, serif\">As solicita\u00e7\u00f5es de devolu\u00e7\u00e3o precisam ser dentro de 30 dias ap\u00f3s o recebimento.<\/span><\/span><\/p>\n<\/li>\n<li style=\"margin:0px;margin-bottom:0px;margin-top:0px;margin-left:0px;margin-right:0px;padding:0px;padding-bottom:0px;padding-top:0px;padding-left:0px;padding-right:0px\">\n<p style=\"font-size:14px;font-weight:400;line-height:inherit;margin:0px;margin-bottom:0px;margin-top:0px;margin-left:0px;margin-right:0px;padding:0px;padding-bottom:0px;padding-top:0px;padding-left:0px;padding-right:0px\"><span style=\"font-size:16px\"><span style=\", times, serif\">Por favor, entenda que a taxa de envio seria respons\u00e1vel pelo comprador se n\u00e3o houver erros ou problemas de qualidade dos produtos.<\/span><\/span><\/p>\n<\/li>\n<li style=\"margin:0px;margin-bottom:0px;margin-top:0px;margin-left:0px;margin-right:0px;padding:0px;padding-bottom:0px;padding-top:0px;padding-left:0px;padding-right:0px\">\n<p style=\"font-size:14px;font-weight:400;line-height:inherit;margin:0px;margin-bottom:0px;margin-top:0px;margin-left:0px;margin-right:0px;padding:0px;padding-bottom:0px;padding-top:0px;padding-left:0px;padding-right:0px\"><span style=\"font-size:16px\"><span style=\", times, serif\">Uma c\u00f3pia da fatura dever\u00e1 ser inclu\u00edda na devolu\u00e7\u00e3o.<\/span><\/span><\/p>\n<\/li>\n<\/ul>\n<div><\/div>\n<p style=\", sans-serif;font-size:14px;font-weight:400;letter-spacing:normal;line-height:inherit;text-align:start;white-space:normal;margin:0px;margin-bottom:0px;margin-top:0px;margin-left:0px;margin-right:0px;padding:0px;padding-bottom:0px;padding-top:0px;padding-left:0px;padding-right:0px\" align=\"start\"><span><span style=\"font-size:18px\"><span><span style=\", times, serif\"><strong>Pol\u00edtica de cancelamento:<\/strong><\/span><\/span><\/span><\/span><\/p>\n<p style=\", sans-serif;font-size:14px;font-weight:400;letter-spacing:normal;line-height:inherit;text-align:start;white-space:normal;margin:0px;margin-bottom:0px;margin-top:0px;margin-left:0px;margin-right:0px;padding:0px;padding-bottom:0px;padding-top:0px;padding-left:0px;padding-right:0px\" align=\"start\"><span style=\"font-size:16px\"><span style=\", times, serif\">Um pedido ou uma parte de um pedido poder\u00e1 ser cancelado at\u00e9 o momento em que \u00e9 enviado e n\u00e3o est\u00e1 mais em nossa posse.<\/span><\/span><\/p>\n<div><\/div>\n<p style=\", sans-serif;font-size:14px;font-weight:400;letter-spacing:normal;line-height:inherit;text-align:start;white-space:normal;margin:0px;margin-bottom:0px;margin-top:0px;margin-left:0px;margin-right:0px;padding:0px;padding-bottom:0px;padding-top:0px;padding-left:0px;padding-right:0px\" align=\"start\"><span><span style=\"font-size:18px\"><span style=\", times, serif\"><strong><span>Melhor servi\u00e7o:<\/span><\/strong><\/span><\/span><\/span><\/p>\n<p style=\", sans-serif;font-size:14px;font-weight:400;letter-spacing:normal;line-height:inherit;text-align:start;white-space:normal;margin:0px;margin-bottom:0px;margin-top:0px;margin-left:0px;margin-right:0px;padding:0px;padding-bottom:0px;padding-top:0px;padding-left:0px;padding-right:0px\" align=\"start\"><span style=\"font-size:16px\"><span style=\", times, serif\">Obrigado por comprar conosco. Ficaremos felizes em receber seus coment\u00e1rios e nos ajudar a melhorar nosso servi\u00e7o. Nosso progresso sempre vem do seu apoio. Por favor, recomende-nos se voc\u00ea gosta de nossos produtos e fa\u00e7a coment\u00e1rios positivos para iluminar nossas estrelas.<\/span><\/span><\/p>\n<div><\/div>\n<\/div>\n<p><\/p>\n<\/div>\n<\/div>\n<\/div>\n<\/div>\n","protected":false},"excerpt":{"rendered":"<p>Ponto de venda Nota1: Por favor, use a montagem do ve\u00edculo que fornecemos no corpo da listagem para confirmar a montagem do ve\u00edculo. Se voc\u00ea n\u00e3o tiver certeza de qual item \u00e9 adequado para o seu carro, envie-nos o C\u00d3DIGO VIN para confirmar antes do pedido. Nota2: \u3010N\u00e3o \u00e9 necess\u00e1ria programa\u00e7\u00e3o de sensor\u3011: O sensor&hellip;&nbsp;<\/p>\n","protected":false},"featured_media":45804,"template":"","meta":{"neve_meta_sidebar":"","neve_meta_container":"","neve_meta_enable_content_width":"","neve_meta_content_width":0,"neve_meta_title_alignment":"","neve_meta_author_avatar":"","neve_post_elements_order":"","neve_meta_disable_header":"","neve_meta_disable_footer":"","neve_meta_disable_title":""},"product_brand":[],"product_cat":[26,17,47],"product_tag":[],"class_list":{"0":"post-45810","1":"product","2":"type-product","3":"status-publish","4":"has-post-thumbnail","6":"product_cat-pecas-de-desgaste","7":"product_cat-pecas-e-acessorios-automotivos","8":"product_cat-pneus-e-pecas-para-rodas","10":"first","11":"instock","12":"shipping-taxable","13":"purchasable","14":"product-type-variable","15":"has-default-attributes"},"jetpack_sharing_enabled":true,"_links":{"self":[{"href":"https:\/\/listman.shop\/autoparts-br\/wp-json\/wp\/v2\/product\/45810","targetHints":{"allow":["GET"]}}],"collection":[{"href":"https:\/\/listman.shop\/autoparts-br\/wp-json\/wp\/v2\/product"}],"about":[{"href":"https:\/\/listman.shop\/autoparts-br\/wp-json\/wp\/v2\/types\/product"}],"wp:featuredmedia":[{"embeddable":true,"href":"https:\/\/listman.shop\/autoparts-br\/wp-json\/wp\/v2\/media\/45804"}],"wp:attachment":[{"href":"https:\/\/listman.shop\/autoparts-br\/wp-json\/wp\/v2\/media?parent=45810"}],"wp:term":[{"taxonomy":"product_brand","embeddable":true,"href":"https:\/\/listman.shop\/autoparts-br\/wp-json\/wp\/v2\/product_brand?post=45810"},{"taxonomy":"product_cat","embeddable":true,"href":"https:\/\/listman.shop\/autoparts-br\/wp-json\/wp\/v2\/product_cat?post=45810"},{"taxonomy":"product_tag","embeddable":true,"href":"https:\/\/listman.shop\/autoparts-br\/wp-json\/wp\/v2\/product_tag?post=45810"}],"curies":[{"name":"wp","href":"https:\/\/api.w.org\/{rel}","templated":true}]}}