{"id":45853,"date":"2025-03-30T10:12:03","date_gmt":"2025-03-30T01:12:03","guid":{"rendered":"https:\/\/listman.shop\/autoparts-br\/product\/1005006039320556\/"},"modified":"2026-04-14T21:53:06","modified_gmt":"2026-04-14T12:53:06","slug":"1005006039320556","status":"publish","type":"product","link":"https:\/\/listman.shop\/autoparts-br\/product\/1005006039320556\/","title":{"rendered":"Sensor do monitor de press\u00e3o dos pneus do carro de 4 unidades 56029479 AB para Chrysler 200 Dodge Avenger Calibre Durango Jeep Compass Patriot TPMS 315MHZ"},"content":{"rendered":"<div class=\"detailmodule_html\">\n<div class=\"detail-desc-decorate-richtext\">\n<div class=\"detailmodule_html\">\n<div class=\"detail-desc-decorate-richtext\">\n<div style=\", sans-serif;font-size:14px;font-weight:400;letter-spacing:normal;text-align:start;white-space:normal;margin:0px;margin-bottom:0px;margin-top:0px;margin-left:0px;margin-right:0px;padding:0px;padding-bottom:0px;padding-top:0px;padding-left:0px;padding-right:0px\" align=\"start\">\n<div style=\", sans-serif;font-size:14px;font-weight:400;letter-spacing:normal;text-align:start;white-space:normal;margin:0px;margin-bottom:0px;margin-top:0px;margin-left:0px;margin-right:0px;padding:0px;padding-bottom:0px;padding-top:0px;padding-left:0px;padding-right:0px\" align=\"start\">\n<div><\/div>\n<div style=\", Roboto, Arial, Helvetica, sans-serif, SimSun;font-size:14px;font-weight:400;letter-spacing:normal;text-align:start;white-space:normal;margin:0px 0px 16px;margin-bottom:16px;margin-top:0px;margin-left:0px;margin-right:0px;padding:0px;padding-bottom:0px;padding-top:0px;padding-left:0px;padding-right:0px;width:984px\" align=\"start\">\n<div style=\"margin:0px;margin-bottom:0px;margin-top:0px;margin-left:0px;margin-right:0px;padding:0px;padding-bottom:0px;padding-top:0px;padding-left:0px;padding-right:0px;max-width:984px;width:984px\">\n<div style=\"margin:0px;margin-bottom:0px;margin-top:0px;margin-left:0px;margin-right:0px;padding:0px;padding-bottom:0px;padding-top:0px;padding-left:0px;padding-right:0px\">\n<div style=\"margin:0px;margin-bottom:0px;margin-top:0px;margin-left:0px;margin-right:0px;padding:0px;padding-bottom:0px;padding-top:0px;padding-left:0px;padding-right:0px;display:block\">\n<div style=\"margin:0px;margin-bottom:0px;margin-top:0px;margin-left:0px;margin-right:0px;padding:0px;padding-bottom:0px;padding-top:0px;padding-left:0px;padding-right:0px\">\n<div id=\"product-description\" style=\"margin:0px 0px 16px;margin-bottom:16px;margin-top:0px;margin-left:0px;margin-right:0px;padding:20px;padding-bottom:20px;padding-top:20px;padding-left:20px;padding-right:20px;overflow:hidden;width:984px;position:relative\">\n<div style=\"margin:0px;margin-bottom:0px;margin-top:0px;margin-left:0px;margin-right:0px;padding:0px;padding-bottom:0px;padding-top:0px;padding-left:0px;padding-right:0px\">\n<div style=\", sans-serif;font-size:14px;font-weight:400;letter-spacing:normal;text-align:start;white-space:normal;margin:0px;margin-bottom:0px;margin-top:0px;margin-left:0px;margin-right:0px;padding:0px;padding-bottom:0px;padding-top:0px;padding-left:0px;padding-right:0px\" align=\"start\">\n<div style=\", Roboto, Arial, Helvetica, sans-serif, SimSun;font-size:14px;font-weight:400;letter-spacing:normal;text-align:start;white-space:normal;margin:0px;margin-bottom:0px;margin-top:0px;margin-left:0px;margin-right:0px;padding:0px;padding-bottom:0px;padding-top:0px;padding-left:0px;padding-right:0px;display:block\" align=\"start\">\n<div style=\"margin:0px;margin-bottom:0px;margin-top:0px;margin-left:0px;margin-right:0px;padding:0px;padding-bottom:0px;padding-top:0px;padding-left:0px;padding-right:0px\">\n<div id=\"product-description\" style=\"margin:0px 0px 16px;margin-bottom:16px;margin-top:0px;margin-left:0px;margin-right:0px;padding:20px;padding-bottom:20px;padding-top:20px;padding-left:20px;padding-right:20px;overflow:hidden;width:984px;position:relative\">\n<div style=\"margin:0px;margin-bottom:0px;margin-top:0px;margin-left:0px;margin-right:0px;padding:0px;padding-bottom:0px;padding-top:0px;padding-left:0px;padding-right:0px\">\n<div style=\", sans-serif;font-size:14px;font-weight:400;letter-spacing:normal;text-align:start;white-space:normal;margin:0px;margin-bottom:0px;margin-top:0px;margin-left:0px;margin-right:0px;padding:0px;padding-bottom:0px;padding-top:0px;padding-left:0px;padding-right:0px\" align=\"start\">\n<div style=\", Roboto, Arial, Helvetica, sans-serif, SimSun;font-size:14px;font-weight:400;letter-spacing:normal;text-align:start;white-space:normal;margin:0px;margin-bottom:0px;margin-top:0px;margin-left:0px;margin-right:0px;padding:0px;padding-bottom:0px;padding-top:0px;padding-left:0px;padding-right:0px;display:block\" align=\"start\">\n<div style=\"margin:0px;margin-bottom:0px;margin-top:0px;margin-left:0px;margin-right:0px;padding:0px;padding-bottom:0px;padding-top:0px;padding-left:0px;padding-right:0px\">\n<div id=\"product-description\" style=\"margin:0px 0px 16px;margin-bottom:16px;margin-top:0px;margin-left:0px;margin-right:0px;padding:20px;padding-bottom:20px;padding-top:20px;padding-left:20px;padding-right:20px;overflow:hidden;width:984px;position:relative\">\n<div style=\"margin:0px;margin-bottom:0px;margin-top:0px;margin-left:0px;margin-right:0px;padding:0px;padding-bottom:0px;padding-top:0px;padding-left:0px;padding-right:0px\">\n<div style=\"margin:0px;margin-bottom:0px;margin-top:0px;margin-left:0px;margin-right:0px;padding:0px;padding-bottom:0px;padding-top:0px;padding-left:0px;padding-right:0px\">\n<div style=\"margin:0px;margin-bottom:0px;margin-top:0px;margin-left:0px;margin-right:0px;padding:0px;padding-bottom:0px;padding-top:0px;padding-left:0px;padding-right:0px\">\n<p style=\"font-size:14px;font-weight:400;line-height:inherit;text-align:left;margin:0px;margin-bottom:0px;margin-top:0px;margin-left:0px;margin-right:0px;padding:0px;padding-bottom:0px;padding-top:0px;padding-left:0px;padding-right:0px\" align=\"left\"><img data-recalc-dims=\"1\" decoding=\"async\" src=\"https:\/\/i0.wp.com\/ae01.alicdn.com\/kf\/Sff1bcbb4a93f406c88207e83f12782ech.jpg?w=1200&#038;ssl=1\"><\/p>\n<\/div>\n<\/div>\n<div style=\"margin:0px;margin-bottom:0px;margin-top:0px;margin-left:0px;margin-right:0px;padding:0px;padding-bottom:0px;padding-top:0px;padding-left:0px;padding-right:0px\"><\/div>\n<div style=\"margin:0px;margin-bottom:0px;margin-top:0px;margin-left:0px;margin-right:0px;padding:0px;padding-bottom:0px;padding-top:0px;padding-left:0px;padding-right:0px\">\n<p style=\"font-family:OpenSans;font-size:20px;font-weight:900;line-height:28px;white-space:pre-wrap;margin:0px 0px 12px;margin-bottom:12px;margin-top:0px;margin-left:0px;margin-right:0px;padding:0px;padding-bottom:0px;padding-top:0px;padding-left:0px;padding-right:0px\" class=\"detail-desc-decorate-title\"><span style=\"font-size:16px;font-family:Arial\"><strong>Especifica\u00e7\u00e3o:<\/strong><\/span><br \/><span style=\"font-size:16px;font-family:Arial\">Condi\u00e7\u00e3o: 100% novo e de alta qualidade<\/span><br \/><span style=\"font-size:16px;font-family:Arial\">Vida Batty: Cerca de 5 anos<\/span><br \/><span style=\"font-size:16px;font-family:Arial\">Frequ\u00eancia operacional: 315 MHz<\/span><br \/><span style=\"font-size:16px;font-family:Arial\">N\u00famero da pe\u00e7a do fabricante:<\/span><span style=\"font-size:16px;font-family:Arial\"><span style=\"font-size:14px;, Roboto, Arial, Helvetica, sans-serif, SimSun\">56029479AB<\/span><\/span><br \/><span style=\"font-size:16px;font-family:Arial\">N\u00famero da pe\u00e7a de interc\u00e2mbio:<\/span><span style=\"font-size:16px;font-family:Arial\"><span style=\"font-size:14px;, Roboto, Arial, Helvetica, sans-serif, SimSun\">56029479AB<\/span><\/span><\/p>\n<p><span style=\"font-size:16px;font-family:Arial\"><strong>Montagem:<\/strong><\/span><\/p>\n<div style=\", Arial, Helvetica, sans-serif, Heiti;font-size:14px;font-weight:400;letter-spacing:normal;text-align:start;white-space:normal;margin:0px;margin-bottom:0px;margin-top:0px;margin-left:0px;margin-right:0px;padding:0px;padding-bottom:0px;padding-top:0px;padding-left:0px;padding-right:0px\" align=\"start\"><span style=\"font-size:22px\">&#8211; Para Chrysler 200 2011<br \/>&#8211; Para Chrysler 200 2013-2014<br \/>&#8211; Para Chrysler 300 2005-2007<br \/>&#8211; Para Chrysler Aspen 2007-2009<br \/>&#8211; Para Chrysler Crossfire 2005<br \/>&#8211; Para Chrysler Pacifica 2006-2008<br \/>&#8211; Para Chrysler PT Cruiser 2008-2010<br \/>&#8211; Para Chrysler Sebring 2007-2010<br \/>&#8211; Para cidade e pa\u00eds Chrysler 2006-2008<br \/>&#8211; Para Dodge Avenger 2008-2014<br \/>&#8211; Para Dodge calibre 2007-2012<br \/>&#8211; Para Dodge Caravan 2006-2007<br \/>&#8211; Para Dodge Charger 2006-2007<br \/>Para Dodge Durango 2007-2009<br \/>&#8211; Para Dodge Grand Caravana 2006-2007<br \/>&#8211; Para Dodge Magnum 2005-2007<br \/>&#8211; Para Dodge Nitro 2007-2011<br \/>&#8211; Para Jeep comandante 2006-2007<br \/>&#8211; Para Jeep b\u00fassola 2007-2015<br \/>Para JEEP GRAND CHEROKEE 2005 2007 (n\u00e3o adequado para 2006 jeep grand cherokee)<br \/>&#8211; Para Jeep liberdade 2005-2012<br \/>&#8211; Para Jeep Patriot 2007-2012<br \/>&#8211; Para Jeep Wrangler 2007-2008<br \/>&#8211; Para Jeep Wrangler 2011-2012<br \/>&#8211; Para Suzuki Kizashi 2010-2013<\/span><\/div>\n<div style=\", Arial, Helvetica, sans-serif, Heiti;font-size:14px;font-weight:400;letter-spacing:normal;text-align:start;white-space:normal;margin:0px;margin-bottom:0px;margin-top:0px;margin-left:0px;margin-right:0px;padding:0px;padding-bottom:0px;padding-top:0px;padding-left:0px;padding-right:0px\" align=\"start\"><\/div>\n<div><\/div>\n<\/div>\n<div style=\"margin:0px;margin-bottom:0px;margin-top:0px;margin-left:0px;margin-right:0px;padding:0px;padding-bottom:0px;padding-top:0px;padding-left:0px;padding-right:0px\">\n<p style=\"font-family:OpenSans;font-size:14px;font-weight:300;line-height:20px;white-space:pre-wrap;margin:0px 0px 12px;margin-bottom:12px;margin-top:0px;margin-left:0px;margin-right:0px;padding:0px;padding-bottom:0px;padding-top:0px;padding-left:0px;padding-right:0px\" class=\"detail-desc-decorate-content\"><span style=\"font-size:16px;font-family:Arial\"><strong>O pacote inclui:<\/strong><\/span><br \/><span style=\"font-size:16px;font-family:Arial\">Sensor de press\u00e3o dos pneus 4 unidades<\/span><\/p>\n<p><img data-recalc-dims=\"1\" decoding=\"async\" style=\"border:0px;margin:0px;margin-bottom:0px;margin-top:0px;margin-left:0px;margin-right:0px;padding:0px;padding-bottom:0px;padding-top:0px;padding-left:0px;padding-right:0px;max-width:100%\" src=\"https:\/\/i0.wp.com\/ae01.alicdn.com\/kf\/S41bc560952a64adc95c49a831a650a0d8.jpg?w=1200&#038;ssl=1\"><span style=\"font-size:16px;font-family:Arial\"><strong><br \/>Nota:<\/strong><\/span><br \/><span style=\"font-size:16px;font-family:Arial\">Insira o ano, marca, modelo, acabamento e motor do seu ve\u00edculo na tabela de compatibilidade.<\/span><br \/><span style=\"font-size:16px;font-family:Arial\">A compatibilidade \u00e9 apenas para refer\u00eancia. Verifique a imagem e o n\u00famero da pe\u00e7a com aten\u00e7\u00e3o para ter certeza de que comprou a pe\u00e7a certa para o seu carro.Voc\u00ea tamb\u00e9m pode nos enviar um e-mail antes de comprar, verificaremos para voc\u00ea e responderemos em breve dentro de 24 horas.<\/span><\/p>\n<\/div>\n<div style=\"margin:0px;margin-bottom:0px;margin-top:0px;margin-left:0px;margin-right:0px;padding:0px;padding-bottom:0px;padding-top:0px;padding-left:0px;padding-right:0px\"><\/div>\n<div style=\"margin:0px;margin-bottom:0px;margin-top:0px;margin-left:0px;margin-right:0px;padding:0px;padding-bottom:0px;padding-top:0px;padding-left:0px;padding-right:0px\">\n<p style=\"font-family:OpenSans;font-size:14px;font-weight:300;line-height:20px;white-space:pre-wrap;margin:0px 0px 12px;margin-bottom:12px;margin-top:0px;margin-left:0px;margin-right:0px;padding:0px;padding-bottom:0px;padding-top:0px;padding-left:0px;padding-right:0px\" class=\"detail-desc-decorate-content\"><img data-recalc-dims=\"1\" decoding=\"async\" src=\"https:\/\/i0.wp.com\/ae01.alicdn.com\/kf\/S1d4b57c176254c7d888275317974bdb7o.jpg?w=1200&#038;ssl=1\"><img data-recalc-dims=\"1\" decoding=\"async\" style=\"border:0px;margin:0px;margin-bottom:0px;margin-top:0px;margin-left:0px;margin-right:0px;padding:0px;padding-bottom:0px;padding-top:0px;padding-left:0px;padding-right:0px;max-width:100%\" src=\"https:\/\/i0.wp.com\/ae01.alicdn.com\/kf\/Sdbe8a1a3d8074b318cdd8c65fdbb9319W.jpg?w=1200&#038;ssl=1\"><img data-recalc-dims=\"1\" decoding=\"async\" style=\"border:0px;margin:0px;margin-bottom:0px;margin-top:0px;margin-left:0px;margin-right:0px;padding:0px;padding-bottom:0px;padding-top:0px;padding-left:0px;padding-right:0px;max-width:100%\" src=\"https:\/\/i0.wp.com\/ae01.alicdn.com\/kf\/S1e288ab3d0e04838a753d16384ae0285R.jpg?w=1200&#038;ssl=1\"><img data-recalc-dims=\"1\" decoding=\"async\" style=\"border:0px;margin:0px;margin-bottom:0px;margin-top:0px;margin-left:0px;margin-right:0px;padding:0px;padding-bottom:0px;padding-top:0px;padding-left:0px;padding-right:0px;max-width:100%\" src=\"https:\/\/i0.wp.com\/ae01.alicdn.com\/kf\/Sad6a66c921dd4e42af1a21ceddb45690x.jpg?w=1200&#038;ssl=1\"><\/p>\n<\/div>\n<\/div>\n<\/div>\n<\/div>\n<\/div>\n<\/div>\n<div style=\"font-weight:400;text-align:start;margin:0px;margin-bottom:0px;margin-top:0px;margin-left:0px;margin-right:0px;padding:0px;padding-bottom:0px;padding-top:0px;padding-left:0px;padding-right:0px\" align=\"start\">\n<\/div>\n<\/div>\n<\/div>\n<\/div>\n<\/div>\n<\/div>\n<div style=\"letter-spacing:normal;text-align:start;white-space:normal;margin:0px;margin-bottom:0px;margin-top:0px;margin-left:0px;margin-right:0px;padding:0px;padding-bottom:0px;padding-top:0px;padding-left:0px;padding-right:0px\" align=\"start\">\n<\/div>\n<\/div>\n<\/div>\n<\/div>\n<\/div>\n<div style=\"margin:0px;margin-bottom:0px;margin-top:0px;margin-left:0px;margin-right:0px;padding:0px;padding-bottom:0px;padding-top:0px;padding-left:0px;padding-right:0px;display:block\">\n<div id=\"feedback\" style=\"margin:0px;margin-bottom:0px;margin-top:0px;margin-left:0px;margin-right:0px;padding:0px;padding-bottom:0px;padding-top:0px;padding-left:0px;padding-right:0px;position:relative\"><\/div>\n<\/div>\n<div style=\"margin:0px;margin-bottom:0px;margin-top:0px;margin-left:0px;margin-right:0px;padding:0px;padding-bottom:0px;padding-top:0px;padding-left:0px;padding-right:0px;display:block\"><\/div>\n<\/div>\n<\/div>\n<\/div>\n<div style=\", Roboto, Arial, Helvetica, sans-serif, SimSun;font-size:14px;font-weight:400;letter-spacing:normal;text-align:start;white-space:normal;margin:24px 0px 0px;margin-bottom:0px;margin-top:24px;margin-left:0px;margin-right:0px;padding:0px;padding-bottom:0px;padding-top:0px;padding-left:0px;padding-right:0px\" align=\"start\">\n<div style=\"margin:16px 0px 0px;margin-bottom:0px;margin-top:16px;margin-left:0px;margin-right:0px;padding:0px;padding-bottom:0px;padding-top:0px;padding-left:0px;padding-right:0px;width:990px\"><\/div>\n<div style=\"margin:16px 0px 0px;margin-bottom:0px;margin-top:16px;margin-left:0px;margin-right:0px;padding:0px;padding-bottom:0px;padding-top:0px;padding-left:0px;padding-right:0px;min-height:auto;width:990px\">\n<div style=\"margin:0px;margin-bottom:0px;margin-top:0px;margin-left:0px;margin-right:0px;padding:0px;padding-bottom:0px;padding-top:0px;padding-left:0px;padding-right:0px\"><span class=\"product-more-title\" style=\"font-size:16px\">Mais para amar<\/span><\/div>\n<\/div>\n<\/div>\n<\/div>\n<div style=\", sans-serif;font-size:14px;font-weight:400;letter-spacing:normal;text-align:start;white-space:normal;margin:0px;margin-bottom:0px;margin-top:0px;margin-left:0px;margin-right:0px;padding:0px;padding-bottom:0px;padding-top:0px;padding-left:0px;padding-right:0px\" align=\"start\"><\/div>\n<\/div>\n<\/div>\n<\/div>\n<p><\/p>\n<\/div>\n<\/div>\n","protected":false},"excerpt":{"rendered":"<p>Especifica\u00e7\u00e3o:Condi\u00e7\u00e3o: 100% novo e de alta qualidadeVida Batty: Cerca de 5 anosFrequ\u00eancia operacional: 315 MHzN\u00famero da pe\u00e7a do fabricante:56029479ABN\u00famero da pe\u00e7a de interc\u00e2mbio:56029479AB Montagem: &#8211; Para Chrysler 200 2011&#8211; Para Chrysler 200 2013-2014&#8211; Para Chrysler 300 2005-2007&#8211; Para Chrysler Aspen 2007-2009&#8211; Para Chrysler Crossfire 2005&#8211; Para Chrysler Pacifica 2006-2008&#8211; Para Chrysler PT Cruiser 2008-2010&#8211; Para&hellip;&nbsp;<\/p>\n","protected":false},"featured_media":45847,"template":"","meta":{"neve_meta_sidebar":"","neve_meta_container":"","neve_meta_enable_content_width":"","neve_meta_content_width":0,"neve_meta_title_alignment":"","neve_meta_author_avatar":"","neve_post_elements_order":"","neve_meta_disable_header":"","neve_meta_disable_footer":"","neve_meta_disable_title":""},"product_brand":[],"product_cat":[26,17,47],"product_tag":[],"class_list":{"0":"post-45853","1":"product","2":"type-product","3":"status-publish","4":"has-post-thumbnail","6":"product_cat-pecas-de-desgaste","7":"product_cat-pecas-e-acessorios-automotivos","8":"product_cat-pneus-e-pecas-para-rodas","10":"first","11":"instock","12":"shipping-taxable","13":"purchasable","14":"product-type-variable","15":"has-default-attributes"},"jetpack_sharing_enabled":true,"_links":{"self":[{"href":"https:\/\/listman.shop\/autoparts-br\/wp-json\/wp\/v2\/product\/45853","targetHints":{"allow":["GET"]}}],"collection":[{"href":"https:\/\/listman.shop\/autoparts-br\/wp-json\/wp\/v2\/product"}],"about":[{"href":"https:\/\/listman.shop\/autoparts-br\/wp-json\/wp\/v2\/types\/product"}],"wp:featuredmedia":[{"embeddable":true,"href":"https:\/\/listman.shop\/autoparts-br\/wp-json\/wp\/v2\/media\/45847"}],"wp:attachment":[{"href":"https:\/\/listman.shop\/autoparts-br\/wp-json\/wp\/v2\/media?parent=45853"}],"wp:term":[{"taxonomy":"product_brand","embeddable":true,"href":"https:\/\/listman.shop\/autoparts-br\/wp-json\/wp\/v2\/product_brand?post=45853"},{"taxonomy":"product_cat","embeddable":true,"href":"https:\/\/listman.shop\/autoparts-br\/wp-json\/wp\/v2\/product_cat?post=45853"},{"taxonomy":"product_tag","embeddable":true,"href":"https:\/\/listman.shop\/autoparts-br\/wp-json\/wp\/v2\/product_tag?post=45853"}],"curies":[{"name":"wp","href":"https:\/\/api.w.org\/{rel}","templated":true}]}}