{"id":45887,"date":"2025-03-30T10:13:38","date_gmt":"2025-03-30T01:13:38","guid":{"rendered":"https:\/\/listman.shop\/autoparts-br\/product\/1005006108923359\/"},"modified":"2026-05-04T21:21:08","modified_gmt":"2026-05-04T12:21:08","slug":"1005006108923359","status":"publish","type":"product","link":"https:\/\/listman.shop\/autoparts-br\/product\/1005006108923359\/","title":{"rendered":"L\u00e2minas de limpador de carro para seat leon mk2 2005-2012 26 &#8220;+ 26&#8221; r p\u00e1ra-brisas limpo borracha silicone carros limpos limpos acess\u00f3rios"},"content":{"rendered":"<div class=\"detailmodule_html\">\n<div class=\"detail-desc-decorate-richtext\">\n<div class=\"detailmodule_html\">\n<div class=\"detail-desc-decorate-richtext\">\n<p style=\", Arial, Helvetica, sans-serif, Heiti;font-size:14px;font-weight:400;letter-spacing:normal;line-height:inherit;text-align:start;white-space:normal;margin:0px;margin-bottom:0px;margin-top:0px;margin-left:0px;margin-right:0px\" align=\"start\"><a style=\"background-color:transparent\" href=\"http:\/\/www.aliexpress.com\/item\/32859727863.html?spm=a2g0o.store_home.productList_7718622.pic_1\" target=\"_blank\" class=\"\"><img data-recalc-dims=\"1\" decoding=\"async\" style=\"max-width:100%\" src=\"https:\/\/i0.wp.com\/ae01.alicdn.com\/kf\/H572d405b0697481897cb25b244369643S.jpg?w=1200&#038;ssl=1\"><\/a><a style=\"background-color:transparent\" href=\"http:\/\/www.aliexpress.com\/item\/32886842789.html?gps-id=6311502&amp;scm=1007.24625.129096.0&amp;scm_id=1007.24625.129096.0&amp;scm-url=1007.24625.129096.0&amp;pvid=0c681dea-aed7-4a3b-923a-aebb5481c2c2&amp;spm=a2g0o.store_home.fullPieceDiscountPromo_481507019.32886842789\" target=\"_blank\" class=\"\"><img data-recalc-dims=\"1\" decoding=\"async\" style=\"max-width:100%\" src=\"https:\/\/i0.wp.com\/ae01.alicdn.com\/kf\/Hf0c46413676a4d4f8e5c2f5619bc8b3fd.jpg?w=1200&#038;ssl=1\"><\/a><\/p>\n<p><a href=\"http:\/\/www.aliexpress.com\/item\/1005004678138009.html?spm=a2g0o.store_pc_newArrival.8148356.16.1e2a545erhwM3j&amp;pdp_npi=2%40dis%21USD%21US%20%241.87%21US%20%241.48%21%21%21%21%21%4021086d9416614174122466616e3ac1%2112000030070168375%21sh\" target=\"_blank\" class=\"\"><img data-recalc-dims=\"1\" decoding=\"async\" src=\"https:\/\/i0.wp.com\/ae01.alicdn.com\/kf\/Sabe3a3ec17b84033aa4ea4f61e68268dK.jpg?w=1200&#038;ssl=1\"><\/a><strong><span style=\"font-family:verdana, geneva, sans-serif\"><span style=\"font-size:18px\"><br \/>L\u00e2minas de l\u00e2mina de limpador de carro para assento leon mk2 2005-2012 26&#8243; + 26&#8243; r para-brisa limpo borracha silicone carros limpadores acess\u00f3rios<\/span><\/span><\/strong><\/p>\n<p style=\"font-family:arial, helvetica, sans-serif;font-size:14px;font-weight:inherit;line-height:inherit;border:0px;margin:0px;margin-bottom:0px;margin-top:0px;margin-left:0px;margin-right:0px;padding:0px;padding-bottom:0px;padding-top:0px;padding-left:0px;padding-right:0px\"><span style=\"font-size:16px\"><span style=\"font-family:arial, helvetica, sans-serif\"><span><strong><\/p>\n<p>Modelo do ve\u00edculo:<\/strong><\/span><\/span><\/span><span style=\"font-size:16px\"><span style=\"font-family:arial, helvetica, sans-serif\"><strong>Para Seat Leon MK2<\/strong><\/span><\/span><\/p>\n<p style=\"font-family:arial, helvetica, sans-serif;font-size:14px;font-weight:inherit;line-height:inherit;border:0px;margin:0px;margin-bottom:0px;margin-top:0px;margin-left:0px;margin-right:0px;padding:0px;padding-bottom:0px;padding-top:0px;padding-left:0px;padding-right:0px\"><span style=\"font-size:16px\"><span style=\"font-family:arial, helvetica, sans-serif\"><strong><span>Ano modelo:<\/span><\/strong><\/span><\/span><span style=\"font-size:16px\"><span style=\"font-family:arial, helvetica, sans-serif\"><strong>2005-2012<\/strong><\/span><\/span><br \/><span style=\"font-size:16px\"><span style=\"font-family:arial, helvetica, sans-serif\"><strong><span>Tipo de l\u00e2minas:<\/span><\/strong><\/span><\/span><span style=\"font-size:16px\"><span style=\"font-family:arial, helvetica, sans-serif\"><strong>Bra\u00e7o de guia de pitada adequado<\/strong><\/span><\/span><\/p>\n<p style=\"font-family:arial, helvetica, sans-serif;font-size:14px;font-weight:inherit;line-height:inherit;border:0px;margin:0px;margin-bottom:0px;margin-top:0px;margin-left:0px;margin-right:0px;padding:0px;padding-bottom:0px;padding-top:0px;padding-left:0px;padding-right:0px\"><span style=\"font-size:16px\"><strong><span style=\"font-family:helvetica, sans-serif\"><span style=\"font-family:arial, helvetica, sans-serif\"><span>Dimens\u00e3o:<\/span><\/span><\/span><\/strong><\/span><span style=\"font-size:16px\"><strong><span style=\"font-family:helvetica, sans-serif\">26&#8243; + 26&#8243;R<\/span><\/strong><\/span><\/p>\n<p><span style=\"font-size:18px\"><span style=\"font-family:tahoma, geneva, sans-serif\"><strong>Caracter\u00edsticas:<br \/>&#8211; Novo e de alta qualidade<br \/>&#8211; Universal se adapta \u00e0 maioria dos carros\/\u00f4nibus\/vans\/caminh\u00f5es\/caminh\u00f5es<br \/>&#8211; F\u00e1cil instala\u00e7\u00e3o, remova rapidamente<br \/>&#8211; F\u00e1cil de limpar, oferece uma vis\u00e3o clara para voc\u00ea novamente<\/strong><\/span><\/span><\/p>\n<p><\/p>\n<div><span style=\"font-size:20px\"><span><strong><span style=\"font-family:tahoma, geneva, sans-serif\"><span>Clique aqui para mais l\u00e2minas de limpador O que voc\u00ea precisa:<\/span><\/span><\/strong><\/span><\/span><\/div>\n<div>&nbsp;<\/div>\n<p><\/p>\n<table style=\"border-collapse:collapse;width:927px\" width=\"927\" border=\"1\" cellpadding=\"0\" cellspacing=\"0\">\n<tbody>\n<tr>\n<td style=\"width:160px;height:35px\">\n<p>Para<a href=\"http:\/\/www.aliexpress.com\/store\/group\/Audi-Wiper\/3669099_512678277.html?spm=2114.12010108.0.0.61815137Zim4qA\" target=\"_self\" class=\"\"><strong>Audi<\/strong><\/a><\/p>\n<\/td>\n<td style=\"width:154px;height:35px\">\n<p>Para<a href=\"http:\/\/www.aliexpress.com\/store\/group\/Acura-Wiper\/3669099_512805780.html?spm=2114.12010608.0.0.4b546c2cxvmxtd\" target=\"_self\" class=\"\"><strong>Acura<\/strong><\/a><\/p>\n<\/td>\n<td style=\"width:162px;height:35px\">\n<p>Para<a href=\"http:\/\/www.aliexpress.com\/store\/group\/Alfa-Romeo-Wiper\/3669099_512678285.html?spm=2114.12010612.0.0.71c723fd4kIuVI\" target=\"_self\" class=\"\"><strong>Alfa Romeo<\/strong><\/a><\/p>\n<\/td>\n<td style=\"width:135px;height:35px\">\n<p>Para<a href=\"http:\/\/www.aliexpress.com\/store\/group\/BMW-Wiper\/3669099_513040123.html?spm=2114.12010612.0.0.6cd45541wR6dOT\" target=\"_self\" class=\"\"><strong>BMW<\/strong><\/a><\/p>\n<\/td>\n<td style=\"width:153px;height:35px\">\n<p>Para<a href=\"http:\/\/www.aliexpress.com\/store\/group\/Buick-Wiper\/3669099_512805791.html?spm=2114.12010612.0.0.9ee738dePGucJF\" target=\"_self\" class=\"\"><strong>Buick<\/strong><\/a><\/p>\n<\/td>\n<td style=\"width:163px;height:35px\">\n<p>Para<a href=\"http:\/\/www.aliexpress.com\/store\/group\/BYD-Wiper\/3669099_512907813.html?spm=2114.12010612.0.0.69b35541an7nlV\" target=\"_self\" class=\"\"><strong>PORD<\/strong><\/a><\/p>\n<\/td>\n<\/tr>\n<tr>\n<td style=\"width:160px;height:36px\">\n<p>Para<a href=\"http:\/\/www.aliexpress.com\/store\/group\/Cadillac-Wiper\/3669099_512678295.html?spm=2114.12010612.0.0.2e115541neK5sh\" target=\"_self\" class=\"\"><strong>Cadillac<\/strong><\/a><\/p>\n<\/td>\n<td style=\"width:154px;height:36px\">\n<p>Para<a href=\"http:\/\/www.aliexpress.com\/store\/group\/Chana-Wiper\/3669099_512678304.html?spm=2114.12010612.0.0.3ac52e4b5nwfXO\" target=\"_self\" class=\"\"><strong>Chana<\/strong><\/a><\/p>\n<\/td>\n<td style=\"width:162px;height:36px\">\n<p>Para<a href=\"http:\/\/www.aliexpress.com\/store\/group\/Chery-Wiper\/3669099_512907823.html?spm=2114.12010612.0.0.1856150cTDbnt3\" target=\"_self\" class=\"\"><strong>Chery<\/strong><\/a><\/p>\n<\/td>\n<td style=\"width:135px;height:36px\">\n<p>Para<a href=\"http:\/\/www.aliexpress.com\/store\/group\/Chevrolet-Wiper\/3669099_512678307.html?spm=2114.12010612.0.0.618ae1cdJUiTi2\" target=\"_self\" class=\"\"><strong>Chevrolet<\/strong><\/a><\/p>\n<\/td>\n<td style=\"width:153px;height:36px\">\n<p>Para<a href=\"http:\/\/www.aliexpress.com\/store\/group\/Chrysler-Wiper\/3669099_512907832.html?spm=2114.12010612.0.0.3af54cactqefEh\" target=\"_self\" class=\"\"><strong>Chrysler<\/strong><\/a><\/p>\n<\/td>\n<td style=\"width:163px;height:36px\">\n<p>Para<a href=\"http:\/\/www.aliexpress.com\/store\/group\/Citroen-Wiper\/3669099_513040141.html?spm=2114.12010612.0.0.389e4d9b7FPSEl\" target=\"_self\" class=\"\"><strong>Citroen<\/strong><\/a><\/p>\n<\/td>\n<\/tr>\n<tr>\n<td style=\"width:160px;height:33px\">\n<p>Para<a href=\"http:\/\/www.aliexpress.com\/store\/group\/Dacia-Wiper\/3669099_513040144.html?spm=2114.12010612.0.0.6ae749b9cxUouI\" target=\"_self\" class=\"\"><strong>Dacia<\/strong><\/a><\/p>\n<\/td>\n<td style=\"width:154px;height:33px\">\n<p>Para<a href=\"http:\/\/www.aliexpress.com\/store\/group\/Dodge-Wiper\/3669099_512907841.html?spm=2114.12010612.0.0.47da41e7QAutu6\" target=\"_self\" class=\"\"><strong>Dodge<\/strong><\/a><\/p>\n<\/td>\n<td style=\"width:162px;height:33px\">\n<p>Para<a href=\"http:\/\/www.aliexpress.com\/store\/group\/Fiat-Wiper\/3669099_512907843.html?spm=2114.12010612.0.0.3342661bNau8VQ\" target=\"_self\" class=\"\"><strong>Fiat<\/strong><\/a><\/p>\n<\/td>\n<td style=\"width:135px;height:33px\">\n<p>Para<a href=\"http:\/\/www.aliexpress.com\/store\/group\/Ford-Wiper\/3669099_512907844.html?spm=2114.12010612.0.0.190424b6bk6TS1\" target=\"_self\" class=\"\"><strong>Ford<\/strong><\/a><\/p>\n<\/td>\n<td style=\"width:153px;height:33px\">\n<p>Para<a href=\"http:\/\/www.aliexpress.com\/store\/group\/Geely-Wiper\/3669099_512907848.html?spm=2114.12010612.0.0.bce9f2116uIouo\" target=\"_self\" class=\"\"><strong>Geamente<\/strong><\/a><\/p>\n<\/td>\n<td style=\"width:163px;height:33px\">\n<p>Para<a href=\"http:\/\/www.aliexpress.com\/store\/group\/Greatwall-Wiper\/3669099_513040151.html?spm=2114.12010612.0.0.3c003feet5hVj2\" target=\"_self\" class=\"\"><strong>Grande parede<\/strong><\/a><\/p>\n<\/td>\n<\/tr>\n<tr>\n<td style=\"width:160px;height:36px\">\n<p>Para<a href=\"http:\/\/www.aliexpress.com\/store\/group\/Honda-Wiper\/3669099_512907850.html?spm=2114.12010612.0.0.b5e7322dfSNFKl\" target=\"_self\" class=\"\"><strong>Honda<\/strong><\/a><\/p>\n<\/td>\n<td style=\"width:154px;height:36px\">\n<p>Para<a href=\"http:\/\/www.aliexpress.com\/store\/group\/Hyundai-Wiper\/3669099_512805817.html?spm=2114.12010612.0.0.596b1131sdLnhZ\" target=\"_self\" class=\"\"><strong>Hyundai<\/strong><\/a><\/p>\n<\/td>\n<td style=\"width:162px;height:36px\">\n<p>Para<a href=\"http:\/\/www.aliexpress.com\/store\/group\/Infiniti-Wiper\/3669099_512678313.html?spm=2114.12010612.0.0.1b8a1731jlHmhz\" target=\"_self\" class=\"\"><strong>Infiniti<\/strong><\/a><\/p>\n<\/td>\n<td style=\"width:135px;height:36px\">\n<p>Para<a href=\"http:\/\/www.aliexpress.com\/store\/group\/Jaguar-Wiper\/3669099_512805823.html?spm=2114.12010612.0.0.5a3b7ce0luWczm\" target=\"_self\" class=\"\"><strong>Jaguar<\/strong><\/a><\/p>\n<\/td>\n<td style=\"width:153px;height:36px\">\n<p>Para<a href=\"http:\/\/www.aliexpress.com\/store\/group\/Jeep-Wiper\/3669099_512907862.html?spm=2114.12010612.0.0.214d173bU8sKZa\" target=\"_self\" class=\"\"><strong>J\u00f3ia<\/strong><\/a><\/p>\n<\/td>\n<td style=\"width:163px;height:36px\">\n<p>Para<a href=\"http:\/\/www.aliexpress.com\/store\/group\/KIA-Wiper\/3669099_512907863.html?spm=2114.12010612.0.0.12556ffcxC90vo\" target=\"_self\" class=\"\"><strong>KIA<\/strong><\/a><\/p>\n<\/td>\n<\/tr>\n<tr>\n<td style=\"width:160px;height:36px\">\n<p>Para<a href=\"http:\/\/www.aliexpress.com\/store\/group\/Lancia-Wiper\/3669099_512678320.html?spm=2114.12010612.0.0.57e53b8cEVPc7g\" target=\"_self\" class=\"\"><strong>Lancia<\/strong><\/a><\/p>\n<\/td>\n<td style=\"width:154px;height:36px\">\n<p>Para<a href=\"http:\/\/www.aliexpress.com\/store\/group\/Land-Rover-Wiper\/3669099_512805824.html?spm=2114.12010612.0.0.691f330e8bUAYQ\" target=\"_self\" class=\"\"><strong>Terra Rover<\/strong><\/a><\/p>\n<\/td>\n<td style=\"width:162px;height:36px\">\n<p>Para<a href=\"http:\/\/www.aliexpress.com\/store\/group\/Lexus-Wiper\/3669099_512907870.html?spm=2114.12010612.0.0.6eff36ceAZP3qL\" target=\"_self\" class=\"\"><strong>Lexus<\/strong><\/a><\/p>\n<\/td>\n<td style=\"width:135px;height:36px\">\n<p>Para<a href=\"http:\/\/www.aliexpress.com\/store\/group\/Lifan-Wiper\/3669099_513040168.html?spm=2114.12010612.0.0.280efba26tw4eQ\" target=\"_self\" class=\"\"><strong>Lifan<\/strong><\/a><\/p>\n<\/td>\n<td style=\"width:153px;height:36px\">\n<p>Para<a href=\"http:\/\/www.aliexpress.com\/store\/group\/Mercedes-Benz-Wiper\/3669099_512805829.html?spm=2114.12010612.0.0.2a6314d6U45AJl\" target=\"_self\" class=\"\"><strong>Mercedes-Benz<\/strong><\/a><\/p>\n<\/td>\n<td style=\"width:163px;height:36px\">\n<p>Para<a href=\"http:\/\/www.aliexpress.com\/store\/group\/Mazda-Wiper\/3669099_513040170.html?spm=2114.12010612.0.0.26182818uzHrHY\" target=\"_self\" class=\"\"><strong>Mazda<\/strong><\/a><\/p>\n<\/td>\n<\/tr>\n<tr>\n<td style=\"width:160px;height:33px\">\n<p>Para<a href=\"http:\/\/www.aliexpress.com\/store\/group\/MG-Wiper\/3669099_513040173.html?spm=2114.12010612.0.0.6cf65865OIvS6b\" target=\"_self\" class=\"\"><strong>MG<\/strong><\/a><\/p>\n<\/td>\n<td style=\"width:154px;height:33px\">\n<p>Para<a href=\"http:\/\/www.aliexpress.com\/store\/group\/Mini-Wiper\/3669099_512678327.html?spm=2114.12010612.0.0.2d1730909bw3Io\" target=\"_self\" class=\"\"><strong>Mini<\/strong><\/a><\/p>\n<\/td>\n<td style=\"width:162px;height:33px\">\n<p>Para<a href=\"http:\/\/www.aliexpress.com\/store\/group\/Mitsubishi-Wiper\/3669099_513040178.html?spm=2114.12010612.0.0.87063d4ac66FWi\" target=\"_self\" class=\"\"><strong>Mitsubishi<\/strong><\/a><\/p>\n<\/td>\n<td style=\"width:135px;height:33px\">\n<p>Para<a href=\"http:\/\/www.aliexpress.com\/store\/group\/Nissan-Wiper\/3669099_512805839.html?spm=2114.12010612.0.0.594d5c1diwjA1e\" target=\"_self\" class=\"\"><strong>Nissan<\/strong><\/a><\/p>\n<\/td>\n<td style=\"width:153px;height:33px\">\n<p>Para<a href=\"http:\/\/www.aliexpress.com\/store\/group\/Opel-Wiper\/3669099_512678331.html?spm=2114.12010612.0.0.e3ca5af4KEnBHm\" target=\"_self\" class=\"\"><strong>Opel<\/strong><\/a><\/p>\n<\/td>\n<td style=\"width:163px;height:33px\">\n<p>Para<a href=\"http:\/\/www.aliexpress.com\/store\/group\/Peugeot-Wiper\/3669099_512678333.html?spm=2114.12010612.0.0.65d06856cGrIrd\" target=\"_self\" class=\"\"><strong>Peugeot<\/strong><\/a><\/p>\n<\/td>\n<\/tr>\n<tr>\n<td style=\"width:160px;height:37px\">\n<p>Para<a href=\"http:\/\/www.aliexpress.com\/store\/group\/Porsche-Wiper\/3669099_512907879.html?spm=2114.12010612.0.0.2cfa58e7yOgpnp\" target=\"_self\" class=\"\"><strong>Porsche<\/strong><\/a><\/p>\n<\/td>\n<td style=\"width:154px;height:37px\">\n<p>Para<a href=\"http:\/\/www.aliexpress.com\/store\/group\/Proton-Wiper\/3669099_512678334.html?spm=2114.12010612.0.0.114c5984xyJoyG\" target=\"_self\" class=\"\"><strong>Proton<\/strong><\/a><\/p>\n<\/td>\n<td style=\"width:162px;height:37px\">\n<p>Para<a href=\"http:\/\/www.aliexpress.com\/store\/group\/Renault-Wiper\/3669099_512907889.html?spm=2114.12010612.0.0.7f5dc06bsUpqAQ\" target=\"_self\" class=\"\"><strong>Renault<\/strong><\/a><\/p>\n<\/td>\n<td style=\"width:135px;height:37px\">\n<p>Para<a href=\"http:\/\/www.aliexpress.com\/store\/group\/SAAB-Wiper\/3669099_512907891.html?spm=2114.12010612.0.0.4550254dHDxadW\" target=\"_self\" class=\"\"><strong>SAAB<\/strong><\/a><\/p>\n<\/td>\n<td style=\"width:153px;height:37px\">\n<p>Para<a href=\"http:\/\/www.aliexpress.com\/store\/group\/Scion-Wiper\/3669099_512907893.html?spm=2114.12010612.0.0.7d573520DwwZYd\" target=\"_self\" class=\"\"><strong>Scion<\/strong><\/a><\/p>\n<\/td>\n<td style=\"width:163px;height:37px\">\n<p>Para<a href=\"http:\/\/www.aliexpress.com\/store\/group\/Seat-Wiper\/3669099_512907894.html?spm=2114.12010612.0.0.70e780b8C6mxWc\" target=\"_self\" class=\"\"><strong>Assento<\/strong><\/a><\/p>\n<\/td>\n<\/tr>\n<tr>\n<td style=\"width:160px;height:35px\">\n<p>Para<a href=\"http:\/\/www.aliexpress.com\/store\/group\/Skoda-Wiper\/3669099_513040190.html?spm=2114.12010612.0.0.74d26e67JHr3F5\" target=\"_self\" class=\"\"><strong>Skoda<\/strong><\/a><\/p>\n<\/td>\n<td style=\"width:154px;height:35px\">\n<p>Para<a href=\"http:\/\/www.aliexpress.com\/store\/group\/Smart-Wiper\/3669099_512678345.html?spm=2114.12010612.0.0.55db2841tW2EBz\" target=\"_self\" class=\"\"><strong>Inteligente<\/strong><\/a><\/p>\n<\/td>\n<td style=\"width:162px;height:35px\">\n<p>Para<a href=\"http:\/\/www.aliexpress.com\/store\/group\/Ssangyong-Wiper\/3669099_512678351.html?spm=2114.12010612.0.0.11dc6720WOeZVz\" target=\"_self\" class=\"\"><strong>Ssangyong<\/strong><\/a><\/p>\n<\/td>\n<td style=\"width:135px;height:35px\">\n<p>Para<a href=\"http:\/\/www.aliexpress.com\/store\/group\/Suzuki-Wiper\/3669099_512678356.html?spm=2114.12010612.0.0.647264baQ9UnOG\" target=\"_self\" class=\"\"><strong>Suzuki<\/strong><\/a><\/p>\n<\/td>\n<td style=\"width:153px;height:35px\">\n<p>Para<a href=\"http:\/\/www.aliexpress.com\/store\/group\/Subaru-Wiper\/3669099_512907905.html?spm=2114.12010612.0.0.2b9d1301pgUaha\" target=\"_self\" class=\"\"><strong>Subaru<\/strong><\/a><\/p>\n<\/td>\n<td style=\"width:163px;height:35px\">\n<p>Para<a href=\"http:\/\/www.aliexpress.com\/store\/group\/Toyota-Wiper\/3669099_513040200.html?spm=2114.12010612.0.0.74856e23DTr1zQ\" target=\"_self\" class=\"\"><strong>Toyota<\/strong><\/a><\/p>\n<\/td>\n<\/tr>\n<tr>\n<td style=\"width:160px;height:32px\">\n<p>Para<a href=\"http:\/\/www.aliexpress.com\/store\/group\/Volkswagen-Wiper\/3669099_512907908.html?spm=2114.12010612.0.0.7ea148cf9PPYBH\" target=\"_self\" class=\"\"><strong>Volkswagen<\/strong><\/a><\/p>\n<\/td>\n<td style=\"width:154px;height:32px\">\n<p>Para<a href=\"http:\/\/www.aliexpress.com\/store\/group\/VOLVO-Wiper\/3669099_512907909.html?spm=2114.12010612.0.0.73853fc0SxdR4P\" target=\"_self\" class=\"\"><strong>VOLVO<\/strong><\/a><\/p>\n<\/td>\n<td style=\"width:162px;height:32px\">\n<p>Para<a href=\"http:\/\/www.aliexpress.com\/store\/group\/Maserati\/3669099_512922035.html?spm=2114.12010612.0.0.21c76775sLMOfV\" target=\"_self\" class=\"\"><strong>Maserati<\/strong><\/a><\/p>\n<\/td>\n<td style=\"width:135px;height:32px\">\n<p>Para<a href=\"http:\/\/www.aliexpress.com\/store\/group\/Daewoo\/3669099_512922021.html?spm=2114.12010612.0.0.601f4437JOPakh\" target=\"_self\" class=\"\"><strong>Daewoo<\/strong><\/a><\/p>\n<\/td>\n<td style=\"width:153px;height:32px\">\n<p>Para<a href=\"http:\/\/www.aliexpress.com\/store\/group\/Tesla\/3669099_513117669.html?spm=2114.12010108.0.0.7e2a7bb5dCLL7A\" target=\"_self\" class=\"\"><strong>Tesla<\/strong><\/a><\/p>\n<\/td>\n<td style=\"width:163px;height:32px\">\n<p>Para<a href=\"http:\/\/www.aliexpress.com\/store\/group\/Aston-Martin\/3669099_513268986.html?spm=2114.12010612.0.0.2f292ec9GIqNgP\" target=\"_self\" class=\"\"><strong>Estreia Martin<\/strong><\/a><\/p>\n<\/td>\n<\/tr>\n<tr>\n<td style=\"width:160px;height:32px\">\n<p>Para<a href=\"http:\/\/www.aliexpress.com\/store\/group\/Daihatsu\/3669099_513117923.html?spm=2114.12010612.0.0.524b11124nYB1A\" target=\"_self\" class=\"\"><strong>Daihatsu<\/strong><\/a><\/p>\n<\/td>\n<td style=\"width:154px;height:32px\">\n<p>Para<a href=\"http:\/\/www.aliexpress.com\/store\/group\/Mercury\/3669099_512922038.html?spm=2114.12010612.0.0.1114737aZc9PcD\" target=\"_self\" class=\"\"><strong>Merc\u00fario<\/strong><\/a><\/p>\n<\/td>\n<td style=\"width:162px;height:32px\">\n<p>Para<a href=\"http:\/\/www.aliexpress.com\/store\/group\/Saturn\/3669099_513117936.html?spm=2114.12010608.0.0.246a6c2cFb2bMa\" target=\"_self\" class=\"\"><strong>Saturno<\/strong><\/a><\/p>\n<\/td>\n<td style=\"width:135px;height:32px\">\n<p>Para<a href=\"http:\/\/www.aliexpress.com\/store\/group\/Lada\/3669099_512922030.html?spm=2114.12010612.0.0.6d633052wlFl4p\" target=\"_self\" class=\"\"><strong>Lada<\/strong><\/a><\/p>\n<\/td>\n<td style=\"width:153px;height:32px\">\n<p>Para<a href=\"http:\/\/www.aliexpress.com\/store\/group\/GMC\/3669099_513268993.html?spm=2114.12010108.0.0.cf7f1894Rt6Ag7\" target=\"_self\" class=\"\"><strong>OGM<\/strong><\/a><\/p>\n<\/td>\n<td style=\"width:163px;height:32px\">\n<p>Para<a href=\"http:\/\/www.aliexpress.com\/store\/group\/Holden\/3669099_512922027.html?spm=2114.12010612.0.0.44d277d626rzKE\" target=\"_self\" class=\"\"><strong>Holden<\/strong><\/a><\/p>\n<\/td>\n<\/tr>\n<tr>\n<td style=\"width:160px;height:33px\">\n<p>Para<a href=\"http:\/\/www.aliexpress.com\/store\/group\/Lincoln\/3669099_512918938.html?spm=2114.12010608.0.0.246a6c2cCKR1sW\" target=\"_self\" class=\"\"><strong>Lincoln<\/strong><\/a><\/p>\n<\/td>\n<td style=\"width:154px;height:33px\">\n<p>Para<a href=\"http:\/\/www.aliexpress.com\/store\/group\/Pontiac\/3669099_513117933.html?spm=2114.12010612.0.0.454c15a0H0MDTP\" target=\"_self\" class=\"\"><strong>Pontiac<\/strong><\/a><\/p>\n<\/td>\n<td style=\"width:162px;height:33px\">\n<p>Para<a href=\"http:\/\/www.aliexpress.com\/store\/group\/Rover\/3669099_512922044.html?spm=2114.12010612.0.0.734f7556ULSlhr\" target=\"_self\" class=\"\"><strong>Rover<\/strong><\/a><\/p>\n<\/td>\n<td style=\"width:135px;height:33px\"><\/td>\n<td style=\"width:153px;height:33px\"><\/td>\n<td style=\"width:163px;height:33px\"><\/td>\n<\/tr>\n<\/tbody>\n<\/table>\n<p style=\"text-align:center\" align=\"center\"><img data-recalc-dims=\"1\" decoding=\"async\" src=\"https:\/\/i0.wp.com\/ae01.alicdn.com\/kf\/HTB1Iqj3nN1YBuNjy1zcq6zNcXXag.jpg?w=1200\"><\/p>\n<p><img data-recalc-dims=\"1\" decoding=\"async\" style=\"width:1000px\"  src=\"https:\/\/i0.wp.com\/ae01.alicdn.com\/kf\/Sa78fede545de42348e8935e47cd78c0bA.jpg?w=1200&#038;ssl=1\"><img data-recalc-dims=\"1\" decoding=\"async\" src=\"https:\/\/i0.wp.com\/ae01.alicdn.com\/kf\/HTB1QCj9nKySBuNjy1zdq6xPxFXaK.jpg?w=1200\"><img data-recalc-dims=\"1\" decoding=\"async\" src=\"https:\/\/i0.wp.com\/ae01.alicdn.com\/kf\/HTB1T0ZMdeuSBuNjSsplq6ze8pXag.jpg?w=1200\"><\/p>\n<\/div>\n<\/div>\n<p><\/div>\n<\/div>\n","protected":false},"excerpt":{"rendered":"<p>L\u00e2minas de l\u00e2mina de limpador de carro para assento leon mk2 2005-2012 26&#8243; + 26&#8243; r para-brisa limpo borracha silicone carros limpadores acess\u00f3rios Modelo do ve\u00edculo:Para Seat Leon MK2 Ano modelo:2005-2012Tipo de l\u00e2minas:Bra\u00e7o de guia de pitada adequado Dimens\u00e3o:26&#8243; + 26&#8243;R Caracter\u00edsticas:&#8211; Novo e de alta qualidade&#8211; Universal se adapta \u00e0 maioria dos carros\/\u00f4nibus\/vans\/caminh\u00f5es\/caminh\u00f5es&#8211; F\u00e1cil&hellip;&nbsp;<\/p>\n","protected":false},"featured_media":45881,"template":"","meta":{"neve_meta_sidebar":"","neve_meta_container":"","neve_meta_enable_content_width":"","neve_meta_content_width":0,"neve_meta_title_alignment":"","neve_meta_author_avatar":"","neve_post_elements_order":"","neve_meta_disable_header":"","neve_meta_disable_footer":"","neve_meta_disable_title":""},"product_brand":[],"product_cat":[45,26,17],"product_tag":[],"class_list":{"0":"post-45887","1":"product","2":"type-product","3":"status-publish","4":"has-post-thumbnail","6":"product_cat-brisas-parts","7":"product_cat-pecas-de-desgaste","8":"product_cat-pecas-e-acessorios-automotivos","10":"first","11":"instock","12":"shipping-taxable","13":"purchasable","14":"product-type-variable","15":"has-default-attributes"},"jetpack_sharing_enabled":true,"_links":{"self":[{"href":"https:\/\/listman.shop\/autoparts-br\/wp-json\/wp\/v2\/product\/45887","targetHints":{"allow":["GET"]}}],"collection":[{"href":"https:\/\/listman.shop\/autoparts-br\/wp-json\/wp\/v2\/product"}],"about":[{"href":"https:\/\/listman.shop\/autoparts-br\/wp-json\/wp\/v2\/types\/product"}],"wp:featuredmedia":[{"embeddable":true,"href":"https:\/\/listman.shop\/autoparts-br\/wp-json\/wp\/v2\/media\/45881"}],"wp:attachment":[{"href":"https:\/\/listman.shop\/autoparts-br\/wp-json\/wp\/v2\/media?parent=45887"}],"wp:term":[{"taxonomy":"product_brand","embeddable":true,"href":"https:\/\/listman.shop\/autoparts-br\/wp-json\/wp\/v2\/product_brand?post=45887"},{"taxonomy":"product_cat","embeddable":true,"href":"https:\/\/listman.shop\/autoparts-br\/wp-json\/wp\/v2\/product_cat?post=45887"},{"taxonomy":"product_tag","embeddable":true,"href":"https:\/\/listman.shop\/autoparts-br\/wp-json\/wp\/v2\/product_tag?post=45887"}],"curies":[{"name":"wp","href":"https:\/\/api.w.org\/{rel}","templated":true}]}}