{"id":45898,"date":"2025-03-30T10:14:16","date_gmt":"2025-03-30T01:14:16","guid":{"rendered":"https:\/\/listman.shop\/autoparts-br\/product\/1005006135233483\/"},"modified":"2026-04-08T06:18:15","modified_gmt":"2026-04-07T21:18:15","slug":"1005006135233483","status":"publish","type":"product","link":"https:\/\/listman.shop\/autoparts-br\/product\/1005006135233483\/","title":{"rendered":"Pc usb jogos de corrida shifter sequencial h mudan\u00e7a de engrenagem sim para logitech g25 g27 g29 g920 g923 thrustmaster t300rs\/gt t500 para ets2"},"content":{"rendered":"<div class=\"detailmodule_html\">\n<div class=\"detail-desc-decorate-richtext\">\n<p style=\"text-align:center\" align=\"center\"><span style=\"font-size:24px\"><strong>PC jogos de corrida usb shifter sequencial h mudan\u00e7a de engrenagem sim para logitech g25 g27 g29 g920 g923 thrustmaster t300rs\/gt t500 para ets2<\/strong><\/span><\/p>\n<p><\/p>\n<p style=\"text-align:left\" align=\"left\"><span style=\"font-size:20px;, Roboto, Arial, Helvetica, sans-serif, SimSun\"><strong>Nota:Se a bra\u00e7adeira for necess\u00e1ria, compre separadamente!<\/strong><\/span><\/p>\n<p><\/p>\n<p><span style=\"font-size:18px\"><strong>Aplica\u00e7\u00e3o:<\/strong><\/span><\/p>\n<p><\/p>\n<p><span style=\"font-size:18px\"><strong>Equipamento utilizado: Para PC lateral win10, para win7, para xp.<\/strong><\/span><\/p>\n<p><span style=\"font-size:18px\"><strong>Suporta apenas sistema Windows de PC<\/strong><\/span><\/p>\n<p><span style=\"font-size:18px\"><strong>Suporte para Logitech G27 G25 G29 G920 G923, para Thrustmaster T500 T300 e combina com qualquer volante.<\/strong><\/span><\/p>\n<p><\/p>\n<p><span style=\"font-size:18px\"><strong>Caracter\u00edsticas:<\/strong><\/span><\/p>\n<p><span style=\"font-size:18px\"><strong>1. Equipamento de configura\u00e7\u00e3o de jogo USB Plug and Play (identifica\u00e7\u00e3o autom\u00e1tica da unidade).<\/strong><\/span><\/p>\n<p><span style=\"font-size:18px\"><strong>2. Compat\u00edvel com jogos como ETS2, para Forza Horizon 4, para Assetto Corsa, para Dirt Rally 2\/4, para Project CARS, para WRC, para LFS, para Shenli, para Oka, para poeira (suporta mais jogos)<\/strong><\/span><\/p>\n<p><span style=\"font-size:18px\"><strong>3.O sistema independente, independente da base utilizada, pode ser usado com qualquer volante.<\/strong><\/span><\/p>\n<p><span style=\"font-size:18px\"><strong>4.A linha de dados externa tem 140cm de comprimento e a base pode ser aparafusada com parafusos de 6mm no m\u00e1ximo.<\/strong><\/span><\/p>\n<p><span style=\"font-size:18px\"><strong>5. A cabe\u00e7a da engrenagem pode ser substitu\u00edda sozinha e a rosca da haste \u00e9 m8<\/strong><\/span><\/p>\n<p><\/p>\n<p><\/p>\n<p><span style=\"font-size:18px\"><strong>Descri\u00e7\u00e3o:<\/strong><\/span><\/p>\n<p><span style=\"font-size:18px\"><strong>Cor: Como mostrado<\/strong><\/span><\/p>\n<p><span style=\"font-size:18px\"><strong>Material: a\u00e7o inoxid\u00e1vel + liga de alum\u00ednio<\/strong><\/span><\/p>\n<p><span style=\"font-size:18px\"><strong>Sensor: microinterruptor.<\/strong><\/span><\/p>\n<p><span style=\"font-size:18px\"><strong>Engrenagem: duas marchas.<\/strong><\/span><\/p>\n<p><span style=\"font-size:18px\"><strong>Princ\u00edpio e estrutura: forte magnetismo.<\/strong><\/span><\/p>\n<p><span style=\"font-size:18px\"><strong>For\u00e7a motriz: cerca de 3kg.<\/strong><\/span><\/p>\n<p><span style=\"font-size:18px\"><strong>Driver: Controlador de jogo USB.<\/strong><\/span><\/p>\n<\/p>\n<p><span style=\"font-size:18px\"><strong>Pacote inclu\u00eddo:<\/strong><\/span><\/p>\n<p><span style=\"font-size:18px\"><strong>1 conjunto de jogos de corrida para PC, mudan\u00e7a de marcha sequencial<\/strong><\/span><\/p>\n<p><\/p>\n<p><span style=\"font-size:18px\"><strong>Nota:<\/strong><\/span><\/p>\n<p><span style=\"font-size:18px\"><strong>Pode haver um pouco de ru\u00eddo ao us\u00e1-lo.<\/strong><\/span><\/p>\n<p><\/p>\n<p><img data-recalc-dims=\"1\" decoding=\"async\" src=\"https:\/\/i0.wp.com\/ae01.alicdn.com\/kf\/S97b2d7cf3b9143b1bdc91ff1a4aaca37I.jpg?w=1200&#038;ssl=1\"><\/p>\n<p><img data-recalc-dims=\"1\" decoding=\"async\" src=\"https:\/\/i0.wp.com\/ae01.alicdn.com\/kf\/S72a0fcaef6864695bf8886cc4621c39cV.jpg?w=1200&#038;ssl=1\"><img data-recalc-dims=\"1\" loading=\"lazy\" decoding=\"async\" width=\"944\" height=\"1259\" src=\"https:\/\/i0.wp.com\/ae01.alicdn.com\/kf\/Sb3ffe51093a04d6f9f310d8e89df4c17J.jpg?resize=944%2C1259&#038;ssl=1\"><img data-recalc-dims=\"1\" decoding=\"async\" src=\"https:\/\/i0.wp.com\/ae01.alicdn.com\/kf\/S8b4c7dc8a52c4116b3f3da846257285dr.jpg?w=1200&#038;ssl=1\"><img data-recalc-dims=\"1\" decoding=\"async\" src=\"https:\/\/i0.wp.com\/ae01.alicdn.com\/kf\/See666c7acfdc42b087c8cf41f04128dbV.jpg?w=1200&#038;ssl=1\"><img data-recalc-dims=\"1\" decoding=\"async\" src=\"https:\/\/i0.wp.com\/ae01.alicdn.com\/kf\/Sea44276eac6649af99fcce578ff04234x.jpg?w=1200&#038;ssl=1\"><img data-recalc-dims=\"1\" decoding=\"async\" src=\"https:\/\/i0.wp.com\/ae01.alicdn.com\/kf\/S78e2dc2f7b0b41d9a5243f58229b7927S.jpg?w=1200&#038;ssl=1\"><img data-recalc-dims=\"1\" decoding=\"async\" src=\"https:\/\/i0.wp.com\/ae01.alicdn.com\/kf\/Sdbb4f93582d54e9b807cf7823ee7fc019.jpg?w=1200&#038;ssl=1\"><img data-recalc-dims=\"1\" decoding=\"async\" src=\"https:\/\/i0.wp.com\/ae01.alicdn.com\/kf\/S9616d068b92846759cc7adf1832a638c9.png?w=1200&#038;ssl=1\"><img data-recalc-dims=\"1\" decoding=\"async\" src=\"https:\/\/i0.wp.com\/ae01.alicdn.com\/kf\/Se399360f34cb4759b5fbe82bb13e784fr.jpg?w=1200&#038;ssl=1\"><img data-recalc-dims=\"1\" decoding=\"async\" src=\"https:\/\/i0.wp.com\/ae01.alicdn.com\/kf\/Sa28ec46ee8e3466ab9fe28a354c601c0e.jpg?w=1200&#038;ssl=1\"><img data-recalc-dims=\"1\" loading=\"lazy\" decoding=\"async\" width=\"944\" height=\"944\" src=\"https:\/\/i0.wp.com\/ae01.alicdn.com\/kf\/Se5685e574d244df69ee221f995822dc4k.jpg?resize=944%2C944&#038;ssl=1\"><\/p>\n<p><\/p>\n<p style=\", Roboto, Arial, Helvetica, sans-serif, SimSun;font-size:14px;font-weight:400;letter-spacing:normal;line-height:inherit;text-align:start;white-space:normal;margin:0px;margin-bottom:0px;margin-top:0px;margin-left:0px;margin-right:0px;padding:0px;padding-bottom:0px;padding-top:0px;padding-left:0px;padding-right:0px\" align=\"start\"><span style=\"font-size:18px\"><strong>Bra\u00e7adeira:<\/strong><\/span><\/p>\n<div style=\", Roboto, Arial, Helvetica, sans-serif, SimSun;font-size:14px;font-weight:400;letter-spacing:normal;text-align:start;white-space:normal;margin:0px;margin-bottom:0px;margin-top:0px;margin-left:0px;margin-right:0px;padding:0px;padding-bottom:0px;padding-top:0px;padding-left:0px;padding-right:0px\" align=\"start\"><\/div>\n<p style=\", Roboto, Arial, Helvetica, sans-serif, SimSun;font-size:14px;font-weight:400;letter-spacing:normal;line-height:inherit;text-align:start;white-space:normal;margin:0px;margin-bottom:0px;margin-top:0px;margin-left:0px;margin-right:0px;padding:0px;padding-bottom:0px;padding-top:0px;padding-left:0px;padding-right:0px\" align=\"start\"><span style=\"font-size:18px\"><strong>Especifica\u00e7\u00e3o:<\/strong><\/span><\/p>\n<p style=\", Roboto, Arial, Helvetica, sans-serif, SimSun;font-size:14px;font-weight:400;letter-spacing:normal;line-height:inherit;text-align:start;white-space:normal;margin:0px;margin-bottom:0px;margin-top:0px;margin-left:0px;margin-right:0px;padding:0px;padding-bottom:0px;padding-top:0px;padding-left:0px;padding-right:0px\" align=\"start\"><span style=\"font-size:18px\"><strong>Material: Ferro<\/strong><\/span><\/p>\n<p style=\", Roboto, Arial, Helvetica, sans-serif, SimSun;font-size:14px;font-weight:400;letter-spacing:normal;line-height:inherit;text-align:start;white-space:normal;margin:0px;margin-bottom:0px;margin-top:0px;margin-left:0px;margin-right:0px;padding:0px;padding-bottom:0px;padding-top:0px;padding-left:0px;padding-right:0px\" align=\"start\"><span style=\"font-size:18px\"><strong>Quantidade: 1 conjunto<\/strong><\/span><\/p>\n<p style=\", Roboto, Arial, Helvetica, sans-serif, SimSun;font-size:14px;font-weight:400;letter-spacing:normal;line-height:inherit;text-align:start;white-space:normal;margin:0px;margin-bottom:0px;margin-top:0px;margin-left:0px;margin-right:0px;padding:0px;padding-bottom:0px;padding-top:0px;padding-left:0px;padding-right:0px\" align=\"start\"><span style=\"font-size:18px\"><strong>Cor: preto<\/strong><\/span><\/p>\n<p style=\", Roboto, Arial, Helvetica, sans-serif, SimSun;font-size:14px;font-weight:400;letter-spacing:normal;line-height:inherit;text-align:start;white-space:normal;margin:0px;margin-bottom:0px;margin-top:0px;margin-left:0px;margin-right:0px;padding:0px;padding-bottom:0px;padding-top:0px;padding-left:0px;padding-right:0px\" align=\"start\">\n<p style=\", Roboto, Arial, Helvetica, sans-serif, SimSun;font-size:14px;font-weight:400;letter-spacing:normal;line-height:inherit;text-align:start;white-space:normal;margin:0px;margin-bottom:0px;margin-top:0px;margin-left:0px;margin-right:0px;padding:0px;padding-bottom:0px;padding-top:0px;padding-left:0px;padding-right:0px\" align=\"start\"><span style=\"font-size:18px\"><strong>Montagem:<\/strong><\/span><\/p>\n<p style=\", Roboto, Arial, Helvetica, sans-serif, SimSun;font-size:14px;font-weight:400;letter-spacing:normal;line-height:inherit;text-align:start;white-space:normal;margin:0px;margin-bottom:0px;margin-top:0px;margin-left:0px;margin-right:0px;padding:0px;padding-bottom:0px;padding-top:0px;padding-left:0px;padding-right:0px\" align=\"start\"><span style=\"font-size:18px\"><strong>Para jogo de corrida SIM<\/strong><\/span><\/p>\n<div style=\", Roboto, Arial, Helvetica, sans-serif, SimSun;font-size:14px;font-weight:400;letter-spacing:normal;text-align:start;white-space:normal;margin:0px;margin-bottom:0px;margin-top:0px;margin-left:0px;margin-right:0px;padding:0px;padding-bottom:0px;padding-top:0px;padding-left:0px;padding-right:0px\" align=\"start\">\n<\/div>\n<p style=\", Roboto, Arial, Helvetica, sans-serif, SimSun;font-size:14px;font-weight:400;letter-spacing:normal;line-height:inherit;text-align:start;white-space:normal;margin:0px;margin-bottom:0px;margin-top:0px;margin-left:0px;margin-right:0px;padding:0px;padding-bottom:0px;padding-top:0px;padding-left:0px;padding-right:0px\" align=\"start\"><span style=\"font-size:18px\"><strong>Caracter\u00edsticas:<\/strong><\/span><\/p>\n<p style=\", Roboto, Arial, Helvetica, sans-serif, SimSun;font-size:14px;font-weight:400;letter-spacing:normal;line-height:inherit;text-align:start;white-space:normal;margin:0px;margin-bottom:0px;margin-top:0px;margin-left:0px;margin-right:0px;padding:0px;padding-bottom:0px;padding-top:0px;padding-left:0px;padding-right:0px\" align=\"start\"><span style=\"font-size:18px\"><strong>1.100% novo.<\/strong><\/span><\/p>\n<p style=\", Roboto, Arial, Helvetica, sans-serif, SimSun;font-size:14px;font-weight:400;letter-spacing:normal;line-height:inherit;text-align:start;white-space:normal;margin:0px;margin-bottom:0px;margin-top:0px;margin-left:0px;margin-right:0px;padding:0px;padding-bottom:0px;padding-top:0px;padding-left:0px;padding-right:0px\" align=\"start\"><span style=\"font-size:18px\"><strong>2.Feito de ferro de alta qualidade.<\/strong><\/span><\/p>\n<p style=\", Roboto, Arial, Helvetica, sans-serif, SimSun;font-size:14px;font-weight:400;letter-spacing:normal;line-height:inherit;text-align:start;white-space:normal;margin:0px;margin-bottom:0px;margin-top:0px;margin-left:0px;margin-right:0px;padding:0px;padding-bottom:0px;padding-top:0px;padding-left:0px;padding-right:0px\" align=\"start\"><span style=\"font-size:18px\"><strong>3.F\u00e1cil de instalar.<\/strong><\/span><\/p>\n<p style=\", Roboto, Arial, Helvetica, sans-serif, SimSun;font-size:14px;font-weight:400;letter-spacing:normal;line-height:inherit;text-align:start;white-space:normal;margin:0px;margin-bottom:0px;margin-top:0px;margin-left:0px;margin-right:0px;padding:0px;padding-bottom:0px;padding-top:0px;padding-left:0px;padding-right:0px\" align=\"start\"><span style=\"font-size:18px\"><strong>4.N\u00e3o \u00e9 f\u00e1cil enferrujar<\/strong><\/span><\/p>\n<p><\/p>\n<p style=\", Roboto, Arial, Helvetica, sans-serif, SimSun;font-size:14px;font-weight:400;letter-spacing:normal;line-height:inherit;text-align:start;white-space:normal;margin:0px;margin-bottom:0px;margin-top:0px;margin-left:0px;margin-right:0px;padding:0px;padding-bottom:0px;padding-top:0px;padding-left:0px;padding-right:0px\" align=\"start\"><img data-recalc-dims=\"1\" decoding=\"async\" style=\"border:0px;margin:0px;margin-bottom:0px;margin-top:0px;margin-left:0px;margin-right:0px;padding:0px;padding-bottom:0px;padding-top:0px;padding-left:0px;padding-right:0px;max-width:100%\" src=\"https:\/\/i0.wp.com\/ae01.alicdn.com\/kf\/Sb37c14f123b6422fa3990bae8defa8725.jpg?w=1200&#038;ssl=1\"><img data-recalc-dims=\"1\" decoding=\"async\" style=\"border:0px;margin:0px;margin-bottom:0px;margin-top:0px;margin-left:0px;margin-right:0px;padding:0px;padding-bottom:0px;padding-top:0px;padding-left:0px;padding-right:0px;max-width:100%\" src=\"https:\/\/i0.wp.com\/ae01.alicdn.com\/kf\/Sb4fce42cc10e408bb9cf5a6c434a7e28m.jpg?w=1200&#038;ssl=1\"><img data-recalc-dims=\"1\" decoding=\"async\" style=\"border:0px;margin:0px;margin-bottom:0px;margin-top:0px;margin-left:0px;margin-right:0px;padding:0px;padding-bottom:0px;padding-top:0px;padding-left:0px;padding-right:0px;max-width:100%\" src=\"https:\/\/i0.wp.com\/ae01.alicdn.com\/kf\/S9f65069c85674260a09e8a6465c971c9R.jpg?w=1200&#038;ssl=1\"><img data-recalc-dims=\"1\" decoding=\"async\" style=\"border:0px;margin:0px;margin-bottom:0px;margin-top:0px;margin-left:0px;margin-right:0px;padding:0px;padding-bottom:0px;padding-top:0px;padding-left:0px;padding-right:0px;max-width:100%\" src=\"https:\/\/i0.wp.com\/ae01.alicdn.com\/kf\/Sec54830e16b14375a25712087cd9a575H.jpg?w=1200&#038;ssl=1\"><img data-recalc-dims=\"1\" decoding=\"async\" style=\"border:0px;margin:0px;margin-bottom:0px;margin-top:0px;margin-left:0px;margin-right:0px;padding:0px;padding-bottom:0px;padding-top:0px;padding-left:0px;padding-right:0px;max-width:100%\" src=\"https:\/\/i0.wp.com\/ae01.alicdn.com\/kf\/S7964c7edf8f4458e8f9394a55f2143eeh.jpg?w=1200&#038;ssl=1\"><\/p>\n<div class=\"detailmodule_html\">\n<div class=\"detail-desc-decorate-richtext\">\n<div><\/div>\n<p><span style=\"font-size:24px\"><strong>Bra\u00e7adeira de fixa\u00e7\u00e3o:<\/strong><\/span><\/p>\n<div><\/div>\n<p style=\"text-align:left\" align=\"left\"><span style=\"font-size:20px\"><strong>Descri\u00e7\u00e3o:<\/strong><\/span><\/p>\n<div><\/div>\n<p><span style=\"font-size:20px\">Este acess\u00f3rio pode segurar a alavanca de mudan\u00e7a H pr\u00f3xima a uma mesa ou console de jogos para uma experi\u00eancia de jogo aprimorada.<\/span><\/p>\n<p><\/p>\n<p><span style=\"font-size:20px\"><strong>Especifica\u00e7\u00e3o:<\/strong><\/span><\/p>\n<div><\/div>\n<p><span style=\"font-size:20px\">* Tipo: substituir acess\u00f3rio<\/span><\/p>\n<\/p>\n<p><span style=\"font-size:20px\">* Condi\u00e7\u00e3o: 100% novo de alta qualidade<\/span><\/p>\n<\/p>\n<p><span style=\"font-size:20px\"><strong>Pacote inclu\u00eddo:<\/strong><\/span><\/p>\n<div><\/div>\n<p><span style=\"font-size:20px\">1 conjunto de lumin\u00e1ria<\/span><\/p>\n<p><\/p>\n<p><strong><span style=\"font-size:20px\">Nota:<\/span><\/strong><\/p>\n<div><\/div>\n<p><span style=\"font-size:20px\">1.Substitua apenas a pe\u00e7a, esse c\u00e2mbio n\u00e3o est\u00e1 inclu\u00eddo.<\/span><\/p>\n<div><\/div>\n<p><span style=\"font-size:20px\">2. Devido \u00e0 diferen\u00e7a entre monitores diferentes, a imagem pode n\u00e3o refletir a cor real do item. Obrigado!<\/span><\/p>\n<div><\/div>\n<p><img data-recalc-dims=\"1\" decoding=\"async\" src=\"https:\/\/i0.wp.com\/ae01.alicdn.com\/kf\/S17133a7d02e943bbb2b9080960348c3c7.jpg?w=1200&#038;ssl=1\"><img data-recalc-dims=\"1\" decoding=\"async\" src=\"https:\/\/i0.wp.com\/ae01.alicdn.com\/kf\/S9fae28ff2d2b4581b0fa874658920120Z.jpg?w=1200&#038;ssl=1\"><img data-recalc-dims=\"1\" decoding=\"async\" src=\"https:\/\/i0.wp.com\/ae01.alicdn.com\/kf\/S62bbf3c2848647c6ac26c7d521c3d843q.jpg?w=1200&#038;ssl=1\"><img data-recalc-dims=\"1\" decoding=\"async\" src=\"https:\/\/i0.wp.com\/ae01.alicdn.com\/kf\/Sa91fdaa282f543b58661e26f40355105P.jpg?w=1200&#038;ssl=1\"><img data-recalc-dims=\"1\" decoding=\"async\" src=\"https:\/\/i0.wp.com\/ae01.alicdn.com\/kf\/S89154efdbab74cdd97f09d3f808e57f3c.jpg?w=1200&#038;ssl=1\"><img data-recalc-dims=\"1\" decoding=\"async\" src=\"https:\/\/i0.wp.com\/ae01.alicdn.com\/kf\/S2e37fd3c3028498395ff9ee57f8b0b483.jpg?w=1200&#038;ssl=1\"><img data-recalc-dims=\"1\" decoding=\"async\" src=\"https:\/\/i0.wp.com\/ae01.alicdn.com\/kf\/S3e2b958e241a4ee1aebbd066894b42fa7.jpg?w=1200&#038;ssl=1\"><\/p>\n<div>&nbsp;<\/div>\n<\/div>\n<\/div>\n<p><\/p>\n<\/div>\n<\/div>\n","protected":false},"excerpt":{"rendered":"<p>PC jogos de corrida usb shifter sequencial h mudan\u00e7a de engrenagem sim para logitech g25 g27 g29 g920 g923 thrustmaster t300rs\/gt t500 para ets2 Nota:Se a bra\u00e7adeira for necess\u00e1ria, compre separadamente! Aplica\u00e7\u00e3o: Equipamento utilizado: Para PC lateral win10, para win7, para xp. Suporta apenas sistema Windows de PC Suporte para Logitech G27 G25 G29 G920&hellip;&nbsp;<\/p>\n","protected":false},"featured_media":45892,"template":"","meta":{"neve_meta_sidebar":"","neve_meta_container":"","neve_meta_enable_content_width":"","neve_meta_content_width":0,"neve_meta_title_alignment":"","neve_meta_author_avatar":"","neve_post_elements_order":"","neve_meta_disable_header":"","neve_meta_disable_footer":"","neve_meta_disable_title":""},"product_brand":[],"product_cat":[26,17,90],"product_tag":[],"class_list":{"0":"post-45898","1":"product","2":"type-product","3":"status-publish","4":"has-post-thumbnail","6":"product_cat-pecas-de-desgaste","7":"product_cat-pecas-e-acessorios-automotivos","8":"product_cat-sistemas-de-freio","10":"first","11":"instock","12":"shipping-taxable","13":"purchasable","14":"product-type-variable","15":"has-default-attributes"},"jetpack_sharing_enabled":true,"_links":{"self":[{"href":"https:\/\/listman.shop\/autoparts-br\/wp-json\/wp\/v2\/product\/45898","targetHints":{"allow":["GET"]}}],"collection":[{"href":"https:\/\/listman.shop\/autoparts-br\/wp-json\/wp\/v2\/product"}],"about":[{"href":"https:\/\/listman.shop\/autoparts-br\/wp-json\/wp\/v2\/types\/product"}],"wp:featuredmedia":[{"embeddable":true,"href":"https:\/\/listman.shop\/autoparts-br\/wp-json\/wp\/v2\/media\/45892"}],"wp:attachment":[{"href":"https:\/\/listman.shop\/autoparts-br\/wp-json\/wp\/v2\/media?parent=45898"}],"wp:term":[{"taxonomy":"product_brand","embeddable":true,"href":"https:\/\/listman.shop\/autoparts-br\/wp-json\/wp\/v2\/product_brand?post=45898"},{"taxonomy":"product_cat","embeddable":true,"href":"https:\/\/listman.shop\/autoparts-br\/wp-json\/wp\/v2\/product_cat?post=45898"},{"taxonomy":"product_tag","embeddable":true,"href":"https:\/\/listman.shop\/autoparts-br\/wp-json\/wp\/v2\/product_tag?post=45898"}],"curies":[{"name":"wp","href":"https:\/\/api.w.org\/{rel}","templated":true}]}}