{"id":45978,"date":"2025-03-30T10:18:28","date_gmt":"2025-03-30T01:18:28","guid":{"rendered":"https:\/\/listman.shop\/autoparts-br\/product\/1005006278673423\/"},"modified":"2026-04-11T14:05:07","modified_gmt":"2026-04-11T05:05:07","slug":"1005006278673423","status":"publish","type":"product","link":"https:\/\/listman.shop\/autoparts-br\/product\/1005006278673423\/","title":{"rendered":"4PCS Carro TPMS Sistema de sensor de monitor de press\u00e3o dos pneus A 0009050030   Para Mercedes-Benz A B C E Classe W176 W246 W205 W212 GLE GLK GLC"},"content":{"rendered":"<div class=\"detailmodule_html\">\n<div class=\"detail-desc-decorate-richtext\"><\/p>\n<p><\/p>\n<div class=\"detailmodule_html\">\n<div class=\"detail-desc-decorate-richtext\">\n<div><\/div>\n<div>\n<p style=\"font-family:OpenSans;font-size:20px;font-weight:900;line-height:28px;white-space:pre-wrap;margin-bottom:12px\" class=\"detail-desc-decorate-title\">Ponto de venda<\/p>\n<\/div>\n<div>\n<p style=\"font-family:OpenSans;font-size:20px;font-weight:900;line-height:28px;white-space:pre-wrap;margin-bottom:12px\" class=\"detail-desc-decorate-title\">Nota1:<\/p>\n<\/div>\n<div>\n<p style=\"font-family:OpenSans;font-size:14px;font-weight:300;line-height:20px;white-space:pre-wrap;margin-bottom:12px\" class=\"detail-desc-decorate-content\">Por favor, use a montagem do ve\u00edculo que fornecemos no corpo da listagem para confirmar a montagem do ve\u00edculo. Se voc\u00ea n\u00e3o tiver certeza de qual item \u00e9 adequado para o seu carro, envie-nos o C\u00d3DIGO VIN para confirmar antes do pedido.<\/p>\n<\/div>\n<div>\n<p style=\"font-family:OpenSans;font-size:20px;font-weight:900;line-height:28px;white-space:pre-wrap;margin-bottom:12px\" class=\"detail-desc-decorate-title\">Nota2:<\/p>\n<\/div>\n<div>\n<p style=\"font-family:OpenSans;font-size:14px;font-weight:300;line-height:20px;white-space:pre-wrap;margin-bottom:12px\" class=\"detail-desc-decorate-content\">\u3010N\u00e3o \u00e9 necess\u00e1ria programa\u00e7\u00e3o de sensor\u3011:<br \/>O sensor de press\u00e3o dos pneus \u00e9 100% novo e vem pr\u00e9-programado especificamente para sua marca\/modelo\/ano de ve\u00edculo, \u00e9 necess\u00e1rio ativ\u00e1-los por ferramenta scal ou &#8220;reaprendizado&#8221;.<br \/>Reaprendizado simplificado: OBDII necess\u00e1rio<br \/>Recomenda-se que a instala\u00e7\u00e3o do TPMS seja realizada apenas por profissionais treinados.<\/p>\n<\/div>\n<div>\n<p style=\"font-family:OpenSans;font-size:20px;font-weight:900;line-height:28px;white-space:pre-wrap;margin-bottom:12px\" class=\"detail-desc-decorate-title\">Aplica\u00e7\u00e3o:<\/p>\n<p style=\"font-family:OpenSans;font-size:14px;font-weight:300;line-height:20px;white-space:pre-wrap;margin-bottom:12px\" class=\"detail-desc-decorate-content\">Para Infiniti Q30 (de 2015-12 a 2020-02)<br \/>Para Infiniti QX30 (de 2016-04 a 2020-04)<br \/>Para Mercedes-Benz Classe A [S176] (de 2012-07 a 2018-05)<br \/>Para Mercedes-Benz AMG GT [C190](de 2014-10 a 2020-06)<br \/>Para Mercedes-Benz Classe C [C205](de 2015-11 a 2020-06)<br \/>Para Mercedes-Benz Classe C Coupe [W205](de 2014-01 a 2020-06)<br \/>Para Mercedes-Benz Classe CLA [C117] (de 2014-12 a 2019-04)<br \/>Para Mercedes-Benz Classe CLS [C218] (de 2014-12 a 2017-12)<br \/>Para Mercedes-Benz Classe E [W212](de 2014-12 a 2016-01)<br \/>Para Mercedes-Benz EQC [N293](de 2019-05 a 2020-06)<br \/>Para Mercedes-Benz Classe G [G463\/461] (de 2014-03 a 2018-05)<br \/>Para Mercedes-Benz Classe GLA [X156] (de 2014-12 a 2020-03)<br \/>Para Mercedes-Benz GLC [X253](de 2015-06 a 2020-06)<br \/>Para Mercedes-Benz GLC Coupe [C253](de 2016-07 a 2020-06)<br \/>Para Mercedes-Benz GLE [W166](de 2015-06 a 2018-11)<br \/>Para Mercedes-Benz GLE Coupe [C292](de 2015-04 a 2019-11)<br \/>Para Mercedes-Benz GLS [X166](de 2015-11 a 2019-05)<br \/>Para Mercedes-Benz Classe ML [W166](de 2013-01 a 2018-08)<br \/>Para Mercedes-Benz Classe S [W222](de 2013-07 a 2020-06)<br \/>Para Mercedes-Benz Classe S Coupe [C217](de 2014-04 a 2020-06)<br \/>Para Mercedes-Benz SL [R231](de 2014-06 a 2020-09)<br \/>Para Mercedes-Benz SLC [R172](de 2016-01 a 2020-06)<br \/>Para Mercedes-Benz SLK [R172](de 2014-12 a 2019-05)<\/p>\n<\/div>\n<div>\n<p style=\"font-family:OpenSans;font-size:14px;font-weight:300;line-height:20px;white-space:pre-wrap;margin-bottom:12px\" class=\"detail-desc-decorate-content\">ESPECIFICA\u00c7\u00c3O:<br \/>Substitua pelo n\u00famero da pe\u00e7a:670002790<br \/>A0009050030<\/p>\n<p>Vida \u00fatil da bateria: CERCA DE 3 ANOS<br \/>Frequ\u00eancia operacional: 433MHz<\/p>\n<p>CONTE\u00daDO DA EMBALAGEM:<br \/>PACOTE NORMAL<\/p>\n<\/div>\n<div><img data-recalc-dims=\"1\" decoding=\"async\" src=\"https:\/\/i0.wp.com\/ae03.alicdn.com\/kf\/Sfc502aba8324490cbc2100219706014dy.jpg?w=1200&#038;ssl=1\"><img data-recalc-dims=\"1\" decoding=\"async\" src=\"https:\/\/i0.wp.com\/ae03.alicdn.com\/kf\/Sf06b8212f9104027bd67a23c208186d7F.jpg?w=1200&#038;ssl=1\"><img data-recalc-dims=\"1\" decoding=\"async\" src=\"https:\/\/i0.wp.com\/ae04.alicdn.com\/kf\/Sdccd0c96b1484e9e9336d2be490cb180f.jpg?w=1200&#038;ssl=1\"><img data-recalc-dims=\"1\" decoding=\"async\" src=\"https:\/\/i0.wp.com\/ae03.alicdn.com\/kf\/S5288272a47724637b8cdb16df69c7d8fi.jpg?w=1200&#038;ssl=1\"><img data-recalc-dims=\"1\" decoding=\"async\" src=\"https:\/\/i0.wp.com\/ae03.alicdn.com\/kf\/Sfbb944f8e4f845c9898b02e20d9c781aL.jpg?w=1200&#038;ssl=1\"><\/div>\n<div>\n<p style=\"font-family:OpenSans;font-size:14px;font-weight:300;line-height:20px;white-space:pre-wrap;margin-bottom:12px\" class=\"detail-desc-decorate-content\">COBERTURA DE VE\u00cdCULO ABRANGENTE<\/p>\n<p>Processo de instala\u00e7\u00e3o<br \/>1.Afrouxe o pneu: Remova a tampa da v\u00e1lvula e o n\u00facleo e esvazie o pneu.<br \/>2.Desmonte o pneu: Prenda o pneu no trocador de pneus e ajuste a v\u00e1lvula \u00e0 1 hora em rela\u00e7\u00e3o ao cabe\u00e7ote de separa\u00e7\u00e3o dos pneus.Insira a ferramenta do pneu e levante o tal\u00e3o do pneu na cabe\u00e7a de montagem para descontar a cabe\u00e7a.<br \/>3.Desmonte o sensor: Com uma chave de fenda retire o parafuso de fixa\u00e7\u00e3o e o sensor da haste da v\u00e1lvula, depois afrouxe a porca e remova a v\u00e1lvula.<br \/>4.Monte o sensor e a v\u00e1lvula: Deslize a haste da v\u00e1lvula pelo orif\u00edcio da v\u00e1lvula do aro.Aperte o parafuso-porca com 4,0 Nm com a ajuda do pino de posicionamento.Monte o corpo do sensor contra o aro e aperte o parafuso.<br \/>5.Monte o pneu: Coloque o pneu no aro, certificando-se de que a v\u00e1lvula fique voltada para o cabe\u00e7ote de separa\u00e7\u00e3o em um \u00e2ngulo de 180 graus.Monte o pneu sobre o aro.<\/p>\n<\/div>\n<div><img data-recalc-dims=\"1\" decoding=\"async\" style=\"margin-bottom:10px\" class=\"detail-desc-decorate-image\" src=\"https:\/\/i0.wp.com\/ae01.alicdn.com\/kf\/HTB1dKnhaoY1gK0jSZFCq6AwqXXad.jpg?w=1200&#038;ssl=1\"><\/div>\n<\/div>\n<\/div>\n<p><\/p>\n<p><\/p>\n<div class=\"detailmodule_media\">\n<div class=\"video-container-235249228319\">\n<div class=\"detail-video\" id=\"235249228319\" data-previewurl=\"https:\/\/img.alicdn.com\/imgextra\/i3\/6000000001791\/O1CN01OSBCdq1P6JuYQ4ZeC_!!6000000001791-0-tbvideo.jpg\"><\/div>\n<\/div>\n<\/div>\n<p><\/p>\n<p><\/p>\n<div class=\"detailmodule_html\">\n<div class=\"detail-desc-decorate-richtext\">\n<div>\n<p style=\"font-family:OpenSans;font-size:20px;font-weight:900;line-height:28px;white-space:pre-wrap;margin-bottom:12px\" class=\"detail-desc-decorate-title\">Perguntas frequentes<\/p>\n<\/div>\n<div>\n<p style=\"font-family:OpenSans;font-size:20px;font-weight:900;line-height:28px;white-space:pre-wrap;margin-bottom:12px\" class=\"detail-desc-decorate-title\">P: \u3010Freq\u00fcentemente do sensor TPMS\u3011<\/p>\n<\/div>\n<div>\n<p style=\"font-family:OpenSans;font-size:14px;font-weight:300;line-height:20px;white-space:pre-wrap;margin-bottom:12px\" class=\"detail-desc-decorate-content\">R: 433 MHz<\/p>\n<\/div>\n<div>\n<p style=\"font-family:OpenSans;font-size:20px;font-weight:900;line-height:28px;white-space:pre-wrap;margin-bottom:12px\" class=\"detail-desc-decorate-title\">P: \u3010O sensor tpms precisava fazer um programa\u3011<\/p>\n<\/div>\n<div>\n<p style=\"font-family:OpenSans;font-size:14px;font-weight:300;line-height:20px;white-space:pre-wrap;margin-bottom:12px\" class=\"detail-desc-decorate-content\">R: O sensor de press\u00e3o dos pneus vem pr\u00e9-programado especificamente para sua marca\/modelo\/ano de ve\u00edculo, \u00e9 necess\u00e1rio ativ\u00e1-los por ferramenta de escala ou &#8220;reaprendizado&#8221;.<\/p>\n<\/div>\n<div>\n<p style=\"font-family:OpenSans;font-size:20px;font-weight:900;line-height:28px;white-space:pre-wrap;margin-bottom:12px\" class=\"detail-desc-decorate-title\">P: \u3010Procedimento de reaprendizado \u3011<\/p>\n<\/div>\n<div>\n<p style=\"font-family:OpenSans;font-size:14px;font-weight:300;line-height:20px;white-space:pre-wrap;margin-bottom:12px\" class=\"detail-desc-decorate-content\">R: \u00c9 necess\u00e1rio gatilho<\/p>\n<\/div>\n<\/div>\n<\/div>\n<p><\/p>\n<p><\/p>\n<p><\/div>\n<\/div>\n","protected":false},"excerpt":{"rendered":"<p>Ponto de venda Nota1: Por favor, use a montagem do ve\u00edculo que fornecemos no corpo da listagem para confirmar a montagem do ve\u00edculo. Se voc\u00ea n\u00e3o tiver certeza de qual item \u00e9 adequado para o seu carro, envie-nos o C\u00d3DIGO VIN para confirmar antes do pedido. Nota2: \u3010N\u00e3o \u00e9 necess\u00e1ria programa\u00e7\u00e3o de sensor\u3011:O sensor de&hellip;&nbsp;<\/p>\n","protected":false},"featured_media":45973,"template":"","meta":{"neve_meta_sidebar":"","neve_meta_container":"","neve_meta_enable_content_width":"","neve_meta_content_width":0,"neve_meta_title_alignment":"","neve_meta_author_avatar":"","neve_post_elements_order":"","neve_meta_disable_header":"","neve_meta_disable_footer":"","neve_meta_disable_title":""},"product_brand":[],"product_cat":[26,17,47],"product_tag":[],"class_list":{"0":"post-45978","1":"product","2":"type-product","3":"status-publish","4":"has-post-thumbnail","6":"product_cat-pecas-de-desgaste","7":"product_cat-pecas-e-acessorios-automotivos","8":"product_cat-pneus-e-pecas-para-rodas","10":"first","11":"instock","12":"shipping-taxable","13":"purchasable","14":"product-type-variable","15":"has-default-attributes"},"jetpack_sharing_enabled":true,"_links":{"self":[{"href":"https:\/\/listman.shop\/autoparts-br\/wp-json\/wp\/v2\/product\/45978","targetHints":{"allow":["GET"]}}],"collection":[{"href":"https:\/\/listman.shop\/autoparts-br\/wp-json\/wp\/v2\/product"}],"about":[{"href":"https:\/\/listman.shop\/autoparts-br\/wp-json\/wp\/v2\/types\/product"}],"wp:featuredmedia":[{"embeddable":true,"href":"https:\/\/listman.shop\/autoparts-br\/wp-json\/wp\/v2\/media\/45973"}],"wp:attachment":[{"href":"https:\/\/listman.shop\/autoparts-br\/wp-json\/wp\/v2\/media?parent=45978"}],"wp:term":[{"taxonomy":"product_brand","embeddable":true,"href":"https:\/\/listman.shop\/autoparts-br\/wp-json\/wp\/v2\/product_brand?post=45978"},{"taxonomy":"product_cat","embeddable":true,"href":"https:\/\/listman.shop\/autoparts-br\/wp-json\/wp\/v2\/product_cat?post=45978"},{"taxonomy":"product_tag","embeddable":true,"href":"https:\/\/listman.shop\/autoparts-br\/wp-json\/wp\/v2\/product_tag?post=45978"}],"curies":[{"name":"wp","href":"https:\/\/api.w.org\/{rel}","templated":true}]}}