{"id":46014,"date":"2025-03-30T10:20:10","date_gmt":"2025-03-30T01:20:10","guid":{"rendered":"https:\/\/listman.shop\/autoparts-br\/product\/1005006372446165\/"},"modified":"2026-04-14T21:41:06","modified_gmt":"2026-04-14T12:41:06","slug":"1005006372446165","status":"publish","type":"product","link":"https:\/\/listman.shop\/autoparts-br\/product\/1005006372446165\/","title":{"rendered":"4 unidades 13506028   Sensor de monitor de press\u00e3o dos pneus tpms para opel adam ampera antara astra j k corsa d insignia meriva b mocha zafira c"},"content":{"rendered":"<div class=\"detailmodule_html\">\n<div class=\"detail-desc-decorate-richtext\">\n<div class=\"detailmodule_html\">\n<div class=\"detail-desc-decorate-richtext\">\n<div><\/div>\n<div style=\", Arial, Helvetica, sans-serif, Heiti;font-size:14px\">\n<p style=\"line-height:inherit;margin:0px;margin-bottom:0px;margin-top:0px;margin-left:0px;margin-right:0px\"><img data-recalc-dims=\"1\" decoding=\"async\" style=\"max-width:100%\" src=\"https:\/\/i0.wp.com\/ae01.alicdn.com\/kf\/Hc239821722bd4263b299dbdf29e47f647.jpg?w=1200&#038;ssl=1\"><\/p>\n<p style=\"line-height:inherit;margin:0px;margin-bottom:0px;margin-top:0px;margin-left:0px;margin-right:0px\"><span style=\"font-size:28px\"><span>Prezado cliente, se houver algum problema ap\u00f3s receber a mercadoria, entre em contato conosco na primeira vez.<\/span><\/span><\/p>\n<\/div>\n<div><\/div>\n<p style=\", Arial, Helvetica, sans-serif, Heiti;font-size:14px;line-height:inherit;margin:0px;margin-bottom:0px;margin-top:0px;margin-left:0px;margin-right:0px\"><span style=\"font-size:16px\"><span style=\"font-size:16px;font-family:arial, helvetica, sans-serif\"><strong>N\u00famero da pe\u00e7a:<\/strong><\/span><\/span><\/p>\n<h2 style=\", Helvetica, Verdana, sans-serif;font-size:inherit;font-weight:normal;letter-spacing:normal;line-height:1.3em;text-align:left;white-space:normal;border:0px;margin:0px;margin-bottom:0px;margin-top:0px;margin-left:0px;margin-right:0px;padding:0px;padding-bottom:0px;padding-top:0px;padding-left:0px;padding-right:0px\" align=\"left\"><span style=\"font-size:16px\">13506028 13594222 13581560 25789964 20922901 13581561 1332725<\/span><\/p>\n<p><strong><span style=\"font-size:16px\"><span>Frequ\u00eancia operacional:<\/span><\/span><\/strong><span style=\"font-size:16px\"><span>433 MHz<\/span><\/span><\/h2>\n<div style=\", Roboto, Arial, Helvetica, sans-serif, SimSun;font-size:14px;font-weight:400;letter-spacing:normal;text-align:left;white-space:normal;margin:0px;margin-bottom:0px;margin-top:0px;margin-left:0px;margin-right:0px;padding:0px;padding-bottom:0px;padding-top:0px;padding-left:0px;padding-right:0px\" align=\"left\"><span style=\"font-size:14px\"><span><span style=\", Roboto, Arial, Helvetica, sans-serif, SimSun\"><span><strong><span style=\"font-family:Arial, Helvetica, sans-serif\"><span style=\"font-size:16px\"><span><br \/>Vida \u00fatil da bateria:<\/span><\/span><\/span><\/strong><\/span><\/span><\/span><\/span><span style=\"font-size:14px\"><span><span style=\", Roboto, Arial, Helvetica, sans-serif, SimSun\"><span><span style=\"font-family:Arial, Helvetica, sans-serif\"><span style=\"font-size:16px\"><span>SOBRE 5 ANOS<\/span><\/span><\/span><\/span><\/span><\/span><\/span><\/div>\n<div style=\", Roboto, Arial, Helvetica, sans-serif, SimSun;font-size:14px;font-weight:400;letter-spacing:normal;text-align:left;white-space:normal;margin:0px;margin-bottom:0px;margin-top:0px;margin-left:0px;margin-right:0px;padding:0px;padding-bottom:0px;padding-top:0px;padding-left:0px;padding-right:0px\" align=\"left\"><span style=\"font-size:14px\"><span><span style=\", Roboto, Arial, Helvetica, sans-serif, SimSun\"><span><strong><span style=\"font-size:16px\"><span><br \/>O pacote inclui:<\/span><\/span><\/strong><\/span><\/span><\/span><\/span><span style=\"font-size:14px\"><span><span style=\", Roboto, Arial, Helvetica, sans-serif, SimSun\"><span><strong><span style=\"font-size:16px\"><span><span>4 pe\u00e7as<\/span><\/span><\/span><\/strong><\/span><\/span><\/span><\/span><\/div>\n<p style=\", Arial, Helvetica, sans-serif, Heiti;font-size:14px;line-height:inherit;margin:0px;margin-bottom:0px;margin-top:0px;margin-left:0px;margin-right:0px\"><span style=\"font-size:20px\">APLICA\u00c7\u00c3O:<\/span><\/p>\n<div style=\", Roboto, Arial, Helvetica, sans-serif, SimSun;font-size:14px;font-weight:400;letter-spacing:normal;text-align:left;white-space:normal;margin:0px;margin-bottom:0px;margin-top:0px;margin-left:0px;margin-right:0px;padding:0px;padding-bottom:0px;padding-top:0px;padding-left:0px;padding-right:0px\" align=\"left\">\n<div style=\"margin:0px;margin-bottom:0px;margin-top:0px;margin-left:0px;margin-right:0px;padding:0px;padding-bottom:0px;padding-top:0px;padding-left:0px;padding-right:0px\">\n<ul style=\"margin:0px;margin-bottom:0px;margin-top:0px;margin-left:0px;margin-right:0px;padding:0px;padding-bottom:0px;padding-top:0px;padding-left:0px;padding-right:0px\">\n<li style=\"margin:0px;margin-bottom:0px;margin-top:0px;margin-left:0px;margin-right:0px;padding:0px;padding-bottom:0px;padding-top:0px;padding-left:0px;padding-right:0px\">\n<p style=\"line-height:inherit;margin:0px;margin-bottom:0px;margin-top:0px;margin-left:0px;margin-right:0px;padding:0px;padding-bottom:0px;padding-top:0px;padding-left:0px;padding-right:0px\"><span><span style=\"font-size:14px\"><span style=\"font-family:Verdana, Geneva, sans-serif\">Verifique o n\u00famero da pe\u00e7a antes de comprar substitui\u00e7\u00f5es.<\/span><\/span><\/span><\/p>\n<\/li>\n<li style=\"margin:0px;margin-bottom:0px;margin-top:0px;margin-left:0px;margin-right:0px;padding:0px;padding-bottom:0px;padding-top:0px;padding-left:0px;padding-right:0px\">\n<p style=\"line-height:inherit;margin:0px;margin-bottom:0px;margin-top:0px;margin-left:0px;margin-right:0px;padding:0px;padding-bottom:0px;padding-top:0px;padding-left:0px;padding-right:0px\"><span><span style=\"font-size:14px\"><span style=\"font-family:Verdana, Geneva, sans-serif\">Certifique-se de solicitar a pe\u00e7a automotiva correta para o seu ve\u00edculo.<\/span><\/span><\/span><\/p>\n<\/li>\n<li style=\"margin:0px;margin-bottom:0px;margin-top:0px;margin-left:0px;margin-right:0px;padding:0px;padding-bottom:0px;padding-top:0px;padding-left:0px;padding-right:0px\">\n<p style=\"line-height:inherit;margin:0px;margin-bottom:0px;margin-top:0px;margin-left:0px;margin-right:0px;padding:0px;padding-bottom:0px;padding-top:0px;padding-left:0px;padding-right:0px\"><span><span style=\"font-size:14px\"><span style=\"font-family:Verdana, Geneva, sans-serif\">Se voc\u00ea n\u00e3o tem certeza ou n\u00e3o sabe, entre em contato conosco.<\/span><\/span><\/span><\/p>\n<\/li>\n<li style=\"margin:0px;margin-bottom:0px;margin-top:0px;margin-left:0px;margin-right:0px;padding:0px;padding-bottom:0px;padding-top:0px;padding-left:0px;padding-right:0px\">\n<p style=\"line-height:inherit;margin:0px;margin-bottom:0px;margin-top:0px;margin-left:0px;margin-right:0px;padding:0px;padding-bottom:0px;padding-top:0px;padding-left:0px;padding-right:0px\"><span><span style=\"font-size:14px\"><span style=\"font-family:Verdana, Geneva, sans-serif\">Forne\u00e7a-nos o VIN#, ANO, MARCA, MODELO do seu ve\u00edculo e verificaremos novamente a montagem para voc\u00ea.<\/span><\/span><\/span><\/p>\n<\/li>\n<li style=\"margin:0px;margin-bottom:0px;margin-top:0px;margin-left:0px;margin-right:0px;padding:0px;padding-bottom:0px;padding-top:0px;padding-left:0px;padding-right:0px\">\n<p style=\"line-height:inherit;margin:0px;margin-bottom:0px;margin-top:0px;margin-left:0px;margin-right:0px;padding:0px;padding-bottom:0px;padding-top:0px;padding-left:0px;padding-right:0px\"><span><span style=\"font-size:14px\"><span style=\"font-family:Verdana, Geneva, sans-serif\">Este sensor de press\u00e3o dos pneus foi programado com anteced\u00eancia, n\u00e3o h\u00e1 necessidade de reprogram\u00e1-lo, basta acion\u00e1-lo com a ferramenta de varredura tpms.<\/span><\/span><\/span><\/p>\n<\/li>\n<\/ul>\n<\/div>\n<\/div>\n<div style=\", Roboto, Arial, Helvetica, sans-serif, SimSun;font-size:14px;font-weight:400;letter-spacing:normal;text-align:left;white-space:normal;margin:0px;margin-bottom:0px;margin-top:0px;margin-left:0px;margin-right:0px;padding:0px;padding-bottom:0px;padding-top:0px;padding-left:0px;padding-right:0px\" align=\"left\"><span style=\", sans-serif\"><span style=\"font-size:16px\"><strong>Para Opel Adam (Bj.2012-2017)<\/p>\n<p>Para Opel Ampera (Bj.2011-2017)<\/p>\n<p>Para Opel Antara (Bj.2006-2017)<\/p>\n<p>Para Opel Astra J (Bj.2009-2017)<\/p>\n<p>Para Opel Astra K (Bj.2015-2017)<\/p>\n<p>Para Opel Corsa D (Bj.2006-2017)<\/p>\n<p>Para Opel Corsa E (Bj.2014-2017)<\/p>\n<p>Para Opel Insignia (Bj.2008-2017)<\/p>\n<p>Para Opel Meriva B (Bj.2010-2017)<\/p>\n<p>Para Opel Mokka (Bj.2012-2017)<\/p>\n<p>Para Opel Zafira C (Bj.2011-2017)<\/strong><\/span><\/span><\/div>\n<ul style=\", Arial, sans-serif;font-size:15px;font-weight:400;letter-spacing:0.5px;text-align:start;white-space:normal;margin-bottom:1rem;margin-top:0px;padding-left:35px\">\n<li style=\"line-height:26px\">\n<p><\/p>\n<\/li>\n<\/ul>\n<p style=\", Arial, Helvetica, sans-serif, Heiti;font-size:14px;line-height:inherit;margin:0px;margin-bottom:0px;margin-top:0px;margin-left:0px;margin-right:0px\"><img data-recalc-dims=\"1\" decoding=\"async\" src=\"https:\/\/i0.wp.com\/ae01.alicdn.com\/kf\/S596f502f4c2c4a628a3e27b79ad11f4e8.jpg?w=1200&#038;ssl=1\"><img data-recalc-dims=\"1\" decoding=\"async\" src=\"https:\/\/i0.wp.com\/ae01.alicdn.com\/kf\/Sf65e8d2257c346499a81328e03e506a19.jpg?w=1200&#038;ssl=1\"><img data-recalc-dims=\"1\" decoding=\"async\" src=\"https:\/\/i0.wp.com\/ae01.alicdn.com\/kf\/S9b9613ffe2f744f7be9454e9b13c7dddb.jpg?w=1200&#038;ssl=1\"><img data-recalc-dims=\"1\" decoding=\"async\" src=\"https:\/\/i0.wp.com\/ae01.alicdn.com\/kf\/S17deb90fc38f49bd911c9b1611a7546a9.jpg?w=1200&#038;ssl=1\"><img data-recalc-dims=\"1\" decoding=\"async\" src=\"https:\/\/i0.wp.com\/ae01.alicdn.com\/kf\/S2a608b53f56e4c76b19182c70f0e19bcn.jpg?w=1200&#038;ssl=1\"><\/p>\n<div><\/div>\n<p style=\", Arial, Helvetica, sans-serif, Heiti;font-size:14px;line-height:inherit;margin:0px;margin-bottom:0px;margin-top:0px;margin-left:0px;margin-right:0px\"><span style=\"font-size:20px\">Perguntas frequentes<\/span><\/p>\n<p style=\", Arial, Helvetica, sans-serif, Heiti;font-size:14px;line-height:inherit;margin:0px;margin-bottom:0px;margin-top:0px;margin-left:0px;margin-right:0px\"><span style=\"font-size:20px\">P: \u3010Freq\u00fcentemente do sensor TPMS\u3011<\/span><\/p>\n<p style=\", Arial, Helvetica, sans-serif, Heiti;font-size:14px;line-height:inherit;margin:0px;margin-bottom:0px;margin-top:0px;margin-left:0px;margin-right:0px\"><span style=\"font-size:20px\">R: 433 MHz<\/span><\/p>\n<p style=\", Arial, Helvetica, sans-serif, Heiti;font-size:14px;line-height:inherit;margin:0px;margin-bottom:0px;margin-top:0px;margin-left:0px;margin-right:0px\"><span style=\"font-size:20px\">P: \u3010O sensor tpms precisava fazer um programa\u3011<\/span><\/p>\n<p style=\", Arial, Helvetica, sans-serif, Heiti;font-size:14px;line-height:inherit;margin:0px;margin-bottom:0px;margin-top:0px;margin-left:0px;margin-right:0px\"><span style=\"font-size:20px\">R: O sensor de press\u00e3o dos pneus vem pr\u00e9-programado especificamente para sua marca\/modelo\/ano de ve\u00edculo, \u00e9 necess\u00e1rio ativ\u00e1-los por ferramenta de verifica\u00e7\u00e3o ou &#8220;reaprendizado&#8221;.<\/span><\/p>\n<\/div>\n<\/div>\n<p><\/p>\n<\/div>\n<\/div>\n","protected":false},"excerpt":{"rendered":"<p>Prezado cliente, se houver algum problema ap\u00f3s receber a mercadoria, entre em contato conosco na primeira vez. N\u00famero da pe\u00e7a: 13506028 13594222 13581560 25789964 20922901 13581561 1332725 Frequ\u00eancia operacional:433 MHz Vida \u00fatil da bateria:SOBRE 5 ANOS O pacote inclui:4 pe\u00e7as APLICA\u00c7\u00c3O: Verifique o n\u00famero da pe\u00e7a antes de comprar substitui\u00e7\u00f5es. Certifique-se de solicitar a pe\u00e7a&hellip;&nbsp;<\/p>\n","protected":false},"featured_media":46008,"template":"","meta":{"neve_meta_sidebar":"","neve_meta_container":"","neve_meta_enable_content_width":"","neve_meta_content_width":0,"neve_meta_title_alignment":"","neve_meta_author_avatar":"","neve_post_elements_order":"","neve_meta_disable_header":"","neve_meta_disable_footer":"","neve_meta_disable_title":""},"product_brand":[],"product_cat":[26,17,47],"product_tag":[],"class_list":{"0":"post-46014","1":"product","2":"type-product","3":"status-publish","4":"has-post-thumbnail","6":"product_cat-pecas-de-desgaste","7":"product_cat-pecas-e-acessorios-automotivos","8":"product_cat-pneus-e-pecas-para-rodas","10":"first","11":"instock","12":"shipping-taxable","13":"purchasable","14":"product-type-variable","15":"has-default-attributes"},"jetpack_sharing_enabled":true,"_links":{"self":[{"href":"https:\/\/listman.shop\/autoparts-br\/wp-json\/wp\/v2\/product\/46014","targetHints":{"allow":["GET"]}}],"collection":[{"href":"https:\/\/listman.shop\/autoparts-br\/wp-json\/wp\/v2\/product"}],"about":[{"href":"https:\/\/listman.shop\/autoparts-br\/wp-json\/wp\/v2\/types\/product"}],"wp:featuredmedia":[{"embeddable":true,"href":"https:\/\/listman.shop\/autoparts-br\/wp-json\/wp\/v2\/media\/46008"}],"wp:attachment":[{"href":"https:\/\/listman.shop\/autoparts-br\/wp-json\/wp\/v2\/media?parent=46014"}],"wp:term":[{"taxonomy":"product_brand","embeddable":true,"href":"https:\/\/listman.shop\/autoparts-br\/wp-json\/wp\/v2\/product_brand?post=46014"},{"taxonomy":"product_cat","embeddable":true,"href":"https:\/\/listman.shop\/autoparts-br\/wp-json\/wp\/v2\/product_cat?post=46014"},{"taxonomy":"product_tag","embeddable":true,"href":"https:\/\/listman.shop\/autoparts-br\/wp-json\/wp\/v2\/product_tag?post=46014"}],"curies":[{"name":"wp","href":"https:\/\/api.w.org\/{rel}","templated":true}]}}