{"id":46055,"date":"2025-03-30T10:22:19","date_gmt":"2025-03-30T01:22:19","guid":{"rendered":"https:\/\/listman.shop\/autoparts-br\/product\/1005006628828371\/"},"modified":"2026-04-18T06:05:10","modified_gmt":"2026-04-17T21:05:10","slug":"1005006628828371","status":"publish","type":"product","link":"https:\/\/listman.shop\/autoparts-br\/product\/1005006628828371\/","title":{"rendered":"Chave de a\u00e7o ajust\u00e1vel de 60-105mm para chave de filtro de \u00f3leo de carro, ferramenta de reparo de remo\u00e7\u00e3o de filtro de combust\u00edvel, acess\u00f3rios de caminh\u00e3o e motocicleta"},"content":{"rendered":"<div class=\"detailmodule_html\">\n<div class=\"detail-desc-decorate-richtext\">\n<div>\n<div style=\"overflow:hidden;height:0px\">\n  modname=ckeditor\n <\/div>\n<div>\n<p>Caracter&iacute;sticas:<\/p>\n<p>Real<\/p>\n<p>O objetivo do design desta chave ajust&aacute;vel para filtro de &oacute;leo &eacute; remover o filtro sem danificar a caixa do filtro.<\/p>\n<p>Design serrilhado<\/p>\n<p>O design serrilhado especial pode fixar firmemente o filtro, tornando-o menos sujeito ao desprendimento.<\/p>\n<p>fino acabamento<\/p>\n<p>O polimento fino torna a textura mais suave e proporciona uma experi&ecirc;ncia operacional confort&aacute;vel.<\/p>\n<p>Ajust&aacute;vel<\/p>\n<p>A mola estendida &eacute; instalada na chave, facilitando o ajuste da haste m&oacute;vel.<\/p>\n<div>\n   \n  <\/div>\n<p>Escopo do trabalho<\/p>\n<div>\n   \n  <\/div>\n<p>Adequado para filtros de &oacute;leo de 60-80 mm, pode ser usado em conjunto com uma chave de catraca de 1\/2 &quot;ou uma chave de extremidade aberta de 22 mm.<\/p>\n<div><\/div>\n<p>Especifica&ccedil;&otilde;es:<\/p>\n<div>\n   \n  <\/div>\n<p>Tipo: chave de filtro de &oacute;leo<\/p>\n<div>\n   \n  <\/div>\n<p>Cor: Preto<\/p>\n<div>\n   \n  <\/div>\n<p>Quantidade: 1 pe&ccedil;a<\/p>\n<div>\n   \n  <\/div>\n<p>Material: a&ccedil;o fundido<\/p>\n<div>\n   \n  <\/div>\n<p>Tamanho do driver: 1\/2\u201c<\/p>\n<div>\n   \n  <\/div>\n<p>Faixa de trabalho: 60-80 mm\/80 mm-105 mm<\/p>\n<div>\n   \n  <\/div>\n<p>Tamanho total: 55*60*60mm<\/p>\n<div>\n   \n  <\/div>\n<p>Peso l&iacute;quido: pequeno 450 gramas\/15,87 on&ccedil;as<\/p>\n<p>Tamanho m&eacute;dio: 920g<\/p>\n<p>Embalagem: 1 * chave de filtro de &oacute;leo do motor<\/p>\n<div>\n   <img data-recalc-dims=\"1\" decoding=\"async\" src=\"https:\/\/i0.wp.com\/ae01.alicdn.com\/kf\/S0899f13c67cf442ca90fd1cb17db60c5F.jpg?w=1200&#038;ssl=1\" \/><br \/>\n   <img data-recalc-dims=\"1\" decoding=\"async\" src=\"https:\/\/i0.wp.com\/ae01.alicdn.com\/kf\/S7d38cb4efcf343519edfa388562423c7o.jpg?w=1200&#038;ssl=1\" \/>\n  <\/div>\n<div>\n   <br \/>\n   <img data-recalc-dims=\"1\" decoding=\"async\" src=\"https:\/\/i0.wp.com\/ae01.alicdn.com\/kf\/S87e788fe10f04795a317c2feb409f304U.jpg?w=1200&#038;ssl=1\" \/><br \/>\n   <br \/>\n   <img data-recalc-dims=\"1\" decoding=\"async\" src=\"https:\/\/i0.wp.com\/ae01.alicdn.com\/kf\/S8aa256e268f346d2b5caa5d351101ad6D.jpg?w=1200&#038;ssl=1\" \/><br \/>\n   <br \/>\n   <img data-recalc-dims=\"1\" decoding=\"async\" src=\"https:\/\/i0.wp.com\/ae01.alicdn.com\/kf\/S83653b6cfcf44a5890b690522daea6b9x.jpg?w=1200&#038;ssl=1\" \/><br \/>\n   <br \/>\n   <img data-recalc-dims=\"1\" decoding=\"async\" src=\"https:\/\/i0.wp.com\/ae01.alicdn.com\/kf\/Sfcacb4b70fb645cf83aa779ec53e3c69p.jpg?w=1200&#038;ssl=1\" \/><br \/>\n   <br \/>\n   <img data-recalc-dims=\"1\" decoding=\"async\" src=\"https:\/\/i0.wp.com\/ae01.alicdn.com\/kf\/Sda3d573e890b42f188ccc02c8ca973f2h.jpg?w=1200&#038;ssl=1\" \/><br \/>\n   <br \/>\n   <img data-recalc-dims=\"1\" decoding=\"async\" src=\"https:\/\/i0.wp.com\/ae01.alicdn.com\/kf\/S9c99b011c6904ab9b828e1d62c255d5br.jpg?w=1200&#038;ssl=1\" \/><br \/>\n   <br \/>\n   <img data-recalc-dims=\"1\" decoding=\"async\" src=\"https:\/\/i0.wp.com\/ae01.alicdn.com\/kf\/Scd28e63a23ef431a926eddc87957b856s.jpg?w=1200&#038;ssl=1\" \/><br \/>\n   <br \/>\n   <img data-recalc-dims=\"1\" decoding=\"async\" src=\"https:\/\/i0.wp.com\/ae01.alicdn.com\/kf\/S082fd91592584259bcbf0a662d793e41i.jpg?w=1200&#038;ssl=1\" \/><br \/>\n   <br \/>\n   <img data-recalc-dims=\"1\" decoding=\"async\" src=\"https:\/\/i0.wp.com\/ae01.alicdn.com\/kf\/S61c1a90840b540e2b0cbe7ba144229ad1.jpg?w=1200&#038;ssl=1\" \/><br \/>\n   <br \/>\n   <img data-recalc-dims=\"1\" decoding=\"async\" src=\"https:\/\/i0.wp.com\/ae01.alicdn.com\/kf\/S28413c06821e4792ab59227817c8de7cu.jpg?w=1200&#038;ssl=1\" \/><br \/>\n   <br \/>\n   <img data-recalc-dims=\"1\" decoding=\"async\" src=\"https:\/\/i0.wp.com\/ae01.alicdn.com\/kf\/Sc7964982486f4bc69356bc043e7c19c3u.jpg?w=1200&#038;ssl=1\" \/><br \/>\n   <br \/>\n   <img data-recalc-dims=\"1\" decoding=\"async\" src=\"https:\/\/i0.wp.com\/ae01.alicdn.com\/kf\/S46385f231dde4400ae18d0e0c3a0ecd3K.jpg?w=1200&#038;ssl=1\" \/><br \/>\n   <br \/>\n   <img data-recalc-dims=\"1\" decoding=\"async\" src=\"https:\/\/i0.wp.com\/ae01.alicdn.com\/kf\/S322c7123553f43ff90063068c354cce6h.jpg?w=1200&#038;ssl=1\" \/><br \/>\n   <br \/>\n   <img data-recalc-dims=\"1\" decoding=\"async\" src=\"https:\/\/i0.wp.com\/ae01.alicdn.com\/kf\/S4f7eb1a40c8b4c4d9ba74aba26f01296W.jpg?w=1200&#038;ssl=1\" \/><br \/>\n   <br \/>\n   <img data-recalc-dims=\"1\" decoding=\"async\" src=\"https:\/\/i0.wp.com\/ae01.alicdn.com\/kf\/S8cb5d5750fb74d6dbd2bd9320403c905I.jpg?w=1200&#038;ssl=1\" \/><br \/>\n   <br \/>\n   <img data-recalc-dims=\"1\" decoding=\"async\" src=\"https:\/\/i0.wp.com\/ae01.alicdn.com\/kf\/S84686bc370c14b7ab7f01aea2d612811c.jpg?w=1200&#038;ssl=1\" \/><br \/>\n   <br \/>\n   <img data-recalc-dims=\"1\" decoding=\"async\" src=\"https:\/\/i0.wp.com\/ae01.alicdn.com\/kf\/S2c98a47ef1e64a4eb00c922545b473e2X.jpg?w=1200&#038;ssl=1\" \/><br \/>\n   <br \/>\n   <img data-recalc-dims=\"1\" decoding=\"async\" src=\"https:\/\/i0.wp.com\/ae01.alicdn.com\/kf\/S8c08cf3ccdba4b7a8927dc0db8c81bddR.jpg?w=1200&#038;ssl=1\" \/><br \/>\n   <br \/>\n   <img data-recalc-dims=\"1\" decoding=\"async\" src=\"https:\/\/i0.wp.com\/ae01.alicdn.com\/kf\/S4fc6b936f48e4817b3b0636f10c8909bU.jpg?w=1200&#038;ssl=1\" \/><br \/>\n   <br \/>\n   <img data-recalc-dims=\"1\" decoding=\"async\" src=\"https:\/\/i0.wp.com\/ae01.alicdn.com\/kf\/S53d13853a6d444a3a90012b08d31b5f2s.jpg?w=1200&#038;ssl=1\" \/><br \/>\n   <br \/>\n   <img data-recalc-dims=\"1\" decoding=\"async\" src=\"https:\/\/i0.wp.com\/ae01.alicdn.com\/kf\/Sde7651dfca254cd78c36497e532d1df6l.jpg?w=1200&#038;ssl=1\" \/><br \/>\n   <br \/>\n   <img data-recalc-dims=\"1\" decoding=\"async\" src=\"https:\/\/i0.wp.com\/ae01.alicdn.com\/kf\/S2809a29e49ff4b9daccade7af8ad7da2e.jpg?w=1200&#038;ssl=1\" \/>\n  <\/div>\n<div>\n<p>Ol&aacute; pessoal, obrigado por visitar minha loja. Voc&ecirc; pode entrar em contato conosco para obter mais detalhes da mercadoria. Estaremos prontos para responder o mais r&aacute;pido poss&iacute;vel.<\/p>\n<\/p><\/div>\n<div><\/div>\n<\/p><\/div>\n<\/div>\n<p><\/p>\n<\/div>\n<\/div>\n","protected":false},"excerpt":{"rendered":"<p>modname=ckeditor Caracter&iacute;sticas: Real O objetivo do design desta chave ajust&aacute;vel para filtro de &oacute;leo &eacute; remover o filtro sem danificar a caixa do filtro. Design serrilhado O design serrilhado especial pode fixar firmemente o filtro, tornando-o menos sujeito ao desprendimento. fino acabamento O polimento fino torna a textura mais suave e proporciona uma experi&ecirc;ncia operacional&hellip;&nbsp;<\/p>\n","protected":false},"featured_media":46049,"template":"","meta":{"neve_meta_sidebar":"","neve_meta_container":"","neve_meta_enable_content_width":"","neve_meta_content_width":0,"neve_meta_title_alignment":"","neve_meta_author_avatar":"","neve_post_elements_order":"","neve_meta_disable_header":"","neve_meta_disable_footer":"","neve_meta_disable_title":""},"product_brand":[],"product_cat":[44,26,17],"product_tag":[],"class_list":{"0":"post-46055","1":"product","2":"type-product","3":"status-publish","4":"has-post-thumbnail","6":"product_cat-filtros-de-automoveis","7":"product_cat-pecas-de-desgaste","8":"product_cat-pecas-e-acessorios-automotivos","10":"first","11":"instock","12":"shipping-taxable","13":"purchasable","14":"product-type-variable","15":"has-default-attributes"},"jetpack_sharing_enabled":true,"_links":{"self":[{"href":"https:\/\/listman.shop\/autoparts-br\/wp-json\/wp\/v2\/product\/46055","targetHints":{"allow":["GET"]}}],"collection":[{"href":"https:\/\/listman.shop\/autoparts-br\/wp-json\/wp\/v2\/product"}],"about":[{"href":"https:\/\/listman.shop\/autoparts-br\/wp-json\/wp\/v2\/types\/product"}],"wp:featuredmedia":[{"embeddable":true,"href":"https:\/\/listman.shop\/autoparts-br\/wp-json\/wp\/v2\/media\/46049"}],"wp:attachment":[{"href":"https:\/\/listman.shop\/autoparts-br\/wp-json\/wp\/v2\/media?parent=46055"}],"wp:term":[{"taxonomy":"product_brand","embeddable":true,"href":"https:\/\/listman.shop\/autoparts-br\/wp-json\/wp\/v2\/product_brand?post=46055"},{"taxonomy":"product_cat","embeddable":true,"href":"https:\/\/listman.shop\/autoparts-br\/wp-json\/wp\/v2\/product_cat?post=46055"},{"taxonomy":"product_tag","embeddable":true,"href":"https:\/\/listman.shop\/autoparts-br\/wp-json\/wp\/v2\/product_tag?post=46055"}],"curies":[{"name":"wp","href":"https:\/\/api.w.org\/{rel}","templated":true}]}}