{"id":46077,"date":"2025-03-30T10:23:23","date_gmt":"2025-03-30T01:23:23","guid":{"rendered":"https:\/\/listman.shop\/autoparts-br\/product\/1005006762615744\/"},"modified":"2026-04-14T21:16:11","modified_gmt":"2026-04-14T12:16:11","slug":"1005006762615744","status":"publish","type":"product","link":"https:\/\/listman.shop\/autoparts-br\/product\/1005006762615744\/","title":{"rendered":"Monitor de press\u00e3o dos pneus do carro sistema de monitoramento press\u00e3o dos pneus aviso temperatura combust\u00edvel economizar solar tpms com 4 sensores externos"},"content":{"rendered":"<div class=\"detailmodule_html\">\n<div class=\"detail-desc-decorate-richtext\">\n<p><img data-recalc-dims=\"1\" decoding=\"async\" src=\"https:\/\/i0.wp.com\/img2.tongtool.com\/s\/002262\/2023-07\/819625379215052800.jpg?w=1200\" \/><\/p>\n<div>\n<p style=\"font-family:Verdana, Arial, Helvetica, sans-serif;font-size:10px;margin:2px;margin-bottom:2px;margin-top:2px;margin-left:2px;margin-right:2px\"><span><span style=\"font-size:small;font-family:arial, helvetica, sans-serif\"><strong id=\"tl_1\">Device Function\uff1a<\/strong><\/span><\/span><\/p>\n<p style=\"font-family:Verdana, Arial, Helvetica, sans-serif;font-size:10px;margin:2px;margin-bottom:2px;margin-top:2px;margin-left:2px;margin-right:2px\"><span><span style=\"font-size:small;font-family:arial, helvetica, sans-serif\" id=\"tl_2\">( 1 ) Real-time monitoring of tire pressure temperature<\/span><\/span><\/p>\n<p style=\"font-family:Verdana, Arial, Helvetica, sans-serif;font-size:10px;margin:2px;margin-bottom:2px;margin-top:2px;margin-left:2px;margin-right:2px\"><span><span style=\"font-size:small;font-family:arial, helvetica, sans-serif\" id=\"tl_3\">( 2 ) Supports solar charging and USB charging<\/span><\/span><\/p>\n<p style=\"font-family:Verdana, Arial, Helvetica, sans-serif;font-size:10px;margin:2px;margin-bottom:2px;margin-top:2px;margin-left:2px;margin-right:2px\"><span><span style=\"font-size:small;font-family:arial, helvetica, sans-serif\" id=\"tl_4\">( 3 ) Numbers for tire pressure \/ temperature alarm can be set<\/span><\/span><\/p>\n<p style=\"font-family:Verdana, Arial, Helvetica, sans-serif;font-size:10px;margin:2px;margin-bottom:2px;margin-top:2px;margin-left:2px;margin-right:2px\"><span><span style=\"font-size:small;font-family:arial, helvetica, sans-serif\" id=\"tl_5\">( 4 ) Air leakage alarm , high \/ low pressure alarm , high temperature alarm<\/span><\/span><\/p>\n<p style=\"font-family:Verdana, Arial, Helvetica, sans-serif;font-size:10px;margin:2px;margin-bottom:2px;margin-top:2px;margin-left:2px;margin-right:2px\"><span><span style=\"font-size:small;font-family:arial, helvetica, sans-serif\" id=\"tl_6\">( 5 ) Changeable tire position&nbsp;<\/span><\/span><\/p>\n<div style=\"font-family:Arial, Verdana, sans-serif\"><\/div>\n<div style=\"font-family:Arial, Verdana, sans-serif\">\n  <span><span style=\"font-size:small;font-family:arial, helvetica, sans-serif\"><strong><span id=\"tl_7\">Features:<\/span><\/strong><\/span><\/span>\n <\/div>\n<ul style=\"font-family:Arial, Verdana, sans-serif\">\n<li>\n<p><span><span style=\"font-size:small;font-family:arial, helvetica, sans-serif\" id=\"tl_8\">Type: Intelligent Solar TPMS Car Tire Pressure<\/span><\/span><\/p>\n<\/li>\n<li>\n<p><span><span style=\"font-size:small;font-family:arial, helvetica, sans-serif\" id=\"tl_9\">Solar power charging, don\u2019t need to charge by connecting car cigarette lighter<\/span><\/span><\/p>\n<\/li>\n<li>\n<p><span><span style=\"font-size:small;font-family:arial, helvetica, sans-serif\" id=\"tl_10\">Colorful LCD Digital displaying, clear to show tire information<\/span><\/span><\/p>\n<\/li>\n<li>\n<p><span><span style=\"font-size:small;font-family:arial, helvetica, sans-serif\" id=\"tl_11\">Rear-time monitoring pressure &amp; temperature of 4 tires<\/span><\/span><\/p>\n<\/li>\n<li>\n<p><span><span style=\"font-size:small;font-family:arial, helvetica, sans-serif\" id=\"tl_12\">Low air pressure\/high temperature alarm<\/span><\/span><\/p>\n<\/li>\n<li>\n<p><span><span style=\"font-size:small;font-family:arial, helvetica, sans-serif\" id=\"tl_13\">High Temperature \/ Leakage \/ Low Battery Alarm<\/span><\/span><\/p>\n<\/li>\n<li>\n<p><span><span style=\"font-size:small;font-family:arial, helvetica, sans-serif\" id=\"tl_14\">Intelligent Shock Boot when car moving, don\u2019t need to turn on\/off<\/span><\/span><\/p>\n<\/li>\n<li>\n<p><span><span style=\"font-size:small;font-family:arial, helvetica, sans-serif\" id=\"tl_15\">Wireless connect by sensors, easy install<\/span><\/span><\/p>\n<\/li>\n<li>\n<p><span><span style=\"font-size:small;font-family:arial, helvetica, sans-serif\" id=\"tl_16\">Two units (PSI \/ Bar) changeable, you can set the one you like.&nbsp;<\/span><\/span><\/p>\n<\/li>\n<\/ul>\n<div style=\"font-family:Arial, Verdana, sans-serif\">\n  <span><span style=\"font-size:small;font-family:arial, helvetica, sans-serif\"><br \/><\/span><\/span>\n <\/div>\n<div style=\"font-family:Arial, Verdana, sans-serif\">\n  <span><span style=\"font-size:small;font-family:arial, helvetica, sans-serif\"><strong><span id=\"tl_17\">External Sensor:<\/span><\/strong><\/span><\/span>\n <\/div>\n<ul style=\"font-family:Arial, Verdana, sans-serif\">\n<li>\n<p><span><span style=\"font-size:small;font-family:arial, helvetica, sans-serif\" id=\"tl_18\">Easy to install, convenient to replace<\/span><\/span><\/p>\n<\/li>\n<li>\n<p><span><span style=\"font-size:small;font-family:arial, helvetica, sans-serif\" id=\"tl_19\">Dust-Proof \/ Water-Proof \/ Anti-theft<\/span><\/span><\/p>\n<\/li>\n<li>\n<p><span><span style=\"font-size:small;font-family:arial, helvetica, sans-serif\" id=\"tl_20\">Anti High Temperate and Cold<\/span><\/span><\/p>\n<\/li>\n<li>\n<p><span><span style=\"font-size:small;font-family:arial, helvetica, sans-serif\" id=\"tl_21\">IP67 Protection \/ Waterproof<\/span><\/span><\/p>\n<\/li>\n<li>\n<p style=\"margin:2px;margin-bottom:2px;margin-top:2px;margin-left:2px;margin-right:2px\"><span><span style=\"font-size:small;font-family:arial, helvetica, sans-serif\" id=\"tl_22\">Working Temperature: -20\u2103-60\u2103<\/span><\/span><\/p>\n<\/li>\n<li>\n<p style=\"margin:2px;margin-bottom:2px;margin-top:2px;margin-left:2px;margin-right:2px\"><span><span style=\"font-size:small;font-family:arial, helvetica, sans-serif\" id=\"tl_23\">Temperature measurement: -30 \u2103 -85 \u2103<\/span><\/span><\/p>\n<\/li>\n<li>\n<p style=\"margin:2px;margin-bottom:2px;margin-top:2px;margin-left:2px;margin-right:2px\"><span><span style=\"font-size:small;font-family:arial, helvetica, sans-serif\" id=\"tl_24\">Battery Life: 3-5 Years, replaceable<\/span><\/span><\/p>\n<\/li>\n<\/ul>\n<div style=\"font-family:Arial, Verdana, sans-serif\">\n  <span><span style=\"font-size:small;font-family:arial, helvetica, sans-serif\"><br \/><\/span><\/span>\n <\/div>\n<div style=\"font-family:Arial, Verdana, sans-serif\">\n  <span><span style=\"font-size:small;font-family:arial, helvetica, sans-serif\"><strong><span id=\"tl_25\">Package Included:<\/span><\/strong><\/span><\/span>\n <\/div>\n<ul style=\"font-family:Arial, Verdana, sans-serif\">\n<li>\n<p><span><span style=\"font-size:small;font-family:arial, helvetica, sans-serif\" id=\"tl_26\">1 Set Car Tyre Pressure Monitoring System<\/span><\/span><\/p>\n<\/li>\n<\/ul>\n<p><span><br \/><\/span><\/p>\n<\/div>\n<p><img data-recalc-dims=\"1\" decoding=\"async\" src=\"https:\/\/i0.wp.com\/img2.tongtool.com\/s\/002262\/2021-03\/510868524508381184.jpg?w=1200\" \/><img data-recalc-dims=\"1\" decoding=\"async\" src=\"https:\/\/i0.wp.com\/ae01.alicdn.com\/kf\/S44ac0e7fe5844a1b8e0bf909b5bef742Q.jpg?w=1200&#038;ssl=1\" \/><img data-recalc-dims=\"1\" decoding=\"async\" src=\"https:\/\/i0.wp.com\/ae01.alicdn.com\/kf\/S91dfc0b0519249e9a55dc646ff9d8f1ev.jpg?w=1200&#038;ssl=1\" \/><img data-recalc-dims=\"1\" decoding=\"async\" src=\"https:\/\/i0.wp.com\/ae01.alicdn.com\/kf\/S097c2ed9a70e43638f3490044226569aq.jpg?w=1200&#038;ssl=1\" \/><img data-recalc-dims=\"1\" decoding=\"async\" src=\"https:\/\/i0.wp.com\/ae01.alicdn.com\/kf\/Sd095ef4174a541a08519b2f6142d5b162.jpg?w=1200&#038;ssl=1\" \/><img data-recalc-dims=\"1\" decoding=\"async\" src=\"https:\/\/i0.wp.com\/ae01.alicdn.com\/kf\/Sd0ed4e52d1f546e6b755edec17d81db7N.jpg?w=1200&#038;ssl=1\" \/><img data-recalc-dims=\"1\" decoding=\"async\" src=\"https:\/\/i0.wp.com\/ae01.alicdn.com\/kf\/S766eb3979fea4c8093c5607653e06495W.jpg?w=1200&#038;ssl=1\" \/><img data-recalc-dims=\"1\" decoding=\"async\" src=\"https:\/\/i0.wp.com\/ae01.alicdn.com\/kf\/S7122cf82916b4652b094707ad9f196acG.jpg?w=1200&#038;ssl=1\" \/><img data-recalc-dims=\"1\" decoding=\"async\" src=\"https:\/\/i0.wp.com\/ae01.alicdn.com\/kf\/S93a804a0d78346adb4f1844a51fac1d3f.jpg?w=1200&#038;ssl=1\" \/><img data-recalc-dims=\"1\" decoding=\"async\" src=\"https:\/\/i0.wp.com\/ae01.alicdn.com\/kf\/S7bceb4b7004f456d8ff99953acf0d324J.jpg?w=1200&#038;ssl=1\" \/><\/p>\n<p><img data-recalc-dims=\"1\" decoding=\"async\" style=\"max-width:100%\" src=\"https:\/\/i0.wp.com\/img2.tongtool.com\/s\/QOQQSSWSOSQSTNQZOYUVYTXUZUXXYYVVUSVP6c35.jpg?w=1200\" \/><br \/><img data-recalc-dims=\"1\" decoding=\"async\" style=\"max-width:100%\" src=\"https:\/\/i0.wp.com\/img2.tongtool.com\/s\/kikkmmqmimkmnhktisopsnrotqllmqooktqjDJAY.jpg?w=1200\" \/><br \/><img data-recalc-dims=\"1\" decoding=\"async\" style=\"max-width:100%\" src=\"https:\/\/i0.wp.com\/img2.tongtool.com\/s\/geggiimieigijdgpeoklojnkpmhpmljghnmfzFwp.jpg?w=1200\" \/><br \/><img data-recalc-dims=\"1\" decoding=\"async\" style=\"max-width:100%\" src=\"https:\/\/i0.wp.com\/img2.tongtool.com\/s\/pnpprrvrnrprsmpynxtuxswtytusywxppyvoIOFj.jpg?w=1200\" \/><br \/><img data-recalc-dims=\"1\" decoding=\"async\" style=\"max-width:100%\" src=\"https:\/\/i0.wp.com\/img2.tongtool.com\/s\/rprrttxtptrtuorApzvwzuyvAxxzyuAzAstqKQHX.jpg?w=1200\" \/><br \/><img data-recalc-dims=\"1\" decoding=\"async\" style=\"max-width:100%\" src=\"https:\/\/i0.wp.com\/img2.tongtool.com\/s\/usuuwwAwswuwxruDsCyzCxByDBwDzyxBCwytNTK6.jpg?w=1200\" \/><br \/><img data-recalc-dims=\"1\" decoding=\"async\" style=\"max-width:100%\" src=\"https:\/\/i0.wp.com\/img2.tongtool.com\/s\/mkmmoosokomopjmvkuqruptqvtvqrrrqvqqlFLCv.jpg?w=1200\" \/><br \/><img data-recalc-dims=\"1\" decoding=\"async\" style=\"max-width:100%\" src=\"https:\/\/i0.wp.com\/img2.tongtool.com\/s\/PNPPRRVRNRPRSMPYNXTUXSWTYXPXXRYVTTXO5b2u.jpg?w=1200\" \/><br \/><img data-recalc-dims=\"1\" decoding=\"async\" style=\"max-width:100%\" src=\"https:\/\/i0.wp.com\/img2.tongtool.com\/s\/rprrttxtptrtuorApzvwzuyvAztvyxzrrrsqKQHs.jpg?w=1200\" \/><br \/><img data-recalc-dims=\"1\" loading=\"lazy\" decoding=\"async\" style=\"max-width:100%\" width=\"944\" height=\"944\" src=\"https:\/\/i0.wp.com\/img2.tongtool.com\/s\/8688aaea6a8ab58h6gcdgbfchgg9g98dbcd7rxo7.jpg?resize=944%2C944\" \/><\/p>\n<p style=\", Roboto, Arial, Helvetica, sans-serif, SimSun;font-size:14px;line-height:inherit;white-space:normal;margin-bottom:0px;margin-top:0px;padding:0px;padding-bottom:0px;padding-top:0px;padding-left:0px;padding-right:0px\"><img data-recalc-dims=\"1\" decoding=\"async\" style=\"border:0px;margin:0px;margin-bottom:0px;margin-top:0px;margin-left:0px;margin-right:0px;padding:0px;padding-bottom:0px;padding-top:0px;padding-left:0px;padding-right:0px;max-width:100%\" src=\"https:\/\/i0.wp.com\/ae01.alicdn.com\/kf\/H632a47c397674adfa22a86cb1bf5aa23N.jpg?w=1200&#038;ssl=1\" \/><\/p>\n<p style=\", Roboto, Arial, Helvetica, sans-serif, SimSun;font-size:14px;line-height:inherit;white-space:normal;margin-bottom:0px;margin-top:0px;padding:0px;padding-bottom:0px;padding-top:0px;padding-left:0px;padding-right:0px\"><\/p>\n<p><img data-recalc-dims=\"1\" decoding=\"async\" src=\"https:\/\/i0.wp.com\/ae01.alicdn.com\/kf\/S3722fc66966a4d4aab92373d7b6cd8abi.jpg?w=1200&#038;ssl=1\" \/><img data-recalc-dims=\"1\" decoding=\"async\" src=\"https:\/\/i0.wp.com\/ae01.alicdn.com\/kf\/S30121d532cc042b0871dfde886b53edff.jpg?w=1200&#038;ssl=1\" \/><img data-recalc-dims=\"1\" decoding=\"async\" src=\"https:\/\/i0.wp.com\/ae01.alicdn.com\/kf\/S8829104a4ef04fc0ab5fa9d5ee0f350dN.jpg?w=1200&#038;ssl=1\" \/><img data-recalc-dims=\"1\" decoding=\"async\" src=\"https:\/\/i0.wp.com\/ae01.alicdn.com\/kf\/Sf67a8297808444989f96e9fb97bacb22y.jpg?w=1200&#038;ssl=1\" \/><img data-recalc-dims=\"1\" decoding=\"async\" src=\"https:\/\/i0.wp.com\/ae01.alicdn.com\/kf\/S587931e4554741998a8a434c611abc41q.jpg?w=1200&#038;ssl=1\" \/><img data-recalc-dims=\"1\" decoding=\"async\" src=\"https:\/\/i0.wp.com\/ae01.alicdn.com\/kf\/S2ed8839b56a2473480e3bdcf63c14646P.jpg?w=1200&#038;ssl=1\" \/><img data-recalc-dims=\"1\" decoding=\"async\" src=\"https:\/\/i0.wp.com\/ae01.alicdn.com\/kf\/S8e0a9a0bf2df4b3db89e745a654071e9j.jpg?w=1200&#038;ssl=1\" \/><img data-recalc-dims=\"1\" decoding=\"async\" src=\"https:\/\/i0.wp.com\/ae01.alicdn.com\/kf\/S0ffea5f102804b57b0f1654487320a69O.jpg?w=1200&#038;ssl=1\" \/><img data-recalc-dims=\"1\" decoding=\"async\" src=\"https:\/\/i0.wp.com\/ae01.alicdn.com\/kf\/Scff9d6ce0d274ecca923840142c710caK.jpg?w=1200&#038;ssl=1\" \/><img data-recalc-dims=\"1\" decoding=\"async\" src=\"https:\/\/i0.wp.com\/ae01.alicdn.com\/kf\/S4efbd96c5ef04b45a04754a1354e2d70H.jpg?w=1200&#038;ssl=1\" \/><img data-recalc-dims=\"1\" decoding=\"async\" src=\"https:\/\/i0.wp.com\/ae01.alicdn.com\/kf\/S80b09811efe049cab37e0642a9f5cf26l.jpg?w=1200&#038;ssl=1\" \/><img data-recalc-dims=\"1\" decoding=\"async\" src=\"https:\/\/i0.wp.com\/ae01.alicdn.com\/kf\/S7d5e961ac39548e3b52263371a65271ab.jpg?w=1200&#038;ssl=1\" \/><img data-recalc-dims=\"1\" decoding=\"async\" src=\"https:\/\/i0.wp.com\/ae01.alicdn.com\/kf\/Sec93df0a189c4d7e822840a0c2badd8cp.jpg?w=1200&#038;ssl=1\" \/><img data-recalc-dims=\"1\" decoding=\"async\" src=\"https:\/\/i0.wp.com\/ae01.alicdn.com\/kf\/S78f3d852a3424439ae54d8c31af29d57T.jpg?w=1200&#038;ssl=1\" \/><img data-recalc-dims=\"1\" decoding=\"async\" src=\"https:\/\/i0.wp.com\/ae01.alicdn.com\/kf\/S252cb9c5ca804383a8396b1b40d6f6e9s.jpg?w=1200&#038;ssl=1\" \/><img data-recalc-dims=\"1\" decoding=\"async\" src=\"https:\/\/i0.wp.com\/ae01.alicdn.com\/kf\/S12c9993735f246fd9977d8f1783a90dfB.jpg?w=1200&#038;ssl=1\" \/><img data-recalc-dims=\"1\" decoding=\"async\" src=\"https:\/\/i0.wp.com\/ae01.alicdn.com\/kf\/S28ce8d800b20463795d470502821b9c3v.jpg?w=1200&#038;ssl=1\" \/><\/p>\n<\/div>\n<\/div>\n","protected":false},"excerpt":{"rendered":"<p>Device Function\uff1a ( 1 ) Real-time monitoring of tire pressure temperature ( 2 ) Supports solar charging and USB charging ( 3 ) Numbers for tire pressure \/ temperature alarm can be set ( 4 ) Air leakage alarm , high \/ low pressure alarm , high temperature alarm ( 5 ) Changeable tire position&nbsp;&hellip;&nbsp;<\/p>\n","protected":false},"featured_media":46071,"template":"","meta":{"neve_meta_sidebar":"","neve_meta_container":"","neve_meta_enable_content_width":"","neve_meta_content_width":0,"neve_meta_title_alignment":"","neve_meta_author_avatar":"","neve_post_elements_order":"","neve_meta_disable_header":"","neve_meta_disable_footer":"","neve_meta_disable_title":""},"product_brand":[],"product_cat":[26,17,47],"product_tag":[],"class_list":{"0":"post-46077","1":"product","2":"type-product","3":"status-publish","4":"has-post-thumbnail","6":"product_cat-pecas-de-desgaste","7":"product_cat-pecas-e-acessorios-automotivos","8":"product_cat-pneus-e-pecas-para-rodas","10":"first","11":"instock","12":"shipping-taxable","13":"purchasable","14":"product-type-variable","15":"has-default-attributes"},"jetpack_sharing_enabled":true,"_links":{"self":[{"href":"https:\/\/listman.shop\/autoparts-br\/wp-json\/wp\/v2\/product\/46077","targetHints":{"allow":["GET"]}}],"collection":[{"href":"https:\/\/listman.shop\/autoparts-br\/wp-json\/wp\/v2\/product"}],"about":[{"href":"https:\/\/listman.shop\/autoparts-br\/wp-json\/wp\/v2\/types\/product"}],"wp:featuredmedia":[{"embeddable":true,"href":"https:\/\/listman.shop\/autoparts-br\/wp-json\/wp\/v2\/media\/46071"}],"wp:attachment":[{"href":"https:\/\/listman.shop\/autoparts-br\/wp-json\/wp\/v2\/media?parent=46077"}],"wp:term":[{"taxonomy":"product_brand","embeddable":true,"href":"https:\/\/listman.shop\/autoparts-br\/wp-json\/wp\/v2\/product_brand?post=46077"},{"taxonomy":"product_cat","embeddable":true,"href":"https:\/\/listman.shop\/autoparts-br\/wp-json\/wp\/v2\/product_cat?post=46077"},{"taxonomy":"product_tag","embeddable":true,"href":"https:\/\/listman.shop\/autoparts-br\/wp-json\/wp\/v2\/product_tag?post=46077"}],"curies":[{"name":"wp","href":"https:\/\/api.w.org\/{rel}","templated":true}]}}