{"id":46153,"date":"2025-03-30T10:27:25","date_gmt":"2025-03-30T01:27:25","guid":{"rendered":"https:\/\/listman.shop\/autoparts-br\/product\/1005006918711050\/"},"modified":"2026-04-14T21:37:06","modified_gmt":"2026-04-14T12:37:06","slug":"1005006918711050","status":"publish","type":"product","link":"https:\/\/listman.shop\/autoparts-br\/product\/1005006918711050\/","title":{"rendered":"1 #   Para sirona melag e\/v 23-29\/30b-31, 23-24 junta da porta da autoclave substitui\u00e7\u00e3o selo o-ring c\u00e2mara de veda\u00e7\u00e3o acess\u00f3rios ferramentas pe\u00e7as"},"content":{"rendered":"<div class=\"detailmodule_html\">\n<div class=\"detail-desc-decorate-richtext\">\n<p>\n <img data-recalc-dims=\"1\" decoding=\"async\" src=\"https:\/\/i0.wp.com\/ae01.alicdn.com\/kf\/Sca499689a875431da49d6e5e1abb828eV.png?w=1200&#038;ssl=1\" \/><\/p>\n<p><\/p>\n<p><span style=\"font-size:20px\" id=\"tl_1\">Temos diferentes juntas de porta autoclave usadas para muitas marcas, como Megla, Sirona, Euronda, W&amp;H,TEKNO, NewMed, Gas, BMS, TAU,Mocom,YESON,Woson,Lafomed,SUN&#8230;<\/span><\/p>\n<p><span style=\"font-size:20px\" id=\"tl_2\">Se voc&ecirc; n&atilde;o tem certeza de qual modelo escolher, pode nos enviar uma foto do seu selo antigo ou da Autoclave.<\/span><\/p>\n<p><span style=\"font-size:20px\" id=\"tl_3\">Podemos fazer OEM e ODM<\/span><\/p>\n<p><span style=\"font-size:20px\" id=\"tl_4\">Se precisar de ajuda entre em contato com Whatsapp: +86 138 9029 1203<\/span><\/p>\n<p><\/p>\n<p><span style=\"font-size:20px\" id=\"tl_5\">Somos fabricantes odontol&oacute;gicos na China.n&oacute;s tamb&eacute;m fornecemos:<\/span><\/p>\n<p><span style=\"font-size:20px\" id=\"tl_6\">Pe&ccedil;as de m&atilde;o dent&aacute;rias, motor endor, arquivos e alguns outros instrumentos dent&aacute;rios;<\/span><\/p>\n<p><span style=\"font-size:20px\" id=\"tl_7\">E PE&Ccedil;AS DE PARTES odontol&oacute;gicas como juntas de porta autococais, tubos de pe&ccedil;a de m&atilde;o odontol&oacute;gica,<\/span><\/p>\n<p><span style=\"font-size:20px\" id=\"tl_8\">Tubos de suc&ccedil;&atilde;o semanal\/forte, conectores e assim por diante.<\/span><\/p>\n<p><span style=\"font-size:20px\" id=\"tl_9\">Bem-vindo a perguntar.<\/span><\/p>\n<p><\/p>\n<p style=\"font-family:Verdana, Arial, Helvetica, sans-seri;font-size:12px;font-weight:400;letter-spacing:normal;line-height:1.5;text-align:start;white-space:normal;margin:0px;margin-bottom:0px;margin-top:0px;margin-left:0px;margin-right:0px;padding:0px;padding-bottom:0px;padding-top:0px;padding-left:0px;padding-right:0px\" align=\"start\"><img data-recalc-dims=\"1\" decoding=\"async\" src=\"https:\/\/i0.wp.com\/ae01.alicdn.com\/kf\/Sc2df1086a9e0446fb13a1fdccf11530do.jpg?w=1200&#038;ssl=1\" \/><br \/><span style=\"font-size:20px\"><strong id=\"tl_10\">Substitui&ccedil;&atilde;o de excelente qualidade para a junta da c&acirc;mara de autoclave Sirona &amp; Melag:<\/strong><\/span><\/p>\n<p><\/p>\n<ul style=\"font-family:Verdana, Arial, Helvetica, sans-seri;font-size:12px;font-weight:400;letter-spacing:normal;text-align:start;white-space:normal\">\n<li>\n<p><span style=\"font-size:20px\"><strong id=\"tl_11\">Euroklav 23 S+<\/strong><\/span><\/p>\n<\/li>\n<li>\n<p><span style=\"font-size:20px\"><strong id=\"tl_12\">Euroklav 23\/29 VS+<\/strong><\/span><\/p>\n<\/li>\n<li>\n<p><span style=\"font-size:20px\"><strong id=\"tl_13\">Vacuklav 23B+, 24B+, 24BL+, 30B, 30B+, 31B+<\/strong><\/span><\/p>\n<\/li>\n<\/ul>\n<p><\/p>\n<p><img data-recalc-dims=\"1\" decoding=\"async\"   src=\"https:\/\/i0.wp.com\/ae01.alicdn.com\/kf\/S2a893c942bf149c693bf93bc7ac1dbf9F.png?w=750&#038;ssl=1\" \/><\/p>\n<p><\/p>\n<p style=\"font-family:Verdana, Arial, Helvetica, sans-seri;font-size:12px;font-weight:400;letter-spacing:normal;line-height:1.5;text-align:start;white-space:normal;margin:0px;margin-bottom:0px;margin-top:0px;margin-left:0px;margin-right:0px;padding:0px;padding-bottom:0px;padding-top:0px;padding-left:0px;padding-right:0px\" align=\"start\"><span style=\"font-size:20px\"><strong id=\"tl_14\">A junta foi feita de sil&iacute;cio de platina que pode suportar press&otilde;es de v&aacute;cuo e pode suportar uma faixa de temperatura extrema (-60&deg;c a +230&deg;c).Garantimos um ajuste perfeito da junta da porta autoclave.<\/strong><\/span><\/p>\n<p><\/p>\n<p style=\"font-family:Verdana, Arial, Helvetica, sans-seri;font-size:12px;font-weight:400;letter-spacing:normal;line-height:1.5;text-align:start;white-space:normal;margin:0px;margin-bottom:0px;margin-top:0px;margin-left:0px;margin-right:0px;padding:0px;padding-bottom:0px;padding-top:0px;padding-left:0px;padding-right:0px\" align=\"start\"><span style=\"font-size:20px\"><strong id=\"tl_15\">Observe que a vida &uacute;til dos consum&iacute;veis &eacute; afetada por elementos como a intensidade de uso da autoclave e sua manuten&ccedil;&atilde;o cont&iacute;nua.<\/strong><\/span><\/p>\n<p><\/p>\n<p style=\"font-family:Verdana, Arial, Helvetica, sans-seri;font-size:12px;font-weight:400;letter-spacing:normal;line-height:1.5;text-align:start;white-space:normal;margin:0px;margin-bottom:0px;margin-top:0px;margin-left:0px;margin-right:0px;padding:0px;padding-bottom:0px;padding-top:0px;padding-left:0px;padding-right:0px\" align=\"start\"><span style=\"font-size:20px\"><strong id=\"tl_16\">O pacote cont&eacute;m uma pe&ccedil;a. Para o selo damos uma garantia inicial de 30 dias a partir da data da compra.<\/strong><\/span><\/p>\n<\/p>\n<p><img data-recalc-dims=\"1\" decoding=\"async\" src=\"https:\/\/i0.wp.com\/ae01.alicdn.com\/kf\/S20d976ff7f5f4ff090188a4f6bb7b366W.jpg?w=1200&#038;ssl=1\" \/><img data-recalc-dims=\"1\" decoding=\"async\" src=\"https:\/\/i0.wp.com\/ae01.alicdn.com\/kf\/Sedb300b3ab4c48529240a70361657d14V.jpg?w=1200&#038;ssl=1\" \/><img data-recalc-dims=\"1\" decoding=\"async\" src=\"https:\/\/i0.wp.com\/ae01.alicdn.com\/kf\/S8ef09e827303477fa38b904ea5b6b261P.jpg?w=1200&#038;ssl=1\" \/><img data-recalc-dims=\"1\" decoding=\"async\" src=\"https:\/\/i0.wp.com\/ae01.alicdn.com\/kf\/Sdb374b3733fa4d8191336f1bef601188N.jpg?w=1200&#038;ssl=1\" \/><\/p>\n<p><img data-recalc-dims=\"1\" decoding=\"async\"   src=\"https:\/\/i0.wp.com\/ae01.alicdn.com\/kf\/S26cd6014aab24b4688602136505cabfbi.png?w=944&#038;ssl=1\" \/><img data-recalc-dims=\"1\" decoding=\"async\" src=\"https:\/\/i0.wp.com\/ae01.alicdn.com\/kf\/S08602a9d4c3d46a9b4a7a892a33230d6B.jpg?w=1200&#038;ssl=1\" \/><img data-recalc-dims=\"1\" decoding=\"async\" src=\"https:\/\/i0.wp.com\/ae01.alicdn.com\/kf\/S2295c09575894d0c83fc32cd85993bf6w.jpg?w=1200&#038;ssl=1\" \/><img data-recalc-dims=\"1\" decoding=\"async\" src=\"https:\/\/i0.wp.com\/ae01.alicdn.com\/kf\/Se73ba66a54b54824a106337ffa479a39Z.jpg?w=1200&#038;ssl=1\" \/><img data-recalc-dims=\"1\" decoding=\"async\" src=\"https:\/\/i0.wp.com\/ae01.alicdn.com\/kf\/Sb08ea2fb4ae84b5794f57ce563f95e149.jpg?w=1200&#038;ssl=1\" \/><img data-recalc-dims=\"1\" decoding=\"async\" src=\"https:\/\/i0.wp.com\/ae01.alicdn.com\/kf\/S04f2c79d64a244f28e27429eb88b3ed67.png?w=1200&#038;ssl=1\" \/><\/p>\n<\/div>\n<\/div>\n","protected":false},"excerpt":{"rendered":"<p>Temos diferentes juntas de porta autoclave usadas para muitas marcas, como Megla, Sirona, Euronda, W&amp;H,TEKNO, NewMed, Gas, BMS, TAU,Mocom,YESON,Woson,Lafomed,SUN&#8230; Se voc&ecirc; n&atilde;o tem certeza de qual modelo escolher, pode nos enviar uma foto do seu selo antigo ou da Autoclave. Podemos fazer OEM e ODM Se precisar de ajuda entre em contato com Whatsapp: +86&hellip;&nbsp;<\/p>\n","protected":false},"featured_media":46147,"template":"","meta":{"neve_meta_sidebar":"","neve_meta_container":"","neve_meta_enable_content_width":"","neve_meta_content_width":0,"neve_meta_title_alignment":"","neve_meta_author_avatar":"","neve_post_elements_order":"","neve_meta_disable_header":"","neve_meta_disable_footer":"","neve_meta_disable_title":""},"product_brand":[],"product_cat":[190,26,17],"product_tag":[],"class_list":{"0":"post-46153","1":"product","2":"type-product","3":"status-publish","4":"has-post-thumbnail","6":"product_cat-juntas-mecanicas","7":"product_cat-pecas-de-desgaste","8":"product_cat-pecas-e-acessorios-automotivos","10":"first","11":"instock","12":"shipping-taxable","13":"purchasable","14":"product-type-variable"},"jetpack_sharing_enabled":true,"_links":{"self":[{"href":"https:\/\/listman.shop\/autoparts-br\/wp-json\/wp\/v2\/product\/46153","targetHints":{"allow":["GET"]}}],"collection":[{"href":"https:\/\/listman.shop\/autoparts-br\/wp-json\/wp\/v2\/product"}],"about":[{"href":"https:\/\/listman.shop\/autoparts-br\/wp-json\/wp\/v2\/types\/product"}],"wp:featuredmedia":[{"embeddable":true,"href":"https:\/\/listman.shop\/autoparts-br\/wp-json\/wp\/v2\/media\/46147"}],"wp:attachment":[{"href":"https:\/\/listman.shop\/autoparts-br\/wp-json\/wp\/v2\/media?parent=46153"}],"wp:term":[{"taxonomy":"product_brand","embeddable":true,"href":"https:\/\/listman.shop\/autoparts-br\/wp-json\/wp\/v2\/product_brand?post=46153"},{"taxonomy":"product_cat","embeddable":true,"href":"https:\/\/listman.shop\/autoparts-br\/wp-json\/wp\/v2\/product_cat?post=46153"},{"taxonomy":"product_tag","embeddable":true,"href":"https:\/\/listman.shop\/autoparts-br\/wp-json\/wp\/v2\/product_tag?post=46153"}],"curies":[{"name":"wp","href":"https:\/\/api.w.org\/{rel}","templated":true}]}}