{"id":46213,"date":"2025-03-30T10:30:24","date_gmt":"2025-03-30T01:30:24","guid":{"rendered":"https:\/\/listman.shop\/autoparts-br\/product\/1005007040181075\/"},"modified":"2026-04-14T21:35:06","modified_gmt":"2026-04-14T12:35:06","slug":"1005007040181075","status":"publish","type":"product","link":"https:\/\/listman.shop\/autoparts-br\/product\/1005007040181075\/","title":{"rendered":"10 pe\u00e7as 19mm parafuso tal\u00e3o porca de pneu liga de a\u00e7o roda m12x1.5 porcas liga de a\u00e7o porcas de roda para ford fiesta mondeo c-max foco"},"content":{"rendered":"<div class=\"detailmodule_html\">\n<div class=\"detail-desc-decorate-richtext\">\n<p><\/p>\n<\/p>\n<p><\/p>\n<p><\/p>\n<p><\/p>\n<div class=\"detailmodule_media\">\n<div class=\"video-container-1100206959411\">\n<div class=\"detail-video\" id=\"1100206959411\" data-previewurl=\"https:\/\/ae01.alicdn.com\/kf\/S98ba64c3ebba49efbceb874a085dd37f9.jpg\"><\/div>\n<\/div>\n<\/div>\n<p><\/p>\n<p><\/p>\n<p><\/p>\n<p><\/p>\n<div class=\"detailmodule_text\">\n<p style=\"font-weight:bold\"><span style=\"font-size:20px\">Adequado para os seguintes ve\u00edculos com rodas de liga originais:<\/span><\/p>\n<div><\/div>\n<\/div>\n<div class=\"detailmodule_text\">\n<p>Adequado para Ford Focus 1998-2018<\/p>\n<\/div>\n<div class=\"detailmodule_text\">\n<p>Adequado para Ford Fiesta 1995-2012<\/p>\n<\/div>\n<div class=\"detailmodule_text\">\n<p>Adequado para Ford C-Max 2003-2017<\/p>\n<\/div>\n<div class=\"detailmodule_text\">\n<p>Adequado para Ford Kuga 2008-2012<\/p>\n<\/div>\n<div class=\"detailmodule_text\">\n<p>Adequado para ford ka 1996-2008<\/p>\n<\/div>\n<div class=\"detailmodule_text\">\n<p>Para Ford Mondeo 1992-2014<\/p>\n<\/div>\n<div class=\"detailmodule_text\">\n<p>Adequado para Ford Puma 1997-2001<\/p>\n<\/div>\n<div class=\"detailmodule_text\">\n<p>Adequado para Ford Transit 1994-2000<\/p>\n<\/div>\n<div class=\"detailmodule_text\">\n<p>Adequado para Ford Transit Connect 2002-2013<\/p>\n<\/div>\n<div class=\"detailmodule_text\">\n<p>Adequado para ford street ka 2003-2005<\/p>\n<\/div>\n<div class=\"detailmodule_text\">\n<p>(A compatibilidade apenas para refer\u00eancia.Por favor, confirme que estas porcas de roda s\u00e3o adequadas para o seu ve\u00edculo antes de comprar!!!)<\/p>\n<\/div>\n<div class=\"detailmodule_text\">\n<div><\/div>\n<p style=\"font-size:20px;font-weight:bold\">Especifica\u00e7\u00f5es:<\/p>\n<div><\/div>\n<\/div>\n<div class=\"detailmodule_text\">\n<p>Tamanho do soquete de 19 mm<\/p>\n<\/div>\n<div class=\"detailmodule_text\">\n<p>Comprimento da rosca 30 mm<\/p>\n<\/div>\n<div class=\"detailmodule_text\">\n<p>Largura total da porca de 28 mm<\/p>\n<\/div>\n<div class=\"detailmodule_text\">\n<p>Altura total da porca de 32 mm<\/p>\n<\/div>\n<div class=\"detailmodule_text\">\n<p>Arruela flutuante cativa<\/p>\n<\/div>\n<div class=\"detailmodule_text\">\n<div><\/div>\n<p><strong><span style=\"font-size:20px\">Caracter\u00edstica:<\/span><\/strong><\/p>\n<div><\/div>\n<\/div>\n<div class=\"detailmodule_text\">\n<p>Porcas de roda de liga cromada de 1,19 mm com almofada de arruela cativa flutuante<\/p>\n<\/div>\n<div class=\"detailmodule_text\">\n<p>2. feito de a\u00e7o el\u00e1stico de alta qualidade que \u00e9 zincado e n\u00e3o enferruja<\/p>\n<\/div>\n<div class=\"detailmodule_text\">\n<p>3. ajuste perfeito ao seu carro, d\u00ea um novo visual ao seu carro.<\/p>\n<\/div>\n<div class=\"detailmodule_text\">\n<p>4. f\u00e1cil de instalar, substitua suas porcas de roda antigas por essas porcas de alta qualidade<\/p>\n<\/div>\n<div class=\"detailmodule_text\">\n<p>5. cabe em todas as rodas de liga padr\u00e3o e de reposi\u00e7\u00e3o<\/p>\n<\/div>\n<div class=\"detailmodule_image\"><img data-recalc-dims=\"1\" decoding=\"async\" class=\"detail-desc-decorate-image\" src=\"https:\/\/i0.wp.com\/ae01.alicdn.com\/kf\/Sdf60d73e5531459f877744eea006fe78h.jpg?w=1200&#038;ssl=1\"><img data-recalc-dims=\"1\" decoding=\"async\" class=\"detail-desc-decorate-image\" src=\"https:\/\/i0.wp.com\/ae01.alicdn.com\/kf\/S5443d7dfe5da4492bf6728580639694bv.jpg?w=1200&#038;ssl=1\"><img data-recalc-dims=\"1\" decoding=\"async\" class=\"detail-desc-decorate-image\" src=\"https:\/\/i0.wp.com\/ae01.alicdn.com\/kf\/S867d7578c4d741238e4c13ec0482347bx.jpg?w=1200&#038;ssl=1\"><img data-recalc-dims=\"1\" decoding=\"async\" class=\"detail-desc-decorate-image\" src=\"https:\/\/i0.wp.com\/ae01.alicdn.com\/kf\/Sf9afa5bf9dcb4a39a3eb63932e6c2401r.jpg?w=1200&#038;ssl=1\"><img data-recalc-dims=\"1\" decoding=\"async\" class=\"detail-desc-decorate-image\" src=\"https:\/\/i0.wp.com\/ae01.alicdn.com\/kf\/Se7f4a86e5eea41a79e7ec8f105a8c830G.jpg?w=1200&#038;ssl=1\"><img data-recalc-dims=\"1\" decoding=\"async\" class=\"detail-desc-decorate-image\" src=\"https:\/\/i0.wp.com\/ae01.alicdn.com\/kf\/S21b07e86010a40f5b040498de5b31332Y.jpg?w=1200&#038;ssl=1\"><img data-recalc-dims=\"1\" decoding=\"async\" class=\"detail-desc-decorate-image\" src=\"https:\/\/i0.wp.com\/ae01.alicdn.com\/kf\/S9ba54d6ecd194b61949a085ddb48ac39b.jpg?w=1200&#038;ssl=1\"><img data-recalc-dims=\"1\" decoding=\"async\" class=\"detail-desc-decorate-image\" src=\"https:\/\/i0.wp.com\/ae01.alicdn.com\/kf\/S70fdc2e8bed7432e8a08ef98f736a944z.jpg?w=1200&#038;ssl=1\"><img data-recalc-dims=\"1\" decoding=\"async\" class=\"detail-desc-decorate-image\" src=\"https:\/\/i0.wp.com\/ae01.alicdn.com\/kf\/S8dfb4b59d657467385bf18ccd813031bL.jpg?w=1200&#038;ssl=1\"><img data-recalc-dims=\"1\" decoding=\"async\" class=\"detail-desc-decorate-image\" src=\"https:\/\/i0.wp.com\/ae01.alicdn.com\/kf\/S624e363a86584facba7af866022d74b2q.jpg?w=1200&#038;ssl=1\"><\/div>\n<div class=\"detailmodule_image\"><img data-recalc-dims=\"1\" decoding=\"async\" class=\"detail-desc-decorate-image\" src=\"https:\/\/i0.wp.com\/ae01.alicdn.com\/kf\/S23d1c426d77d4c76a8d1b6a2a030cc01P.jpg?w=1200&#038;ssl=1\"><img data-recalc-dims=\"1\" decoding=\"async\" class=\"detail-desc-decorate-image\" src=\"https:\/\/i0.wp.com\/ae01.alicdn.com\/kf\/Sbf42586ad49b497e96448957c32b4727L.jpg?w=1200&#038;ssl=1\"><\/div>\n<p><\/p>\n<p><\/p>\n<p><\/p>\n<p><\/p>\n<p><\/div>\n<\/div>\n","protected":false},"excerpt":{"rendered":"<p>Adequado para os seguintes ve\u00edculos com rodas de liga originais: Adequado para Ford Focus 1998-2018 Adequado para Ford Fiesta 1995-2012 Adequado para Ford C-Max 2003-2017 Adequado para Ford Kuga 2008-2012 Adequado para ford ka 1996-2008 Para Ford Mondeo 1992-2014 Adequado para Ford Puma 1997-2001 Adequado para Ford Transit 1994-2000 Adequado para Ford Transit Connect 2002-2013&hellip;&nbsp;<\/p>\n","protected":false},"featured_media":46207,"template":"","meta":{"neve_meta_sidebar":"","neve_meta_container":"","neve_meta_enable_content_width":"","neve_meta_content_width":0,"neve_meta_title_alignment":"","neve_meta_author_avatar":"","neve_post_elements_order":"","neve_meta_disable_header":"","neve_meta_disable_footer":"","neve_meta_disable_title":""},"product_brand":[],"product_cat":[103,26,17],"product_tag":[],"class_list":{"0":"post-46213","1":"product","2":"type-product","3":"status-publish","4":"has-post-thumbnail","6":"product_cat-brocas-e-parafusos","7":"product_cat-pecas-de-desgaste","8":"product_cat-pecas-e-acessorios-automotivos","10":"first","11":"instock","12":"shipping-taxable","13":"purchasable","14":"product-type-variable"},"jetpack_sharing_enabled":true,"_links":{"self":[{"href":"https:\/\/listman.shop\/autoparts-br\/wp-json\/wp\/v2\/product\/46213","targetHints":{"allow":["GET"]}}],"collection":[{"href":"https:\/\/listman.shop\/autoparts-br\/wp-json\/wp\/v2\/product"}],"about":[{"href":"https:\/\/listman.shop\/autoparts-br\/wp-json\/wp\/v2\/types\/product"}],"wp:featuredmedia":[{"embeddable":true,"href":"https:\/\/listman.shop\/autoparts-br\/wp-json\/wp\/v2\/media\/46207"}],"wp:attachment":[{"href":"https:\/\/listman.shop\/autoparts-br\/wp-json\/wp\/v2\/media?parent=46213"}],"wp:term":[{"taxonomy":"product_brand","embeddable":true,"href":"https:\/\/listman.shop\/autoparts-br\/wp-json\/wp\/v2\/product_brand?post=46213"},{"taxonomy":"product_cat","embeddable":true,"href":"https:\/\/listman.shop\/autoparts-br\/wp-json\/wp\/v2\/product_cat?post=46213"},{"taxonomy":"product_tag","embeddable":true,"href":"https:\/\/listman.shop\/autoparts-br\/wp-json\/wp\/v2\/product_tag?post=46213"}],"curies":[{"name":"wp","href":"https:\/\/api.w.org\/{rel}","templated":true}]}}