{"id":46239,"date":"2025-03-30T10:31:50","date_gmt":"2025-03-30T01:31:50","guid":{"rendered":"https:\/\/listman.shop\/autoparts-br\/product\/1005007234457940\/"},"modified":"2026-04-14T22:01:06","modified_gmt":"2026-04-14T13:01:06","slug":"1005007234457940","status":"publish","type":"product","link":"https:\/\/listman.shop\/autoparts-br\/product\/1005007234457940\/","title":{"rendered":"Kit de fus\u00edveis midi 40a, suporte de 4 anos, 7&#215;40 amp, kit de fus\u00edveis midi para redarc bcdc, bateria dupla, acess\u00f3rios para carro"},"content":{"rendered":"<div class=\"detailmodule_html\">\n<div class=\"detail-desc-decorate-richtext\">\n<p><span style=\"font-size:20px\"><strong>Caracter&iacute;sticas:<\/strong><\/span><span style=\"font-size:20px\"><br \/>* novo e de alta qualidade<br \/>* Feito de material de alta qualidade e pr&aacute;tico de usar<\/span><\/p>\n<p><span style=\"font-size:20px\">*Este kit de fus&iacute;vel MIDI de alta qualidade &eacute; um fus&iacute;vel aparafusado compacto para prote&ccedil;&atilde;o de alta corrente<\/span><\/p>\n<p><span style=\"font-size:20px\">para salvar sua fia&ccedil;&atilde;o e dispositivos caros.<\/span><\/p>\n<p><span style=\"font-size:20px\">*O fus&iacute;vel resistente &eacute; preso com seguran&ccedil;a e apresenta um design &agrave; prova de poeira.<\/span><\/p>\n<p><span style=\"font-size:20px\">*Os fus&iacute;veis s&atilde;o avaliados em at&eacute; 32 Vcc e tamb&eacute;m s&atilde;o para uso em<\/span><\/p>\n<p><span style=\"font-size:20px\">Aplica&ccedil;&otilde;es de 12vcc e 24vcc.<\/span><\/p>\n<p><span style=\"font-size:20px\">*As aplica&ccedil;&otilde;es incluem caravanas<\/span><\/p>\n<p><span style=\"font-size:20px\">Configura&ccedil;&otilde;es 4&#215;4, minera&ccedil;&atilde;o, industrial, mar&iacute;tima, bateria dupla, som e bateria.<\/span><\/p>\n<p style=\"white-space:normal\"><span style=\"font-size:20px\"><strong>Pacote incluindo:<\/strong><\/span><span style=\"font-size:20px\"><br \/><\/span><\/p>\n<p><span style=\"font-size:20px\">4 x suporte de fus&iacute;vel ANS resistente<\/span><\/p>\n<p><span style=\"font-size:20px\">7 x fus&iacute;vel midi<\/span><\/p>\n<p><span style=\"font-size:20px\">8 x terminais de cabo SC10-6<\/span><\/p>\n<p><span style=\"font-size:20px\">8 x termorretr&aacute;til preto<\/span><\/p>\n<p><span style=\"font-size:20px\"><br \/><\/span><\/p>\n<p style=\"white-space:normal\"><span style=\"font-size:20px\"><strong>Nota:<\/strong><\/span><span style=\"font-size:20px\"><br \/><\/span><\/p>\n<p style=\"white-space:normal\"><span style=\"font-size:20px\">1.A cor real do item pode ser ligeiramente diferente das imagens mostradas no site, causadas por muitos fatores, como o brilho do monitor e o brilho da luz.<\/span><\/p>\n<p style=\"white-space:normal\"><span style=\"font-size:20px\">2. Por favor, permita um ligeiro desvio de medi&ccedil;&atilde;o manual para os dados.<\/span><\/p>\n<div>\n <img data-recalc-dims=\"1\" decoding=\"async\" src=\"https:\/\/i0.wp.com\/ae01.alicdn.com\/kf\/S85e64575bb3544bfb42f4c46ed874289f.jpeg?w=1200&#038;ssl=1\" \/><br \/>\n <img data-recalc-dims=\"1\" decoding=\"async\" src=\"https:\/\/i0.wp.com\/ae01.alicdn.com\/kf\/Sad8e3fa4fbfd47949b6e040f26b318f6D.jpeg?w=1200&#038;ssl=1\" \/><br \/>\n <img data-recalc-dims=\"1\" decoding=\"async\" src=\"https:\/\/i0.wp.com\/ae01.alicdn.com\/kf\/Sae8de5897528419fbbff46088ef32958h.jpeg?w=1200&#038;ssl=1\" \/><br \/>\n <img data-recalc-dims=\"1\" decoding=\"async\" src=\"https:\/\/i0.wp.com\/ae01.alicdn.com\/kf\/S9beeefe5fff64a0998b0c50f84ca6b16V.jpeg?w=1200&#038;ssl=1\" \/><br \/>\n <img data-recalc-dims=\"1\" decoding=\"async\" src=\"https:\/\/i0.wp.com\/ae01.alicdn.com\/kf\/S18443772841e4692b1d7aafd7009ef64g.jpeg?w=1200&#038;ssl=1\" \/><br \/>\n <img data-recalc-dims=\"1\" decoding=\"async\" src=\"https:\/\/i0.wp.com\/ae01.alicdn.com\/kf\/Sabbbf833217b47acaa738ed1c657bf8d9.jpeg?w=1200&#038;ssl=1\" \/><br \/>\n <img data-recalc-dims=\"1\" decoding=\"async\" src=\"https:\/\/i0.wp.com\/ae01.alicdn.com\/kf\/S1f027f49654140ed946ac51f9354a0dcN.jpeg?w=1200&#038;ssl=1\" \/><br \/>\n <img data-recalc-dims=\"1\" decoding=\"async\" src=\"https:\/\/i0.wp.com\/ae01.alicdn.com\/kf\/S67c50b42b1b04b10bbb62144885fe70ek.jpeg?w=1200&#038;ssl=1\" \/><br \/>\n <img data-recalc-dims=\"1\" decoding=\"async\" src=\"https:\/\/i0.wp.com\/ae01.alicdn.com\/kf\/Sce208067f850411babf8223367ac2607Y.jpeg?w=1200&#038;ssl=1\" \/><br \/>\n <img data-recalc-dims=\"1\" decoding=\"async\" src=\"https:\/\/i0.wp.com\/ae01.alicdn.com\/kf\/S5db34bbb90d244b19d63c5302f178ea4f.jpeg?w=1200&#038;ssl=1\" \/><br \/>\n <img data-recalc-dims=\"1\" decoding=\"async\" src=\"https:\/\/i0.wp.com\/ae01.alicdn.com\/kf\/S38d9464732c74b6a9c33a8a86c22dc6bW.jpeg?w=1200&#038;ssl=1\" \/><br \/>\n <img data-recalc-dims=\"1\" decoding=\"async\" src=\"https:\/\/i0.wp.com\/ae01.alicdn.com\/kf\/S93a1a37a37284d299a95f8f4ed525480b.jpeg?w=1200&#038;ssl=1\" \/>\n<\/div>\n<p><\/div>\n<\/div>\n","protected":false},"excerpt":{"rendered":"<p>Caracter&iacute;sticas:* novo e de alta qualidade* Feito de material de alta qualidade e pr&aacute;tico de usar *Este kit de fus&iacute;vel MIDI de alta qualidade &eacute; um fus&iacute;vel aparafusado compacto para prote&ccedil;&atilde;o de alta corrente para salvar sua fia&ccedil;&atilde;o e dispositivos caros. *O fus&iacute;vel resistente &eacute; preso com seguran&ccedil;a e apresenta um design &agrave; prova de&hellip;&nbsp;<\/p>\n","protected":false},"featured_media":46233,"template":"","meta":{"neve_meta_sidebar":"","neve_meta_container":"","neve_meta_enable_content_width":"","neve_meta_content_width":0,"neve_meta_title_alignment":"","neve_meta_author_avatar":"","neve_post_elements_order":"","neve_meta_disable_header":"","neve_meta_disable_footer":"","neve_meta_disable_title":""},"product_brand":[],"product_cat":[91,26,17],"product_tag":[],"class_list":{"0":"post-46239","1":"product","2":"type-product","3":"status-publish","4":"has-post-thumbnail","6":"product_cat-fusiveis","7":"product_cat-pecas-de-desgaste","8":"product_cat-pecas-e-acessorios-automotivos","10":"first","11":"instock","12":"shipping-taxable","13":"purchasable","14":"product-type-variable"},"jetpack_sharing_enabled":true,"_links":{"self":[{"href":"https:\/\/listman.shop\/autoparts-br\/wp-json\/wp\/v2\/product\/46239","targetHints":{"allow":["GET"]}}],"collection":[{"href":"https:\/\/listman.shop\/autoparts-br\/wp-json\/wp\/v2\/product"}],"about":[{"href":"https:\/\/listman.shop\/autoparts-br\/wp-json\/wp\/v2\/types\/product"}],"wp:featuredmedia":[{"embeddable":true,"href":"https:\/\/listman.shop\/autoparts-br\/wp-json\/wp\/v2\/media\/46233"}],"wp:attachment":[{"href":"https:\/\/listman.shop\/autoparts-br\/wp-json\/wp\/v2\/media?parent=46239"}],"wp:term":[{"taxonomy":"product_brand","embeddable":true,"href":"https:\/\/listman.shop\/autoparts-br\/wp-json\/wp\/v2\/product_brand?post=46239"},{"taxonomy":"product_cat","embeddable":true,"href":"https:\/\/listman.shop\/autoparts-br\/wp-json\/wp\/v2\/product_cat?post=46239"},{"taxonomy":"product_tag","embeddable":true,"href":"https:\/\/listman.shop\/autoparts-br\/wp-json\/wp\/v2\/product_tag?post=46239"}],"curies":[{"name":"wp","href":"https:\/\/api.w.org\/{rel}","templated":true}]}}