{"id":46397,"date":"2025-03-30T10:42:13","date_gmt":"2025-03-30T01:42:13","guid":{"rendered":"https:\/\/listman.shop\/autoparts-br\/product\/1005007628078461\/"},"modified":"2026-04-14T21:49:06","modified_gmt":"2026-04-14T12:49:06","slug":"1005007628078461","status":"publish","type":"product","link":"https:\/\/listman.shop\/autoparts-br\/product\/1005007628078461\/","title":{"rendered":"Conjunto de juntas refrigerador de \u00f3leo para OM642 280 300 320 350 CDI para Mercedes W203 W204 W211 S203 S204 W639 W461 W166 W164"},"content":{"rendered":"<div class=\"detailmodule_html\">\n<div class=\"detail-desc-decorate-richtext\">\n<div class=\"detailmodule_html\">\n<div class=\"detail-desc-decorate-richtext\"><span style=\"font-family: ''Amazon Ember'', Arial, sans-serif;font-size: small\">Especifica\u00e7\u00f5es do produto:<\/span><br style=\"font-family: ''Amazon Ember'', Arial, sans-serif;font-size: small\"><span style=\"font-family: ''Amazon Ember'', Arial, sans-serif;font-size: small\">Condi\u00e7\u00e3o: 100% novo<\/span><br style=\"font-family: ''Amazon Ember'', Arial, sans-serif;font-size: small\"><br style=\"font-family: ''Amazon Ember'', Arial, sans-serif;font-size: small\"><span style=\"font-family: ''Amazon Ember'', Arial, sans-serif;font-size: small\">Compatibilidade:<\/span><br style=\"font-family: ''Amazon Ember'', Arial, sans-serif;font-size: small\"><span style=\"font-family: ''Amazon Ember'', Arial, sans-serif;font-size: small\">Adequado para motores 280 CDI 184 HP 190 HP, 300 CDI 184 HP 190 HP 204 PS 231 HP, 320 CDI 211 HP 224 HP 235 HP, 350 CDI 211 PS 224 HP 231 PS 235 PS, 218, 2CDI 184 PS 219 CDI 190 HP, 318 CDI 184 PS 319 CDI 190 HP, 418 CDI 184 PS, 419 CDI 190 PS, 519 CDI 184 PS, 519 CDI 190 PS, 519 CDI 190 PS, 519 CDI 19 CDI 0HP,<\/span><br style=\"font-family: ''Amazon Ember'', Arial, sans-serif;font-size: small\"><br style=\"font-family: ''Amazon Ember'', Arial, sans-serif;font-size: small\"><span style=\"font-family: ''Amazon Ember'', Arial, sans-serif;font-size: small\">Compat\u00edvel com Benz W203 W204 S203 S204 C209 A209 C218 C219 X218 W211 W212 W213 S213 A207 A238 C207 C238 S211 S211.212 S213 W461 W463 X164 X166 W166 C292 X204 X166 W164 W221 Viano W639 Sprinter 906 907<\/span><br style=\"font-family: ''Amazon Ember'', Arial, sans-serif;font-size: small\"><br style=\"font-family: ''Amazon Ember'', Arial, sans-serif;font-size: small\"><span style=\"font-family: ''Amazon Ember'', Arial, sans-serif;font-size: small\">OEM:<\/span><br style=\"font-family: ''Amazon Ember'', Arial, sans-serif;font-size: small\"><span style=\"font-family: ''Amazon Ember'', Arial, sans-serif;font-size: small\">A642 188 00 01, A6421880001, A 642 091 0150, A6420910150, A6421800165, A642 180 01 65<\/span><br style=\"font-family: ''Amazon Ember'', Arial, sans-serif;font-size: small\"><span style=\"font-family: ''Amazon Ember'', Arial, sans-serif;font-size: small\">642 180 0165, 642 188 00 01, 6421880001, 6421800165, 642 141 05 80, 6421410580<\/span><br style=\"font-family: ''Amazon Ember'', Arial, sans-serif;font-size: small\"><br style=\"font-family: ''Amazon Ember'', Arial, sans-serif;font-size: small\"><span style=\"font-family: ''Amazon Ember'', Arial, sans-serif;font-size: small\">Caracter\u00edsticas:<\/span><br style=\"font-family: ''Amazon Ember'', Arial, sans-serif;font-size: small\"><span style=\"font-family: ''Amazon Ember'', Arial, sans-serif;font-size: small\">1) O kit de reparo de veda\u00e7\u00e3o do resfriador de \u00f3leo \u00e9 um acess\u00f3rio importante especialmente projetado para sistemas de resfriamento de \u00f3leo para reparar ou substituir juntas para evitar vazamentos de \u00f3leo.<\/span><br style=\"font-family: ''Amazon Ember'', Arial, sans-serif;font-size: small\"><span style=\"font-family: ''Amazon Ember'', Arial, sans-serif;font-size: small\">2) Feito de materiais de alta qualidade, \u00e9 resistente ao \u00f3leo e a altas temperaturas, garantindo que as veda\u00e7\u00f5es do sistema de resfriamento de \u00f3leo funcionem de forma eficaz por um longo tempo.<\/span><br style=\"font-family: ''Amazon Ember'', Arial, sans-serif;font-size: small\"><span style=\"font-family: ''Amazon Ember'', Arial, sans-serif;font-size: small\">3) O kit cont\u00e9m v\u00e1rias juntas, juntas, an\u00e9is de veda\u00e7\u00e3o e outros acess\u00f3rios para atender \u00e0s necessidades de reparo de veda\u00e7\u00f5es do resfriador de \u00f3leo.<\/span><br style=\"font-family: ''Amazon Ember'', Arial, sans-serif;font-size: small\"><span style=\"font-family: ''Amazon Ember'', Arial, sans-serif;font-size: small\">4) F\u00e1cil de usar, pode evitar perda de \u00f3leo e falha do sistema devido a vazamento.<\/span><br style=\"font-family: ''Amazon Ember'', Arial, sans-serif;font-size: small\"><br style=\"font-family: ''Amazon Ember'', Arial, sans-serif;font-size: small\"><span style=\"font-family: ''Amazon Ember'', Arial, sans-serif;font-size: small\">Pacote:<\/span><br style=\"font-family: ''Amazon Ember'', Arial, sans-serif;font-size: small\"><span style=\"font-family: ''Amazon Ember'', Arial, sans-serif;font-size: small\">1 x conjunto de juntas do refrigerador de \u00f3leo.<\/span><br style=\"font-family: ''Amazon Ember'', Arial, sans-serif;font-size: small\"><br style=\"font-family: ''Amazon Ember'', Arial, sans-serif;font-size: small\"><span style=\"font-family: ''Amazon Ember'', Arial, sans-serif;font-size: small\">N\u00f3s nos esfor\u00e7amos para que nossos produtos e servi\u00e7os proporcionem uma experi\u00eancia de compra satisfat\u00f3ria. Se voc\u00ea tiver alguma d\u00favida, n\u00e3o hesite em nos contatar. Faremos o nosso melhor para resolver o problema para voc\u00ea.<\/span><br \/><img data-recalc-dims=\"1\" decoding=\"async\" src=\"https:\/\/i0.wp.com\/ae01.alicdn.com\/kf\/Sc5ab142eee9b49e7abcef7cab6310a29E.jpg?w=1200&#038;ssl=1\"><br \/><img data-recalc-dims=\"1\" decoding=\"async\" src=\"https:\/\/i0.wp.com\/ae01.alicdn.com\/kf\/Sc3a2bab4b79d416ebdbda8e6d9797f3ab.jpg?w=1200&#038;ssl=1\"><br \/><img data-recalc-dims=\"1\" decoding=\"async\" src=\"https:\/\/i0.wp.com\/ae01.alicdn.com\/kf\/S47d4a9bf1d884cf88064738b467c7111c.jpg?w=1200&#038;ssl=1\"><br \/><img data-recalc-dims=\"1\" decoding=\"async\" src=\"https:\/\/i0.wp.com\/ae01.alicdn.com\/kf\/S06afa1891a52494ab6fcb2ff58a17d8fQ.jpg?w=1200&#038;ssl=1\"><br \/><img data-recalc-dims=\"1\" decoding=\"async\" src=\"https:\/\/i0.wp.com\/ae01.alicdn.com\/kf\/Sc36b7b72525f4c6a8f0a119b04882886e.jpg?w=1200&#038;ssl=1\"><br \/><img data-recalc-dims=\"1\" decoding=\"async\" src=\"https:\/\/i0.wp.com\/ae01.alicdn.com\/kf\/Sce2f017415b5429eb873b29446d0a852U.jpg?w=1200&#038;ssl=1\"><br \/><img data-recalc-dims=\"1\" decoding=\"async\" src=\"https:\/\/i0.wp.com\/ae01.alicdn.com\/kf\/Sfd75af4c97744338bb8e139b13cf21d8m.jpg?w=1200&#038;ssl=1\"><\/div>\n<\/div>\n<\/div>\n<\/div>\n","protected":false},"excerpt":{"rendered":"<p>Especifica\u00e7\u00f5es do produto:Condi\u00e7\u00e3o: 100% novoCompatibilidade:Adequado para motores 280 CDI 184 HP 190 HP, 300 CDI 184 HP 190 HP 204 PS 231 HP, 320 CDI 211 HP 224 HP 235 HP, 350 CDI 211 PS 224 HP 231 PS 235 PS, 218, 2CDI 184 PS 219 CDI 190 HP, 318 CDI 184 PS 319 CDI&hellip;&nbsp;<\/p>\n","protected":false},"featured_media":46391,"template":"","meta":{"neve_meta_sidebar":"","neve_meta_container":"","neve_meta_enable_content_width":"","neve_meta_content_width":0,"neve_meta_title_alignment":"","neve_meta_author_avatar":"","neve_post_elements_order":"","neve_meta_disable_header":"","neve_meta_disable_footer":"","neve_meta_disable_title":""},"product_brand":[],"product_cat":[190,26,17],"product_tag":[],"class_list":{"0":"post-46397","1":"product","2":"type-product","3":"status-publish","4":"has-post-thumbnail","6":"product_cat-juntas-mecanicas","7":"product_cat-pecas-de-desgaste","8":"product_cat-pecas-e-acessorios-automotivos","10":"first","11":"outofstock","12":"shipping-taxable","13":"purchasable","14":"product-type-variable"},"jetpack_sharing_enabled":true,"_links":{"self":[{"href":"https:\/\/listman.shop\/autoparts-br\/wp-json\/wp\/v2\/product\/46397","targetHints":{"allow":["GET"]}}],"collection":[{"href":"https:\/\/listman.shop\/autoparts-br\/wp-json\/wp\/v2\/product"}],"about":[{"href":"https:\/\/listman.shop\/autoparts-br\/wp-json\/wp\/v2\/types\/product"}],"wp:featuredmedia":[{"embeddable":true,"href":"https:\/\/listman.shop\/autoparts-br\/wp-json\/wp\/v2\/media\/46391"}],"wp:attachment":[{"href":"https:\/\/listman.shop\/autoparts-br\/wp-json\/wp\/v2\/media?parent=46397"}],"wp:term":[{"taxonomy":"product_brand","embeddable":true,"href":"https:\/\/listman.shop\/autoparts-br\/wp-json\/wp\/v2\/product_brand?post=46397"},{"taxonomy":"product_cat","embeddable":true,"href":"https:\/\/listman.shop\/autoparts-br\/wp-json\/wp\/v2\/product_cat?post=46397"},{"taxonomy":"product_tag","embeddable":true,"href":"https:\/\/listman.shop\/autoparts-br\/wp-json\/wp\/v2\/product_tag?post=46397"}],"curies":[{"name":"wp","href":"https:\/\/api.w.org\/{rel}","templated":true}]}}