{"id":46527,"date":"2025-03-30T10:48:51","date_gmt":"2025-03-30T01:48:51","guid":{"rendered":"https:\/\/listman.shop\/autoparts-br\/product\/1005008317762518\/"},"modified":"2026-04-14T21:42:13","modified_gmt":"2026-04-14T12:42:13","slug":"1005008317762518","status":"publish","type":"product","link":"https:\/\/listman.shop\/autoparts-br\/product\/1005008317762518\/","title":{"rendered":"Lhd dianteiro traseiro l\u00e2minas de limpador de p\u00e1ra-brisa para dacia sandero stepway streetway 2007 &#8211; 2023 acess\u00f3rios 2008 2012 2013 2016 2018 2020"},"content":{"rendered":"<div class=\"detailmodule_html\">\n<div class=\"detail-desc-decorate-richtext\">\n<h1><strong><span style=\"font-size:24px\" id=\"tl_1\">Lhd dianteiro traseiro limpador de p&aacute;ra-brisa l&acirc;minas para dacia sandero stepway 2007-2023 escovas de p&aacute;ra-brisas 2008 2012 2013 2016 2018 2020<\/span><\/strong><\/h1>\n<p><img data-recalc-dims=\"1\" decoding=\"async\" src=\"https:\/\/i0.wp.com\/ae01.alicdn.com\/kf\/S9284573d81944a1f95080d45d9a830a3B.jpg?w=1200&#038;ssl=1\" \/><img data-recalc-dims=\"1\" decoding=\"async\" src=\"https:\/\/i0.wp.com\/ae01.alicdn.com\/kf\/Sda850dc259ad47949de5552b3234c07bq.jpg?w=1200&#038;ssl=1\" \/><img data-recalc-dims=\"1\" loading=\"lazy\" decoding=\"async\" width=\"800\" height=\"800\" src=\"https:\/\/i0.wp.com\/ae01.alicdn.com\/kf\/S02558c4c3f8a40e69b8f5d5a0bb21fd7E.jpg?resize=800%2C800&#038;ssl=1\" \/><img data-recalc-dims=\"1\" decoding=\"async\" src=\"https:\/\/i0.wp.com\/ae01.alicdn.com\/kf\/S7b087abeb5ce4d088a538c669f595a4da.jpg?w=1200&#038;ssl=1\" \/><img data-recalc-dims=\"1\" decoding=\"async\" src=\"https:\/\/i0.wp.com\/ae01.alicdn.com\/kf\/S611cf5c0af2b47dfaca17cf62229c143q.jpg?w=1200&#038;ssl=1\" \/><img data-recalc-dims=\"1\" decoding=\"async\" src=\"https:\/\/i0.wp.com\/ae01.alicdn.com\/kf\/S8fa0599de75c41d8a6afd16037fbe904b.jpg?w=1200&#038;ssl=1\" \/><img data-recalc-dims=\"1\" decoding=\"async\" src=\"https:\/\/i0.wp.com\/ae01.alicdn.com\/kf\/S2f4071e2f4574e9caf923d6ba8a9a62ek.jpg?w=1200&#038;ssl=1\" \/><img data-recalc-dims=\"1\" decoding=\"async\" src=\"https:\/\/i0.wp.com\/ae01.alicdn.com\/kf\/S60f5572023664ac7b80dabfb776419f27.jpg?w=1200&#038;ssl=1\" \/><img data-recalc-dims=\"1\" decoding=\"async\" src=\"https:\/\/i0.wp.com\/ae01.alicdn.com\/kf\/S7105854ac5c5421089cceeea892635d41.jpg?w=1200&#038;ssl=1\" \/><\/p>\n<p><\/p>\n<\/div>\n<\/div>\n","protected":false},"excerpt":{"rendered":"<p>Lhd dianteiro traseiro limpador de p&aacute;ra-brisa l&acirc;minas para dacia sandero stepway 2007-2023 escovas de p&aacute;ra-brisas 2008 2012 2013 2016 2018 2020<\/p>\n","protected":false},"featured_media":46521,"template":"","meta":{"neve_meta_sidebar":"","neve_meta_container":"","neve_meta_enable_content_width":"","neve_meta_content_width":0,"neve_meta_title_alignment":"","neve_meta_author_avatar":"","neve_post_elements_order":"","neve_meta_disable_header":"","neve_meta_disable_footer":"","neve_meta_disable_title":""},"product_brand":[],"product_cat":[45,26,17],"product_tag":[],"class_list":{"0":"post-46527","1":"product","2":"type-product","3":"status-publish","4":"has-post-thumbnail","6":"product_cat-brisas-parts","7":"product_cat-pecas-de-desgaste","8":"product_cat-pecas-e-acessorios-automotivos","10":"first","11":"instock","12":"shipping-taxable","13":"purchasable","14":"product-type-variable","15":"has-default-attributes"},"jetpack_sharing_enabled":true,"_links":{"self":[{"href":"https:\/\/listman.shop\/autoparts-br\/wp-json\/wp\/v2\/product\/46527","targetHints":{"allow":["GET"]}}],"collection":[{"href":"https:\/\/listman.shop\/autoparts-br\/wp-json\/wp\/v2\/product"}],"about":[{"href":"https:\/\/listman.shop\/autoparts-br\/wp-json\/wp\/v2\/types\/product"}],"wp:featuredmedia":[{"embeddable":true,"href":"https:\/\/listman.shop\/autoparts-br\/wp-json\/wp\/v2\/media\/46521"}],"wp:attachment":[{"href":"https:\/\/listman.shop\/autoparts-br\/wp-json\/wp\/v2\/media?parent=46527"}],"wp:term":[{"taxonomy":"product_brand","embeddable":true,"href":"https:\/\/listman.shop\/autoparts-br\/wp-json\/wp\/v2\/product_brand?post=46527"},{"taxonomy":"product_cat","embeddable":true,"href":"https:\/\/listman.shop\/autoparts-br\/wp-json\/wp\/v2\/product_cat?post=46527"},{"taxonomy":"product_tag","embeddable":true,"href":"https:\/\/listman.shop\/autoparts-br\/wp-json\/wp\/v2\/product_tag?post=46527"}],"curies":[{"name":"wp","href":"https:\/\/api.w.org\/{rel}","templated":true}]}}