{"id":46626,"date":"2025-03-30T10:53:52","date_gmt":"2025-03-30T01:53:52","guid":{"rendered":"https:\/\/listman.shop\/autoparts-br\/product\/33037420307\/"},"modified":"2026-04-14T21:25:06","modified_gmt":"2026-04-14T12:25:06","slug":"33037420307","status":"publish","type":"product","link":"https:\/\/listman.shop\/autoparts-br\/product\/33037420307\/","title":{"rendered":"Misima l\u00e2minas de limpador de p\u00e1ra-brisa para smart fortwwo w451 2007 &#8211; 2014 conjunto de janela traseira dianteira 2008 2009 2010 2011 2012 2013"},"content":{"rendered":"<div class=\"detailmodule_html\">\n<div class=\"detail-desc-decorate-richtext\">\n<div class=\"detailmodule_html\">\n<div class=\"detail-desc-decorate-richtext\">\n<div class=\"detailmodule_html\">\n<div class=\"detail-desc-decorate-richtext\">\n<div class=\"detailmodule_html\">\n<div class=\"detail-desc-decorate-richtext\">\n<div class=\"detailmodule_html\">\n<div class=\"detail-desc-decorate-richtext\">\n<div class=\"detailmodule_html\">\n<div class=\"detail-desc-decorate-richtext\">\n<div class=\"detailmodule_html\">\n<div class=\"detail-desc-decorate-richtext\">\n<div class=\"detailmodule_html\">\n<div class=\"detail-desc-decorate-richtext\">\n<div class=\"detailmodule_dynamic\"><\/div>\n<\/div>\n<div class=\"detailmodule_dynamic\"><\/div>\n<\/div>\n<div class=\"detailmodule_dynamic\"><\/div>\n<\/div>\n<div class=\"detailmodule_dynamic\"><\/div>\n<\/div>\n<div class=\"detailmodule_dynamic\"><\/div>\n<\/div>\n<div class=\"detailmodule_dynamic\"><\/div>\n<\/div>\n<div class=\"detailmodule_dynamic\"><\/div>\n<\/div>\n<div class=\"detailmodule_dynamic\"><\/div>\n<\/div>\n<div class=\"detailmodule_dynamic\"><\/div>\n<div class=\"detailmodule_html\">\n<div class=\"detail-desc-decorate-richtext\">\n<div class=\"detailmodule_html\">\n<div class=\"detail-desc-decorate-richtext\">\n<div class=\"detailmodule_html\">\n<div class=\"detail-desc-decorate-richtext\">\n<div class=\"detailmodule_html\">\n<div class=\"detail-desc-decorate-richtext\">\n<div class=\"detailmodule_html\">\n<div class=\"detail-desc-decorate-richtext\">\n<div class=\"detailmodule_html\">\n<div class=\"detail-desc-decorate-richtext\">\n<div class=\"detailmodule_html\">\n<div class=\"detail-desc-decorate-richtext\">\n<div class=\"detailmodule_html\">\n<div class=\"detail-desc-decorate-richtext\">\n<div class=\"detailmodule_html\">\n<div class=\"detail-desc-decorate-richtext\">\n<div style=\"line-height:normal;font-style:normal;color:#000000;font-size:medium;font-weight:normal\"><img data-recalc-dims=\"1\" decoding=\"async\" alt=\"aeProduct.getSubject()\" src=\"https:\/\/i0.wp.com\/ae01.alicdn.com\/kf\/HLB1Ss9cGXXXXXcrXFXXq6xXFXXXc.jpg?w=1200\"> <\/div>\n<\/div>\n<\/div>\n<div class=\"detailmodule_dynamic\"><\/div>\n<\/div>\n<\/div>\n<div class=\"detailmodule_dynamic\"><\/div>\n<\/div>\n<\/div>\n<div class=\"detailmodule_dynamic\"><\/div>\n<\/div>\n<\/div>\n<div class=\"detailmodule_dynamic\"><\/div>\n<\/div>\n<\/div>\n<div class=\"detailmodule_dynamic\"><\/div>\n<\/div>\n<\/div>\n<div class=\"detailmodule_dynamic\"><\/div>\n<\/div>\n<\/div>\n<div class=\"detailmodule_dynamic\"><\/div>\n<\/div>\n<\/div>\n<div class=\"detailmodule_dynamic\"><\/div>\n<\/div>\n<\/div>\n<div class=\"detailmodule_dynamic\"><\/div>\n<div class=\"detailmodule_html\">\n<div class=\"detail-desc-decorate-richtext\">\n<div class=\"detailmodule_html\">\n<div class=\"detail-desc-decorate-richtext\">\n<div class=\"detailmodule_html\">\n<div class=\"detail-desc-decorate-richtext\">\n<div class=\"detailmodule_html\">\n<div class=\"detail-desc-decorate-richtext\">\n<div class=\"detailmodule_html\">\n<div class=\"detail-desc-decorate-richtext\">\n<div class=\"detailmodule_html\">\n<div class=\"detail-desc-decorate-richtext\">\n<div class=\"detailmodule_html\">\n<div class=\"detail-desc-decorate-richtext\">\n<div class=\"detailmodule_html\">\n<div class=\"detail-desc-decorate-richtext\">\n<div class=\"detailmodule_html\">\n<div class=\"detail-desc-decorate-richtext\">\n<p style=\"line-height:normal;font-style:normal;color:#000000;font-size:medium;font-weight:normal\"><img data-recalc-dims=\"1\" decoding=\"async\" alt=\"aeProduct.getSubject()\" src=\"https:\/\/i0.wp.com\/ae01.alicdn.com\/kf\/HLB1x.qdGXXXXXaLXFXXq6xXFXXXD.jpg?w=700\" ><\/p>\n<p style=\"line-height:normal;font-style:normal;color:#000000;font-size:medium;font-weight:normal\">&nbsp;<\/p>\n<p style=\"line-height:normal;font-style:normal;color:#000000;font-size:medium;font-weight:normal\"><span style=\"font-size:16px\"><span>Marca: Misima<\/span><\/span><\/p>\n<p style=\"line-height:normal;font-style:normal;color:#000000;font-size:medium;font-weight:normal\"><span style=\"font-size:16px\"><\/span>&nbsp;<\/p>\n<p style=\"line-height:normal;font-style:normal;color:#000000;font-size:medium;font-weight:normal\"><span><span><span style=\"font-size:16px\"><strong>Montagem:<\/strong><\/span><br \/><span style=\"font-size:16px\"><strong>Para smart fortwo w451 coupe 2007-2014<\/strong><\/span><\/span><\/span><\/p>\n<p><span><span><span style=\"font-size:16px\"><\/span> <\/p>\n<p style=\"line-height:normal;font-style:normal;color:#000000;font-size:medium;font-weight:normal\"><span style=\"color:#ff0000;font-size:16px\"><strong>Tamanho: 23 &#8220;+ 21&#8243; + 10&#8221;<\/strong><\/span><\/p>\n<p style=\"line-height:normal;font-style:normal;color:#000000;font-size:medium;font-weight:normal\"><span style=\"font-size:16px\"><\/span><\/span><\/span>&nbsp;<\/p>\n<p><p style=\"line-height:normal;font-style:normal;color:#000000;font-size:medium;font-weight:normal\"><span><span><span style=\"font-size:16px\">Condi\u00e7\u00e3o: 100% novo n\u00e3o utilizado (qualidade verificada antes do envio)<\/span><br \/><span style=\"font-size:16px\">Composi\u00e7\u00e3o: 3 pces (lado do passageiro + lado do motorista + traseiro)<\/span><br \/><span style=\"font-size:16px\">Feito: feito na china<\/span><br \/><span style=\"font-size:16px\">Material: alta qualidade de borracha natural garante o desempenho m\u00e1ximo<\/span><\/span><\/span><\/p>\n<p style=\"line-height:normal;font-style:normal;color:#000000;font-size:medium;font-weight:normal\"><span><span><span style=\"font-size:16px\"><\/span><\/span><\/span>&nbsp;<\/p>\n<p style=\"line-height:normal;font-style:normal;color:#000000;font-size:medium;font-weight:normal\"><span><span><span style=\"font-size:16px\"><strong>Mat\u00e9ria:<\/strong><\/span><br \/><span style=\"font-size:16px\">Ajuste personalizado, uma substitui\u00e7\u00e3o direta dos antigos.<\/span><br \/><span style=\"font-size:16px\">Toler\u00e2ncia de temperatura: + 158f a-40f (+ 70c a-40c) 1 milh\u00e3o de vezes de limpeza.<\/span><br \/><span style=\"font-size:16px\">Design exclusivo de tr\u00eas se\u00e7\u00f5es aplica-se mesmo press\u00e3o ao longo de todo o comprimento da l\u00e2mina<\/span><br \/><span style=\"font-size:16px\">A mem\u00f3ria da tens\u00e3o aplica mesmo a press\u00e3o ao longo de toda a l\u00e2mina alongamenteespecialmente<\/span><br \/><span style=\"font-size:16px\">A borracha misturada entrega o melhor limpador liso, limpo, sem conversas<\/span><br \/><span style=\"font-size:16px\">O design aerodin\u00e2mico reduz significativamente o arrasto, o ru\u00eddo e o elevador do vento<\/span><br \/><span style=\"font-size:16px\">Impede o ac\u00famulo de gelo e neve da exposi\u00e7\u00e3o de componentes met\u00e1licos\/pl\u00e1sticos<\/span><\/span><\/span><\/p>\n<p style=\"line-height:normal;font-style:normal;color:#000000;font-size:medium;font-weight:normal\"><span style=\"font-size:16px\"><span>Instru\u00e7\u00e3o: este item n\u00e3o vem com instala\u00e7\u00e3o manual<\/span><\/span><\/p>\n<p style=\"line-height:normal;font-style:normal;color:#000000;font-size:medium;font-weight:normal\">&nbsp;<\/p>\n<p><img data-recalc-dims=\"1\" decoding=\"async\" alt=\"aeProduct.getSubject()\" src=\"https:\/\/i0.wp.com\/ae01.alicdn.com\/kf\/HLB1CT88GXXXXXavXVXXq6xXFXXXe.jpg?w=700\" ><\/p>\n<p><img data-recalc-dims=\"1\" decoding=\"async\" style=\"width:1000px\" src=\"https:\/\/i0.wp.com\/ae01.alicdn.com\/kf\/HTB1cSFbcL1G3KVjSZFkq6yK4XXaA.jpg?w=1200\"><\/p>\n<p><img data-recalc-dims=\"1\" decoding=\"async\" style=\"width:1000px\" src=\"https:\/\/i0.wp.com\/ae01.alicdn.com\/kf\/HTB1TwNfcRCw3KVjSZFlq6AJkFXa2.jpg?w=1200\"><\/p>\n<p><img data-recalc-dims=\"1\" decoding=\"async\" style=\"width:1000px\" src=\"https:\/\/i0.wp.com\/ae01.alicdn.com\/kf\/HTB1bTNgcRKw3KVjSZFOq6yrDVXau.jpg?w=1200\"><\/p>\n<p><img data-recalc-dims=\"1\" decoding=\"async\" style=\"width:1000px\" src=\"https:\/\/i0.wp.com\/ae01.alicdn.com\/kf\/HTB1CcE.cv1H3KVjSZFBq6zSMXXaS.jpg?w=1200\"><\/p>\n<p><img data-recalc-dims=\"1\" decoding=\"async\" style=\"width:1000px\" src=\"https:\/\/i0.wp.com\/ae01.alicdn.com\/kf\/HTB19kE.cwmH3KVjSZKzq6z2OXXau.jpg?w=1200\"><\/p>\n<p><\/p>\n<p><\/p>\n<div style=\"line-height:normal;font-style:normal;color:#000000;font-size:medium;font-weight:normal\"><img data-recalc-dims=\"1\" decoding=\"async\" alt=\"aeProduct.getSubject()\" src=\"https:\/\/i0.wp.com\/ae01.alicdn.com\/kf\/HLB1gjycGXXXXXc7XFXXq6xXFXXXo.jpg?w=700\" > <\/div>\n<div style=\"line-height:normal;font-style:normal;color:#000000;font-size:medium;font-weight:normal\">\n<p><span style=\"font-family:arial;font-size:12px\"><strong>Sobre N\u00f3s<\/strong><\/span><br \/><span style=\"font-family:arial;font-size:12px\">Bestclickshop, uma da marca de propriedade da pol\u00edcia automotiva de ajuste r\u00e1pido, est\u00e1 sendo uma das maiores pe\u00e7as automotivas e lojas de acess\u00f3rios on-line desde 2008. Nosso alvo \u00e9 ser o maior guarda-roupa online do mundo em 3 anos. Nosso objetivo \u00e9 ser emocionante e inovador, oferecendo aos nossos clientes o mais recente e uma variedade de pe\u00e7as motoras que eles querem.<\/span> <\/p>\n<p>&nbsp;<\/p>\n<p><span style=\"font-family:arial;font-size:12px\"><strong>Por que nos Escolher?<\/strong><\/span><\/p>\n<p><span style=\"font-family:arial;font-size:12px\">1. uma enorme variedade de produtos-com mais de 2,200,000 itens em estoque, o ajuste r\u00e1pido est\u00e1 sendo atualmente uma das maiores lojas on-line do mundo. Voc\u00ea ter\u00e1 mais escolhas do que pode imaginar. Al\u00e9m disso, estamos atualizando com mais de 100 rec\u00e9m-chegados por dia!<\/span> <\/p>\n<p><span style=\"font-family:arial;font-size:12px\">2. pre\u00e7os acess\u00edveis-bestclickshop est\u00e1 oferecendo as pe\u00e7as e acess\u00f3rios mais recentes do carro por quase 10 anos, estamos sempre acompanhando as tend\u00eancias mais recentes, enquanto o mais importante, fazendo os pre\u00e7os t\u00e3o baixos quanto podemos.<\/span> <\/p>\n<p><span style=\"font-family:arial;font-size:12px\">3. frete gr\u00e1tis para todo o mundo &#8212; sim, voc\u00ea n\u00e3o vai acreditar que voc\u00ea vai desfrutar de frete gr\u00e1tis para todo o mundo conosco (a menos que especificado em contr\u00e1rio), n\u00e3o \u00e9 uma piada, mas uma verdade absoluta.<\/span> <\/p>\n<p><span style=\"font-family:arial;font-size:12px\">4. reembolso e devolu\u00e7\u00e3o sem d\u00favida-qualquer coisa de qualidade de emiss\u00e3o e quebra pode ser devolvido ou reembols\u00e1vel.<\/span> <\/p>\n<p>&nbsp;<\/p>\n<p><span style=\"font-family:arial;font-size:12px\"><strong>Gr\u00e1tis:<\/strong><\/span><\/p>\n<p><span style=\"font-family:arial;font-size:12px\">1. tempo de recebimento = tempo de processamento + tempo de envio<\/span> <\/p>\n<p><span style=\"font-family:arial;font-size:12px\">2. tempo de processamento: em torno de 5-15 dias<\/span> <\/p>\n<p><span style=\"font-family:arial;font-size:12px\">3. tempo de envio:<\/span> <\/p>\n<p><span style=\"font-family:arial;font-size:12px\">15-26 dias por correio a\u00e9reo, livre.<\/span> <\/p>\n<p><span style=\"font-family:arial;font-size:12px\">3-10 dias \u00fateis por expresso.<\/span> <\/p>\n<p>&nbsp;<\/p>\n<p><span style=\"font-family:arial;font-size:12px\"><strong>Aviso:<\/strong><\/span><\/p>\n<p><span style=\"font-family:arial;font-size:12px\">Quando voc\u00ea fizer um pedido, escolha um m\u00e9todo de envio e pague pelo pedido, incluindo a taxa de envio. E certifique-se de que seu endere\u00e7o atual est\u00e1 correto ap\u00f3s o pagamento dentro de 1-2 dias!<\/span> <\/p>\n<p><span style=\"font-family:arial;font-size:12px\">N\u00f3s n\u00e3o garantimos o tempo de entrega em todos os embarques internacionais devido a diferen\u00e7as nos tempos de libera\u00e7\u00e3o alfandeg\u00e1ria em cada pa\u00eds, o que pode afetar a rapidez com que seu produto \u00e9 inspecionado!<\/span> <\/p>\n<p>&nbsp;<\/p>\n<p><span style=\"font-family:arial;font-size:12px\"><strong>Nossa Garantia:<\/strong><\/span><\/p>\n<p><span style=\"font-family:arial;font-size:12px\">Se voc\u00ea n\u00e3o est\u00e1 100% satisfeito com a qualidade dos produtos que voc\u00ea comprou, voc\u00ea pode devolver ou trocar seus itens no prazo de 30 dias a partir da data de entrega.<\/span> <\/p>\n<p>&nbsp;<\/p>\n<p><span style=\"font-family:arial;font-size:12px\"><strong>Pedido:<\/strong><\/span><\/p>\n<p><span style=\"font-family:arial;font-size:12px\">1. itens recebidos dentro de 30 dias a partir da data de entrega.<\/span><br \/><span style=\"font-family:arial;font-size:12px\">2. itens recebidos n\u00e3o utilizados, n\u00e3o danificados e na embalagem original.<\/span><br \/><span style=\"font-family:arial;font-size:12px\">3. a taxa de envio da devolu\u00e7\u00e3o \u00e9 paga pelo comprador.<\/span> <\/p>\n<p><span style=\"font-family:arial;font-size:12px\"><strong>Feedback:<\/strong><\/span><\/p>\n<p><span style=\"font-family:arial;font-size:12px\">1. seu feedback \u00e9 muito importante para n\u00f3s e para todos os compradores. Por favor, tome alguns segundos para deixar um \u00f3timo feedback se voc\u00ea estiver satisfeito com nosso produto e servi\u00e7o.<\/span> <\/p>\n<p><span style=\"font-family:arial;font-size:12px\">2. entre em contato conosco antes de deixar coment\u00e1rios neutros (3 estrelas) ou negativos (1-2 estrelas). Vamos tentar o nosso melhor para resolver o problema e deixar-lhe uma feliz compra aqui. Obrigado!<\/span><\/p>\n<p><span style=\"font-family:arial;font-size:12px\"><\/span><br \/><span style=\"font-family:arial;font-size:12px\"><strong>Entre em contato Conosco:<\/strong><\/span><\/p>\n<p><span style=\"font-family:arial;font-size:12px\">1. se voc\u00ea tiver alguma d\u00favida ou precisar de ajuda, n\u00e3o hesite em entrar em contato conosco! Obrigado!<\/span><br \/><span style=\"font-family:arial;font-size:12px\">2. n\u00f3s tentamos responder o mais r\u00e1pido poss\u00edvel. Ficaremos felizes em responder a qualquer pergunta que voc\u00ea tem!<\/span> <\/p>\n<p><span style=\"font-family:arial;font-size:13px\"><strong>Obrigado por seu apoio!!<\/strong><\/span> <\/p>\n<\/div>\n<p>&nbsp;<\/p>\n<\/div>\n<\/div>\n<\/div>\n<\/div>\n<\/div>\n<\/div>\n<\/div>\n<\/div>\n<\/div>\n<\/div>\n<\/div>\n<\/div>\n<\/div>\n<\/div>\n<\/div>\n<\/div>\n<\/div>\n<\/div>\n","protected":false},"excerpt":{"rendered":"<p>&nbsp; Marca: Misima &nbsp; Montagem:Para smart fortwo w451 coupe 2007-2014 Tamanho: 23 &#8220;+ 21&#8243; + 10&#8221; &nbsp; Condi\u00e7\u00e3o: 100% novo n\u00e3o utilizado (qualidade verificada antes do envio)Composi\u00e7\u00e3o: 3 pces (lado do passageiro + lado do motorista + traseiro)Feito: feito na chinaMaterial: alta qualidade de borracha natural garante o desempenho m\u00e1ximo &nbsp; Mat\u00e9ria:Ajuste personalizado, uma substitui\u00e7\u00e3o&hellip;&nbsp;<\/p>\n","protected":false},"featured_media":46620,"template":"","meta":{"neve_meta_sidebar":"","neve_meta_container":"","neve_meta_enable_content_width":"","neve_meta_content_width":0,"neve_meta_title_alignment":"","neve_meta_author_avatar":"","neve_post_elements_order":"","neve_meta_disable_header":"","neve_meta_disable_footer":"","neve_meta_disable_title":""},"product_brand":[],"product_cat":[45,26,17],"product_tag":[],"class_list":{"0":"post-46626","1":"product","2":"type-product","3":"status-publish","4":"has-post-thumbnail","6":"product_cat-brisas-parts","7":"product_cat-pecas-de-desgaste","8":"product_cat-pecas-e-acessorios-automotivos","10":"first","11":"instock","12":"shipping-taxable","13":"purchasable","14":"product-type-variable"},"jetpack_sharing_enabled":true,"_links":{"self":[{"href":"https:\/\/listman.shop\/autoparts-br\/wp-json\/wp\/v2\/product\/46626","targetHints":{"allow":["GET"]}}],"collection":[{"href":"https:\/\/listman.shop\/autoparts-br\/wp-json\/wp\/v2\/product"}],"about":[{"href":"https:\/\/listman.shop\/autoparts-br\/wp-json\/wp\/v2\/types\/product"}],"wp:featuredmedia":[{"embeddable":true,"href":"https:\/\/listman.shop\/autoparts-br\/wp-json\/wp\/v2\/media\/46620"}],"wp:attachment":[{"href":"https:\/\/listman.shop\/autoparts-br\/wp-json\/wp\/v2\/media?parent=46626"}],"wp:term":[{"taxonomy":"product_brand","embeddable":true,"href":"https:\/\/listman.shop\/autoparts-br\/wp-json\/wp\/v2\/product_brand?post=46626"},{"taxonomy":"product_cat","embeddable":true,"href":"https:\/\/listman.shop\/autoparts-br\/wp-json\/wp\/v2\/product_cat?post=46626"},{"taxonomy":"product_tag","embeddable":true,"href":"https:\/\/listman.shop\/autoparts-br\/wp-json\/wp\/v2\/product_tag?post=46626"}],"curies":[{"name":"wp","href":"https:\/\/api.w.org\/{rel}","templated":true}]}}