{"id":46634,"date":"2025-03-30T10:54:18","date_gmt":"2025-03-30T01:54:18","guid":{"rendered":"https:\/\/listman.shop\/autoparts-br\/product\/4000917798780\/"},"modified":"2026-04-14T21:32:06","modified_gmt":"2026-04-14T12:32:06","slug":"4000917798780","status":"publish","type":"product","link":"https:\/\/listman.shop\/autoparts-br\/product\/4000917798780\/","title":{"rendered":"Xukey Front Rear Windshield Wiper Blades Set For Renault Megane 3 Hatchback Coupe 2016 2015 2014 2013 2012 2011 2010 2009 2008"},"content":{"rendered":"<div class=\"detailmodule_html\">\n<div class=\"detail-desc-decorate-richtext\">\n<div class=\"detailmodule_html\">\n<div class=\"detail-desc-decorate-richtext\">\n<div class=\"detailmodule_html\">\n<div class=\"detail-desc-decorate-richtext\">\n<\/div>\n<\/div>\n<div class=\"detailmodule_dynamic\"><\/div>\n<\/div>\n<div class=\"detailmodule_dynamic\"><\/div>\n<\/div>\n<div class=\"detailmodule_dynamic\"><\/div>\n<div class=\"detailmodule_html\">\n<div class=\"detail-desc-decorate-richtext\">\n<div class=\"detailmodule_html\">\n<div class=\"detail-desc-decorate-richtext\">\n<div class=\"detailmodule_html\">\n<div class=\"detail-desc-decorate-richtext\">&nbsp;<\/p>\n<p><p><img data-recalc-dims=\"1\" decoding=\"async\" alt=\"aeProduct.getSubject()\" src=\"https:\/\/i0.wp.com\/ae01.alicdn.com\/kf\/HL12_PrFJ4aXXagOFbXW.jpg?w=780\" ><\/p>\n<p><span style=\"font-size:16px\"> <\/p>\n<p>Marca: Misima<\/p>\n<p>&nbsp;<\/p>\n<p><strong>Montagem:<\/strong><br \/><strong>Para Audi A3 8 P 2003-2004<\/strong><br \/><strong>Para vw caddy 2 k 2004-2007<\/strong><br \/><strong>Para vw jetta 2005-2006<\/strong><br \/><strong>Para vw golf mk5 2003-2005<\/strong><\/p>\n<p><strong><span style=\"color:#ff0000\">Cabe bra\u00e7o do limpador do pino lateral somente, mas n\u00e3o apto para a movimenta\u00e7\u00e3o da m\u00e3o direita<\/span><\/strong><\/p>\n<p><strong><span style=\"color:#ff0000\">Tamanho: &#039;&#039;+ 19 24&#039;&#039;<\/span><\/strong><\/p>\n<p>Condi\u00e7\u00e3o: 100% novo n\u00e3o utilizado (qualidade verificada antes do envio)<br \/>Composi\u00e7\u00e3o: 2 l\u00e2minas de limpador dianteiras dos pces<br \/>Material: borracha natural de alta qualidade + pl\u00e1stico de alta qualidade<\/p>\n<p><strong>Mat\u00e9ria:<\/strong><br \/>Ajuste personalizado, uma substitui\u00e7\u00e3o direta dos antigos.<br \/>Toler\u00e2ncia de temperatura: + 158f a-40f (+ 70c a-40c) 1 milh\u00e3o de vezes de limpeza.<br \/>A mem\u00f3ria da tens\u00e3o aplica mesmo a press\u00e3o ao longo de toda a l\u00e2mina alonga<br \/>A borracha especialmente misturada entrega o limpador liso, limpo, sem conversa final<br \/>O design aerodin\u00e2mico reduz significativamente o arrasto, o ru\u00eddo e o elevador do vento<br \/>Impede o ac\u00famulo de gelo e neve da exposi\u00e7\u00e3o de componentes met\u00e1licos\/pl\u00e1sticos<\/p>\n<p>Instru\u00e7\u00e3o: este item n\u00e3o vem com instala\u00e7\u00e3o manual<\/p>\n<p><\/span>&nbsp;<\/p>\n<p><p><img data-recalc-dims=\"1\" decoding=\"async\" alt=\"aeProduct.getSubject()\" src=\"https:\/\/i0.wp.com\/ae01.alicdn.com\/kf\/HL1Hv_qFT4aXXagOFbX7.jpg?w=780\" ><\/p>\n<p><img data-recalc-dims=\"1\" decoding=\"async\" style=\"width:1002px\" src=\"https:\/\/i0.wp.com\/ae01.alicdn.com\/kf\/H4156667d945648ba9a3090dd15ee34a5S.jpg?w=1200\"><\/p>\n<p><img data-recalc-dims=\"1\" decoding=\"async\" style=\"width:1002px\" src=\"https:\/\/i0.wp.com\/ae01.alicdn.com\/kf\/Hb805288098ea4f809f60fedfab123d1f5.jpg?w=1200\"><\/p>\n<p><img data-recalc-dims=\"1\" decoding=\"async\" style=\"width:1002px\" src=\"https:\/\/i0.wp.com\/ae01.alicdn.com\/kf\/H80e3afa32b7d46b9928780072cf7f307M.jpg?w=1200\"><\/p>\n<p><img data-recalc-dims=\"1\" decoding=\"async\" style=\"width:1002px\" src=\"https:\/\/i0.wp.com\/ae01.alicdn.com\/kf\/H250043d652d14f859d66081f855ee33ch.jpg?w=1200\"><\/p>\n<p><img data-recalc-dims=\"1\" decoding=\"async\" style=\"width:1002px\" src=\"https:\/\/i0.wp.com\/ae01.alicdn.com\/kf\/H4ec1092c560e4dc68affc212c7b4bab1i.jpg?w=1200\"><\/p>\n<p><\/p>\n<p><\/p>\n<p><\/p>\n<p><\/p>\n<p><\/p>\n<p><img data-recalc-dims=\"1\" decoding=\"async\" alt=\"aeProduct.getSubject()\" src=\"https:\/\/i0.wp.com\/ae01.alicdn.com\/kf\/HL1X3DoFP8bXXagOFbXm.jpg?w=781\" ><\/p>\n<p><img data-recalc-dims=\"1\" decoding=\"async\" alt=\"aeProduct.getSubject()\" src=\"https:\/\/i0.wp.com\/ae01.alicdn.com\/kf\/HLB1tqnnFFXXXXcpXVXXq6xXFXXXM.jpg?w=781\" ><\/p>\n<p><img data-recalc-dims=\"1\" decoding=\"async\" alt=\"aeProduct.getSubject()\" src=\"https:\/\/i0.wp.com\/ae01.alicdn.com\/kf\/HL1h1PrFTtaXXagOFbX3.jpg?w=781\" ><\/p>\n<\/div>\n<\/div>\n<\/div>\n<\/div>\n<\/div>\n<\/div>\n","protected":false},"excerpt":{"rendered":"<p>&nbsp; Marca: Misima &nbsp; Montagem:Para Audi A3 8 P 2003-2004Para vw caddy 2 k 2004-2007Para vw jetta 2005-2006Para vw golf mk5 2003-2005 Cabe bra\u00e7o do limpador do pino lateral somente, mas n\u00e3o apto para a movimenta\u00e7\u00e3o da m\u00e3o direita Tamanho: &#039;&#039;+ 19 24&#039;&#039; Condi\u00e7\u00e3o: 100% novo n\u00e3o utilizado (qualidade verificada antes do envio)Composi\u00e7\u00e3o: 2 l\u00e2minas&hellip;&nbsp;<\/p>\n","protected":false},"featured_media":46628,"template":"","meta":{"neve_meta_sidebar":"","neve_meta_container":"","neve_meta_enable_content_width":"","neve_meta_content_width":0,"neve_meta_title_alignment":"","neve_meta_author_avatar":"","neve_post_elements_order":"","neve_meta_disable_header":"","neve_meta_disable_footer":"","neve_meta_disable_title":""},"product_brand":[],"product_cat":[45,26,17],"product_tag":[],"class_list":{"0":"post-46634","1":"product","2":"type-product","3":"status-publish","4":"has-post-thumbnail","6":"product_cat-brisas-parts","7":"product_cat-pecas-de-desgaste","8":"product_cat-pecas-e-acessorios-automotivos","10":"first","11":"instock","12":"shipping-taxable","13":"purchasable","14":"product-type-variable"},"jetpack_sharing_enabled":true,"_links":{"self":[{"href":"https:\/\/listman.shop\/autoparts-br\/wp-json\/wp\/v2\/product\/46634","targetHints":{"allow":["GET"]}}],"collection":[{"href":"https:\/\/listman.shop\/autoparts-br\/wp-json\/wp\/v2\/product"}],"about":[{"href":"https:\/\/listman.shop\/autoparts-br\/wp-json\/wp\/v2\/types\/product"}],"wp:featuredmedia":[{"embeddable":true,"href":"https:\/\/listman.shop\/autoparts-br\/wp-json\/wp\/v2\/media\/46628"}],"wp:attachment":[{"href":"https:\/\/listman.shop\/autoparts-br\/wp-json\/wp\/v2\/media?parent=46634"}],"wp:term":[{"taxonomy":"product_brand","embeddable":true,"href":"https:\/\/listman.shop\/autoparts-br\/wp-json\/wp\/v2\/product_brand?post=46634"},{"taxonomy":"product_cat","embeddable":true,"href":"https:\/\/listman.shop\/autoparts-br\/wp-json\/wp\/v2\/product_cat?post=46634"},{"taxonomy":"product_tag","embeddable":true,"href":"https:\/\/listman.shop\/autoparts-br\/wp-json\/wp\/v2\/product_tag?post=46634"}],"curies":[{"name":"wp","href":"https:\/\/api.w.org\/{rel}","templated":true}]}}