{"id":46642,"date":"2025-03-30T10:54:50","date_gmt":"2025-03-30T01:54:50","guid":{"rendered":"https:\/\/listman.shop\/autoparts-br\/product\/4000982570644\/"},"modified":"2026-04-14T21:17:10","modified_gmt":"2026-04-14T12:17:10","slug":"4000982570644","status":"publish","type":"product","link":"https:\/\/listman.shop\/autoparts-br\/product\/4000982570644\/","title":{"rendered":"PARA 2015 2016 2017 2018 2019 OPEL KARL TPMS 13598773 13516165   433MHz TPMS SENSOR DE PRESS\u00c3O DOS PNEUM\u00c1TIS SENSOR DE PRESS\u00c3O DE AR DE PNEU"},"content":{"rendered":"<div class=\"detailmodule_html\">\n<div class=\"detail-desc-decorate-richtext\">\n<div class=\"detailmodule_html\">\n<div class=\"detail-desc-decorate-richtext\">\n<div>\n<div>\n<div>\n<div>\n<div>\n<div>\n<div>\n<div>\n<div>\n<p><img data-recalc-dims=\"1\" decoding=\"async\" src=\"https:\/\/i0.wp.com\/ae01.alicdn.com\/kf\/H2a6b82a9bd7d4856a1e31dc09425f2c25.jpg?w=1200&#038;ssl=1\" \/><\/p>\n<p><span style=\"font-size:28px\"><span id=\"tl_1\">Prezado cliente, se houver algum problema ap&oacute;s receber a mercadoria, entre em contato conosco na primeira vez.<\/span><\/span><\/p>\n<\/p><\/div>\n<p> &nbsp; <\/p>\n<p><span style=\"font-size:20px\" id=\"tl_2\">Para 2015 2016 2017 2018 2019 OPEL KARL TPMS 13598773 135165 433MHz TPMS SENSOR DE PRESS&Atilde;O DE Pneu SENSOR DE PRESS&Atilde;O DE AR DO Pneu<\/span><\/p>\n<p> &nbsp; <\/p>\n<p><span style=\"font-size:20px\" id=\"tl_3\">N&Uacute;MERO DE PE&Ccedil;AS INTERCAMBIADAS:<\/span><\/p>\n<p><span style=\"font-size:20px\" id=\"tl_4\">13598773, 135165, 5823AA36, 13522629 13589601<\/span><\/p>\n<p> &nbsp; <\/p>\n<p><span style=\"font-size:20px\" id=\"tl_5\">Vida &uacute;til da bateria: CERCA DE 3 ANOS<\/span><\/p>\n<p><span style=\"font-size:20px\" id=\"tl_6\">FREQU&Ecirc;NCIA: 433MHz<\/span><\/p>\n<p><span style=\"font-size:20px\" id=\"tl_7\">CONTE&Uacute;DO: PACOTE NORMAL<\/span><\/p>\n<p> &nbsp; <\/p>\n<p><span style=\"font-size:20px\" id=\"tl_8\">APLICA&Ccedil;&Atilde;O:<\/span><\/p>\n<ul style=\", Arial, sans-serif;font-size:15px;font-weight:400;letter-spacing:0.5px;text-align:start;white-space:normal;margin-bottom:1rem;margin-top:0px;padding-left:35px\">\n<li style=\"line-height:26px\">\n<p><span><span style=\"font-size:18px\" id=\"tl_9\">Cadillac XT5 (de 2016-05 a 2017-12)<\/span><\/span><\/p>\n<\/li>\n<li style=\"line-height:26px\">\n<p><span><span style=\"font-size:18px\" id=\"tl_10\">Opel Antara (L-A)(de 2016-01 a 2017-12)<\/span><\/span><\/p>\n<\/li>\n<li style=\"line-height:26px\">\n<p><span><span style=\"font-size:18px\" id=\"tl_11\">Opel Karl (de 2015-02 a 2019-12)<\/span><\/span><\/p>\n<\/li>\n<li style=\"line-height:26px\">\n<p><span><span style=\"font-size:18px\" id=\"tl_12\">Opel Mokka (J-A)(de 2015-09 a 2019-12)<\/span><\/span><\/p>\n<\/li>\n<li style=\"line-height:26px\">\n<p><span><span style=\"font-size:18px\" id=\"tl_13\">Vauxhall Antara(de 2016-01 a 2017-12)<\/span><\/span><\/p>\n<\/li>\n<li style=\"line-height:26px\">\n<p><span><span style=\"font-size:18px\" id=\"tl_14\">Vauxhall Mokka (J-A)(de 2015-09 a 2019-12)<\/span><\/span><\/p>\n<\/li>\n<li style=\"line-height:26px\">\n<p><span><span style=\"font-size:18px\" id=\"tl_15\">Vauxhall Viva (de 2015-04 a 2018-12)<\/span><\/span><\/p>\n<\/li>\n<\/ul>\n<p> &nbsp; <\/p>\n<p><img data-recalc-dims=\"1\" decoding=\"async\" src=\"https:\/\/i0.wp.com\/ae01.alicdn.com\/kf\/Ha742c469a8694ba2bf98a15ae5ba4d54T.png?w=1200&#038;ssl=1\" \/><\/p>\n<p> &nbsp; <\/p>\n<p><span style=\"font-size:20px\" id=\"tl_16\">Perguntas frequentes<\/span><\/p>\n<p><span style=\"font-size:20px\" id=\"tl_17\">P: \u3010Freq&uuml;entemente do sensor TPMS\u3011<\/span><\/p>\n<p><span style=\"font-size:20px\" id=\"tl_18\">R: 433 MHz<\/span><\/p>\n<p><span style=\"font-size:20px\" id=\"tl_19\">P: \u3010O sensor tpms precisava fazer um programa\u3011<\/span><\/p>\n<p><span style=\"font-size:20px\" id=\"tl_20\">R: O sensor de press&atilde;o dos pneus vem pr&eacute;-programado especificamente para sua marca\/modelo\/ano de ve&iacute;culo, &eacute; necess&aacute;rio ativ&aacute;-los por ferramenta de verifica&ccedil;&atilde;o ou &quot;reaprendizado&quot;.<\/span><\/p>\n<p><span style=\"font-size:20px\" id=\"tl_21\">P: \u3010Procedimento de reaprender\u3011<\/span><\/p>\n<p><span style=\"font-size:20px\" id=\"tl_22\">A: FERRAMENTA DE SCAN<\/span><\/p>\n<\/p><\/div>\n<\/p><\/div>\n<\/p><\/div>\n<\/p><\/div>\n<\/p><\/div>\n<\/p><\/div>\n<\/p><\/div>\n<\/p><\/div>\n<p> &nbsp;\n <\/div>\n<\/div>\n<\/div>\n<\/div>\n","protected":false},"excerpt":{"rendered":"<p>Prezado cliente, se houver algum problema ap&oacute;s receber a mercadoria, entre em contato conosco na primeira vez. &nbsp; Para 2015 2016 2017 2018 2019 OPEL KARL TPMS 13598773 135165 433MHz TPMS SENSOR DE PRESS&Atilde;O DE Pneu SENSOR DE PRESS&Atilde;O DE AR DO Pneu &nbsp; N&Uacute;MERO DE PE&Ccedil;AS INTERCAMBIADAS: 13598773, 135165, 5823AA36, 13522629 13589601 &nbsp; Vida&hellip;&nbsp;<\/p>\n","protected":false},"featured_media":46636,"template":"","meta":{"neve_meta_sidebar":"","neve_meta_container":"","neve_meta_enable_content_width":"","neve_meta_content_width":0,"neve_meta_title_alignment":"","neve_meta_author_avatar":"","neve_post_elements_order":"","neve_meta_disable_header":"","neve_meta_disable_footer":"","neve_meta_disable_title":""},"product_brand":[],"product_cat":[26,17,47],"product_tag":[],"class_list":{"0":"post-46642","1":"product","2":"type-product","3":"status-publish","4":"has-post-thumbnail","6":"product_cat-pecas-de-desgaste","7":"product_cat-pecas-e-acessorios-automotivos","8":"product_cat-pneus-e-pecas-para-rodas","10":"first","11":"instock","12":"shipping-taxable","13":"purchasable","14":"product-type-variable","15":"has-default-attributes"},"jetpack_sharing_enabled":true,"_links":{"self":[{"href":"https:\/\/listman.shop\/autoparts-br\/wp-json\/wp\/v2\/product\/46642","targetHints":{"allow":["GET"]}}],"collection":[{"href":"https:\/\/listman.shop\/autoparts-br\/wp-json\/wp\/v2\/product"}],"about":[{"href":"https:\/\/listman.shop\/autoparts-br\/wp-json\/wp\/v2\/types\/product"}],"wp:featuredmedia":[{"embeddable":true,"href":"https:\/\/listman.shop\/autoparts-br\/wp-json\/wp\/v2\/media\/46636"}],"wp:attachment":[{"href":"https:\/\/listman.shop\/autoparts-br\/wp-json\/wp\/v2\/media?parent=46642"}],"wp:term":[{"taxonomy":"product_brand","embeddable":true,"href":"https:\/\/listman.shop\/autoparts-br\/wp-json\/wp\/v2\/product_brand?post=46642"},{"taxonomy":"product_cat","embeddable":true,"href":"https:\/\/listman.shop\/autoparts-br\/wp-json\/wp\/v2\/product_cat?post=46642"},{"taxonomy":"product_tag","embeddable":true,"href":"https:\/\/listman.shop\/autoparts-br\/wp-json\/wp\/v2\/product_tag?post=46642"}],"curies":[{"name":"wp","href":"https:\/\/api.w.org\/{rel}","templated":true}]}}