{"id":46688,"date":"2025-03-31T00:05:42","date_gmt":"2025-03-30T15:05:42","guid":{"rendered":"https:\/\/listman.shop\/autoparts-br\/product\/1005002668069974\/"},"modified":"2026-04-15T00:39:08","modified_gmt":"2026-04-14T15:39:08","slug":"1005002668069974","status":"publish","type":"product","link":"https:\/\/listman.shop\/autoparts-br\/product\/1005002668069974\/","title":{"rendered":"CN 018093   433,92 MHz FSK para Ford Mondeo Mk5 Ranger Wildtrak 2023 HITAG PRO Chip Parte sem HS7T-15K601-ED"},"content":{"rendered":"<div class=\"detailmodule_html\">\n<div class=\"detail-desc-decorate-richtext\">\n<div class=\"detailmodule_image\"><img data-recalc-dims=\"1\" decoding=\"async\" class=\"detail-desc-decorate-image\" src=\"https:\/\/i0.wp.com\/ae01.alicdn.com\/kf\/H243024dcd5294f6aa46a479e90280794g.jpg?w=1200&#038;ssl=1\"><\/div>\n<p style=\"font-family:OpenSans;font-size:14px;font-weight:300;line-height:20px;white-space:pre-wrap;margin-bottom:12px\" class=\"detail-desc-decorate-content\"><strong><span style=\"font-size:20px\">Bot\u00f5es:4<\/span><\/strong><\/p>\n<div class=\"detailmodule_text\">\n<p style=\"font-family:OpenSans;font-size:14px;font-weight:300;line-height:20px;white-space:pre-wrap;margin-bottom:12px\" class=\"detail-desc-decorate-content\"><strong><span style=\"font-size:20px\">FCCID:HS7T-15K601-ED\/DS7T-15K601-EF<\/span><\/strong><\/p>\n<\/div>\n<div class=\"detailmodule_text\">\n<p style=\"font-family:OpenSans;font-size:14px;font-weight:300;line-height:20px;white-space:pre-wrap;margin-bottom:12px\" class=\"detail-desc-decorate-content\"><strong><span style=\"font-size:20px\">Frequ\u00eancia: 433<\/span><\/strong><\/p>\n<\/div>\n<div class=\"detailmodule_text\">\n<p style=\"font-family:OpenSans;font-size:14px;font-weight:300;line-height:20px;white-space:pre-wrap;margin-bottom:12px\" class=\"detail-desc-decorate-content\"><strong><span style=\"font-size:20px\">Chips: 49<\/span><\/strong><\/p>\n<p style=\"font-family:OpenSans;font-size:14px;font-weight:300;line-height:20px;white-space:pre-wrap;margin-bottom:12px\" class=\"detail-desc-decorate-content\"><img data-recalc-dims=\"1\" decoding=\"async\" src=\"https:\/\/i0.wp.com\/ae01.alicdn.com\/kf\/H9df804b1671740598afff6147ebc6c7av.jpg?w=1200&#038;ssl=1\"><strong><span style=\"font-size:20px;, Roboto, Arial, Helvetica, sans-serif, SimSun\"><span style=\"font-size:20px\">Para ford mondeo mk5 ranger wildtrak 2023<\/span><\/span><\/strong><br \/><strong><span style=\"font-size:20px\">Nota importante:<br \/>1 <\/span><\/strong><span style=\"font-size:20px;font-family:arial, helvetica, sans-serif\"><strong>Esta chave tem 433,92 MHz e 434,2 MHz, certifique-se de que voc\u00ea precisa de 433,92 MHz.<\/strong><\/span><strong><span style=\"font-size:20px\"><br \/>2.Este controle remoto ter\u00e1 que ir a um serralheiro qualificado para programa\u00e7\u00e3o.<br \/>3.Voc\u00ea precisar\u00e1 cortar a l\u00e2mina no revendedor local ou em um serralheiro profissional.<\/span><\/strong><\/p>\n<p style=\"font-family:OpenSans;font-size:14px;font-weight:300;line-height:20px;white-space:pre-wrap;margin-bottom:12px\" class=\"detail-desc-decorate-content\"><span style=\"font-size:14px;, roboto, arial, helvetica, sans-serif, simsun\"><strong><span style=\"font-size:20px;font-family:arial, helvetica, sans-serif\">4.O<\/span><\/strong><\/span><span style=\"font-size:14px;, roboto, arial, helvetica, sans-serif, simsun\"><strong><span style=\"font-size:20px;font-family:arial, helvetica, sans-serif\"><span>&nbsp;<\/span><\/span><\/strong><\/span><span style=\"font-size:14px;, roboto, arial, helvetica, sans-serif, simsun\"><strong><span style=\"font-size:20px;font-family:arial, helvetica, sans-serif\">L\u00e2mpada LED<\/span><\/strong><\/span><span style=\"font-size:14px;, roboto, arial, helvetica, sans-serif, simsun\"><strong><span style=\"font-size:20px;font-family:arial, helvetica, sans-serif\"><span>&nbsp;<\/span><\/span><\/strong><\/span><span style=\"font-size:14px;, roboto, arial, helvetica, sans-serif, simsun\"><strong><span style=\"font-size:20px;font-family:arial, helvetica, sans-serif\">ir\u00e1<\/span><\/strong><\/span><span style=\"font-size:14px;, roboto, arial, helvetica, sans-serif, simsun\"><strong><span style=\"font-size:20px;font-family:arial, helvetica, sans-serif\"><span>&nbsp;<\/span><\/span><\/strong><\/span><span style=\"font-size:14px;, roboto, arial, helvetica, sans-serif, simsun\"><strong><span style=\"font-size:20px;font-family:arial, helvetica, sans-serif\">n\u00e3o<\/span><\/strong><\/span><span style=\"font-size:14px;, roboto, arial, helvetica, sans-serif, simsun\"><strong><span style=\"font-size:20px;font-family:arial, helvetica, sans-serif\"><span>&nbsp;<\/span><\/span><\/strong><\/span><span style=\"font-size:14px;, roboto, arial, helvetica, sans-serif, simsun\"><strong><span style=\"font-size:20px;font-family:arial, helvetica, sans-serif\">leve, original tamb\u00e9m n\u00e3o leve, mas n\u00e3o h\u00e1 problema para programar.<\/span><\/strong><\/span><br \/><strong>O pacote inclui:<br \/>1pc x chave remota<br \/>1 unidade x l\u00e2mina<\/strong><\/p>\n<\/div>\n<div class=\"detailmodule_image\"><img data-recalc-dims=\"1\" decoding=\"async\" class=\"detail-desc-decorate-image\" src=\"https:\/\/i0.wp.com\/ae01.alicdn.com\/kf\/He6ed004018af41ca972167e4e49b4a7dG.jpg?w=1200&#038;ssl=1\"><img data-recalc-dims=\"1\" decoding=\"async\" src=\"https:\/\/i0.wp.com\/ae01.alicdn.com\/kf\/Sd7d489253227434296cf75e9f807942aP.jpg?w=1200&#038;ssl=1\"><img data-recalc-dims=\"1\" decoding=\"async\" style=\"margin-bottom:10px\" class=\"detail-desc-decorate-image\" src=\"https:\/\/i0.wp.com\/ae01.alicdn.com\/kf\/Haa54266803714ed3a122ca4605ab1e9bU.jpg?w=1200&#038;ssl=1\"><img data-recalc-dims=\"1\" decoding=\"async\" src=\"https:\/\/i0.wp.com\/ae01.alicdn.com\/kf\/Sb5dc1be5e84e4d93a2375721d25db047J.jpg?w=1200&#038;ssl=1\"><img data-recalc-dims=\"1\" decoding=\"async\" src=\"https:\/\/i0.wp.com\/ae01.alicdn.com\/kf\/Sf2898b98d36e48b386d607096ca05faaO.jpg?w=1200&#038;ssl=1\"><img data-recalc-dims=\"1\" decoding=\"async\" src=\"https:\/\/i0.wp.com\/ae01.alicdn.com\/kf\/S09ef11b278ed469fa7c6d2f30b62d457y.jpg?w=1200&#038;ssl=1\"><img data-recalc-dims=\"1\" decoding=\"async\" src=\"https:\/\/i0.wp.com\/ae01.alicdn.com\/kf\/S4fa44fc80d95478aa98a299fc09ef174L.jpg?w=1200&#038;ssl=1\"><\/div>\n<div class=\"detailmodule_image\"><img data-recalc-dims=\"1\" decoding=\"async\" src=\"https:\/\/i0.wp.com\/ae01.alicdn.com\/kf\/S12714ded700040c3aeb0645a6c53521ec.png?w=1200&#038;ssl=1\"><img data-recalc-dims=\"1\" decoding=\"async\" src=\"https:\/\/i0.wp.com\/ae01.alicdn.com\/kf\/S333d50595c824b3c92719ebf15442f06J.jpg?w=1200&#038;ssl=1\"><img data-recalc-dims=\"1\" decoding=\"async\" class=\"detail-desc-decorate-image\" src=\"https:\/\/i0.wp.com\/ae01.alicdn.com\/kf\/H7f58cc56fed64dc79cd6aaa9ceb8b9f3j.jpg?w=1200&#038;ssl=1\"><img data-recalc-dims=\"1\" decoding=\"async\" class=\"detail-desc-decorate-image\" src=\"https:\/\/i0.wp.com\/ae01.alicdn.com\/kf\/Hf1f905e3206a4ec6bed7ea8c84c68b8eV.jpg?w=1200&#038;ssl=1\"><\/div>\n<div class=\"detailmodule_image\"><img data-recalc-dims=\"1\" decoding=\"async\" class=\"detail-desc-decorate-image\" src=\"https:\/\/i0.wp.com\/ae01.alicdn.com\/kf\/Hf7612aa1430448b09561b9bb3f123e4ad.jpg?w=1200&#038;ssl=1\"><\/div>\n<p><\/p>\n<\/div>\n<\/div>\n","protected":false},"excerpt":{"rendered":"<p>Bot\u00f5es:4 FCCID:HS7T-15K601-ED\/DS7T-15K601-EF Frequ\u00eancia: 433 Chips: 49 Para ford mondeo mk5 ranger wildtrak 2023Nota importante:1 Esta chave tem 433,92 MHz e 434,2 MHz, certifique-se de que voc\u00ea precisa de 433,92 MHz.2.Este controle remoto ter\u00e1 que ir a um serralheiro qualificado para programa\u00e7\u00e3o.3.Voc\u00ea precisar\u00e1 cortar a l\u00e2mina no revendedor local ou em um serralheiro profissional. 4.O&nbsp;L\u00e2mpada LED&nbsp;ir\u00e1&nbsp;n\u00e3o&nbsp;leve,&hellip;&nbsp;<\/p>\n","protected":false},"featured_media":46683,"template":"","meta":{"neve_meta_sidebar":"","neve_meta_container":"","neve_meta_enable_content_width":"","neve_meta_content_width":0,"neve_meta_title_alignment":"","neve_meta_author_avatar":"","neve_post_elements_order":"","neve_meta_disable_header":"","neve_meta_disable_footer":"","neve_meta_disable_title":""},"product_brand":[],"product_cat":[51,17,30],"product_tag":[],"class_list":{"0":"post-46688","1":"product","2":"type-product","3":"status-publish","4":"has-post-thumbnail","6":"product_cat-chave-do-carro","7":"product_cat-pecas-e-acessorios-automotivos","8":"product_cat-starters","10":"first","11":"instock","12":"shipping-taxable","13":"purchasable","14":"product-type-variable","15":"has-default-attributes"},"jetpack_sharing_enabled":true,"_links":{"self":[{"href":"https:\/\/listman.shop\/autoparts-br\/wp-json\/wp\/v2\/product\/46688","targetHints":{"allow":["GET"]}}],"collection":[{"href":"https:\/\/listman.shop\/autoparts-br\/wp-json\/wp\/v2\/product"}],"about":[{"href":"https:\/\/listman.shop\/autoparts-br\/wp-json\/wp\/v2\/types\/product"}],"wp:featuredmedia":[{"embeddable":true,"href":"https:\/\/listman.shop\/autoparts-br\/wp-json\/wp\/v2\/media\/46683"}],"wp:attachment":[{"href":"https:\/\/listman.shop\/autoparts-br\/wp-json\/wp\/v2\/media?parent=46688"}],"wp:term":[{"taxonomy":"product_brand","embeddable":true,"href":"https:\/\/listman.shop\/autoparts-br\/wp-json\/wp\/v2\/product_brand?post=46688"},{"taxonomy":"product_cat","embeddable":true,"href":"https:\/\/listman.shop\/autoparts-br\/wp-json\/wp\/v2\/product_cat?post=46688"},{"taxonomy":"product_tag","embeddable":true,"href":"https:\/\/listman.shop\/autoparts-br\/wp-json\/wp\/v2\/product_tag?post=46688"}],"curies":[{"name":"wp","href":"https:\/\/api.w.org\/{rel}","templated":true}]}}