{"id":46984,"date":"2025-03-31T00:21:01","date_gmt":"2025-03-30T15:21:01","guid":{"rendered":"https:\/\/listman.shop\/autoparts-br\/product\/1005005575423753\/"},"modified":"2026-04-15T00:24:10","modified_gmt":"2026-04-14T15:24:10","slug":"1005005575423753","status":"publish","type":"product","link":"https:\/\/listman.shop\/autoparts-br\/product\/1005005575423753\/","title":{"rendered":"Jingyuqin 434 mhz id46 4 bot\u00f5es chave do carro fob para saab 93 95 9-3 9-5 wf substitui\u00e7\u00e3o remoto chave ltqsaam433tx"},"content":{"rendered":"<div class=\"detailmodule_html\">\n<div class=\"detail-desc-decorate-richtext\">\n<div class=\"detailmodule_html\">\n<div class=\"detail-desc-decorate-richtext\">\n  \n <\/div>\n<\/div>\n<div class=\"detailmodule_image\">\n <img data-recalc-dims=\"1\" decoding=\"async\" class=\"detail-desc-decorate-image\" src=\"https:\/\/i0.wp.com\/ae01.alicdn.com\/kf\/HTB14APvXXP7gK0jSZFjq6A5aXXa1.jpg?w=1200\" \/>\n<\/div>\n<div class=\"detailmodule_text\">\n<p style=\"font-family:OpenSans;font-size:14px;font-weight:300;line-height:20px;white-space:pre-wrap;margin-bottom:12px\" class=\"detail-desc-decorate-content\" id=\"tl_1\">Condi&ccedil;&atilde;o: 100% novo <br \/>Eletr&ocirc;nica\/Bateria: Sim<\/p>\n<p style=\"font-family:OpenSans;font-size:14px;font-weight:300;line-height:20px;white-space:pre-wrap;margin-bottom:12px\" class=\"detail-desc-decorate-content\" id=\"tl_2\">Logotipo: N&atilde;o <br \/>Frequ&ecirc;ncia: 434 MHz<\/p>\n<\/div>\n<div class=\"detailmodule_text\">\n<p style=\"font-family:OpenSans;font-size:20px;font-weight:900;line-height:28px;white-space:pre-wrap;margin-bottom:12px\" class=\"detail-desc-decorate-title\" id=\"tl_3\">Montagem:<\/p>\n<p style=\"font-family:OpenSans;font-size:14px;font-weight:300;line-height:20px;white-space:pre-wrap;margin-bottom:12px\" class=\"detail-desc-decorate-content\" id=\"tl_4\">Para SAAB 93 95 9-3 9-5 WF chave remota de substitui&ccedil;&atilde;o LTQSAAM433TX<\/p>\n<\/div>\n<div class=\"detailmodule_text\">\n<p style=\"font-family:OpenSans;font-size:20px;font-weight:900;line-height:28px;white-space:pre-wrap;margin-bottom:12px\" class=\"detail-desc-decorate-title\" id=\"tl_5\">Nota importante:<\/p>\n<p style=\"font-family:OpenSans;font-size:14px;font-weight:300;line-height:20px;white-space:pre-wrap;margin-bottom:12px\" class=\"detail-desc-decorate-content\" id=\"tl_6\">1.Verifique e certifique-se de que seu controle remoto esteja usando o mesmo transmissor e chip dos nossos itens antes de comprar. <br \/>2.A imagem &eacute; do produto real.Por favor, compare a chave do seu carro, certifique-se de que seu item seja igual ao nosso produto antes de comprar.<\/p>\n<\/div>\n<div class=\"detailmodule_text\">\n<p style=\"font-family:OpenSans;font-size:20px;font-weight:900;line-height:28px;white-space:pre-wrap;margin-bottom:12px\" class=\"detail-desc-decorate-title\" id=\"tl_7\">O pacote inclui:<\/p>\n<p style=\"font-family:OpenSans;font-size:14px;font-weight:300;line-height:20px;white-space:pre-wrap;margin-bottom:12px\" class=\"detail-desc-decorate-content\" id=\"tl_8\">1 x chave remota<\/p>\n<\/div>\n<div class=\"detailmodule_image\">\n <img data-recalc-dims=\"1\" decoding=\"async\" class=\"detail-desc-decorate-image\" src=\"https:\/\/i0.wp.com\/ae01.alicdn.com\/kf\/Hd1c453f2c5b54930a1c2526edbfe32eaw.jpg?w=1200\" \/><br \/>\n <img data-recalc-dims=\"1\" decoding=\"async\" class=\"detail-desc-decorate-image\" src=\"https:\/\/i0.wp.com\/ae01.alicdn.com\/kf\/H7a2902d54b5b4ab5beb2f0ce03e8b456x.jpg?w=1200\" \/><br \/>\n <img data-recalc-dims=\"1\" decoding=\"async\" class=\"detail-desc-decorate-image\" src=\"https:\/\/i0.wp.com\/ae01.alicdn.com\/kf\/Hae453aa54cca4a0fbb95dc470ee2f820S.jpg?w=1200\" \/><br \/>\n <img data-recalc-dims=\"1\" decoding=\"async\" class=\"detail-desc-decorate-image\" src=\"https:\/\/i0.wp.com\/ae01.alicdn.com\/kf\/H0a0cb8c02e1840819b1739cd8c306656t.jpg?w=1200\" \/><br \/>\n <img data-recalc-dims=\"1\" decoding=\"async\" class=\"detail-desc-decorate-image\" src=\"https:\/\/i0.wp.com\/ae01.alicdn.com\/kf\/Hce93f0bec1bc491995fd1b49004342f7i.jpg?w=1200\" \/><br \/>\n <img data-recalc-dims=\"1\" decoding=\"async\" class=\"detail-desc-decorate-image\" src=\"https:\/\/i0.wp.com\/ae01.alicdn.com\/kf\/H9d674eec8afd4c85a067d9fae5fa3bcfF.jpg?w=1200\" \/><br \/>\n <a href=\"https:\/\/www.aliexpress.com\/item\/33059388782.html\" target=\"_self\" class=\"\"><img data-recalc-dims=\"1\" decoding=\"async\" class=\"detail-desc-decorate-image\" src=\"https:\/\/i0.wp.com\/ae01.alicdn.com\/kf\/Ha32cc99c62594257a64fd271d1e9786a1.jpg?w=1200\" \/><\/a>\n<\/div>\n<p><\/p>\n<\/div>\n<\/div>\n","protected":false},"excerpt":{"rendered":"<p>Condi&ccedil;&atilde;o: 100% novo Eletr&ocirc;nica\/Bateria: Sim Logotipo: N&atilde;o Frequ&ecirc;ncia: 434 MHz Montagem: Para SAAB 93 95 9-3 9-5 WF chave remota de substitui&ccedil;&atilde;o LTQSAAM433TX Nota importante: 1.Verifique e certifique-se de que seu controle remoto esteja usando o mesmo transmissor e chip dos nossos itens antes de comprar. 2.A imagem &eacute; do produto real.Por favor, compare a&hellip;&nbsp;<\/p>\n","protected":false},"featured_media":46979,"template":"","meta":{"neve_meta_sidebar":"","neve_meta_container":"","neve_meta_enable_content_width":"","neve_meta_content_width":0,"neve_meta_title_alignment":"","neve_meta_author_avatar":"","neve_post_elements_order":"","neve_meta_disable_header":"","neve_meta_disable_footer":"","neve_meta_disable_title":""},"product_brand":[],"product_cat":[51,17,30],"product_tag":[],"class_list":{"0":"post-46984","1":"product","2":"type-product","3":"status-publish","4":"has-post-thumbnail","6":"product_cat-chave-do-carro","7":"product_cat-pecas-e-acessorios-automotivos","8":"product_cat-starters","10":"first","11":"instock","12":"shipping-taxable","13":"purchasable","14":"product-type-variable","15":"has-default-attributes"},"jetpack_sharing_enabled":true,"_links":{"self":[{"href":"https:\/\/listman.shop\/autoparts-br\/wp-json\/wp\/v2\/product\/46984","targetHints":{"allow":["GET"]}}],"collection":[{"href":"https:\/\/listman.shop\/autoparts-br\/wp-json\/wp\/v2\/product"}],"about":[{"href":"https:\/\/listman.shop\/autoparts-br\/wp-json\/wp\/v2\/types\/product"}],"wp:featuredmedia":[{"embeddable":true,"href":"https:\/\/listman.shop\/autoparts-br\/wp-json\/wp\/v2\/media\/46979"}],"wp:attachment":[{"href":"https:\/\/listman.shop\/autoparts-br\/wp-json\/wp\/v2\/media?parent=46984"}],"wp:term":[{"taxonomy":"product_brand","embeddable":true,"href":"https:\/\/listman.shop\/autoparts-br\/wp-json\/wp\/v2\/product_brand?post=46984"},{"taxonomy":"product_cat","embeddable":true,"href":"https:\/\/listman.shop\/autoparts-br\/wp-json\/wp\/v2\/product_cat?post=46984"},{"taxonomy":"product_tag","embeddable":true,"href":"https:\/\/listman.shop\/autoparts-br\/wp-json\/wp\/v2\/product_tag?post=46984"}],"curies":[{"name":"wp","href":"https:\/\/api.w.org\/{rel}","templated":true}]}}