{"id":47038,"date":"2025-03-31T00:23:54","date_gmt":"2025-03-30T15:23:54","guid":{"rendered":"https:\/\/listman.shop\/autoparts-br\/product\/1005005575599029\/"},"modified":"2026-04-15T00:32:13","modified_gmt":"2026-04-14T15:32:13","slug":"1005005575599029","status":"publish","type":"product","link":"https:\/\/listman.shop\/autoparts-br\/product\/1005005575599029\/","title":{"rendered":"Jingyuqin 10 p\u00e7s\/lote 2\/3\/4 Bot\u00f5es Flip Dobr\u00e1vel Remoto Chave Do Carro Shell Caso para Ford Fusion Edge Explorer 2013-2015 HU101 l\u00e2mina"},"content":{"rendered":"<div class=\"detailmodule_html\">\n<div class=\"detail-desc-decorate-richtext\">\n<div class=\"detailmodule_html\">\n<div class=\"detail-desc-decorate-richtext\">\n<div class=\"detailmodule_html\">\n<div class=\"detail-desc-decorate-richtext\">\n<div class=\"detailmodule_html\">\n<div class=\"detail-desc-decorate-richtext\">\n<div class=\"detailmodule_html\">\n<div class=\"detail-desc-decorate-richtext\">\n<div class=\"detailmodule_html\">\n<div class=\"detail-desc-decorate-richtext\">\n<div class=\"detailmodule_html\">\n<div class=\"detail-desc-decorate-richtext\">\n<div class=\"detailmodule_html\">\n<div class=\"detail-desc-decorate-richtext\">\n<p><img data-recalc-dims=\"1\" decoding=\"async\" src=\"https:\/\/i0.wp.com\/ae01.alicdn.com\/kf\/S0828798b93ce410d9a371b8fb2a44a62Z.jpg?w=1200&#038;ssl=1\" \/><\/p>\n<p><span>Condi&ccedil;&atilde;o: 100% novo<\/span><\/p>\n<p><span>Cor: Preto<\/span><\/p>\n<p><span>Bot&atilde;o: 2\/3\/4 bot&otilde;es<\/span><\/p>\n<p><span>Chave em branco: sim (<\/span><span><strong>HU101<\/strong><\/span><span>L&acirc;mina)<\/span><\/p>\n<p><span>Chip transponder: N&atilde;o<\/span><\/p>\n<p><span>Eletr&ocirc;nica\/Bateria: N&atilde;o<\/span><\/p>\n<p><span>Caracter&iacute;sticas:<\/span><\/p>\n<p><span>1. Melhor substituto para uma chave com bot&otilde;es quebrados ou estojo de chave desgastado.<\/span><\/p>\n<p><span>2.Apenas estojo de chave e l&acirc;mina de chave sem cortes. N&atilde;o componentes internos eletr&ocirc;nicos.<br \/>3. Fa&ccedil;a a l&acirc;mina cortar por um serralheiro\/revendedor local com o original.<\/span><\/p>\n<p><span>4. Pegue o el&eacute;tron interno (inclui imobilizador\/chip transponder) do controle remoto original e coloque-o em nossa chave, ent&atilde;o voc&ecirc; est&aacute; pronto!<\/span><\/p>\n<p><span><strong>Montagem:<\/strong><\/span><\/p>\n<p><span>para Fusion Edge Explorer&#8230;<\/span><\/p>\n<p><span>e outros modelos com amostras da mesma apar&ecirc;ncia na imagem da capa&#8230;<\/span><\/p>\n<p><\/p>\n<p><strong><span>Nota importante:<\/span><\/strong><\/p>\n<p><span>1.Este item n&atilde;o &eacute; um controle remoto, &eacute; apenas uma substitui&ccedil;&atilde;o de capa de chave remota.<\/span><\/p>\n<p><span>2.N&atilde;o h&aacute; unidade interna (chip remoto\/eletr&ocirc;nico\/transponder) dentro.<\/span><\/p>\n<p><span>3.Por favor, compare o inv&oacute;lucro da sua chave, certifique-se de que seu item seja igual ao nosso produto antes de comprar.<\/span><\/p>\n<p><span><strong>O pacote inclui:<\/strong><\/span><\/p>\n<p><span>10 x escudo de chave<\/span><\/p>\n<p><\/p>\n<div>\n               <img data-recalc-dims=\"1\" loading=\"lazy\" decoding=\"async\" width=\"950\" height=\"25\" src=\"https:\/\/i0.wp.com\/ae01.alicdn.com\/kf\/HTB1KUiJKXXXXXc3XXXXq6xXFXXXm.jpg?resize=950%2C25\" \/>\n              <\/div>\n<p><span><br \/><\/span><\/p>\n<p><img data-recalc-dims=\"1\" decoding=\"async\" src=\"https:\/\/i0.wp.com\/ae01.alicdn.com\/kf\/H53c4b7b75f8e421b999f947bee6b4a9eu.jpg?w=1200\" \/><\/p>\n<p><img data-recalc-dims=\"1\" decoding=\"async\" src=\"https:\/\/i0.wp.com\/ae01.alicdn.com\/kf\/HTB1KO5MeSWD3KVjSZSgq6ACxVXad.jpg?w=1200\" \/><\/p>\n<p><img data-recalc-dims=\"1\" decoding=\"async\" src=\"https:\/\/i0.wp.com\/ae01.alicdn.com\/kf\/H42acc726565d4f0a94006a15edfdea792.jpg?w=1200\" \/><\/p>\n<p><img data-recalc-dims=\"1\" decoding=\"async\" src=\"https:\/\/i0.wp.com\/ae01.alicdn.com\/kf\/Hca61b4cf41c340e79560848239dcc7b3a.jpg?w=1200\" \/><\/p>\n<p><img data-recalc-dims=\"1\" decoding=\"async\" src=\"https:\/\/i0.wp.com\/ae01.alicdn.com\/kf\/Hf775025580814ff19e074f4c32147b8fJ.jpg?w=1200\" \/><\/p>\n<p><img data-recalc-dims=\"1\" decoding=\"async\" src=\"https:\/\/i0.wp.com\/ae01.alicdn.com\/kf\/Hb949264f9d1b4fd3a1dd1a51af396a0fB.jpg?w=1200\" \/><\/p>\n<p><img data-recalc-dims=\"1\" decoding=\"async\" src=\"https:\/\/i0.wp.com\/ae01.alicdn.com\/kf\/H968551a9974e4562b401e97bc90dc7bb2.jpg?w=1200\" \/><\/p>\n<p><span><br \/><\/span><\/p>\n<p>\n             <\/div>\n<\/p><\/div>\n<div class=\"detailmodule_dynamic\"><\/div>\n<\/p><\/div>\n<\/p><\/div>\n<div class=\"detailmodule_dynamic\"><\/div>\n<\/p><\/div>\n<\/p><\/div>\n<div class=\"detailmodule_dynamic\"><\/div>\n<\/p><\/div>\n<\/p><\/div>\n<div class=\"detailmodule_dynamic\"><\/div>\n<\/p><\/div>\n<\/p><\/div>\n<div class=\"detailmodule_dynamic\"><\/div>\n<\/p><\/div>\n<\/p><\/div>\n<div class=\"detailmodule_dynamic\"><\/div>\n<\/p><\/div>\n<\/div>\n<div class=\"detailmodule_dynamic\"><\/div>\n<div class=\"detailmodule_dynamic\"><\/div>\n<div class=\"detailmodule_dynamic\">\n<\/div>\n<div class=\"detail-desc-decorate-richtext\"><\/div>\n<div class=\"detailmodule_html\">\n<div class=\"detail-desc-decorate-richtext\"><\/div>\n<div class=\"detailmodule_html\">\n<div class=\"detail-desc-decorate-richtext\"><\/div>\n<div class=\"detailmodule_html\">\n<div class=\"detail-desc-decorate-richtext\"><\/div>\n<div class=\"detailmodule_html\">\n<div class=\"detail-desc-decorate-richtext\"><\/div>\n<div class=\"detailmodule_html\">\n<div class=\"detail-desc-decorate-richtext\"><\/div>\n<div class=\"detailmodule_html\">\n<div class=\"detail-desc-decorate-richtext\"><\/div>\n<div class=\"detailmodule_html\">\n<div class=\"detail-desc-decorate-richtext\"><\/div>\n<\/p><\/div>\n<\/p><\/div>\n<\/p><\/div>\n<\/p><\/div>\n<\/p><\/div>\n<\/p><\/div>\n<\/div>\n<p><\/div>\n<\/div>\n","protected":false},"excerpt":{"rendered":"<p>Condi&ccedil;&atilde;o: 100% novo Cor: Preto Bot&atilde;o: 2\/3\/4 bot&otilde;es Chave em branco: sim (HU101L&acirc;mina) Chip transponder: N&atilde;o Eletr&ocirc;nica\/Bateria: N&atilde;o Caracter&iacute;sticas: 1. Melhor substituto para uma chave com bot&otilde;es quebrados ou estojo de chave desgastado. 2.Apenas estojo de chave e l&acirc;mina de chave sem cortes. N&atilde;o componentes internos eletr&ocirc;nicos.3. Fa&ccedil;a a l&acirc;mina cortar por um serralheiro\/revendedor local&hellip;&nbsp;<\/p>\n","protected":false},"featured_media":47033,"template":"","meta":{"neve_meta_sidebar":"","neve_meta_container":"","neve_meta_enable_content_width":"","neve_meta_content_width":0,"neve_meta_title_alignment":"","neve_meta_author_avatar":"","neve_post_elements_order":"","neve_meta_disable_header":"","neve_meta_disable_footer":"","neve_meta_disable_title":""},"product_brand":[],"product_cat":[17,152,30],"product_tag":[],"class_list":{"0":"post-47038","1":"product","2":"type-product","3":"status-publish","4":"has-post-thumbnail","6":"product_cat-pecas-e-acessorios-automotivos","7":"product_cat-shell-chave","8":"product_cat-starters","10":"first","11":"instock","12":"shipping-taxable","13":"purchasable","14":"product-type-variable","15":"has-default-attributes"},"jetpack_sharing_enabled":true,"_links":{"self":[{"href":"https:\/\/listman.shop\/autoparts-br\/wp-json\/wp\/v2\/product\/47038","targetHints":{"allow":["GET"]}}],"collection":[{"href":"https:\/\/listman.shop\/autoparts-br\/wp-json\/wp\/v2\/product"}],"about":[{"href":"https:\/\/listman.shop\/autoparts-br\/wp-json\/wp\/v2\/types\/product"}],"wp:featuredmedia":[{"embeddable":true,"href":"https:\/\/listman.shop\/autoparts-br\/wp-json\/wp\/v2\/media\/47033"}],"wp:attachment":[{"href":"https:\/\/listman.shop\/autoparts-br\/wp-json\/wp\/v2\/media?parent=47038"}],"wp:term":[{"taxonomy":"product_brand","embeddable":true,"href":"https:\/\/listman.shop\/autoparts-br\/wp-json\/wp\/v2\/product_brand?post=47038"},{"taxonomy":"product_cat","embeddable":true,"href":"https:\/\/listman.shop\/autoparts-br\/wp-json\/wp\/v2\/product_cat?post=47038"},{"taxonomy":"product_tag","embeddable":true,"href":"https:\/\/listman.shop\/autoparts-br\/wp-json\/wp\/v2\/product_tag?post=47038"}],"curies":[{"name":"wp","href":"https:\/\/api.w.org\/{rel}","templated":true}]}}