{"id":47055,"date":"2025-03-31T00:24:41","date_gmt":"2025-03-30T15:24:41","guid":{"rendered":"https:\/\/listman.shop\/autoparts-br\/product\/1005005580431914\/"},"modified":"2026-04-15T00:29:46","modified_gmt":"2026-04-14T15:29:46","slug":"1005005580431914","status":"publish","type":"product","link":"https:\/\/listman.shop\/autoparts-br\/product\/1005005580431914\/","title":{"rendered":"Keyyou huf5662 huf5767 2\/3btn chave remota do carro para bmw f 3 5 7 s\u00e9ries x5 x6 f20 f22 f30 cas4 cas4 + fem bdc 315\/434\/868mhz"},"content":{"rendered":"<div class=\"detailmodule_html\">\n<div class=\"detail-desc-decorate-richtext\">\n<div class=\"detailmodule_html\">\n<div class=\"detail-desc-decorate-richtext\">\n<div>\n<div>\n<div><\/div>\n<div style=\", sans-serif;font-size:14px;font-weight:400;letter-spacing:normal;text-align:start;white-space:normal;margin:0px;margin-bottom:0px;margin-top:0px;margin-left:0px;margin-right:0px;padding:0px;padding-bottom:0px;padding-top:0px;padding-left:0px;padding-right:0px\" align=\"start\">\n<div style=\"margin:0px;margin-bottom:0px;margin-top:0px;margin-left:0px;margin-right:0px;padding:0px;padding-bottom:0px;padding-top:0px;padding-left:0px;padding-right:0px\">\n<div style=\", sans-serif;font-size:14px;font-weight:400;letter-spacing:normal;line-height:inherit;text-align:start;white-space:normal;border:0px;margin:0px;margin-bottom:0px;margin-top:0px;margin-left:0px;margin-right:0px;padding:0px;padding-bottom:0px;padding-top:0px;padding-left:0px;padding-right:0px\" align=\"start\">\n<div style=\"font-family:inherit;font-size:inherit;font-weight:inherit;line-height:inherit;border:0px;margin:0px;margin-bottom:0px;margin-top:0px;margin-left:0px;margin-right:0px;padding:0px;padding-bottom:0px;padding-top:0px;padding-left:0px;padding-right:0px\">\n<div style=\"font-family:inherit;font-size:inherit;font-weight:inherit;line-height:inherit;border:0px;margin:0px;margin-bottom:0px;margin-top:0px;margin-left:0px;margin-right:0px;padding:0px;padding-bottom:0px;padding-top:0px;padding-left:0px;padding-right:0px\">\n<div style=\"font-family:inherit;font-size:inherit;font-weight:inherit;line-height:inherit;border:0px;margin:0px;margin-bottom:0px;margin-top:0px;margin-left:0px;margin-right:0px;padding:0px;padding-bottom:0px;padding-top:0px;padding-left:0px;padding-right:0px\">\n<div style=\", sans-serif;font-size:14px;font-weight:400;letter-spacing:normal;text-align:start;white-space:normal;margin:0px;margin-bottom:0px;margin-top:0px;margin-left:0px;margin-right:0px;padding:0px;padding-bottom:0px;padding-top:0px;padding-left:0px;padding-right:0px\" align=\"start\">\n<div style=\"margin:0px;margin-bottom:0px;margin-top:0px;margin-left:0px;margin-right:0px;padding:0px;padding-bottom:0px;padding-top:0px;padding-left:0px;padding-right:0px\">\n<div style=\", sans-serif;font-size:14px;font-weight:400;letter-spacing:normal;text-align:start;white-space:normal;margin:0px;margin-bottom:0px;margin-top:0px;margin-left:0px;margin-right:0px;padding:0px;padding-bottom:0px;padding-top:0px;padding-left:0px;padding-right:0px\" align=\"start\">\n<div style=\"margin:0px;margin-bottom:0px;margin-top:0px;margin-left:0px;margin-right:0px;padding:0px;padding-bottom:0px;padding-top:0px;padding-left:0px;padding-right:0px\">\n<div style=\"margin:0px;margin-bottom:0px;margin-top:0px;margin-left:0px;margin-right:0px;padding:0px;padding-bottom:0px;padding-top:0px;padding-left:0px;padding-right:0px\">\n<div style=\"margin:0px;margin-bottom:0px;margin-top:0px;margin-left:0px;margin-right:0px;padding:0px;padding-bottom:0px;padding-top:0px;padding-left:0px;padding-right:0px\">\n<div style=\"margin:0px;margin-bottom:0px;margin-top:0px;margin-left:0px;margin-right:0px;padding:0px;padding-bottom:0px;padding-top:0px;padding-left:0px;padding-right:0px\">\n<div style=\", sans-serif;font-size:14px;font-weight:400;letter-spacing:normal;text-align:start;white-space:normal;margin:0px;margin-bottom:0px;margin-top:0px;margin-left:0px;margin-right:0px;padding:0px;padding-bottom:0px;padding-top:0px;padding-left:0px;padding-right:0px\" align=\"start\">\n<div style=\", sans-serif;font-size:14px;font-weight:400;letter-spacing:normal;text-align:start;white-space:normal;margin:0px;margin-bottom:0px;margin-top:0px;margin-left:0px;margin-right:0px;padding:0px;padding-bottom:0px;padding-top:0px;padding-left:0px;padding-right:0px\" align=\"start\"><span style=\"font-size:14px;, sans-serif\"><strong><span style=\"font-size:16px\"><span style=\"font-family:Arial, Helvetica, sans-serif\"><br \/><\/span><\/span><\/strong><\/span><\/div>\n<\/div>\n<p style=\", sans-serif;font-size:14px;font-weight:400;letter-spacing:normal;line-height:inherit;text-align:start;white-space:normal;margin:0px;margin-bottom:0px;margin-top:0px;margin-left:0px;margin-right:0px;padding:0px;padding-bottom:0px;padding-top:0px;padding-left:0px;padding-right:0px;display:block;width:944px\" align=\"start\"><img data-recalc-dims=\"1\" decoding=\"async\" style=\"margin:0px;margin-bottom:0px;margin-top:0px;margin-left:0px;margin-right:0px;padding:0px;padding-bottom:0px;padding-top:0px;padding-left:0px;padding-right:0px;max-width:100%\" src=\"https:\/\/i0.wp.com\/ae01.alicdn.com\/kf\/Heb89e40316084804b3061af42a0285cfB.jpg?w=1200\"><\/p>\n<p style=\"font-size:14px;font-weight:400;line-height:inherit;margin:0px;margin-bottom:0px;margin-top:0px;margin-left:0px;margin-right:0px;padding:0px;padding-bottom:0px;padding-top:0px;padding-left:0px;padding-right:0px\">\n<p><span style=\"font-size:16px\"><span><span style=\"font-family:Arial, Helvetica, sans-serif\">Condi\u00e7\u00e3o: 100% novo<\/span><\/span><\/span><\/p>\n<\/div>\n<\/div>\n<\/div>\n<\/div>\n<\/div>\n<\/div>\n<\/div>\n<\/div>\n<\/div>\n<\/div>\n<\/div>\n<\/div>\n<\/div>\n<p style=\"font-family:Verdana, Arial, Helvetica, sans-serif;font-size:10px;font-weight:400;letter-spacing:normal;text-align:start;white-space:normal;margin:2px;margin-bottom:2px;margin-top:2px;margin-left:2px;margin-right:2px\" align=\"start\"><span style=\"font-size:16px\"><span style=\"font-family:Arial, Helvetica, sans-serif\"><span>Cor: como mostra a imagem<\/span><\/span><\/span><\/p>\n<p style=\"font-family:Verdana, Arial, Helvetica, sans-serif;font-size:10px;font-weight:400;letter-spacing:normal;text-align:start;white-space:normal;margin:2px;margin-bottom:2px;margin-top:2px;margin-left:2px;margin-right:2px\" align=\"start\"><span style=\"font-size:16px\"><span style=\"font-family:Arial, Helvetica, sans-serif\"><span>Bot\u00e3o: 3\/4 bot\u00f5es<\/span><\/span><\/span><\/p>\n<p style=\"font-family:Verdana, Arial, Helvetica, sans-serif;font-size:10px;font-weight:400;letter-spacing:normal;text-align:start;white-space:normal;margin:2px;margin-bottom:2px;margin-top:2px;margin-left:2px;margin-right:2px\" align=\"start\"><span style=\"font-size:16px\"><span style=\"font-family:Arial, Helvetica, sans-serif\"><span>Tamanho: 8cm * 4cm * 3cm (C * L * A)<\/span><\/span><\/span><\/p>\n<p style=\"font-family:Verdana, Arial, Helvetica, sans-serif;font-size:10px;font-weight:400;letter-spacing:normal;text-align:start;white-space:normal;margin:2px;margin-bottom:2px;margin-top:2px;margin-left:2px;margin-right:2px\" align=\"start\"><span style=\"font-size:16px\"><span style=\"font-family:Arial, Helvetica, sans-serif\"><span>Peso: 47g<\/span><\/span><\/span><\/p>\n<p style=\"font-family:Verdana, Arial, Helvetica, sans-serif;font-size:10px;font-weight:400;letter-spacing:normal;text-align:start;white-space:normal;margin:2px;margin-bottom:2px;margin-top:2px;margin-left:2px;margin-right:2px\" align=\"start\"><span style=\"font-size:16px\"><span style=\"font-family:Arial, Helvetica, sans-serif\"><span>Frequ\u00eancia: 315 \/434\/ 868 MHz<\/span><\/span><\/span><\/p>\n<p style=\"font-family:Verdana, Arial, Helvetica, sans-serif;font-size:10px;font-weight:400;letter-spacing:normal;text-align:start;white-space:normal;margin:2px;margin-bottom:2px;margin-top:2px;margin-left:2px;margin-right:2px\" align=\"start\"><span style=\"font-size:16px\"><span style=\"font-family:Arial, Helvetica, sans-serif\"><span>FCCID:YGOHUF5662\/YGOHUF5767<\/span><\/span><\/span><\/p>\n<p style=\"font-family:Verdana, Arial, Helvetica, sans-serif;font-size:10px;font-weight:400;letter-spacing:normal;text-align:start;white-space:normal;margin:2px;margin-bottom:2px;margin-top:2px;margin-left:2px;margin-right:2px\" align=\"start\"><span style=\"font-size:16px\"><span style=\"font-family:Arial, Helvetica, sans-serif\"><span>Sistema: BDC\/CAS4\/CAS4+ FEM<\/span><\/span><\/span><\/p>\n<div>\n<\/div>\n<p style=\"font-family:Verdana, Arial, Helvetica, sans-serif;font-size:10px;font-weight:400;letter-spacing:normal;text-align:start;white-space:normal;margin:2px;margin-bottom:2px;margin-top:2px;margin-left:2px;margin-right:2px\" align=\"start\"><span style=\"font-size:16px\"><span style=\"font-family:Arial, Helvetica, sans-serif\"><span>Caracter\u00edsticas:<\/span><\/span><\/span><\/p>\n<p style=\"font-family:Verdana, Arial, Helvetica, sans-serif;font-size:10px;font-weight:400;letter-spacing:normal;text-align:start;white-space:normal;margin:2px;margin-bottom:2px;margin-top:2px;margin-left:2px;margin-right:2px\" align=\"start\"><span style=\"font-size:16px\"><span style=\"font-family:Arial, Helvetica, sans-serif\"><span>1. O item de venda \u00e9 uma chave remota DIY.<\/span><\/span><\/span><\/p>\n<p style=\"font-family:Verdana, Arial, Helvetica, sans-serif;font-size:10px;font-weight:400;letter-spacing:normal;text-align:start;white-space:normal;margin:2px;margin-bottom:2px;margin-top:2px;margin-left:2px;margin-right:2px\" align=\"start\"><span style=\"font-size:16px\"><span style=\"font-family:Arial, Helvetica, sans-serif\"><span>2.A chave remota inclui caixa de chave e placa de circuito.<\/span><\/span><\/span><\/p>\n<p style=\"font-family:Verdana, Arial, Helvetica, sans-serif;font-size:10px;font-weight:400;letter-spacing:normal;text-align:start;white-space:normal;margin:2px;margin-bottom:2px;margin-top:2px;margin-left:2px;margin-right:2px\" align=\"start\"><span style=\"font-size:16px\"><span style=\"font-family:Arial, Helvetica, sans-serif\"><span>3.Voc\u00ea precisar\u00e1 programar a chave e cortar a l\u00e2mina no serralheiro automotivo local antes de usar.<\/span><\/span><\/span><\/p>\n<div><\/div>\n<p style=\"font-family:Verdana, Arial, Helvetica, sans-serif;font-size:10px;font-weight:400;letter-spacing:normal;text-align:start;white-space:normal;margin:2px;margin-bottom:2px;margin-top:2px;margin-left:2px;margin-right:2px\" align=\"start\"><span style=\"font-size:16px\"><span style=\"font-family:Arial, Helvetica, sans-serif\"><span>Montagem:<\/span><\/span><\/span><\/p>\n<p style=\"font-family:Verdana, Arial, Helvetica, sans-serif;font-size:10px;font-weight:400;letter-spacing:normal;text-align:start;white-space:normal;margin:2px;margin-bottom:2px;margin-top:2px;margin-left:2px;margin-right:2px\" align=\"start\"><span style=\"font-size:16px\"><span style=\"font-family:Arial, Helvetica, sans-serif\"><span>Para BMW F20 2011 2012 2013 2014 2015 2016 2017<\/span><\/span><\/span><\/p>\n<p style=\"font-family:Verdana, Arial, Helvetica, sans-serif;font-size:10px;font-weight:400;letter-spacing:normal;text-align:start;white-space:normal;margin:2px;margin-bottom:2px;margin-top:2px;margin-left:2px;margin-right:2px\" align=\"start\"><span style=\"font-size:16px\"><span style=\"font-family:Arial, Helvetica, sans-serif\"><span>Para BMW F21 2011 2012 2013 2014 2015 2016 2017<\/span><\/span><\/span><\/p>\n<p style=\"font-family:Verdana, Arial, Helvetica, sans-serif;font-size:10px;font-weight:400;letter-spacing:normal;text-align:start;white-space:normal;margin:2px;margin-bottom:2px;margin-top:2px;margin-left:2px;margin-right:2px\" align=\"start\"><span style=\"font-size:16px\"><span style=\"font-family:Arial, Helvetica, sans-serif\"><span>Para BMW F22 2014 2015 2016 2017<\/span><\/span><\/span><\/p>\n<p style=\"font-family:Verdana, Arial, Helvetica, sans-serif;font-size:10px;font-weight:400;letter-spacing:normal;text-align:start;white-space:normal;margin:2px;margin-bottom:2px;margin-top:2px;margin-left:2px;margin-right:2px\" align=\"start\"><span style=\"font-size:16px\"><span style=\"font-family:Arial, Helvetica, sans-serif\"><span>Para BMW F23 2014 2015 2016 2017<\/span><\/span><\/span><\/p>\n<p style=\"font-family:Verdana, Arial, Helvetica, sans-serif;font-size:10px;font-weight:400;letter-spacing:normal;text-align:start;white-space:normal;margin:2px;margin-bottom:2px;margin-top:2px;margin-left:2px;margin-right:2px\" align=\"start\"><span style=\"font-size:16px\"><span style=\"font-family:Arial, Helvetica, sans-serif\"><span>Para BMW F24 2014 2015 2016 2017<\/span><\/span><\/span><\/p>\n<p style=\"font-family:Verdana, Arial, Helvetica, sans-serif;font-size:10px;font-weight:400;letter-spacing:normal;text-align:start;white-space:normal;margin:2px;margin-bottom:2px;margin-top:2px;margin-left:2px;margin-right:2px\" align=\"start\"><span style=\"font-size:16px\"><span style=\"font-family:Arial, Helvetica, sans-serif\"><span>Para BMW F45 2014 2015 2016 2017<\/span><\/span><\/span><\/p>\n<p style=\"font-family:Verdana, Arial, Helvetica, sans-serif;font-size:10px;font-weight:400;letter-spacing:normal;text-align:start;white-space:normal;margin:2px;margin-bottom:2px;margin-top:2px;margin-left:2px;margin-right:2px\" align=\"start\"><span style=\"font-size:16px\"><span style=\"font-family:Arial, Helvetica, sans-serif\"><span>Para BMW F46 2014 2015 2016 2017<\/span><\/span><\/span><\/p>\n<p style=\"font-family:Verdana, Arial, Helvetica, sans-serif;font-size:10px;font-weight:400;letter-spacing:normal;text-align:start;white-space:normal;margin:2px;margin-bottom:2px;margin-top:2px;margin-left:2px;margin-right:2px\" align=\"start\"><span style=\"font-size:16px\"><span style=\"font-family:Arial, Helvetica, sans-serif\"><span>Para BMW F34 2012 2013 2014 2015 2016 2017<\/span><\/span><\/span><\/p>\n<p style=\"font-family:Verdana, Arial, Helvetica, sans-serif;font-size:10px;font-weight:400;letter-spacing:normal;text-align:start;white-space:normal;margin:2px;margin-bottom:2px;margin-top:2px;margin-left:2px;margin-right:2px\" align=\"start\"><span style=\"font-size:16px\"><span style=\"font-family:Arial, Helvetica, sans-serif\"><span>Para BMW F35 2012 2013 2014 2015 2016 2017<\/span><\/span><\/span><\/p>\n<p style=\"font-family:Verdana, Arial, Helvetica, sans-serif;font-size:10px;font-weight:400;letter-spacing:normal;text-align:start;white-space:normal;margin:2px;margin-bottom:2px;margin-top:2px;margin-left:2px;margin-right:2px\" align=\"start\"><span style=\"font-size:16px\"><span style=\"font-family:Arial, Helvetica, sans-serif\"><span>Para BMW F30 2014 2015 2016 2017<\/span><\/span><\/span><\/p>\n<p style=\"font-family:Verdana, Arial, Helvetica, sans-serif;font-size:10px;font-weight:400;letter-spacing:normal;text-align:start;white-space:normal;margin:2px;margin-bottom:2px;margin-top:2px;margin-left:2px;margin-right:2px\" align=\"start\"><span style=\"font-size:16px\"><span style=\"font-family:Arial, Helvetica, sans-serif\"><span>Para BMW F31 2014 2015 2016 2017<\/span><\/span><\/span><\/p>\n<p style=\"font-family:Verdana, Arial, Helvetica, sans-serif;font-size:10px;font-weight:400;letter-spacing:normal;text-align:start;white-space:normal;margin:2px;margin-bottom:2px;margin-top:2px;margin-left:2px;margin-right:2px\" align=\"start\"><span style=\"font-size:16px\"><span style=\"font-family:Arial, Helvetica, sans-serif\"><span>Para BMW F32 2014 2015 2016 2017<\/span><\/span><\/span><\/p>\n<p style=\"font-family:Verdana, Arial, Helvetica, sans-serif;font-size:10px;font-weight:400;letter-spacing:normal;text-align:start;white-space:normal;margin:2px;margin-bottom:2px;margin-top:2px;margin-left:2px;margin-right:2px\" align=\"start\"><span style=\"font-size:16px\"><span style=\"font-family:Arial, Helvetica, sans-serif\"><span>Para BMW F33 2014 2015 2016 2017<\/span><\/span><\/span><\/p>\n<p style=\"font-family:Verdana, Arial, Helvetica, sans-serif;font-size:10px;font-weight:400;letter-spacing:normal;text-align:start;white-space:normal;margin:2px;margin-bottom:2px;margin-top:2px;margin-left:2px;margin-right:2px\" align=\"start\"><span style=\"font-size:16px\"><span style=\"font-family:Arial, Helvetica, sans-serif\"><span>Para BMW F36 2014 2015 2016 2017<\/span><\/span><\/span><\/p>\n<p style=\"font-family:Verdana, Arial, Helvetica, sans-serif;font-size:10px;font-weight:400;letter-spacing:normal;text-align:start;white-space:normal;margin:2px;margin-bottom:2px;margin-top:2px;margin-left:2px;margin-right:2px\" align=\"start\"><span style=\"font-size:16px\"><span style=\"font-family:Arial, Helvetica, sans-serif\"><span>Para BMW X5 F15 2014 2015 2016 2017<\/span><\/span><\/span><\/p>\n<p style=\"font-family:Verdana, Arial, Helvetica, sans-serif;font-size:10px;font-weight:400;letter-spacing:normal;text-align:start;white-space:normal;margin:2px;margin-bottom:2px;margin-top:2px;margin-left:2px;margin-right:2px\" align=\"start\"><span style=\"font-size:16px\"><span style=\"font-family:Arial, Helvetica, sans-serif\"><span>Para BMW X6 F16 2015 2016 2017<\/span><\/span><\/span><\/p>\n<p style=\"font-family:Verdana, Arial, Helvetica, sans-serif;font-size:10px;font-weight:400;letter-spacing:normal;text-align:start;white-space:normal;margin:2px;margin-bottom:2px;margin-top:2px;margin-left:2px;margin-right:2px\" align=\"start\"><span style=\"font-size:16px\"><span style=\"font-family:Arial, Helvetica, sans-serif\"><span>Para BMW S\u00e9rie 5 520 525 530 535 etc.<\/span><\/span><\/span><\/p>\n<p style=\"font-family:Verdana, Arial, Helvetica, sans-serif;font-size:10px;font-weight:400;letter-spacing:normal;text-align:start;white-space:normal;margin:2px;margin-bottom:2px;margin-top:2px;margin-left:2px;margin-right:2px\" align=\"start\"><span style=\"font-size:16px\"><span style=\"font-family:Arial, Helvetica, sans-serif\"><span>Para BMW S\u00e9rie 7 730 740 750 Etc.<\/span><\/span><\/span><\/p>\n<div><\/div>\n<p style=\"font-family:Verdana, Arial, Helvetica, sans-serif;font-size:10px;font-weight:400;letter-spacing:normal;text-align:start;white-space:normal;margin:2px;margin-bottom:2px;margin-top:2px;margin-left:2px;margin-right:2px\" align=\"start\"><span style=\"font-size:16px\"><span style=\"font-family:Arial, Helvetica, sans-serif\"><span>Nota importante:<\/span><\/span><\/span><\/p>\n<p style=\"font-family:Verdana, Arial, Helvetica, sans-serif;font-size:10px;font-weight:400;letter-spacing:normal;text-align:start;white-space:normal;margin:2px;margin-bottom:2px;margin-top:2px;margin-left:2px;margin-right:2px\" align=\"start\"><span style=\"font-size:16px\"><span style=\"font-family:Arial, Helvetica, sans-serif\"><span>Por favor, confirme o ID FCC, o n\u00famero da pe\u00e7a e o padr\u00e3o do bot\u00e3o para montagem adequada.<\/span><\/span><\/span><\/p>\n<div><\/div>\n<p style=\"font-family:Verdana, Arial, Helvetica, sans-serif;font-size:10px;font-weight:400;letter-spacing:normal;text-align:start;white-space:normal;margin:2px;margin-bottom:2px;margin-top:2px;margin-left:2px;margin-right:2px\" align=\"start\"><span style=\"font-size:16px\"><span style=\"font-family:Arial, Helvetica, sans-serif\"><span>O pacote inclui:<\/span><\/span><\/span><\/p>\n<p style=\"font-family:Verdana, Arial, Helvetica, sans-serif;font-size:10px;font-weight:400;letter-spacing:normal;text-align:start;white-space:normal;margin:2px;margin-bottom:2px;margin-top:2px;margin-left:2px;margin-right:2px\" align=\"start\"><span style=\"font-size:16px\"><span style=\"font-family:Arial, Helvetica, sans-serif\"><span>1 x estojo de chave do carro<\/span><\/span><\/span><\/p>\n<p style=\"font-family:Verdana, Arial, Helvetica, sans-serif;font-size:10px;font-weight:400;letter-spacing:normal;text-align:start;white-space:normal;margin:2px;margin-bottom:2px;margin-top:2px;margin-left:2px;margin-right:2px\" align=\"start\"><span style=\"font-size:16px\"><span style=\"font-family:Arial, Helvetica, sans-serif\"><span>1 X placa de circuito<\/span><\/span><\/span><\/p>\n<p style=\"font-family:Verdana, Arial, Helvetica, sans-serif;font-size:10px;font-weight:400;letter-spacing:normal;text-align:start;white-space:normal;margin:2px;margin-bottom:2px;margin-top:2px;margin-left:2px;margin-right:2px\" align=\"start\"><span style=\"font-size:16px\"><span><span style=\"font-family:Arial, Helvetica, sans-serif\">1 x bateria<\/span><\/span><\/span><\/p>\n<p><img data-recalc-dims=\"1\" decoding=\"async\" src=\"https:\/\/i0.wp.com\/ae01.alicdn.com\/kf\/H23344085aec1434c9603a407e43c247a6.jpg?w=1200\"><img data-recalc-dims=\"1\" decoding=\"async\" src=\"https:\/\/i0.wp.com\/ae01.alicdn.com\/kf\/S377aca32e9d24c3db9fef8ac67776e49I.jpg?w=1200&#038;ssl=1\"><img data-recalc-dims=\"1\" decoding=\"async\" src=\"https:\/\/i0.wp.com\/ae01.alicdn.com\/kf\/Hbffceb336af944059546037f76e961adu.jpg?w=1200&#038;ssl=1\"><img data-recalc-dims=\"1\" decoding=\"async\" src=\"https:\/\/i0.wp.com\/ae01.alicdn.com\/kf\/S9a2f99c120c84b6eae1e6630a99f0f9dc.jpg?w=1200&#038;ssl=1\"><img data-recalc-dims=\"1\" decoding=\"async\" src=\"https:\/\/i0.wp.com\/ae01.alicdn.com\/kf\/S29820a68aad24c11acc17269c6bf1d52F.jpg?w=1200&#038;ssl=1\"><img data-recalc-dims=\"1\" decoding=\"async\" src=\"https:\/\/i0.wp.com\/ae01.alicdn.com\/kf\/S4a5a8c2a28ce49ada7d9a0ecbee128a8G.jpg?w=1200&#038;ssl=1\"><img data-recalc-dims=\"1\" decoding=\"async\" src=\"https:\/\/i0.wp.com\/ae01.alicdn.com\/kf\/S92a9af77347a4a1e9bb1da74c71c0bcen.jpg?w=1200&#038;ssl=1\"><br \/><img data-recalc-dims=\"1\" decoding=\"async\" src=\"https:\/\/i0.wp.com\/ae01.alicdn.com\/kf\/H02d1289d309a4f41a64c2f9c961fc74cv.jpg?w=1200\"><img data-recalc-dims=\"1\" decoding=\"async\" src=\"https:\/\/i0.wp.com\/ae01.alicdn.com\/kf\/H990596a33f0d49239dd672dc7bf969f3G.jpg?w=1200\"><\/p>\n<\/div>\n<\/div>\n<\/div>\n<\/div>\n<p><\/p>\n<\/div>\n<\/div>\n","protected":false},"excerpt":{"rendered":"<p>Condi\u00e7\u00e3o: 100% novo Cor: como mostra a imagem Bot\u00e3o: 3\/4 bot\u00f5es Tamanho: 8cm * 4cm * 3cm (C * L * A) Peso: 47g Frequ\u00eancia: 315 \/434\/ 868 MHz FCCID:YGOHUF5662\/YGOHUF5767 Sistema: BDC\/CAS4\/CAS4+ FEM Caracter\u00edsticas: 1. O item de venda \u00e9 uma chave remota DIY. 2.A chave remota inclui caixa de chave e placa de circuito.&hellip;&nbsp;<\/p>\n","protected":false},"featured_media":47049,"template":"","meta":{"neve_meta_sidebar":"","neve_meta_container":"","neve_meta_enable_content_width":"","neve_meta_content_width":0,"neve_meta_title_alignment":"","neve_meta_author_avatar":"","neve_post_elements_order":"","neve_meta_disable_header":"","neve_meta_disable_footer":"","neve_meta_disable_title":""},"product_brand":[],"product_cat":[51,17,30],"product_tag":[],"class_list":{"0":"post-47055","1":"product","2":"type-product","3":"status-publish","4":"has-post-thumbnail","6":"product_cat-chave-do-carro","7":"product_cat-pecas-e-acessorios-automotivos","8":"product_cat-starters","10":"first","11":"instock","12":"shipping-taxable","13":"purchasable","14":"product-type-variable","15":"has-default-attributes"},"jetpack_sharing_enabled":true,"_links":{"self":[{"href":"https:\/\/listman.shop\/autoparts-br\/wp-json\/wp\/v2\/product\/47055","targetHints":{"allow":["GET"]}}],"collection":[{"href":"https:\/\/listman.shop\/autoparts-br\/wp-json\/wp\/v2\/product"}],"about":[{"href":"https:\/\/listman.shop\/autoparts-br\/wp-json\/wp\/v2\/types\/product"}],"wp:featuredmedia":[{"embeddable":true,"href":"https:\/\/listman.shop\/autoparts-br\/wp-json\/wp\/v2\/media\/47049"}],"wp:attachment":[{"href":"https:\/\/listman.shop\/autoparts-br\/wp-json\/wp\/v2\/media?parent=47055"}],"wp:term":[{"taxonomy":"product_brand","embeddable":true,"href":"https:\/\/listman.shop\/autoparts-br\/wp-json\/wp\/v2\/product_brand?post=47055"},{"taxonomy":"product_cat","embeddable":true,"href":"https:\/\/listman.shop\/autoparts-br\/wp-json\/wp\/v2\/product_cat?post=47055"},{"taxonomy":"product_tag","embeddable":true,"href":"https:\/\/listman.shop\/autoparts-br\/wp-json\/wp\/v2\/product_tag?post=47055"}],"curies":[{"name":"wp","href":"https:\/\/api.w.org\/{rel}","templated":true}]}}