{"id":47110,"date":"2025-03-31T00:27:29","date_gmt":"2025-03-30T15:27:29","guid":{"rendered":"https:\/\/listman.shop\/autoparts-br\/product\/1005005591075871\/"},"modified":"2026-04-15T00:53:08","modified_gmt":"2026-04-14T15:53:08","slug":"1005005591075871","status":"publish","type":"product","link":"https:\/\/listman.shop\/autoparts-br\/product\/1005005591075871\/","title":{"rendered":"Keyyou kr55wk49333 315 433 868 mhz id46 pcf7953 chip remoto chave de carro inteligente para bmw mini cooper s um d clubman cupron"},"content":{"rendered":"<div class=\"detailmodule_html\">\n<div class=\"detail-desc-decorate-richtext\">\n<p style=\", Roboto, Arial, Helvetica, sans-serif, SimSun;font-size:14px;font-weight:400;letter-spacing:normal;line-height:inherit;text-align:start;white-space:normal;margin:0px;margin-bottom:0px;margin-top:0px;margin-left:0px;margin-right:0px;padding:0px;padding-bottom:0px;padding-top:0px;padding-left:0px;padding-right:0px;display:block;width:944px\" align=\"start\"><img data-recalc-dims=\"1\" decoding=\"async\" style=\"border:0px;margin:0px;margin-bottom:0px;margin-top:0px;margin-left:0px;margin-right:0px;padding:0px;padding-bottom:0px;padding-top:0px;padding-left:0px;padding-right:0px;max-width:100%\" src=\"https:\/\/i0.wp.com\/ae01.alicdn.com\/kf\/HTB1a9nnoIj_B1NjSZFHq6yDWpXac.jpg?w=1200&#038;ssl=1\"><\/p>\n<p style=\", Roboto, Arial, Helvetica, sans-serif, SimSun;font-size:14px;font-weight:400;letter-spacing:normal;line-height:inherit;text-align:start;white-space:normal;margin:0px;margin-bottom:0px;margin-top:0px;margin-left:0px;margin-right:0px;padding:0px;padding-bottom:0px;padding-top:0px;padding-left:0px;padding-right:0px\" align=\"start\"><span style=\"font-size:16px\"><br \/><\/span><span style=\"font-size:16px\"><span style=\"font-family:arial, helvetica, sans-serif\"><span style=\"font-family:Arial, Helvetica, sans-serif\">Condi\u00e7\u00e3o: 100% novo<\/span><\/span><\/span><span style=\"font-size:16px\"><span style=\"font-family:Arial, Helvetica, sans-serif\"><br \/>Cor: como o show de imagens<br \/>Bot\u00f5es: 3 bot\u00f5es<br \/>Chave em branco: sim<br \/>Eletr\u00f4nica\/Bateria: Sim<br \/><\/span><\/span><span style=\"font-size:16px\"><span style=\"font-family:Arial, Helvetica, sans-serif\"><span>Frequ\u00eancia<\/span><\/span><\/span><span style=\"font-size:16px\"><span style=\"font-family:Arial, Helvetica, sans-serif\"><span>&nbsp;<\/span><\/span><\/span><span style=\"font-size:16px\"><span style=\"font-family:Arial, Helvetica, sans-serif\">:315mhz\/433mhz\/868mhz<br \/>Peso: 55g<\/span><\/span><span style=\"font-size:16px\"><span style=\"font-family:Arial, Helvetica, sans-serif\"><strong><\/p>\n<p>Observa\u00e7\u00e3o &#8211; se o ID FCC n\u00e3o corresponder, n\u00e3o compre.N\u00e3o vai funcionar.<\/strong><\/span><\/span><span style=\"font-size:16px\"><span style=\"font-family:Arial, Helvetica, sans-serif\"><br \/><\/span><\/span><span style=\"font-size:16px\"><span style=\"font-family:Arial, Helvetica, sans-serif\"><span>Montagem:<\/span><\/span><\/span><span style=\"font-size:16px\"><span style=\"font-family:Arial, Helvetica, sans-serif\"><br \/>Para modelos BMW MINI COOPER<br \/>Para BMW Mini Cooper<br \/>E outros&#8230;<\/p>\n<p><\/span><\/span><span style=\"font-size:16px\"><span style=\"font-family:Arial, Helvetica, sans-serif\"><span>Nota importante:<\/span><\/span><\/span><span style=\"font-size:16px\"><span style=\"font-family:Arial, Helvetica, sans-serif\"><br \/>1. este item n\u00e3o \u00e9 um controle remoto, \u00e9 apenas uma substitui\u00e7\u00e3o de capa de chave remota.<br \/>2.N\u00e3o h\u00e1 unidade interna (chip remoto\/eletr\u00f4nico\/transponder) dentro.<br \/>3. verifique se sua chave tem a mesma apar\u00eancia da imagem do produto acima antes de comprar.<br \/>4. Fa\u00e7a a l\u00e2mina cortar por um serralheiro\/revendedor local ou troque a l\u00e2mina pelo original.<br \/>5. devido \u00e0 medi\u00e7\u00e3o manual, o desvio de tamanho de 1-2mm\/polegada \u00e9 uma coisa comum, verifique seu tamanho cuidadosamente antes de compr\u00e1-lo.<\/p>\n<p><\/span><\/span><span style=\"font-size:16px\"><span style=\"font-family:Arial, Helvetica, sans-serif\"><span>O pacote inclui:<\/span><\/span><\/span><span style=\"font-size:16px\"><span style=\"font-family:Arial, Helvetica, sans-serif\"><br \/>1&#215;3 bot\u00f5es chave remota<br \/>1 x placa de circuito<br \/>1 x bateria est\u00e1 inclu\u00edda<\/span><\/span><\/p>\n<p style=\", Roboto, Arial, Helvetica, sans-serif, SimSun;font-size:14px;font-weight:400;letter-spacing:normal;line-height:inherit;text-align:start;white-space:normal;margin:0px;margin-bottom:0px;margin-top:0px;margin-left:0px;margin-right:0px;padding:0px;padding-bottom:0px;padding-top:0px;padding-left:0px;padding-right:0px;display:block;width:944px\" align=\"start\"><img data-recalc-dims=\"1\" decoding=\"async\" style=\"border:0px;margin:0px;margin-bottom:0px;margin-top:0px;margin-left:0px;margin-right:0px;padding:0px;padding-bottom:0px;padding-top:0px;padding-left:0px;padding-right:0px;max-width:100%\" src=\"https:\/\/i0.wp.com\/ae01.alicdn.com\/kf\/HTB1LLoGKamWBuNjy1Xaq6xCbXXa2.jpg?w=1200&#038;ssl=1\"><\/p>\n<p><\/p>\n<p style=\", Roboto, Arial, Helvetica, sans-serif, SimSun;font-size:14px;font-weight:400;letter-spacing:normal;line-height:inherit;text-align:start;white-space:normal;margin:0px;margin-bottom:0px;margin-top:0px;margin-left:0px;margin-right:0px;padding:0px;padding-bottom:0px;padding-top:0px;padding-left:0px;padding-right:0px\" align=\"start\"><img data-recalc-dims=\"1\" decoding=\"async\" style=\"border:0px;margin:0px;margin-bottom:0px;margin-top:0px;margin-left:0px;margin-right:0px;padding:0px;padding-bottom:0px;padding-top:0px;padding-left:0px;padding-right:0px;max-width:100%\" src=\"https:\/\/i0.wp.com\/ae03.alicdn.com\/kf\/S3dc28ae0eecc4c83ba01184a45b32e5f8.jpg?w=1200&#038;ssl=1\"><img data-recalc-dims=\"1\" decoding=\"async\" style=\"border:0px;margin:0px;margin-bottom:0px;margin-top:0px;margin-left:0px;margin-right:0px;padding:0px;padding-bottom:0px;padding-top:0px;padding-left:0px;padding-right:0px;max-width:100%\" src=\"https:\/\/i0.wp.com\/ae03.alicdn.com\/kf\/Sc800d8d1ffab4a50877ed61964f5b2b6h.jpg?w=1200&#038;ssl=1\"><img data-recalc-dims=\"1\" decoding=\"async\" style=\"border:0px;margin:0px;margin-bottom:0px;margin-top:0px;margin-left:0px;margin-right:0px;padding:0px;padding-bottom:0px;padding-top:0px;padding-left:0px;padding-right:0px;max-width:100%\" src=\"https:\/\/i0.wp.com\/ae03.alicdn.com\/kf\/Scab6b6cfcf6647d2b4cf2667504e0e895.jpg?w=1200&#038;ssl=1\"><img data-recalc-dims=\"1\" decoding=\"async\" style=\"border:0px;margin:0px;margin-bottom:0px;margin-top:0px;margin-left:0px;margin-right:0px;padding:0px;padding-bottom:0px;padding-top:0px;padding-left:0px;padding-right:0px;max-width:100%\" src=\"https:\/\/i0.wp.com\/ae03.alicdn.com\/kf\/S7866161e259e44fa9640e8a3763e3a5cJ.jpg?w=1200&#038;ssl=1\"><img data-recalc-dims=\"1\" decoding=\"async\" style=\"border:0px;margin:0px;margin-bottom:0px;margin-top:0px;margin-left:0px;margin-right:0px;padding:0px;padding-bottom:0px;padding-top:0px;padding-left:0px;padding-right:0px;max-width:100%\" src=\"https:\/\/i0.wp.com\/ae03.alicdn.com\/kf\/S0c8db9209f144fbfbe5295b4410ff134J.jpg?w=1200&#038;ssl=1\"><img data-recalc-dims=\"1\" decoding=\"async\" style=\"border:0px;margin:0px;margin-bottom:0px;margin-top:0px;margin-left:0px;margin-right:0px;padding:0px;padding-bottom:0px;padding-top:0px;padding-left:0px;padding-right:0px;max-width:100%\" src=\"https:\/\/i0.wp.com\/ae03.alicdn.com\/kf\/S3e5d8928c2ff4113bde8b71ec7f202259.jpg?w=1200&#038;ssl=1\"><span>&nbsp;<\/span><img data-recalc-dims=\"1\" decoding=\"async\" style=\"border:0px;margin:0px;margin-bottom:0px;margin-top:0px;margin-left:0px;margin-right:0px;padding:0px;padding-bottom:0px;padding-top:0px;padding-left:0px;padding-right:0px;max-width:100%\" src=\"https:\/\/i0.wp.com\/ae01.alicdn.com\/kf\/HTB11DKFJuuSBuNjSsplq6ze8pXau.jpg?w=1200&#038;ssl=1\"><img data-recalc-dims=\"1\" decoding=\"async\" style=\"border:0px;margin:0px;margin-bottom:0px;margin-top:0px;margin-left:0px;margin-right:0px;padding:0px;padding-bottom:0px;padding-top:0px;padding-left:0px;padding-right:0px;max-width:100%\" src=\"https:\/\/i0.wp.com\/ae01.alicdn.com\/kf\/HTB1I0nMJr1YBuNjSszeq6yblFXaH.jpg?w=1200&#038;ssl=1\"><\/p>\n<\/div>\n<\/div>\n","protected":false},"excerpt":{"rendered":"<p>Condi\u00e7\u00e3o: 100% novoCor: como o show de imagensBot\u00f5es: 3 bot\u00f5esChave em branco: simEletr\u00f4nica\/Bateria: SimFrequ\u00eancia&nbsp;:315mhz\/433mhz\/868mhzPeso: 55g Observa\u00e7\u00e3o &#8211; se o ID FCC n\u00e3o corresponder, n\u00e3o compre.N\u00e3o vai funcionar.Montagem:Para modelos BMW MINI COOPERPara BMW Mini CooperE outros&#8230; Nota importante:1. este item n\u00e3o \u00e9 um controle remoto, \u00e9 apenas uma substitui\u00e7\u00e3o de capa de chave remota.2.N\u00e3o h\u00e1 unidade&hellip;&nbsp;<\/p>\n","protected":false},"featured_media":47104,"template":"","meta":{"neve_meta_sidebar":"","neve_meta_container":"","neve_meta_enable_content_width":"","neve_meta_content_width":0,"neve_meta_title_alignment":"","neve_meta_author_avatar":"","neve_post_elements_order":"","neve_meta_disable_header":"","neve_meta_disable_footer":"","neve_meta_disable_title":""},"product_brand":[],"product_cat":[51,17,30],"product_tag":[],"class_list":{"0":"post-47110","1":"product","2":"type-product","3":"status-publish","4":"has-post-thumbnail","6":"product_cat-chave-do-carro","7":"product_cat-pecas-e-acessorios-automotivos","8":"product_cat-starters","10":"first","11":"instock","12":"shipping-taxable","13":"purchasable","14":"product-type-variable","15":"has-default-attributes"},"jetpack_sharing_enabled":true,"_links":{"self":[{"href":"https:\/\/listman.shop\/autoparts-br\/wp-json\/wp\/v2\/product\/47110","targetHints":{"allow":["GET"]}}],"collection":[{"href":"https:\/\/listman.shop\/autoparts-br\/wp-json\/wp\/v2\/product"}],"about":[{"href":"https:\/\/listman.shop\/autoparts-br\/wp-json\/wp\/v2\/types\/product"}],"wp:featuredmedia":[{"embeddable":true,"href":"https:\/\/listman.shop\/autoparts-br\/wp-json\/wp\/v2\/media\/47104"}],"wp:attachment":[{"href":"https:\/\/listman.shop\/autoparts-br\/wp-json\/wp\/v2\/media?parent=47110"}],"wp:term":[{"taxonomy":"product_brand","embeddable":true,"href":"https:\/\/listman.shop\/autoparts-br\/wp-json\/wp\/v2\/product_brand?post=47110"},{"taxonomy":"product_cat","embeddable":true,"href":"https:\/\/listman.shop\/autoparts-br\/wp-json\/wp\/v2\/product_cat?post=47110"},{"taxonomy":"product_tag","embeddable":true,"href":"https:\/\/listman.shop\/autoparts-br\/wp-json\/wp\/v2\/product_tag?post=47110"}],"curies":[{"name":"wp","href":"https:\/\/api.w.org\/{rel}","templated":true}]}}