{"id":47142,"date":"2025-03-31T00:28:52","date_gmt":"2025-03-30T15:28:52","guid":{"rendered":"https:\/\/listman.shop\/autoparts-br\/product\/1005005777707092\/"},"modified":"2026-04-15T00:52:19","modified_gmt":"2026-04-14T15:52:19","slug":"1005005777707092","status":"publish","type":"product","link":"https:\/\/listman.shop\/autoparts-br\/product\/1005005777707092\/","title":{"rendered":"Keyyou chave remota inteligente para carro, 433mhz, pcf7946, para fiat 500l, mpv, ducato, citroen, jumper, peugeot, boxer, marelli\/delphi, sistema bsi"},"content":{"rendered":"<div class=\"detailmodule_html\">\n<div class=\"detail-desc-decorate-richtext\">\n<div class=\"detailmodule_html\">\n<div class=\"detail-desc-decorate-richtext\">\n<p style=\"margin:0;display: block;width: 100%\"><strong style=\"padding: 0px;margin: 0px;font-weight: 700 !important;, sans-serif;font-size: 14px;font-style: normal;letter-spacing: normal;text-align: start;text-indent: 0px;text-transform: none;white-space: normal\"><span style=\"padding: 0px;margin: 0px;max-width: 100%;font-family: Arial, Helvetica, sans-serif\"><span data-spm-anchor-id=\"a2g0o.detail.1000023.i1.45406d499mo8iF\" style=\"padding: 0px;margin: 0px;max-width: 100%;font-size: 18px\"><\/span><\/span><\/strong><\/p>\n<p><br style=\"padding: 0px;margin: 0px;, sans-serif;font-size: 14px;font-style: normal;font-weight: 400;letter-spacing: normal;text-align: start;text-indent: 0px;text-transform: none;white-space: normal\"><br \/>\n<br style=\"padding: 0px;margin: 0px;, sans-serif;font-size: 14px;font-style: normal;font-weight: 400;letter-spacing: normal;text-align: start;text-indent: 0px;text-transform: none;white-space: normal\"><br \/>\n<img data-recalc-dims=\"1\" decoding=\"async\" src=\"https:\/\/i0.wp.com\/ae03.alicdn.com\/kf\/S88df2875b2134735ad681ee90f95f9d9d.jpg?w=1200&#038;ssl=1\"><\/p>\n<p><span style=\"font-size:16px\"><span style=\"font-family:Arial,Helvetica,sans-serif\"><\/span><\/span><span style=\"font-size:20px\"><span style=\"font-family:Arial,Helvetica,sans-serif\">Condi\u00e7\u00e3o: 100% novo<br \/>Cor: como mostra a imagem<br \/>Bot\u00f5es: 3 bot\u00f5es<br \/>Sistema: Op\u00e7\u00e3o Marelli BSI \/ Delphi BSI<br \/>Chave Bkade:SIP22<br \/>Chip: PCF7946<br \/>Placa eletr\u00f4nica: sim<br \/>Bateria: Sim<br \/>Frequ\u00eancia: 433Mhz<br \/>\n&nbsp;<br \/>Caracter\u00edsticas:<br \/>1. O item de venda \u00e9 uma chave remota DIY.<br \/>2.A chave remota inclui caixa de chave, placa de circuito, bateria e chip.<br \/>3.Voc\u00ea precisar\u00e1 programar a chave e cortar a l\u00e2mina antes de usar.<\/p>\n<p>Montagem:<br \/>Para Fiat 500 500L Punto Florino Doblo Qubo<br \/>Para Peugeot Boxer (09,2008 &#8211; 2017 )<br \/>Para Citroen Jumper (09,2008 &#8211; 2017)<br \/>E outro modelo com as mesmas especifica\u00e7\u00f5es de chave em branco e suporte de bateria listados na se\u00e7\u00e3o abaixo&#8230;<\/p>\n<p>Nota importante:<br \/>Verifique e certifique-se de que seu controle remoto esteja usando o mesmo transmissor e chip dos nossos itens antes de comprar.<br \/>Imagem:A imagem \u00e9 um produto real.Por favor, compare nosso item com a chave do seu carro, certifique-se de que sua chave seja igual ao nosso produto antes de comprar.<\/p>\n<p>O pacote inclui:<br \/>1 x estojo de chave<br \/>1 x placa de circuito<br \/>1 x bateria<\/span><\/span><span style=\"font-size:16px\"><span style=\"font-family:Arial,Helvetica,sans-serif\"><\/p>\n<p><img data-recalc-dims=\"1\" decoding=\"async\" src=\"https:\/\/i0.wp.com\/ae03.alicdn.com\/kf\/S3034f7ff563b4cbb8110b763e0eb86dbU.jpg?w=1200&#038;ssl=1\"><img data-recalc-dims=\"1\" decoding=\"async\" src=\"https:\/\/i0.wp.com\/ae03.alicdn.com\/kf\/S461943c409054c23ab272f1e0fbb4425K.jpg?w=1200&#038;ssl=1\"><br \/>\n<img data-recalc-dims=\"1\" decoding=\"async\" src=\"https:\/\/i0.wp.com\/ae03.alicdn.com\/kf\/S2e820f94b62a40ceb249d849babb73d7G.jpg?w=1200&#038;ssl=1\"><img data-recalc-dims=\"1\" decoding=\"async\" src=\"https:\/\/i0.wp.com\/ae03.alicdn.com\/kf\/S3ab0000c542a441a954776065ceb9de8p.jpg?w=1200&#038;ssl=1\"><img data-recalc-dims=\"1\" decoding=\"async\" src=\"https:\/\/i0.wp.com\/ae03.alicdn.com\/kf\/S74cba51a8c4142f2a49da2e9f0971afe7.jpg?w=1200&#038;ssl=1\"><img data-recalc-dims=\"1\" decoding=\"async\" src=\"https:\/\/i0.wp.com\/ae03.alicdn.com\/kf\/Sb79b5220c13944d2ae5dfd8d66d14693C.jpg?w=1200&#038;ssl=1\"><img data-recalc-dims=\"1\" decoding=\"async\" src=\"https:\/\/i0.wp.com\/ae03.alicdn.com\/kf\/S4ba3b685c995449d96c9bb3d8786fde7R.jpg?w=1200&#038;ssl=1\"><br \/>\n<img data-recalc-dims=\"1\" decoding=\"async\" src=\"https:\/\/i0.wp.com\/ae03.alicdn.com\/kf\/S0002f7324c54403cbfe9a8690d8f3209Q.jpg?w=1200&#038;ssl=1\"><img data-recalc-dims=\"1\" decoding=\"async\" src=\"https:\/\/i0.wp.com\/ae03.alicdn.com\/kf\/Sfe6d1806148147afa31d8d015fd7e543o.jpg?w=1200&#038;ssl=1\"><\/span><\/span><\/p>\n<\/div>\n<\/div>\n<\/div>\n<\/div>\n","protected":false},"excerpt":{"rendered":"<p>Condi\u00e7\u00e3o: 100% novoCor: como mostra a imagemBot\u00f5es: 3 bot\u00f5esSistema: Op\u00e7\u00e3o Marelli BSI \/ Delphi BSIChave Bkade:SIP22Chip: PCF7946Placa eletr\u00f4nica: simBateria: SimFrequ\u00eancia: 433Mhz &nbsp;Caracter\u00edsticas:1. O item de venda \u00e9 uma chave remota DIY.2.A chave remota inclui caixa de chave, placa de circuito, bateria e chip.3.Voc\u00ea precisar\u00e1 programar a chave e cortar a l\u00e2mina antes de usar. Montagem:Para&hellip;&nbsp;<\/p>\n","protected":false},"featured_media":47136,"template":"","meta":{"neve_meta_sidebar":"","neve_meta_container":"","neve_meta_enable_content_width":"","neve_meta_content_width":0,"neve_meta_title_alignment":"","neve_meta_author_avatar":"","neve_post_elements_order":"","neve_meta_disable_header":"","neve_meta_disable_footer":"","neve_meta_disable_title":""},"product_brand":[],"product_cat":[51,17,30],"product_tag":[],"class_list":{"0":"post-47142","1":"product","2":"type-product","3":"status-publish","4":"has-post-thumbnail","6":"product_cat-chave-do-carro","7":"product_cat-pecas-e-acessorios-automotivos","8":"product_cat-starters","10":"first","11":"instock","12":"shipping-taxable","13":"purchasable","14":"product-type-variable","15":"has-default-attributes"},"jetpack_sharing_enabled":true,"_links":{"self":[{"href":"https:\/\/listman.shop\/autoparts-br\/wp-json\/wp\/v2\/product\/47142","targetHints":{"allow":["GET"]}}],"collection":[{"href":"https:\/\/listman.shop\/autoparts-br\/wp-json\/wp\/v2\/product"}],"about":[{"href":"https:\/\/listman.shop\/autoparts-br\/wp-json\/wp\/v2\/types\/product"}],"wp:featuredmedia":[{"embeddable":true,"href":"https:\/\/listman.shop\/autoparts-br\/wp-json\/wp\/v2\/media\/47136"}],"wp:attachment":[{"href":"https:\/\/listman.shop\/autoparts-br\/wp-json\/wp\/v2\/media?parent=47142"}],"wp:term":[{"taxonomy":"product_brand","embeddable":true,"href":"https:\/\/listman.shop\/autoparts-br\/wp-json\/wp\/v2\/product_brand?post=47142"},{"taxonomy":"product_cat","embeddable":true,"href":"https:\/\/listman.shop\/autoparts-br\/wp-json\/wp\/v2\/product_cat?post=47142"},{"taxonomy":"product_tag","embeddable":true,"href":"https:\/\/listman.shop\/autoparts-br\/wp-json\/wp\/v2\/product_tag?post=47142"}],"curies":[{"name":"wp","href":"https:\/\/api.w.org\/{rel}","templated":true}]}}