{"id":47176,"date":"2025-03-31T00:30:12","date_gmt":"2025-03-30T15:30:12","guid":{"rendered":"https:\/\/listman.shop\/autoparts-br\/product\/1005005975962391\/"},"modified":"2026-04-15T00:21:06","modified_gmt":"2026-04-14T15:21:06","slug":"1005005975962391","status":"publish","type":"product","link":"https:\/\/listman.shop\/autoparts-br\/product\/1005005975962391\/","title":{"rendered":"10 P\u00c7S\/LOTE 2 Bot\u00e3o Flip Dobr\u00e1vel Chave Shell Case Fob para Chevrolet Aveo Cruze L\u00e2mina Uncut com Logotipo"},"content":{"rendered":"<div class=\"detailmodule_html\">\n<div class=\"detail-desc-decorate-richtext\">\n<div class=\"detailmodule_html\">\n<div class=\"detail-desc-decorate-richtext\">\n<div>\n<div style=\"font-family:arial;font-size:16px;line-height:inherit;border:0px;margin:0px;margin-bottom:0px;margin-top:0px;margin-left:0px;margin-right:0px;padding:0px;padding-bottom:0px;padding-top:0px;padding-left:0px;padding-right:0px\">\n<div>&nbsp;<\/div>\n<\/div>\n<p style=\"font-family:arial, helvetica, sans-serif;font-size:inherit;font-weight:inherit;line-height:20px;text-align:left;border:0px;margin:0px;margin-bottom:0px;margin-top:0px;margin-left:0px;margin-right:0px;padding:0px;padding-bottom:0px;padding-top:0px;padding-left:0px;padding-right:0px\" align=\"left\"><span style=\"font-size:24px;font-family:arial, helvetica, sans-serif\"><strong><span style=\"font-family:arial, helvetica, sans-serif\">10 P\u00e7s\/lote 2 Bot\u00e3o Flip Dobr\u00e1vel Chave Shell Case Fob para Chevrolet Aveo Cruze L\u00e2mina Sem Corte com Logo<\/span><\/strong><\/span><\/p>\n<div>\n<div>&nbsp;<\/div>\n<p style=\"font-family:arial, helvetica, sans-serif;font-size:inherit;font-weight:inherit;line-height:20px;border:0px;margin:0px;margin-bottom:0px;margin-top:0px;margin-left:0px;margin-right:0px;padding:0px;padding-bottom:0px;padding-top:0px;padding-left:0px;padding-right:0px\"><img data-recalc-dims=\"1\" decoding=\"async\" src=\"https:\/\/i0.wp.com\/ae01.alicdn.com\/kf\/Se7dbe600eb004c97adfe77cefed4a5d2S.jpg?w=1200&#038;ssl=1\"><\/p>\n<div style=\"font-family:arial;font-size:13px\">\n<table style=\"border-collapse:collapse;width:100%\" width=\"100%\" border=\"0\" cellpadding=\"0\" cellspacing=\"4\">\n<tbody>\n<tr>\n<td>\n<table style=\"border-collapse:collapse;width:100%\" width=\"100%\" border=\"0\" cellpadding=\"0\" cellspacing=\"4\">\n<tbody>\n<tr>\n<td>\n<p><span style=\"font-size:16px;font-family:arial, helvetica, sans-serif\"><span style=\"font-family:arial, helvetica, sans-serif\"><span style=\"font-family:arial, helvetica, sans-serif\">Cor<\/span><\/span><\/span><\/p>\n<\/td>\n<td>\n<p><span style=\"font-size:16px;font-family:arial, helvetica, sans-serif\"><span style=\"font-family:arial, helvetica, sans-serif\"><span style=\"font-family:arial, helvetica, sans-serif\">Preto<\/span><\/span><\/span><\/p>\n<\/td>\n<\/tr>\n<tr>\n<td>\n<p><span style=\"font-size:16px;font-family:arial, helvetica, sans-serif\"><span style=\"font-family:arial, helvetica, sans-serif\"><span style=\"font-family:arial, helvetica, sans-serif\">Cores Alternativas<\/span><\/span><\/span><\/p>\n<\/td>\n<td>\n<p><span style=\"font-size:16px;font-family:arial, helvetica, sans-serif\"><span style=\"font-family:arial, helvetica, sans-serif\"><span style=\"font-family:arial, helvetica, sans-serif\">N\/A<\/span><\/span><\/span><\/p>\n<\/td>\n<\/tr>\n<tr>\n<td>\n<p><span style=\"font-size:16px;font-family:arial, helvetica, sans-serif\"><span style=\"font-family:arial, helvetica, sans-serif\"><span style=\"font-family:arial, helvetica, sans-serif\">Chave em branco<\/span><\/span><\/span><\/p>\n<\/td>\n<td>\n<p><span style=\"font-size:16px;font-family:arial, helvetica, sans-serif\"><span style=\"font-family:arial, helvetica, sans-serif\"><span style=\"font-family:arial, helvetica, sans-serif\">Sim<\/span><\/span><\/span><\/p>\n<\/td>\n<\/tr>\n<tr>\n<td>\n<p><span style=\"font-size:16px;font-family:arial, helvetica, sans-serif\"><span style=\"font-family:arial, helvetica, sans-serif\"><span style=\"font-family:arial, helvetica, sans-serif\">Bot\u00e3o<\/span><\/span><\/span><\/p>\n<\/td>\n<td>\n<p><span style=\"font-size:16px;font-family:arial, helvetica, sans-serif\"><span style=\"font-family:arial, helvetica, sans-serif\"><span style=\"font-family:arial, helvetica, sans-serif\">2 bot\u00f5es<\/span><\/span><\/span><\/p>\n<\/td>\n<\/tr>\n<tr>\n<td>\n<p><\/p>\n<\/td>\n<td>\n<p><\/p>\n<\/td>\n<\/tr>\n<tr>\n<td>\n<p><span style=\"font-size:16px;font-family:arial, helvetica, sans-serif\"><span style=\"font-family:arial, helvetica, sans-serif\"><span style=\"font-family:arial, helvetica, sans-serif\">Chip transponder<\/span><\/span><\/span><\/p>\n<\/td>\n<td>\n<p><span style=\"font-size:16px;font-family:arial, helvetica, sans-serif\"><span style=\"font-family:arial, helvetica, sans-serif\"><span style=\"font-family:arial, helvetica, sans-serif\">N\u00e3o<\/span><\/span><\/span><\/p>\n<\/td>\n<\/tr>\n<tr>\n<td>\n<p><span style=\"font-size:16px;font-family:arial, helvetica, sans-serif\"><span style=\"font-family:arial, helvetica, sans-serif\"><span style=\"font-family:arial, helvetica, sans-serif\">Eletr\u00f4nica\/Bateria<\/span><\/span><\/span><\/p>\n<\/td>\n<td>\n<p><span style=\"font-size:16px;font-family:arial, helvetica, sans-serif\"><span style=\"font-family:arial, helvetica, sans-serif\"><span style=\"font-family:arial, helvetica, sans-serif\">N\u00e3o<\/span><\/span><\/span><\/p>\n<\/td>\n<\/tr>\n<tr>\n<td>\n<p><span style=\"font-size:16px;font-family:arial, helvetica, sans-serif\"><span style=\"font-family:arial, helvetica, sans-serif\"><span style=\"font-family:arial, helvetica, sans-serif\">Peso<\/span><\/span><\/span><\/p>\n<\/td>\n<td>\n<p><span style=\"font-size:16px;font-family:arial, helvetica, sans-serif\"><span style=\"font-family:arial, helvetica, sans-serif\"><span style=\"font-family:arial, helvetica, sans-serif\">41g<\/span><\/span><\/span><\/p>\n<\/td>\n<\/tr>\n<tr>\n<td>\n<p><span style=\"font-size:16px;font-family:arial, helvetica, sans-serif\"><span style=\"font-family:arial, helvetica, sans-serif\"><span style=\"font-family:arial, helvetica, sans-serif\">Tamanho (mil\u00edmetro)<\/span><\/span><\/span><\/p>\n<\/td>\n<td>\n<p><span style=\"font-size:16px;font-family:arial, helvetica, sans-serif\"><span style=\"font-family:arial, helvetica, sans-serif\"><span style=\"font-family:arial, helvetica, sans-serif\">64 (C) x 35 (L) x 19 (T)<\/span><\/span><\/span><\/p>\n<\/td>\n<\/tr>\n<tr>\n<td>\n<p><span style=\"font-size:16px;font-family:arial, helvetica, sans-serif\"><span style=\"font-family:arial, helvetica, sans-serif\"><span style=\"font-family:arial, helvetica, sans-serif\">Tamanho (polegada)<\/span><\/span><\/span><\/p>\n<\/td>\n<td>\n<p><span style=\"font-size:16px;font-family:arial, helvetica, sans-serif\"><span style=\"font-family:arial, helvetica, sans-serif\"><span style=\"font-family:arial, helvetica, sans-serif\">2,5 (C) x 1,4 (L) x 0,7 (T)<\/span><\/span><\/span><\/p>\n<\/td>\n<\/tr>\n<tr>\n<td>\n<p><\/p>\n<\/td>\n<td>\n<p><\/p>\n<\/td>\n<\/tr>\n<tr>\n<td>\n<p style=\"font-size:14px\"><span style=\"font-size:16px;font-family:arial, helvetica, sans-serif\"><span style=\"font-family:arial, helvetica, sans-serif\"><span style=\"font-family:arial, helvetica, sans-serif\">Refer\u00eancia<\/span><\/span><\/span><\/p>\n<\/td>\n<td>\n<p style=\"font-size:14px\"><span style=\"font-size:16px;font-family:arial, helvetica, sans-serif\"><span style=\"font-family:arial, helvetica, sans-serif\"><span style=\"font-family:arial, helvetica, sans-serif\">Funciona em<br \/>2010-2013 para Chevrolet Camaro<\/p>\n<p>2011-2013 para Chevrolet Cruze<\/span><\/span><\/span><\/p>\n<p style=\"font-size:14px\"><span style=\"font-size:16px;font-family:arial, helvetica, sans-serif\"><span style=\"font-family:arial, helvetica, sans-serif\"><span style=\"font-family:arial, helvetica, sans-serif\">2010-2013 para Chevrolet Equinox<br \/>2013 para Chevrolet Malibu<br \/>2012-2013 para Chevrolet Sonic<br \/>2013 para Chevrolet Spark<br \/>2011-2013 para Chevrolet Volt<\/span><\/span><\/span><\/p>\n<p style=\"font-size:14px\"><span style=\"font-size:16px;font-family:arial, helvetica, sans-serif\"><span style=\"font-family:arial, helvetica, sans-serif\"><span style=\"font-family:arial, helvetica, sans-serif\">e outros modelos&#8230;<\/span><\/span><\/span><\/p>\n<\/td>\n<\/tr>\n<\/tbody>\n<\/table>\n<\/td>\n<\/tr>\n<\/tbody>\n<\/table>\n<\/div>\n<\/div>\n<div style=\"border:0px;margin:0px;margin-bottom:0px;margin-top:0px;margin-left:0px;margin-right:0px;padding:0px;padding-bottom:0px;padding-top:0px;padding-left:0px;padding-right:0px\"><\/div>\n<p><img data-recalc-dims=\"1\" decoding=\"async\" src=\"https:\/\/i0.wp.com\/ae01.alicdn.com\/kf\/S7135d4866e5e45bca797af8c6cc19fa6x.jpg?w=1200&#038;ssl=1\"><\/p>\n<p><img data-recalc-dims=\"1\" decoding=\"async\" src=\"https:\/\/i0.wp.com\/ae01.alicdn.com\/kf\/H19d3dd32430841528bbddff0546448ael.jpg?w=1200&#038;ssl=1\"><img data-recalc-dims=\"1\" decoding=\"async\" src=\"https:\/\/i0.wp.com\/ae01.alicdn.com\/kf\/Hf6a1b597e3104078a8f757146cf0437aP.jpg?w=1200&#038;ssl=1\"><img data-recalc-dims=\"1\" decoding=\"async\" src=\"https:\/\/i0.wp.com\/ae01.alicdn.com\/kf\/H67b4d5afafa34c8fa74aa2f7d049e52fb.jpg?w=1200&#038;ssl=1\"><img data-recalc-dims=\"1\" decoding=\"async\" src=\"https:\/\/i0.wp.com\/ae01.alicdn.com\/kf\/H5bb966e310da4c5583a5679e69251c7dY.jpg?w=1200&#038;ssl=1\"><\/p>\n<div style=\"font-family:arial;font-size:13px;font-weight:400;letter-spacing:normal;text-align:start;white-space:normal;border:0px;margin:0px;margin-bottom:0px;margin-top:0px;margin-left:0px;margin-right:0px;padding:0px;padding-bottom:0px;padding-top:0px;padding-left:0px;padding-right:0px\" align=\"start\"><img data-recalc-dims=\"1\" decoding=\"async\" src=\"https:\/\/i0.wp.com\/ae01.alicdn.com\/kf\/S2949734419f44aa19ed102002ea912a2T.jpg?w=1200&#038;ssl=1\"><\/div>\n<div style=\"font-family:arial;font-size:13px;font-weight:400;letter-spacing:normal;text-align:start;white-space:normal;border:0px;margin:0px;margin-bottom:0px;margin-top:0px;margin-left:0px;margin-right:0px;padding:0px;padding-bottom:0px;padding-top:0px;padding-left:0px;padding-right:0px\" align=\"start\">\n<div style=\"border:0px;margin:0px;margin-bottom:0px;margin-top:0px;margin-left:0px;margin-right:0px;padding:0px;padding-bottom:0px;padding-top:0px;padding-left:0px;padding-right:0px\">\n<p style=\"font-size:13.3333px;font-weight:400;line-height:inherit;border:0px;margin:0px;margin-bottom:0px;margin-top:0px;margin-left:0px;margin-right:0px;padding:0px;padding-bottom:0px;padding-top:0px;padding-left:0px;padding-right:0px\"><span style=\"font-size:16px;font-family:arial, helvetica, sans-serif\"><span style=\"font-family:arial, helvetica, sans-serif\">1: providenciaremos o envio de acordo com o endere\u00e7o fornecido pelo comprador, portanto, confirme e verifique os detalhes do endere\u00e7o que voc\u00ea preencheu no momento da compra.<\/span><\/span><\/p>\n<p style=\"font-size:13.3333px;font-weight:400;line-height:inherit;border:0px;margin:0px;margin-bottom:0px;margin-top:0px;margin-left:0px;margin-right:0px;padding:0px;padding-bottom:0px;padding-top:0px;padding-left:0px;padding-right:0px\"><span style=\"font-size:16px;font-family:arial, helvetica, sans-serif\">2: O m\u00e9todo de envio que oferecemos \u00e9 o correio a\u00e9reo da china, ent\u00e3o se voc\u00ea quiser escolher fedex, dhl, ems, entre em contato conosco antes da compra.<\/span><\/p>\n<p style=\"font-size:13.3333px;font-weight:400;line-height:inherit;border:0px;margin:0px;margin-bottom:0px;margin-top:0px;margin-left:0px;margin-right:0px;padding:0px;padding-bottom:0px;padding-top:0px;padding-left:0px;padding-right:0px\"><span style=\"font-size:16px;font-family:arial, helvetica, sans-serif\">3: O tempo de tr\u00e2nsito do servi\u00e7o \u00e9 fornecido pela transportadora, fins de semana e feriados est\u00e3o exclu\u00eddos, portanto, o tempo de envio pode ser maior do que o prometido, principalmente durante a temporada de f\u00e9rias, portanto, seja paciente.<\/span><\/p>\n<p style=\"font-size:13.3333px;font-weight:400;line-height:inherit;border:0px;margin:0px;margin-bottom:0px;margin-top:0px;margin-left:0px;margin-right:0px;padding:0px;padding-bottom:0px;padding-top:0px;padding-left:0px;padding-right:0px\"><span style=\"font-size:16px;font-family:arial, helvetica, sans-serif\">4: Qualquer informa\u00e7\u00e3o de rastreamento atualizada ir\u00e1 inform\u00e1-lo a tempo, voc\u00ea tamb\u00e9m pode obter as informa\u00e7\u00f5es de rastreamento no site oficial.<\/span><\/p>\n<\/div>\n<\/div>\n<div style=\"font-family:arial;font-size:13px;font-weight:400;letter-spacing:normal;text-align:start;white-space:normal;border:0px;margin:0px;margin-bottom:0px;margin-top:0px;margin-left:0px;margin-right:0px;padding:0px;padding-bottom:0px;padding-top:0px;padding-left:0px;padding-right:0px\" align=\"start\"><\/div>\n<div style=\"font-family:arial;font-size:13px;font-weight:400;letter-spacing:normal;text-align:start;white-space:normal;border:0px;margin:0px;margin-bottom:0px;margin-top:0px;margin-left:0px;margin-right:0px;padding:0px;padding-bottom:0px;padding-top:0px;padding-left:0px;padding-right:0px\" align=\"start\"><img data-recalc-dims=\"1\" decoding=\"async\" src=\"https:\/\/i0.wp.com\/ae01.alicdn.com\/kf\/Sd59d940e2a704a58a05a0d8e39620285T.jpg?w=1200&#038;ssl=1\"><\/div>\n<div style=\"font-family:arial;font-size:13px;font-weight:400;letter-spacing:normal;text-align:start;white-space:normal;border:0px;margin:0px;margin-bottom:0px;margin-top:0px;margin-left:0px;margin-right:0px;padding:0px;padding-bottom:0px;padding-top:0px;padding-left:0px;padding-right:0px\" align=\"start\">\n<div style=\"border:0px;margin:0px;margin-bottom:0px;margin-top:0px;margin-left:0px;margin-right:0px;padding:0px;padding-bottom:0px;padding-top:0px;padding-left:0px;padding-right:0px\">\n<p style=\"font-size:13.3333px;font-weight:400;line-height:inherit;border:0px;margin:0px;margin-bottom:0px;margin-top:0px;margin-left:0px;margin-right:0px;padding:0px;padding-bottom:0px;padding-top:0px;padding-left:0px;padding-right:0px\"><span style=\"font-size:16px;font-family:arial, helvetica, sans-serif\"><span style=\"font-family:arial, helvetica, sans-serif\">1: se voc\u00ea nos devolver o produto, forne\u00e7a o n\u00famero de rastreamento para n\u00f3s.<\/span><\/span><\/p>\n<p style=\"font-size:13.3333px;font-weight:400;line-height:inherit;border:0px;margin:0px;margin-bottom:0px;margin-top:0px;margin-left:0px;margin-right:0px;padding:0px;padding-bottom:0px;padding-top:0px;padding-left:0px;padding-right:0px\"><span style=\"font-size:16px;font-family:arial, helvetica, sans-serif\"><span style=\"font-family:arial, helvetica, sans-serif\">2:Todos os itens devolvidos devem estar na embalagem e condi\u00e7\u00e3o originais.<\/span><\/span><\/p>\n<p style=\"font-size:13.3333px;font-weight:400;line-height:inherit;border:0px;margin:0px;margin-bottom:0px;margin-top:0px;margin-left:0px;margin-right:0px;padding:0px;padding-bottom:0px;padding-top:0px;padding-left:0px;padding-right:0px\"><span style=\"font-size:16px;font-family:arial, helvetica, sans-serif\"><span style=\"font-family:arial, helvetica, sans-serif\">3:Se os pedidos n\u00e3o chegarem a tempo, entre em contato conosco, providenciaremos um reenvio ou reembolso para voc\u00ea.<\/span><\/span><\/p>\n<p style=\"font-size:13.3333px;font-weight:400;line-height:inherit;border:0px;margin:0px;margin-bottom:0px;margin-top:0px;margin-left:0px;margin-right:0px;padding:0px;padding-bottom:0px;padding-top:0px;padding-left:0px;padding-right:0px\"><span style=\"font-size:16px;font-family:arial, helvetica, sans-serif\"><span style=\"font-family:arial, helvetica, sans-serif\">4: se voc\u00ea quiser reembolso, entre em contato com nosso atendimento ao cliente e n\u00e3o abra uma disputa diretamente.<\/span><\/span><\/p>\n<div>&nbsp;<\/div>\n<\/div>\n<\/div>\n<div style=\"font-family:arial;font-size:13px;font-weight:400;letter-spacing:normal;text-align:start;white-space:normal;border:0px;margin:0px;margin-bottom:0px;margin-top:0px;margin-left:0px;margin-right:0px;padding:0px;padding-bottom:0px;padding-top:0px;padding-left:0px;padding-right:0px\" align=\"start\"><img data-recalc-dims=\"1\" decoding=\"async\" src=\"https:\/\/i0.wp.com\/ae01.alicdn.com\/kf\/S455ea839fb7542d8beb536e11c1c0c35b.jpg?w=1200&#038;ssl=1\"><\/div>\n<div style=\"font-family:arial;font-size:13px;font-weight:400;letter-spacing:normal;text-align:start;white-space:normal;border:0px;margin:0px;margin-bottom:0px;margin-top:0px;margin-left:0px;margin-right:0px;padding:0px;padding-bottom:0px;padding-top:0px;padding-left:0px;padding-right:0px\" align=\"start\">\n<div style=\"margin:0px;margin-bottom:0px;margin-top:0px;margin-left:0px;margin-right:0px;padding:0px;padding-bottom:0px;padding-top:0px;padding-left:0px;padding-right:0px;overflow:hidden\">\n<div style=\"border:0px;margin:0px;margin-bottom:0px;margin-top:0px;margin-left:0px;margin-right:0px;padding:0px;padding-bottom:0px;padding-top:0px;padding-left:0px;padding-right:0px\">\n<div style=\"line-height:normal;border:0px;margin:0px;margin-bottom:0px;margin-top:0px;margin-left:0px;margin-right:0px;padding:0px;padding-bottom:0px;padding-top:0px;padding-left:0px;padding-right:0px\">\n<div style=\"font-size:13.3333px;line-height:inherit;border:0px;margin:0px;margin-bottom:0px;margin-top:0px;margin-left:0px;margin-right:0px;padding:0px;padding-bottom:0px;padding-top:0px;padding-left:0px;padding-right:0px\"><span style=\"font-size:16px;font-family:arial, helvetica, sans-serif\"><span style=\"font-family:arial, helvetica, sans-serif\"><span style=\"font-size:inherit;font-family:arial, helvetica, sans-serif\">1: O feedback \u00e9 muito importante para n\u00f3s, buscamos 100% de satisfa\u00e7\u00e3o, se voc\u00ea tiver alguma d\u00favida ou problema, entre em contato conosco primeiro, resolveremos isso rapidamente e da melhor maneira.<\/span><\/span><\/span><\/div>\n<div style=\"font-size:13.3333px;line-height:inherit;border:0px;margin:0px;margin-bottom:0px;margin-top:0px;margin-left:0px;margin-right:0px;padding:0px;padding-bottom:0px;padding-top:0px;padding-left:0px;padding-right:0px\"><span style=\"font-size:16px;font-family:arial, helvetica, sans-serif\"><span style=\"font-family:arial, helvetica, sans-serif\">2: deixe-nos um feedback positivo e d\u00ea 5 estrelas se estiver satisfeito com nossos produtos, sua alta recomenda\u00e7\u00e3o \u00e9 nossa motiva\u00e7\u00e3o para avan\u00e7ar, n\u00f3s realmente apreciaremos seu tempo se voc\u00ea deixar um feedback positivo.<\/span><\/span><\/div>\n<\/div>\n<\/div>\n<\/div>\n<\/div>\n<\/div>\n<div><\/div>\n<\/div>\n<\/div>\n<p><\/p>\n<\/div>\n<\/div>\n","protected":false},"excerpt":{"rendered":"<p>&nbsp; 10 P\u00e7s\/lote 2 Bot\u00e3o Flip Dobr\u00e1vel Chave Shell Case Fob para Chevrolet Aveo Cruze L\u00e2mina Sem Corte com Logo &nbsp; Cor Preto Cores Alternativas N\/A Chave em branco Sim Bot\u00e3o 2 bot\u00f5es Chip transponder N\u00e3o Eletr\u00f4nica\/Bateria N\u00e3o Peso 41g Tamanho (mil\u00edmetro) 64 (C) x 35 (L) x 19 (T) Tamanho (polegada) 2,5 (C) x&hellip;&nbsp;<\/p>\n","protected":false},"featured_media":47170,"template":"","meta":{"neve_meta_sidebar":"","neve_meta_container":"","neve_meta_enable_content_width":"","neve_meta_content_width":0,"neve_meta_title_alignment":"","neve_meta_author_avatar":"","neve_post_elements_order":"","neve_meta_disable_header":"","neve_meta_disable_footer":"","neve_meta_disable_title":""},"product_brand":[],"product_cat":[51,17,30],"product_tag":[],"class_list":{"0":"post-47176","1":"product","2":"type-product","3":"status-publish","4":"has-post-thumbnail","6":"product_cat-chave-do-carro","7":"product_cat-pecas-e-acessorios-automotivos","8":"product_cat-starters","10":"first","11":"instock","12":"shipping-taxable","13":"purchasable","14":"product-type-variable"},"jetpack_sharing_enabled":true,"_links":{"self":[{"href":"https:\/\/listman.shop\/autoparts-br\/wp-json\/wp\/v2\/product\/47176","targetHints":{"allow":["GET"]}}],"collection":[{"href":"https:\/\/listman.shop\/autoparts-br\/wp-json\/wp\/v2\/product"}],"about":[{"href":"https:\/\/listman.shop\/autoparts-br\/wp-json\/wp\/v2\/types\/product"}],"wp:featuredmedia":[{"embeddable":true,"href":"https:\/\/listman.shop\/autoparts-br\/wp-json\/wp\/v2\/media\/47170"}],"wp:attachment":[{"href":"https:\/\/listman.shop\/autoparts-br\/wp-json\/wp\/v2\/media?parent=47176"}],"wp:term":[{"taxonomy":"product_brand","embeddable":true,"href":"https:\/\/listman.shop\/autoparts-br\/wp-json\/wp\/v2\/product_brand?post=47176"},{"taxonomy":"product_cat","embeddable":true,"href":"https:\/\/listman.shop\/autoparts-br\/wp-json\/wp\/v2\/product_cat?post=47176"},{"taxonomy":"product_tag","embeddable":true,"href":"https:\/\/listman.shop\/autoparts-br\/wp-json\/wp\/v2\/product_tag?post=47176"}],"curies":[{"name":"wp","href":"https:\/\/api.w.org\/{rel}","templated":true}]}}