{"id":47195,"date":"2025-03-31T00:31:17","date_gmt":"2025-03-30T15:31:17","guid":{"rendered":"https:\/\/listman.shop\/autoparts-br\/product\/1005006022602565\/"},"modified":"2026-04-15T00:38:09","modified_gmt":"2026-04-14T15:38:09","slug":"1005006022602565","status":"publish","type":"product","link":"https:\/\/listman.shop\/autoparts-br\/product\/1005006022602565\/","title":{"rendered":"Jingyuqin 10 p\u00e7s tpu carro flip chave capa caso para volkswagen vw polo golf passat tiguan beetle caddy eos skoda octavia seat leon"},"content":{"rendered":"<div class=\"detailmodule_image\"><img data-recalc-dims=\"1\" decoding=\"async\" src=\"https:\/\/i0.wp.com\/ae01.alicdn.com\/kf\/H1dc5b978c53b4bf2b2f6fb58311c3156G.jpg?w=1200&#038;ssl=1\" class=\"detail-desc-decorate-image\"><\/div>\n<div class=\"detailmodule_text\">\n<p style=\"font-size:16px;font-weight:bold;text-align:left;display:block;width:100%;color:#000000\">\n<div class=\"detailmodule_image\"><img data-recalc-dims=\"1\" decoding=\"async\" src=\"https:\/\/i0.wp.com\/ae01.alicdn.com\/kf\/H1dc5b978c53b4bf2b2f6fb58311c3156G.jpg?w=1200&#038;ssl=1\" class=\"detail-desc-decorate-image\"><\/div>\n<div class=\"detailmodule_text\">\n<p style=\"font-size:16px;font-weight:bold;text-align:left;display:block;width:100%;color:#000000\">Condi\u00e7\u00e3o: 100% novo<\/p>\n<p style=\"font-size:12px;font-weight:normal;text-align:left;display:block;width:100%;color:#000000\">Material: Silicone TPU<br \/>Cor: como as fotos mostram<br \/>Bot\u00e3o: 3 bot\u00f5es<\/p>\n<\/div>\n<div class=\"detailmodule_text\">\n<p style=\"font-size:16px;font-weight:bold;text-align:left;display:block;width:100%;color:#000000\">Caracter\u00edsticas:<\/p>\n<p style=\"font-size:12px;font-weight:normal;text-align:left;display:block;width:100%;color:#000000\">Um estojo de chave perfeito que pode proteger suas chaves contra arranh\u00f5es, rachaduras, desgaste, sujeira, chuva ou \u00e1gua<br \/>N\u00edvel alimentar de alta qualidade e silicone ecol\u00f3gico, inodoro e n\u00e3o t\u00f3xico<br \/>Protege contra arranh\u00f5es e traz um toque confort\u00e1vel<br \/>Sem distor\u00e7\u00e3o, sem desbotamento e sem problemas sob temperaturas extremas<br \/>F\u00e1cil instala\u00e7\u00e3o e limpeza com \u00e1gua<\/p>\n<\/div>\n<div class=\"detailmodule_text\">\n<p style=\"font-size:16px;font-weight:bold;text-align:left;display:block;width:100%;color:#000000\">Montagem:<\/p>\n<p style=\"font-size:12px;font-weight:normal;text-align:left;display:block;width:100%;color:#000000\">Para VW Seat Skoda&#8230;.<br \/>&#8230;<br \/>Certifique-se de que sua chave original atual seja exatamente igual \u00e0 chave na imagem abaixo.<\/p>\n<\/div>\n<div class=\"detailmodule_text\">\n<p style=\"font-size:16px;font-weight:bold;text-align:left;display:block;width:100%;color:#000000\">O pacote inclui:<\/p>\n<p style=\"font-size:12px;font-weight:normal;text-align:left;display:block;width:100%;color:#000000\">10 x capa de chave de silicone (n\u00e3o inclui chave)<\/p>\n<\/div>\n<div class=\"detailmodule_image\"><img data-recalc-dims=\"1\" decoding=\"async\" src=\"https:\/\/i0.wp.com\/ae01.alicdn.com\/kf\/Ha0dc88de5b16448684294adae5e7417bc.jpg?w=1200&#038;ssl=1\" class=\"detail-desc-decorate-image\"><img data-recalc-dims=\"1\" decoding=\"async\" src=\"https:\/\/i0.wp.com\/ae01.alicdn.com\/kf\/S2811b3e1613f4693bf1dc8127040002bY.jpg?w=1200&#038;ssl=1\" class=\"detail-desc-decorate-image\"><img data-recalc-dims=\"1\" decoding=\"async\" src=\"https:\/\/i0.wp.com\/ae01.alicdn.com\/kf\/S73eb16e3f66e4f57974264a5582ea01bR.jpg?w=1200&#038;ssl=1\" class=\"detail-desc-decorate-image\"><img data-recalc-dims=\"1\" decoding=\"async\" src=\"https:\/\/i0.wp.com\/ae01.alicdn.com\/kf\/S99e0a2315a214c14b7b59d91438efce8r.jpg?w=1200&#038;ssl=1\" class=\"detail-desc-decorate-image\"><img data-recalc-dims=\"1\" decoding=\"async\" src=\"https:\/\/i0.wp.com\/ae01.alicdn.com\/kf\/S010e58eefdb4493fb0e34e34c2d2baf2w.jpg?w=1200&#038;ssl=1\" class=\"detail-desc-decorate-image\"><img data-recalc-dims=\"1\" decoding=\"async\" src=\"https:\/\/i0.wp.com\/ae01.alicdn.com\/kf\/S97790a076fa54206afbb579f6dc4efaa4.jpg?w=1200&#038;ssl=1\" class=\"detail-desc-decorate-image\"><img data-recalc-dims=\"1\" decoding=\"async\" src=\"https:\/\/i0.wp.com\/ae01.alicdn.com\/kf\/Sab34f27908134231a00e45497934abb55.jpg?w=1200&#038;ssl=1\" class=\"detail-desc-decorate-image\"><img data-recalc-dims=\"1\" decoding=\"async\" src=\"https:\/\/i0.wp.com\/ae01.alicdn.com\/kf\/S5c745e82224d48bdadfc7f8ddbe560a2K.jpg?w=1200&#038;ssl=1\" class=\"detail-desc-decorate-image\"><img data-recalc-dims=\"1\" decoding=\"async\" src=\"https:\/\/i0.wp.com\/ae01.alicdn.com\/kf\/Sb0d10161e2c74865982da30df79df0f7q.jpg?w=1200&#038;ssl=1\" class=\"detail-desc-decorate-image\"><\/div>\n<\/p>\n<p style=\"font-size:12px;font-weight:normal;text-align:left;display:block;width:100%;color:#000000\">Material: Silicone TPU<br \/>Color: Like the photos show<br \/>Button: 3 Buttons<\/p>\n<\/div>\n<div class=\"detailmodule_text\">\n<p style=\"font-size:16px;font-weight:bold;text-align:left;display:block;width:100%;color:#000000\">Features:<\/p>\n<p style=\"font-size:12px;font-weight:normal;text-align:left;display:block;width:100%;color:#000000\">A perfect key case which can protect your keys from scratching, cracks, wear &amp; tear, dirt, rain or water<br \/>High quality food level and eco friendly silicone, odorless and no toxic<br \/>Scratch protect and bring you a comfortable touch<br \/>No distortion, No fade and No problem under extreme temperatures<br \/>Easy installation and cleaning by water<\/p>\n<\/div>\n<div class=\"detailmodule_text\">\n<p style=\"font-size:16px;font-weight:bold;text-align:left;display:block;width:100%;color:#000000\">Fitment:<\/p>\n<p style=\"font-size:12px;font-weight:normal;text-align:left;display:block;width:100%;color:#000000\">For VW Seat Skoda&#8230;.<br \/>&#8230;<br \/>Please ensure your current original key looks exactly the same as the key in the picture at below.<\/p>\n<\/div>\n<div class=\"detailmodule_text\">\n<p style=\"font-size:16px;font-weight:bold;text-align:left;display:block;width:100%;color:#000000\">Package Includes:<\/p>\n<p style=\"font-size:12px;font-weight:normal;text-align:left;display:block;width:100%;color:#000000\">10 X Silicone Key Case ( Not include key)<\/p>\n<\/div>\n<div class=\"detailmodule_image\"><img data-recalc-dims=\"1\" decoding=\"async\" src=\"https:\/\/i0.wp.com\/ae01.alicdn.com\/kf\/Ha0dc88de5b16448684294adae5e7417bc.jpg?w=1200&#038;ssl=1\" class=\"detail-desc-decorate-image\"><img data-recalc-dims=\"1\" decoding=\"async\" src=\"https:\/\/i0.wp.com\/ae01.alicdn.com\/kf\/S2811b3e1613f4693bf1dc8127040002bY.jpg?w=1200&#038;ssl=1\" class=\"detail-desc-decorate-image\"><img data-recalc-dims=\"1\" decoding=\"async\" src=\"https:\/\/i0.wp.com\/ae01.alicdn.com\/kf\/S73eb16e3f66e4f57974264a5582ea01bR.jpg?w=1200&#038;ssl=1\" class=\"detail-desc-decorate-image\"><img data-recalc-dims=\"1\" decoding=\"async\" src=\"https:\/\/i0.wp.com\/ae01.alicdn.com\/kf\/S99e0a2315a214c14b7b59d91438efce8r.jpg?w=1200&#038;ssl=1\" class=\"detail-desc-decorate-image\"><img data-recalc-dims=\"1\" decoding=\"async\" src=\"https:\/\/i0.wp.com\/ae01.alicdn.com\/kf\/S010e58eefdb4493fb0e34e34c2d2baf2w.jpg?w=1200&#038;ssl=1\" class=\"detail-desc-decorate-image\"><img data-recalc-dims=\"1\" decoding=\"async\" src=\"https:\/\/i0.wp.com\/ae01.alicdn.com\/kf\/S97790a076fa54206afbb579f6dc4efaa4.jpg?w=1200&#038;ssl=1\" class=\"detail-desc-decorate-image\"><img data-recalc-dims=\"1\" decoding=\"async\" src=\"https:\/\/i0.wp.com\/ae01.alicdn.com\/kf\/Sab34f27908134231a00e45497934abb55.jpg?w=1200&#038;ssl=1\" class=\"detail-desc-decorate-image\"><img data-recalc-dims=\"1\" decoding=\"async\" src=\"https:\/\/i0.wp.com\/ae01.alicdn.com\/kf\/S5c745e82224d48bdadfc7f8ddbe560a2K.jpg?w=1200&#038;ssl=1\" class=\"detail-desc-decorate-image\"><img data-recalc-dims=\"1\" decoding=\"async\" src=\"https:\/\/i0.wp.com\/ae01.alicdn.com\/kf\/Sb0d10161e2c74865982da30df79df0f7q.jpg?w=1200&#038;ssl=1\" class=\"detail-desc-decorate-image\"><\/div>\n","protected":false},"excerpt":{"rendered":"<p>Condi\u00e7\u00e3o: 100% novo Material: Silicone TPUCor: como as fotos mostramBot\u00e3o: 3 bot\u00f5es Caracter\u00edsticas: Um estojo de chave perfeito que pode proteger suas chaves contra arranh\u00f5es, rachaduras, desgaste, sujeira, chuva ou \u00e1guaN\u00edvel alimentar de alta qualidade e silicone ecol\u00f3gico, inodoro e n\u00e3o t\u00f3xicoProtege contra arranh\u00f5es e traz um toque confort\u00e1velSem distor\u00e7\u00e3o, sem desbotamento e sem problemas&hellip;&nbsp;<\/p>\n","protected":false},"featured_media":47189,"template":"","meta":{"neve_meta_sidebar":"","neve_meta_container":"","neve_meta_enable_content_width":"","neve_meta_content_width":0,"neve_meta_title_alignment":"","neve_meta_author_avatar":"","neve_post_elements_order":"","neve_meta_disable_header":"","neve_meta_disable_footer":"","neve_meta_disable_title":""},"product_brand":[],"product_cat":[17,152,30],"product_tag":[],"class_list":{"0":"post-47195","1":"product","2":"type-product","3":"status-publish","4":"has-post-thumbnail","6":"product_cat-pecas-e-acessorios-automotivos","7":"product_cat-shell-chave","8":"product_cat-starters","10":"first","11":"instock","12":"shipping-taxable","13":"purchasable","14":"product-type-variable","15":"has-default-attributes"},"jetpack_sharing_enabled":true,"_links":{"self":[{"href":"https:\/\/listman.shop\/autoparts-br\/wp-json\/wp\/v2\/product\/47195","targetHints":{"allow":["GET"]}}],"collection":[{"href":"https:\/\/listman.shop\/autoparts-br\/wp-json\/wp\/v2\/product"}],"about":[{"href":"https:\/\/listman.shop\/autoparts-br\/wp-json\/wp\/v2\/types\/product"}],"wp:featuredmedia":[{"embeddable":true,"href":"https:\/\/listman.shop\/autoparts-br\/wp-json\/wp\/v2\/media\/47189"}],"wp:attachment":[{"href":"https:\/\/listman.shop\/autoparts-br\/wp-json\/wp\/v2\/media?parent=47195"}],"wp:term":[{"taxonomy":"product_brand","embeddable":true,"href":"https:\/\/listman.shop\/autoparts-br\/wp-json\/wp\/v2\/product_brand?post=47195"},{"taxonomy":"product_cat","embeddable":true,"href":"https:\/\/listman.shop\/autoparts-br\/wp-json\/wp\/v2\/product_cat?post=47195"},{"taxonomy":"product_tag","embeddable":true,"href":"https:\/\/listman.shop\/autoparts-br\/wp-json\/wp\/v2\/product_tag?post=47195"}],"curies":[{"name":"wp","href":"https:\/\/api.w.org\/{rel}","templated":true}]}}