{"id":47337,"date":"2025-03-31T00:37:34","date_gmt":"2025-03-30T15:37:34","guid":{"rendered":"https:\/\/listman.shop\/autoparts-br\/product\/1005006190898464\/"},"modified":"2026-04-15T00:40:09","modified_gmt":"2026-04-14T15:40:09","slug":"1005006190898464","status":"publish","type":"product","link":"https:\/\/listman.shop\/autoparts-br\/product\/1005006190898464\/","title":{"rendered":"Keyyou 10 pe\u00e7as 2\/3\/4 bot\u00f5es para skoda octavia vw volkswagen golf mk6 tiguan polo passat cc assento flip caso chave do carro escudo hu66"},"content":{"rendered":"<div class=\"detailmodule_html\">\n<div class=\"detail-desc-decorate-richtext\"><\/p>\n<p><\/p>\n<div>\n<p style=\"margin:0px;margin-bottom:0px;margin-top:0px;margin-left:0px;margin-right:0px;display:block;width:100%\"><img data-recalc-dims=\"1\" decoding=\"async\" src=\"https:\/\/i0.wp.com\/ae03.alicdn.com\/kf\/Scfcd5ef473f046bb9bc75591381cc8b1U.jpg?w=1200&#038;ssl=1\"><br \/><strong><span style=\"font-size:16px\"><span style=\"font-family:Arial, Helvetica, sans-serif\"><span><br \/>Condi\u00e7\u00e3o: 100% novo<\/span><\/span><\/span><\/strong><\/p>\n<div style=\"font-family:Verdana, Arial, Helvetica, sans-serif;font-size:10px;font-weight:400;letter-spacing:normal;text-align:start;white-space:normal\" align=\"start\"><strong><span style=\"font-size:16px\"><span style=\"font-family:Arial, Helvetica, sans-serif\"><span>Cor: mostre a imagem<\/span><\/span><\/span><\/strong><\/div>\n<div style=\"font-family:Verdana, Arial, Helvetica, sans-serif;font-size:10px;font-weight:400;letter-spacing:normal;text-align:start;white-space:normal\" align=\"start\"><strong><span style=\"font-size:16px\"><span style=\"font-family:Arial, Helvetica, sans-serif\"><span>Bot\u00f5es: bot\u00e3o 2\/3\/4<\/span><\/span><\/span><\/strong><\/div>\n<div style=\"font-family:Verdana, Arial, Helvetica, sans-serif;font-size:10px;font-weight:400;letter-spacing:normal;text-align:start;white-space:normal\" align=\"start\"><strong><span style=\"font-size:16px\"><span style=\"font-family:Arial, Helvetica, sans-serif\"><span>Chave em branco: sim<\/span><\/span><\/span><\/strong><\/div>\n<div style=\"font-family:Verdana, Arial, Helvetica, sans-serif;font-size:10px;font-weight:400;letter-spacing:normal;text-align:start;white-space:normal\" align=\"start\"><strong><span style=\"font-size:16px\"><span style=\"font-family:Arial, Helvetica, sans-serif\"><span>Chip transponder: N\u00e3o<\/span><\/span><\/span><\/strong><\/div>\n<div style=\"font-family:Verdana, Arial, Helvetica, sans-serif;font-size:10px;font-weight:400;letter-spacing:normal;text-align:start;white-space:normal\" align=\"start\"><strong><span style=\"font-size:16px\"><span style=\"font-family:Arial, Helvetica, sans-serif\"><span>Eletr\u00f4nica\/Bateria:N\u00e3o<\/span><\/span><\/span><\/strong><\/p>\n<\/div>\n<p><\/p>\n<p style=\"font-family:Verdana, Arial, Helvetica, sans-serif;font-size:10px;font-weight:400;letter-spacing:normal;text-align:start;white-space:normal;margin:2px;margin-bottom:2px;margin-top:2px;margin-left:2px;margin-right:2px\" align=\"start\"><strong><span style=\"font-size:16px\"><span style=\"font-family:Arial, Helvetica, sans-serif\"><span>Montagem:<br \/>Para caminh\u00e3o VW GOLF IV POLO<\/span><\/span><\/span><\/strong><\/p>\n<p style=\"font-family:Verdana, Arial, Helvetica, sans-serif;font-size:10px;font-weight:400;letter-spacing:normal;text-align:start;white-space:normal;margin:2px;margin-bottom:2px;margin-top:2px;margin-left:2px;margin-right:2px\" align=\"start\"><strong><span style=\"font-size:16px\"><span style=\"font-family:Arial, Helvetica, sans-serif\"><span>Por favor compare com as fotos antes da compra, certifique-se de que sua chave seja exatamente igual \u00e0 foto mostrada!<\/span><\/span><\/span><\/strong><\/p>\n<p><\/p>\n<p style=\"font-family:Verdana, Arial, Helvetica, sans-serif;font-size:10px;font-weight:400;letter-spacing:normal;text-align:start;white-space:normal;margin:2px;margin-bottom:2px;margin-top:2px;margin-left:2px;margin-right:2px\" align=\"start\"><strong><span style=\"font-size:16px\"><span style=\"font-family:Arial, Helvetica, sans-serif\"><span>Aviso importante:<\/span><\/span><\/span><\/strong><\/p>\n<p style=\"font-family:Verdana, Arial, Helvetica, sans-serif;font-size:10px;font-weight:400;letter-spacing:normal;text-align:start;white-space:normal;margin:2px;margin-bottom:2px;margin-top:2px;margin-left:2px;margin-right:2px\" align=\"start\"><strong><span style=\"font-size:16px\"><span style=\"font-family:Arial, Helvetica, sans-serif\"><span>1. este item n\u00e3o \u00e9 um controle remoto, \u00e9 apenas uma substitui\u00e7\u00e3o de capa de chave remota.<\/span><\/span><\/span><\/strong><\/p>\n<div style=\"font-family:Verdana, Arial, Helvetica, sans-serif;font-size:10px;font-weight:400;letter-spacing:normal;text-align:start;white-space:normal\" align=\"start\"><strong><span style=\"font-size:16px\"><span style=\"font-family:Arial, Helvetica, sans-serif\"><span>2.N\u00e3o h\u00e1 unidade interna (chip remoto\/eletr\u00f4nico\/transponder) dentro.<\/span><\/span><\/span><\/strong><\/div>\n<div style=\"font-family:Verdana, Arial, Helvetica, sans-serif;font-size:10px;font-weight:400;letter-spacing:normal;text-align:start;white-space:normal\" align=\"start\"><strong><span style=\"font-size:16px\"><span style=\"font-family:Arial, Helvetica, sans-serif\"><span>3. verifique se sua chave tem a mesma apar\u00eancia da imagem do produto acima antes de comprar.<\/span><\/span><\/span><\/strong><\/p>\n<\/div>\n<div style=\"font-family:Verdana, Arial, Helvetica, sans-serif;font-size:10px;font-weight:400;letter-spacing:normal;text-align:start;white-space:normal\" align=\"start\"><\/div>\n<div style=\"font-family:Verdana, Arial, Helvetica, sans-serif;font-size:10px;font-weight:400;letter-spacing:normal;text-align:start;white-space:normal\" align=\"start\"><strong><span style=\"font-size:16px\"><span style=\"font-family:Arial, Helvetica, sans-serif\"><span>Pacote inclu\u00eddo:<\/span><\/span><\/span><\/strong><strong> <\/strong><strong><span style=\"font-size:16px\"><span style=\"font-family:Arial, Helvetica, sans-serif\"><span><br \/>10 x escudo de chave<\/span><\/span><\/span><\/strong><\/div>\n<p style=\"margin:0px;margin-bottom:0px;margin-top:0px;margin-left:0px;margin-right:0px;display:block;width:100%\"><img data-recalc-dims=\"1\" decoding=\"async\" src=\"https:\/\/i0.wp.com\/ae03.alicdn.com\/kf\/Sf523500ed48544588d4fe4acd27b6bace.jpg?w=1200&#038;ssl=1\"><img data-recalc-dims=\"1\" decoding=\"async\" src=\"https:\/\/i0.wp.com\/ae03.alicdn.com\/kf\/Sca61d095f20545ee901f22c82e54b2e3v.jpg?w=1200&#038;ssl=1\"><img data-recalc-dims=\"1\" decoding=\"async\" src=\"https:\/\/i0.wp.com\/ae03.alicdn.com\/kf\/S9dbeddb53eec45aca929707d72f38bc7s.jpg?w=1200&#038;ssl=1\"><img data-recalc-dims=\"1\" decoding=\"async\" src=\"https:\/\/i0.wp.com\/ae03.alicdn.com\/kf\/S1fbbdc842f17417c91047f97055fc4f8M.jpg?w=1200&#038;ssl=1\"><img data-recalc-dims=\"1\" decoding=\"async\" src=\"https:\/\/i0.wp.com\/ae03.alicdn.com\/kf\/S02b76e58eca34f889a6d62b00d0f1dbeY.jpg?w=1200&#038;ssl=1\"><img data-recalc-dims=\"1\" decoding=\"async\" src=\"https:\/\/i0.wp.com\/ae03.alicdn.com\/kf\/S3e9101477b3f4a94b0381a8b8474ac2eK.jpg?w=1200&#038;ssl=1\"><img data-recalc-dims=\"1\" decoding=\"async\" src=\"https:\/\/i0.wp.com\/ae03.alicdn.com\/kf\/S91b2a0090ef443aea6a18c98165dffff2.jpg?w=1200&#038;ssl=1\"><img data-recalc-dims=\"1\" decoding=\"async\" src=\"https:\/\/i0.wp.com\/ae03.alicdn.com\/kf\/S1922579d247d4b098c58dee80f799ca0g.jpg?w=1200&#038;ssl=1\"><img data-recalc-dims=\"1\" decoding=\"async\" src=\"https:\/\/i0.wp.com\/ae03.alicdn.com\/kf\/S54f2b27457e2418599d6f29829269cb3Q.jpg?w=1200&#038;ssl=1\"><img data-recalc-dims=\"1\" decoding=\"async\" src=\"https:\/\/i0.wp.com\/ae03.alicdn.com\/kf\/Sc2a5863237194f43a50ba764c935eb2eM.jpg?w=1200&#038;ssl=1\"><\/p>\n<\/div>\n<p><\/div>\n<\/div>\n","protected":false},"excerpt":{"rendered":"<p>Condi\u00e7\u00e3o: 100% novo Cor: mostre a imagem Bot\u00f5es: bot\u00e3o 2\/3\/4 Chave em branco: sim Chip transponder: N\u00e3o Eletr\u00f4nica\/Bateria:N\u00e3o Montagem:Para caminh\u00e3o VW GOLF IV POLO Por favor compare com as fotos antes da compra, certifique-se de que sua chave seja exatamente igual \u00e0 foto mostrada! Aviso importante: 1. este item n\u00e3o \u00e9 um controle remoto, \u00e9&hellip;&nbsp;<\/p>\n","protected":false},"featured_media":47331,"template":"","meta":{"neve_meta_sidebar":"","neve_meta_container":"","neve_meta_enable_content_width":"","neve_meta_content_width":0,"neve_meta_title_alignment":"","neve_meta_author_avatar":"","neve_post_elements_order":"","neve_meta_disable_header":"","neve_meta_disable_footer":"","neve_meta_disable_title":""},"product_brand":[],"product_cat":[51,17,30],"product_tag":[],"class_list":{"0":"post-47337","1":"product","2":"type-product","3":"status-publish","4":"has-post-thumbnail","6":"product_cat-chave-do-carro","7":"product_cat-pecas-e-acessorios-automotivos","8":"product_cat-starters","10":"first","11":"instock","12":"shipping-taxable","13":"purchasable","14":"product-type-variable","15":"has-default-attributes"},"jetpack_sharing_enabled":true,"_links":{"self":[{"href":"https:\/\/listman.shop\/autoparts-br\/wp-json\/wp\/v2\/product\/47337","targetHints":{"allow":["GET"]}}],"collection":[{"href":"https:\/\/listman.shop\/autoparts-br\/wp-json\/wp\/v2\/product"}],"about":[{"href":"https:\/\/listman.shop\/autoparts-br\/wp-json\/wp\/v2\/types\/product"}],"wp:featuredmedia":[{"embeddable":true,"href":"https:\/\/listman.shop\/autoparts-br\/wp-json\/wp\/v2\/media\/47331"}],"wp:attachment":[{"href":"https:\/\/listman.shop\/autoparts-br\/wp-json\/wp\/v2\/media?parent=47337"}],"wp:term":[{"taxonomy":"product_brand","embeddable":true,"href":"https:\/\/listman.shop\/autoparts-br\/wp-json\/wp\/v2\/product_brand?post=47337"},{"taxonomy":"product_cat","embeddable":true,"href":"https:\/\/listman.shop\/autoparts-br\/wp-json\/wp\/v2\/product_cat?post=47337"},{"taxonomy":"product_tag","embeddable":true,"href":"https:\/\/listman.shop\/autoparts-br\/wp-json\/wp\/v2\/product_tag?post=47337"}],"curies":[{"name":"wp","href":"https:\/\/api.w.org\/{rel}","templated":true}]}}