{"id":47374,"date":"2025-03-31T00:39:02","date_gmt":"2025-03-30T15:39:02","guid":{"rendered":"https:\/\/listman.shop\/autoparts-br\/product\/1005006402907294\/"},"modified":"2026-04-15T00:43:46","modified_gmt":"2026-04-14T15:43:46","slug":"1005006402907294","status":"publish","type":"product","link":"https:\/\/listman.shop\/autoparts-br\/product\/1005006402907294\/","title":{"rendered":"Keyyou chave remota do carro para bmw f 3 5 7 s\u00e9ries x5 x6 f20 f22 f30 cas4 cas4 + fem bdc 315 434 868 mhz com chip id49 pcf7945p"},"content":{"rendered":"<div class=\"detailmodule_html\">\n<div class=\"detail-desc-decorate-richtext\">\n<div class=\"detailmodule_html\">\n<div class=\"detail-desc-decorate-richtext\">\n<div align=\"start\" style=\", sans-serif;font-size:14px;font-weight:400;letter-spacing:normal;text-align:start;white-space:normal;margin:0px;margin-bottom:0px;margin-top:0px;margin-left:0px;margin-right:0px;padding:0px;padding-bottom:0px;padding-top:0px;padding-left:0px;padding-right:0px\">\n<div style=\"margin:0px;margin-bottom:0px;margin-top:0px;margin-left:0px;margin-right:0px;padding:0px;padding-bottom:0px;padding-top:0px;padding-left:0px;padding-right:0px\">\n<div align=\"start\" style=\", sans-serif;font-size:14px;font-weight:400;letter-spacing:normal;line-height:inherit;text-align:start;white-space:normal;border:0px;margin:0px;margin-bottom:0px;margin-top:0px;margin-left:0px;margin-right:0px;padding:0px;padding-bottom:0px;padding-top:0px;padding-left:0px;padding-right:0px\">\n<div style=\"font-family:inherit;font-size:inherit;font-weight:inherit;line-height:inherit;border:0px;margin:0px;margin-bottom:0px;margin-top:0px;margin-left:0px;margin-right:0px;padding:0px;padding-bottom:0px;padding-top:0px;padding-left:0px;padding-right:0px\">\n<div style=\"font-family:inherit;font-size:inherit;font-weight:inherit;line-height:inherit;border:0px;margin:0px;margin-bottom:0px;margin-top:0px;margin-left:0px;margin-right:0px;padding:0px;padding-bottom:0px;padding-top:0px;padding-left:0px;padding-right:0px\">\n<div style=\"font-family:inherit;font-size:inherit;font-weight:inherit;line-height:inherit;border:0px;margin:0px;margin-bottom:0px;margin-top:0px;margin-left:0px;margin-right:0px;padding:0px;padding-bottom:0px;padding-top:0px;padding-left:0px;padding-right:0px\">\n<div align=\"start\" style=\", sans-serif;font-size:14px;font-weight:400;letter-spacing:normal;text-align:start;white-space:normal;margin:0px;margin-bottom:0px;margin-top:0px;margin-left:0px;margin-right:0px;padding:0px;padding-bottom:0px;padding-top:0px;padding-left:0px;padding-right:0px\">\n<div style=\"margin:0px;margin-bottom:0px;margin-top:0px;margin-left:0px;margin-right:0px;padding:0px;padding-bottom:0px;padding-top:0px;padding-left:0px;padding-right:0px\">&nbsp;<\/p>\n<div align=\"start\" style=\", sans-serif;font-size:14px;font-weight:400;letter-spacing:normal;text-align:start;white-space:normal;margin:0px;margin-bottom:0px;margin-top:0px;margin-left:0px;margin-right:0px;padding:0px;padding-bottom:0px;padding-top:0px;padding-left:0px;padding-right:0px\">\n<div style=\"margin:0px;margin-bottom:0px;margin-top:0px;margin-left:0px;margin-right:0px;padding:0px;padding-bottom:0px;padding-top:0px;padding-left:0px;padding-right:0px\">\n<div style=\"margin:0px;margin-bottom:0px;margin-top:0px;margin-left:0px;margin-right:0px;padding:0px;padding-bottom:0px;padding-top:0px;padding-left:0px;padding-right:0px\">\n<div style=\"margin:0px;margin-bottom:0px;margin-top:0px;margin-left:0px;margin-right:0px;padding:0px;padding-bottom:0px;padding-top:0px;padding-left:0px;padding-right:0px\">\n<div style=\"margin:0px;margin-bottom:0px;margin-top:0px;margin-left:0px;margin-right:0px;padding:0px;padding-bottom:0px;padding-top:0px;padding-left:0px;padding-right:0px\">&nbsp;<\/div>\n<\/div>\n<\/div>\n<\/div>\n<\/div>\n<p style=\"font-size:14px;font-weight:400;line-height:inherit;margin:0px;margin-bottom:0px;margin-top:0px;margin-left:0px;margin-right:0px;padding:0px;padding-bottom:0px;padding-top:0px;padding-left:0px;padding-right:0px;display:block;width:943.991px\"><img data-recalc-dims=\"1\" decoding=\"async\" src=\"https:\/\/i0.wp.com\/ae01.alicdn.com\/kf\/H7c6662f563b344cdaca49cc111c16f88g.jpg?w=1200&#038;ssl=1\"><br \/>\n<strong><\/strong><br \/>\n<strong><span style=\"font-size:16px\"><span><span style=\"font-family:Arial, Helvetica, sans-serif\">Condi\u00e7\u00e3o: 100% novo<\/span><\/span><\/span><\/strong><\/p>\n<\/div>\n<\/div>\n<\/div>\n<\/div>\n<\/div>\n<\/div>\n<\/div>\n<\/div>\n<p align=\"start\" style=\"font-family:Verdana, Arial, Helvetica, sans-serif;font-size:10px;font-weight:400;letter-spacing:normal;text-align:start;white-space:normal;margin:2px;margin-bottom:2px;margin-top:2px;margin-left:2px;margin-right:2px\"><strong><span style=\"font-size:16px\"><span style=\"font-family:Arial, Helvetica, sans-serif\"><span>Cor: como mostra a imagem<\/span><\/span><\/span><\/strong><\/p>\n<p align=\"start\" style=\"font-family:Verdana, Arial, Helvetica, sans-serif;font-size:10px;font-weight:400;letter-spacing:normal;text-align:start;white-space:normal;margin:2px;margin-bottom:2px;margin-top:2px;margin-left:2px;margin-right:2px\"><strong><span style=\"font-size:16px\"><span style=\"font-family:Arial, Helvetica, sans-serif\"><span>Bot\u00e3o: 3\/4 bot\u00f5es<\/span><\/span><\/span><\/strong><\/p>\n<p align=\"start\" style=\"font-family:Verdana, Arial, Helvetica, sans-serif;font-size:10px;font-weight:400;letter-spacing:normal;text-align:start;white-space:normal;margin:2px;margin-bottom:2px;margin-top:2px;margin-left:2px;margin-right:2px\"><strong><span style=\"font-size:16px\"><span style=\"font-family:Arial, Helvetica, sans-serif\"><span>Tamanho: 8cm * 4cm * 3cm (C * L * A)<\/span><\/span><\/span><\/strong><\/p>\n<p align=\"start\" style=\"font-family:Verdana, Arial, Helvetica, sans-serif;font-size:10px;font-weight:400;letter-spacing:normal;text-align:start;white-space:normal;margin:2px;margin-bottom:2px;margin-top:2px;margin-left:2px;margin-right:2px\"><strong><span style=\"font-size:16px\"><span style=\"font-family:Arial, Helvetica, sans-serif\"><span>Peso: 47g<\/span><\/span><\/span><\/strong><\/p>\n<p align=\"start\" style=\"font-family:Verdana, Arial, Helvetica, sans-serif;font-size:10px;font-weight:400;letter-spacing:normal;text-align:start;white-space:normal;margin:2px;margin-bottom:2px;margin-top:2px;margin-left:2px;margin-right:2px\"><strong><span style=\"font-size:16px\"><span style=\"font-family:Arial, Helvetica, sans-serif\"><span>Frequ\u00eancia: 868Mhz 433Mhz 315Mhz FSK<br \/>Chip transponder: ID49-PCF7945P<\/span><\/span><\/span><\/strong><\/p>\n<p align=\"start\" style=\"font-family:Verdana, Arial, Helvetica, sans-serif;font-size:10px;font-weight:400;letter-spacing:normal;text-align:start;white-space:normal;margin:2px;margin-bottom:2px;margin-top:2px;margin-left:2px;margin-right:2px\"><strong><span style=\"font-size:16px\"><span style=\"font-family:Arial, Helvetica, sans-serif\"><span>FCCID:YGOHUF5662\/YGOHUF5767<\/span><\/span><\/span><\/strong><\/p>\n<p align=\"start\" style=\"font-family:Verdana, Arial, Helvetica, sans-serif;font-size:10px;font-weight:400;letter-spacing:normal;text-align:start;white-space:normal;margin:2px;margin-bottom:2px;margin-top:2px;margin-left:2px;margin-right:2px\"><strong><span style=\"font-size:16px\"><span style=\"font-family:Arial, Helvetica, sans-serif\"><span>Sistema: BDC\/CAS4\/CAS4+ FEM<\/span><\/span><\/span><\/strong><\/p>\n<p>&nbsp;<\/p>\n<p align=\"start\" style=\"font-family:Verdana, Arial, Helvetica, sans-serif;font-size:10px;font-weight:400;letter-spacing:normal;text-align:start;white-space:normal;margin:2px;margin-bottom:2px;margin-top:2px;margin-left:2px;margin-right:2px\"><strong><span style=\"font-size:16px\"><span style=\"font-family:Arial, Helvetica, sans-serif\"><span>Cerca de 315 MHz:<br \/>HUF5662<br \/>Identifica\u00e7\u00e3o CMIIT: 2010DJ6254<br \/>CFT: RCPBMHU10 &#8211; 1279<br \/>Identifica\u00e7\u00e3o FCC: YGOHUF5662<br \/>IC: 4008C &#8211; HUF5662<br \/>Para BMW 9 254 899 &#8211; 03<\/p>\n<p>Cerca de 434 MHz:<br \/>HUF5767<br \/>Identifica\u00e7\u00e3o CMIIT: 2013DJ1990<br \/>Identifica\u00e7\u00e3o FCC: YGOHUF5767<br \/>IC: 4008C &#8211; HUF5767<br \/>Para BMW 9 312 531 &#8211; 03<\/p>\n<p>Cerca de 868 MHz:<br \/>HUF5661<br \/>TA-2010\/1440<br \/>TRA-R\/0032\/11 D090258<br \/>Para BMW 9 254 898 &#8211; 03<\/span><\/span><\/span><\/strong><strong><\/strong><\/p>\n<p>&nbsp;<\/p>\n<p align=\"start\" style=\"font-family:Verdana, Arial, Helvetica, sans-serif;font-size:10px;font-weight:400;letter-spacing:normal;text-align:start;white-space:normal;margin:2px;margin-bottom:2px;margin-top:2px;margin-left:2px;margin-right:2px\"><strong><span style=\"font-size:16px\"><span style=\"font-family:Arial, Helvetica, sans-serif\"><span>Montagem:<\/p>\n<p>Para S\u00e9rie 1 F20\/F21 2011-2017<br \/>Para s\u00e9rie 2 F22\/F23\/F45\/F46 2014-2017<br \/>Para S\u00e9rie 3\/GT F34\/F35 2012-2017<br \/>Para s\u00e9rie 4 F30\/F31\/F32\/F36 2014-2017<br \/>Para s\u00e9rie 5 F07\/F10\/F11\/F18 2010-2017<br \/>Para s\u00e9rie 6\/M6 F06\/F12\/F04 2012-2017<br \/>Para 7 s\u00e9ries F01\/F02\/F03\/F04 2009-2017<br \/>Para X3 F25 2014-2017<br \/>Para X4 F25 2014-2017<br \/>Para M2 F87 2015-2017<br \/>Para M3\/M4 F80\/F82\/F83 2013-2017<\/span><\/span><\/span><\/strong><strong><\/strong><\/p>\n<p>&nbsp;<\/p>\n<p align=\"start\" style=\"font-family:Verdana, Arial, Helvetica, sans-serif;font-size:10px;font-weight:400;letter-spacing:normal;text-align:start;white-space:normal;margin:2px;margin-bottom:2px;margin-top:2px;margin-left:2px;margin-right:2px\"><strong><span style=\"font-size:16px\"><span style=\"font-family:Arial, Helvetica, sans-serif\"><span>Nota importante:<\/span><\/span><\/span><\/strong><\/p>\n<p align=\"start\" style=\"font-family:Verdana, Arial, Helvetica, sans-serif;font-size:10px;font-weight:400;letter-spacing:normal;text-align:start;white-space:normal;margin:2px;margin-bottom:2px;margin-top:2px;margin-left:2px;margin-right:2px\"><strong><span style=\"font-size:16px\"><span style=\"font-family:Arial, Helvetica, sans-serif\"><span>Por favor, confirme o ID FCC, o n\u00famero da pe\u00e7a e o padr\u00e3o do bot\u00e3o para montagem adequada.<\/span><\/span><\/span><\/strong><\/p>\n<p>&nbsp;<\/p>\n<p align=\"start\" style=\"font-family:Verdana, Arial, Helvetica, sans-serif;font-size:10px;font-weight:400;letter-spacing:normal;text-align:start;white-space:normal;margin:2px;margin-bottom:2px;margin-top:2px;margin-left:2px;margin-right:2px\"><strong><span style=\"font-size:16px\"><span style=\"font-family:Arial, Helvetica, sans-serif\"><span>O pacote inclui:<\/span><\/span><\/span><\/strong><\/p>\n<p align=\"start\" style=\"font-family:Verdana, Arial, Helvetica, sans-serif;font-size:10px;font-weight:400;letter-spacing:normal;text-align:start;white-space:normal;margin:2px;margin-bottom:2px;margin-top:2px;margin-left:2px;margin-right:2px\"><strong><span style=\"font-size:16px\"><span style=\"font-family:Arial, Helvetica, sans-serif\"><span>1 x estojo de chave do carro<\/span><\/span><\/span><\/strong><\/p>\n<p align=\"start\" style=\"font-family:Verdana, Arial, Helvetica, sans-serif;font-size:10px;font-weight:400;letter-spacing:normal;text-align:start;white-space:normal;margin:2px;margin-bottom:2px;margin-top:2px;margin-left:2px;margin-right:2px\"><strong><span style=\"font-size:16px\"><span style=\"font-family:Arial, Helvetica, sans-serif\"><span>1 placa de circuito X<\/span><\/span><\/span><\/strong><\/p>\n<p align=\"start\" style=\"font-family:Verdana, Arial, Helvetica, sans-serif;font-size:10px;font-weight:400;letter-spacing:normal;text-align:start;white-space:normal;margin:2px;margin-bottom:2px;margin-top:2px;margin-left:2px;margin-right:2px\"><strong><span style=\"font-size:16px\"><span><span style=\"font-family:Arial, Helvetica, sans-serif\">1 x bateria<\/span><\/span><\/span><\/strong><\/p>\n<p>\n<img data-recalc-dims=\"1\" decoding=\"async\" src=\"https:\/\/i0.wp.com\/ae01.alicdn.com\/kf\/Hca4288336e49410e804e1a580aa42e21q.jpg?w=1200&#038;ssl=1\"><br \/>\n<img data-recalc-dims=\"1\" decoding=\"async\" src=\"https:\/\/i0.wp.com\/ae04.alicdn.com\/kf\/S1b7205af94734fc9bbd790c72ef0c5a5e.jpg?w=1200&#038;ssl=1\"><img data-recalc-dims=\"1\" decoding=\"async\" src=\"https:\/\/i0.wp.com\/ae04.alicdn.com\/kf\/Sa4f7d6d2d195440f9a14eccdfed7cde6l.jpg?w=1200&#038;ssl=1\"><img data-recalc-dims=\"1\" decoding=\"async\" src=\"https:\/\/i0.wp.com\/ae04.alicdn.com\/kf\/S789894a1700841d6b8bed0d5cbd4f1c19.jpg?w=1200&#038;ssl=1\"><img data-recalc-dims=\"1\" decoding=\"async\" src=\"https:\/\/i0.wp.com\/ae04.alicdn.com\/kf\/Sd5a52cf12fa24af489c5189285d8e5b7n.jpg?w=1200&#038;ssl=1\"><img data-recalc-dims=\"1\" decoding=\"async\" src=\"https:\/\/i0.wp.com\/ae03.alicdn.com\/kf\/S6e0fbf7a8ba3401ca88e15633d562970n.jpg?w=1200&#038;ssl=1\"><img data-recalc-dims=\"1\" decoding=\"async\" src=\"https:\/\/i0.wp.com\/ae03.alicdn.com\/kf\/S27c35674deb94125a6fbcbd5e8758c54o.jpg?w=1200&#038;ssl=1\"><br \/>\n<img data-recalc-dims=\"1\" decoding=\"async\" src=\"https:\/\/i0.wp.com\/ae01.alicdn.com\/kf\/Hc837dcea15144f769159f104f52403a60.jpg?w=1200&#038;ssl=1\"><img data-recalc-dims=\"1\" decoding=\"async\" src=\"https:\/\/i0.wp.com\/ae01.alicdn.com\/kf\/H3c9952aae5c340b9a8fff028ce6b8296f.jpg?w=1200&#038;ssl=1\"><img data-recalc-dims=\"1\" decoding=\"async\" src=\"https:\/\/i0.wp.com\/ae01.alicdn.com\/kf\/H7728bc380a2a44529297421a879c3fbcQ.jpg?w=1200&#038;ssl=1\"><\/p>\n<\/div>\n<\/div>\n<\/div>\n<\/div>\n","protected":false},"excerpt":{"rendered":"<p>&nbsp; &nbsp; Condi\u00e7\u00e3o: 100% novo Cor: como mostra a imagem Bot\u00e3o: 3\/4 bot\u00f5es Tamanho: 8cm * 4cm * 3cm (C * L * A) Peso: 47g Frequ\u00eancia: 868Mhz 433Mhz 315Mhz FSKChip transponder: ID49-PCF7945P FCCID:YGOHUF5662\/YGOHUF5767 Sistema: BDC\/CAS4\/CAS4+ FEM &nbsp; Cerca de 315 MHz:HUF5662Identifica\u00e7\u00e3o CMIIT: 2010DJ6254CFT: RCPBMHU10 &#8211; 1279Identifica\u00e7\u00e3o FCC: YGOHUF5662IC: 4008C &#8211; HUF5662Para BMW 9 254&hellip;&nbsp;<\/p>\n","protected":false},"featured_media":47368,"template":"","meta":{"neve_meta_sidebar":"","neve_meta_container":"","neve_meta_enable_content_width":"","neve_meta_content_width":0,"neve_meta_title_alignment":"","neve_meta_author_avatar":"","neve_post_elements_order":"","neve_meta_disable_header":"","neve_meta_disable_footer":"","neve_meta_disable_title":""},"product_brand":[],"product_cat":[51,17,30],"product_tag":[],"class_list":{"0":"post-47374","1":"product","2":"type-product","3":"status-publish","4":"has-post-thumbnail","6":"product_cat-chave-do-carro","7":"product_cat-pecas-e-acessorios-automotivos","8":"product_cat-starters","10":"first","11":"instock","12":"shipping-taxable","13":"purchasable","14":"product-type-variable","15":"has-default-attributes"},"jetpack_sharing_enabled":true,"_links":{"self":[{"href":"https:\/\/listman.shop\/autoparts-br\/wp-json\/wp\/v2\/product\/47374","targetHints":{"allow":["GET"]}}],"collection":[{"href":"https:\/\/listman.shop\/autoparts-br\/wp-json\/wp\/v2\/product"}],"about":[{"href":"https:\/\/listman.shop\/autoparts-br\/wp-json\/wp\/v2\/types\/product"}],"wp:featuredmedia":[{"embeddable":true,"href":"https:\/\/listman.shop\/autoparts-br\/wp-json\/wp\/v2\/media\/47368"}],"wp:attachment":[{"href":"https:\/\/listman.shop\/autoparts-br\/wp-json\/wp\/v2\/media?parent=47374"}],"wp:term":[{"taxonomy":"product_brand","embeddable":true,"href":"https:\/\/listman.shop\/autoparts-br\/wp-json\/wp\/v2\/product_brand?post=47374"},{"taxonomy":"product_cat","embeddable":true,"href":"https:\/\/listman.shop\/autoparts-br\/wp-json\/wp\/v2\/product_cat?post=47374"},{"taxonomy":"product_tag","embeddable":true,"href":"https:\/\/listman.shop\/autoparts-br\/wp-json\/wp\/v2\/product_tag?post=47374"}],"curies":[{"name":"wp","href":"https:\/\/api.w.org\/{rel}","templated":true}]}}