{"id":47516,"date":"2025-03-31T00:45:09","date_gmt":"2025-03-30T15:45:09","guid":{"rendered":"https:\/\/listman.shop\/autoparts-br\/product\/1005006800521302\/"},"modified":"2026-04-15T00:25:08","modified_gmt":"2026-04-14T15:25:08","slug":"1005006800521302","status":"publish","type":"product","link":"https:\/\/listman.shop\/autoparts-br\/product\/1005006800521302\/","title":{"rendered":"Jingyuqin chave remota de carro para Opel Astra K (2015 +) Vauxhall Astra K (2015 +) Buick Excelle GT EXCELLEGT 315\/433Mhz ID46\/PCF7941E"},"content":{"rendered":"<div class=\"detailmodule_html\">\n<div class=\"detail-desc-decorate-richtext\">\n<div class=\"detailmodule_html\">\n<div class=\"detail-desc-decorate-richtext\">\n<div><\/div>\n<p><img data-recalc-dims=\"1\" decoding=\"async\" src=\"https:\/\/i0.wp.com\/ae01.alicdn.com\/kf\/HTB1qJcxLVXXXXa9XFXXq6xXFXXX9.jpg?w=1200\"><\/p>\n<p><span style=\"font-size:12px;font-family:arial\"><strong><span style=\"font-size:16px\"><span style=\"font-family:arial, verdana, sans-serif\">por favor, n\u00e3o me d\u00ea itens com feedback de imagem&#8230;<\/span><\/span><\/strong><\/span><\/p>\n<p style=\"font-family:arial, verdana, sans-serif;font-size:13px;line-height:16px;border-bottom:0px;border-left:0px;border-right:0px;border-top:0px;margin:0px;margin-bottom:0px;margin-top:0px;margin-left:0px;margin-right:0px;padding:0px;padding-bottom:0px;padding-top:0px;padding-left:0px;padding-right:0px\"><span style=\"font-size:14px\">Condi\u00e7\u00e3o: 100% novo<\/span><\/p>\n<p style=\"font-family:arial, verdana, sans-serif;font-size:13px;line-height:16px;border-bottom:0px;border-left:0px;border-right:0px;border-top:0px;margin:0px;margin-bottom:0px;margin-top:0px;margin-left:0px;margin-right:0px;padding:0px;padding-bottom:0px;padding-top:0px;padding-left:0px;padding-right:0px\"><span style=\"font-size:14px\">Caracter\u00edsticas: chave remota do carro<\/span><\/p>\n<p style=\"font-family:arial, verdana, sans-serif;font-size:13px;line-height:16px;border-bottom:0px;border-left:0px;border-right:0px;border-top:0px;margin:0px;margin-bottom:0px;margin-top:0px;margin-left:0px;margin-right:0px;padding:0px;padding-bottom:0px;padding-top:0px;padding-left:0px;padding-right:0px\"><span style=\"font-size:14px\">design: estilo de carro de moda<\/span><\/p>\n<p style=\"font-family:arial, verdana, sans-serif;font-size:13px;line-height:16px;border-bottom:0px;border-left:0px;border-right:0px;border-top:0px;margin:0px;margin-bottom:0px;margin-top:0px;margin-left:0px;margin-right:0px;padding:0px;padding-bottom:0px;padding-top:0px;padding-left:0px;padding-right:0px\"><span style=\"font-size:14px\">Material: abs + metal<\/span><\/p>\n<p style=\"font-family:arial, verdana, sans-serif;font-size:13px;line-height:16px;border-bottom:0px;border-left:0px;border-right:0px;border-top:0px;margin:0px;margin-bottom:0px;margin-top:0px;margin-left:0px;margin-right:0px;padding:0px;padding-bottom:0px;padding-top:0px;padding-left:0px;padding-right:0px\"><span style=\"font-size:14px\">Cor: mostre a imagem<\/span><\/p>\n<p style=\"font-family:arial, verdana, sans-serif;font-size:13px;line-height:16px;border-bottom:0px;border-left:0px;border-right:0px;border-top:0px;margin:0px;margin-bottom:0px;margin-top:0px;margin-left:0px;margin-right:0px;padding:0px;padding-bottom:0px;padding-top:0px;padding-left:0px;padding-right:0px\"><span style=\"font-size:14px\">Bot\u00e3o: 3 bot\u00f5es<\/span><\/p>\n<p style=\"font-family:arial, verdana, sans-serif;font-size:13px;line-height:16px;border-bottom:0px;border-left:0px;border-right:0px;border-top:0px;margin:0px;margin-bottom:0px;margin-top:0px;margin-left:0px;margin-right:0px;padding:0px;padding-bottom:0px;padding-top:0px;padding-left:0px;padding-right:0px\"><span style=\"font-size:14px\">l\u00e2mina; ter<\/span><\/p>\n<p style=\"font-family:arial, verdana, sans-serif;font-size:13px;line-height:16px;border-bottom:0px;border-left:0px;border-right:0px;border-top:0px;margin:0px;margin-bottom:0px;margin-top:0px;margin-left:0px;margin-right:0px;padding:0px;padding-bottom:0px;padding-top:0px;padding-left:0px;padding-right:0px\"><span style=\"font-size:14px\">bateria: tem<\/span><\/p>\n<p style=\"font-family:arial, verdana, sans-serif;font-size:13px;line-height:16px;border-bottom:0px;border-left:0px;border-right:0px;border-top:0px;margin:0px;margin-bottom:0px;margin-top:0px;margin-left:0px;margin-right:0px;padding:0px;padding-bottom:0px;padding-top:0px;padding-left:0px;padding-right:0px\"><span style=\"font-size:14px\">eletr\u00f4nico;315\/433MHZ<\/span><\/p>\n<p style=\"font-family:arial, verdana, sans-serif;font-size:13px;line-height:16px;border-bottom:0px;border-left:0px;border-right:0px;border-top:0px;margin:0px;margin-bottom:0px;margin-top:0px;margin-left:0px;margin-right:0px;padding:0px;padding-bottom:0px;padding-top:0px;padding-left:0px;padding-right:0px\"><span style=\"font-size:14px\">Identifica\u00e7\u00e3o: ID46<\/span><\/p>\n<p style=\"font-family:arial, verdana, sans-serif;font-size:13px;line-height:16px;border-bottom:0px;border-left:0px;border-right:0px;border-top:0px;margin:0px;margin-bottom:0px;margin-top:0px;margin-left:0px;margin-right:0px;padding:0px;padding-bottom:0px;padding-top:0px;padding-left:0px;padding-right:0px\"><span style=\"font-size:14px;font-family:arial\">Peso: 55g<\/span><\/p>\n<p><strong><span style=\"font-size:16px\">Montagem:<\/span><\/strong><\/p>\n<p><span style=\"font-size:22px\"><strong><span style=\"font-size:small\">Para Opel Astra K (2015+) Vauxhall Astra K (2015+) Buick Excelle GT EXCELLEGT<\/span><\/strong><\/span><\/p>\n<p><span style=\"font-size:22px\"><strong><span style=\"font-size:small\">Para citroen<\/span><\/strong><\/span><\/p>\n<p><span style=\"font-size:16px\"><strong>Caracter\u00edsticas:<\/strong><\/span><\/p>\n<p style=\"line-height:11pt;margin:0cm 0cm 10pt;margin-bottom:10pt;margin-top:0cm;margin-left:0cm;margin-right:0cm\" class=\"MsoNormal\"><span style=\"font-size:14px\"><span><span style=\"font-size:small\">1.O item \u00e9 uma nova chave remota DIY.Frequ\u00eancia 315\/433MHz, com chip em branco ID46\/pcf7941E.<\/span><\/span><\/span><\/p>\n<p style=\"line-height:11pt;margin:0cm 0cm 10pt;margin-bottom:10pt;margin-top:0cm;margin-left:0cm;margin-right:0cm\" class=\"MsoNormal\"><span style=\"font-size:14px\"><span><span style=\"font-size:small\">2.A chave inclui caixa de chave, placa de circuito, chip e bateria.\u00c9 uma chave remota completa.<\/span><\/span><\/span><\/p>\n<p style=\"line-height:11pt;margin:0cm 0cm 10pt;margin-bottom:10pt;margin-top:0cm;margin-left:0cm;margin-right:0cm\" class=\"MsoNormal\"><span style=\"font-size:14px\"><span><span style=\"font-size:small\">3.Voc\u00ea precisar\u00e1 programar a chave e cortar a l\u00e2mina no serralheiro automotivo local antes de usar.<\/span><\/span><\/span><\/p>\n<p><span style=\"font-size:14px\"><span style=\"font-size:16px\"><strong>Aviso importante<\/strong><\/span><\/span><\/p>\n<p style=\"line-height:11pt;margin:0cm 0cm 10pt;margin-bottom:10pt;margin-top:0cm;margin-left:0cm;margin-right:0cm\" class=\"MsoNormal\"><span style=\"font-size:14px\"><span><span style=\"font-size:small\">1.Voc\u00ea precisa ir ao revendedor local ou \u00e0 serralheria para cortar a chave e programar o seu carro, o serralheiro deve cobrar menos<\/span><\/span><\/span><\/p>\n<p style=\"line-height:11pt;margin:0cm 0cm 10pt;margin-bottom:10pt;margin-top:0cm;margin-left:0cm;margin-right:0cm\" class=\"MsoNormal\"><span style=\"font-size:14px\"><span><span style=\"font-size:small\">do que o revendedor.<\/span><\/span><\/span><\/p>\n<p style=\"line-height:11pt;margin:0cm 0cm 10pt;margin-bottom:10pt;margin-top:0cm;margin-left:0cm;margin-right:0cm\" class=\"MsoNormal\"><span style=\"font-size:14px\"><span><span style=\"font-size:small\">2. certifique-se de que sua chave seja exatamente igual \u00e0 nossa. Se n\u00e3o tiver certeza, envie-nos a foto original da chave para<\/span><\/span><\/span><\/p>\n<p style=\"line-height:11pt;margin:0cm 0cm 10pt;margin-bottom:10pt;margin-top:0cm;margin-left:0cm;margin-right:0cm\" class=\"MsoNormal\"><span style=\"font-size:14px\"><span><span style=\"font-size:small\">confirmando, n\u00f3s o ajudaremos a comprar a chave correta.<\/span><\/span><\/span><\/p>\n<p style=\"line-height:11pt;margin:0cm 0cm 10pt;margin-bottom:10pt;margin-top:0cm;margin-left:0cm;margin-right:0cm\" class=\"MsoNormal\"><span style=\"font-size:14px\"><br \/><\/span><span style=\"font-size:14px\"><span style=\"font-size:16px\"><strong>O pacote inclui:<\/strong><\/span><\/span><\/p>\n<p style=\"line-height:11pt;margin:0cm 0cm 10pt;margin-bottom:10pt;margin-top:0cm;margin-left:0cm;margin-right:0cm\" class=\"MsoNormal\"><span style=\"font-size:14px\"><br \/>1 x escudo de chave<\/span><\/p>\n<p><span style=\"font-size:14px\">1x placa<\/span><\/p>\n<p><img data-recalc-dims=\"1\" decoding=\"async\" src=\"https:\/\/i0.wp.com\/ae01.alicdn.com\/kf\/HTB1CDEFLVXXXXXHXpXXq6xXFXXX3.jpg?w=1200\"><\/p>\n<p><img data-recalc-dims=\"1\" decoding=\"async\" style=\"width:1500px\"  src=\"https:\/\/i0.wp.com\/ae01.alicdn.com\/kf\/Sf9e208564a944a0d9dd8113f20098f08f.jpg?w=1200&#038;ssl=1\"><\/p>\n<p><img data-recalc-dims=\"1\" decoding=\"async\" style=\"width:1000px\"  src=\"https:\/\/i0.wp.com\/ae01.alicdn.com\/kf\/S48d1b7d0b4534c7282d69998921271753.jpg?w=1200&#038;ssl=1\"><\/p>\n<p><img data-recalc-dims=\"1\" decoding=\"async\" style=\"width:1000px\"  src=\"https:\/\/i0.wp.com\/ae01.alicdn.com\/kf\/S20c9d4ee9d764423b74ff59ad53b712by.jpg?w=1200&#038;ssl=1\"><\/p>\n<p><img data-recalc-dims=\"1\" decoding=\"async\" style=\"width:1000px\"  src=\"https:\/\/i0.wp.com\/ae01.alicdn.com\/kf\/S2f4de03ed4254c2c93a096a41244c860q.jpg?w=1200&#038;ssl=1\"><\/p>\n<p><img data-recalc-dims=\"1\" decoding=\"async\" style=\"width:1000px\"  src=\"https:\/\/i0.wp.com\/ae01.alicdn.com\/kf\/S79085e4a3e69442facd501aa7e8cda2d1.jpg?w=1200&#038;ssl=1\"><\/p>\n<p><img data-recalc-dims=\"1\" decoding=\"async\" style=\"width:1000px\"  src=\"https:\/\/i0.wp.com\/ae01.alicdn.com\/kf\/S32dcff56d2634b2fa198f545cf10fd8bR.jpg?w=1200&#038;ssl=1\"><\/p>\n<\/div>\n<\/div>\n<p><\/p>\n<\/div>\n<\/div>\n","protected":false},"excerpt":{"rendered":"<p>por favor, n\u00e3o me d\u00ea itens com feedback de imagem&#8230; Condi\u00e7\u00e3o: 100% novo Caracter\u00edsticas: chave remota do carro design: estilo de carro de moda Material: abs + metal Cor: mostre a imagem Bot\u00e3o: 3 bot\u00f5es l\u00e2mina; ter bateria: tem eletr\u00f4nico;315\/433MHZ Identifica\u00e7\u00e3o: ID46 Peso: 55g Montagem: Para Opel Astra K (2015+) Vauxhall Astra K (2015+) Buick&hellip;&nbsp;<\/p>\n","protected":false},"featured_media":47510,"template":"","meta":{"neve_meta_sidebar":"","neve_meta_container":"","neve_meta_enable_content_width":"","neve_meta_content_width":0,"neve_meta_title_alignment":"","neve_meta_author_avatar":"","neve_post_elements_order":"","neve_meta_disable_header":"","neve_meta_disable_footer":"","neve_meta_disable_title":""},"product_brand":[],"product_cat":[51,17,30],"product_tag":[],"class_list":{"0":"post-47516","1":"product","2":"type-product","3":"status-publish","4":"has-post-thumbnail","6":"product_cat-chave-do-carro","7":"product_cat-pecas-e-acessorios-automotivos","8":"product_cat-starters","10":"first","11":"instock","12":"shipping-taxable","13":"purchasable","14":"product-type-variable","15":"has-default-attributes"},"jetpack_sharing_enabled":true,"_links":{"self":[{"href":"https:\/\/listman.shop\/autoparts-br\/wp-json\/wp\/v2\/product\/47516","targetHints":{"allow":["GET"]}}],"collection":[{"href":"https:\/\/listman.shop\/autoparts-br\/wp-json\/wp\/v2\/product"}],"about":[{"href":"https:\/\/listman.shop\/autoparts-br\/wp-json\/wp\/v2\/types\/product"}],"wp:featuredmedia":[{"embeddable":true,"href":"https:\/\/listman.shop\/autoparts-br\/wp-json\/wp\/v2\/media\/47510"}],"wp:attachment":[{"href":"https:\/\/listman.shop\/autoparts-br\/wp-json\/wp\/v2\/media?parent=47516"}],"wp:term":[{"taxonomy":"product_brand","embeddable":true,"href":"https:\/\/listman.shop\/autoparts-br\/wp-json\/wp\/v2\/product_brand?post=47516"},{"taxonomy":"product_cat","embeddable":true,"href":"https:\/\/listman.shop\/autoparts-br\/wp-json\/wp\/v2\/product_cat?post=47516"},{"taxonomy":"product_tag","embeddable":true,"href":"https:\/\/listman.shop\/autoparts-br\/wp-json\/wp\/v2\/product_tag?post=47516"}],"curies":[{"name":"wp","href":"https:\/\/api.w.org\/{rel}","templated":true}]}}